{"id":6967,"date":"2021-12-16T06:35:28","date_gmt":"2021-12-16T11:35:28","guid":{"rendered":"https:\/\/puyapeptide.net\/product\/hexapeptide-10-serilesine-cas-146439-94-3-ampliamente-utilizado-en-humectantes-cremas-mascarillas-faciales-cremas-para-los-ojos\/"},"modified":"2021-12-16T06:35:28","modified_gmt":"2021-12-16T11:35:28","slug":"hexapeptide-10-serilesine-cas-146439-94-3-ampliamente-utilizado-en-humectantes-cremas-mascarillas-faciales-cremas-para-los-ojos","status":"publish","type":"product","link":"https:\/\/puyapeptide.net\/es\/product\/hexapeptide-10-serilesine-cas-146439-94-3-ampliamente-utilizado-en-humectantes-cremas-mascarillas-faciales-cremas-para-los-ojos\/","title":{"rendered":"Hexapeptide-10 \/ Serilesine CAS 146439-94-3 Ampliamente utilizado en humectantes, cremas, mascarillas faciales, cremas para los ojos"},"content":{"rendered":"<h2><strong>Hexapeptide-10 \/ Serilesine CAS 146439-94-3 Ampliamente utilizado en humectantes, cremas, mascarillas faciales, cremas para los ojos<\/strong><\/h2>\n<p> Nombre del producto: Hexap\u00e9ptido-10<br \/>\n Descripci\u00f3n del producto: Estimula la reparaci\u00f3n del tejido de la piel, reforma la funci\u00f3n bioqu\u00edmica de la piel, mejora as\u00ed la firmeza de la piel, se utiliza para antiarrugas y antienvejecimiento.<br \/>\n CAS: 146439-94 -3<br \/>\n Secuencia: H-Ser-Ile-Lys-Val-Ala-Val-OH<br \/>\n F\u00f3rmula molecular: C28H53N7O8<br \/>\n Peso molecular: 615,76252 <\/p>\n<p> El hexap\u00e9ptido-10 es de una secuencia de adhesi\u00f3n de laminina, que restaura la estructura cut\u00e1nea. El hexap\u00e9ptido-10 es un activo reafirmante que promueve una doble actividad celular tanto en los queratinocitos como en los fibroblastos. Aumenta la s\u00edntesis de laminina-5, alfa6-integrina y hemidesmosomas, fortaleciendo as\u00ed la uni\u00f3n dermoepid\u00e9rmica. Con Hexap\u00e9ptido-10, la piel se reestructura, repone, m\u00e1s firme y m\u00e1s el\u00e1stica, recuperando su plenitud. <\/p>\n<p> <strong>Funci\u00f3n del Hexap\u00e9ptido-10 \/ Serilesina CAS 146439-94-3<\/strong><br \/>\n El Hexap\u00e9ptido-10 corresponde a residuos 2099-2104 de la cadena \u03b11 de laminina. Se ha demostrado que el hexap\u00e9ptido-10 modula la invasi\u00f3n tumoral, la met\u00e1stasis y la angiog\u00e9nesis. Tambi\u00e9n indujo la s\u00edntesis de prostaglandina E2, colagenasa intersticial y gelatinasa B en cultivos de c\u00e9lulas de monocitos. Los fragmentos de laminina<br \/>\n que contienen la secuencia SIKVAV pueden contribuir a la respuesta inflamatoria en los sitios de cicatrizaci\u00f3n de heridas.<br \/>\n Tambi\u00e9n pueden desempe\u00f1ar un papel en la inducci\u00f3n excesiva de metaloproteinasas en lesiones inflamatorias cr\u00f3nicas. <\/p>\n<p> <strong>Aplicaci\u00f3n de hexap\u00e9ptido -10 \/ Serilesine CAS 146439-94-3<\/strong><br \/>\n Hexapeptide-10 es de una secuencia de adhesi\u00f3n de laminina, que restaura la estructura cut\u00e1nea.<br \/>\n Hexapeptide-10 es un activo reafirmante que promueve una doble actividad celular en ambos queratinocitos y<br \/>\n fibroblasto. Aumenta la s\u00edntesis de laminina-5, alfa6-integrina y hemidesmosomas, por lo que<br \/>\n fortalece la uni\u00f3n dermoepid\u00e9rmica. Con Hexapeptide-10, la piel se reestructura, repone,<br \/>\n m\u00e1s firme y m\u00e1s el\u00e1stica, recuperando su plenitud. <\/p>\n<p> <strong>Usos de Hexapeptide-10 \/ Serilesine CAS 146439-94-3<\/strong><br \/>\n 1. Ampliamente utilizado en humectantes, cremas, mascarillas faciales, cremas para los ojos y productos de ba\u00f1o.<br \/>\n 2. Utilizado junto con edulcorantes de alto dulzor como el NHDC, puede suavizar el sabor dulce y lograr el efecto de mejorar el sabor de los alimentos.<\/p>\n","protected":false},"excerpt":{"rendered":"<p>Nombre del producto: Hexap\u00e9ptido-10<br \/>\n CAS: 146439-94-3<br \/>\n Secuencia: H-Ser-Ile-Lys-Val-Ala-Val-OH<br \/>\n F\u00f3rmula molecular: C28H53N7O8<br \/>\n Peso molecular: 615.76252<\/p>\n","protected":false},"featured_media":2174,"comment_status":"open","ping_status":"closed","template":"","meta":{"om_disable_all_campaigns":false,"_monsterinsights_skip_tracking":false,"_monsterinsights_sitenote_active":false,"_monsterinsights_sitenote_note":"","_monsterinsights_sitenote_category":0,"site-sidebar-layout":"default","site-content-layout":"default","ast-site-content-layout":"default","site-content-style":"default","site-sidebar-style":"default","ast-global-header-display":"","ast-banner-title-visibility":"","ast-main-header-display":"","ast-hfb-above-header-display":"","ast-hfb-below-header-display":"","ast-hfb-mobile-header-display":"","site-post-title":"","ast-breadcrumbs-content":"","ast-featured-img":"","footer-sml-layout":"","ast-disable-related-posts":"","theme-transparent-header-meta":"default","adv-header-id-meta":"","stick-header-meta":"","header-above-stick-meta":"","header-main-stick-meta":"","header-below-stick-meta":"","astra-migrate-meta-layouts":"default","ast-page-background-enabled":"default","ast-page-background-meta":{"desktop":{"background-color":"","background-image":"","background-repeat":"repeat","background-position":"center center","background-size":"auto","background-attachment":"scroll","background-type":"","background-media":"","overlay-type":"","overlay-color":"","overlay-opacity":"","overlay-gradient":""},"tablet":{"background-color":"","background-image":"","background-repeat":"repeat","background-position":"center center","background-size":"auto","background-attachment":"scroll","background-type":"","background-media":"","overlay-type":"","overlay-color":"","overlay-opacity":"","overlay-gradient":""},"mobile":{"background-color":"","background-image":"","background-repeat":"repeat","background-position":"center center","background-size":"auto","background-attachment":"scroll","background-type":"","background-media":"","overlay-type":"","overlay-color":"","overlay-opacity":"","overlay-gradient":""}},"ast-content-background-meta":{"desktop":{"background-color":"var(--ast-global-color-5)","background-image":"","background-repeat":"repeat","background-position":"center center","background-size":"auto","background-attachment":"scroll","background-type":"","background-media":"","overlay-type":"","overlay-color":"","overlay-opacity":"","overlay-gradient":""},"tablet":{"background-color":"var(--ast-global-color-5)","background-image":"","background-repeat":"repeat","background-position":"center center","background-size":"auto","background-attachment":"scroll","background-type":"","background-media":"","overlay-type":"","overlay-color":"","overlay-opacity":"","overlay-gradient":""},"mobile":{"background-color":"var(--ast-global-color-5)","background-image":"","background-repeat":"repeat","background-position":"center center","background-size":"auto","background-attachment":"scroll","background-type":"","background-media":"","overlay-type":"","overlay-color":"","overlay-opacity":"","overlay-gradient":""}}},"product_brand":[],"product_cat":[544],"product_tag":[2785,2829,2807,2763],"class_list":{"0":"post-6967","1":"product","2":"type-product","3":"status-publish","4":"has-post-thumbnail","6":"product_cat-peptido-antiarrugas-y-antienvejecimiento","7":"product_tag-creams-es","8":"product_tag-eye-creams-es","9":"product_tag-facial-masks-es","10":"product_tag-hexapeptide-10-serilesine-cas-146439-94-3-widely-used-in-moisturizers-es","11":"desktop-align-left","12":"tablet-align-left","13":"mobile-align-left","15":"first","16":"instock","17":"shipping-taxable","18":"product-type-simple"},"_links":{"self":[{"href":"https:\/\/puyapeptide.net\/es\/wp-json\/wp\/v2\/product\/6967","targetHints":{"allow":["GET"]}}],"collection":[{"href":"https:\/\/puyapeptide.net\/es\/wp-json\/wp\/v2\/product"}],"about":[{"href":"https:\/\/puyapeptide.net\/es\/wp-json\/wp\/v2\/types\/product"}],"replies":[{"embeddable":true,"href":"https:\/\/puyapeptide.net\/es\/wp-json\/wp\/v2\/comments?post=6967"}],"wp:featuredmedia":[{"embeddable":true,"href":"https:\/\/puyapeptide.net\/es\/wp-json\/wp\/v2\/media\/2174"}],"wp:attachment":[{"href":"https:\/\/puyapeptide.net\/es\/wp-json\/wp\/v2\/media?parent=6967"}],"wp:term":[{"taxonomy":"product_brand","embeddable":true,"href":"https:\/\/puyapeptide.net\/es\/wp-json\/wp\/v2\/product_brand?post=6967"},{"taxonomy":"product_cat","embeddable":true,"href":"https:\/\/puyapeptide.net\/es\/wp-json\/wp\/v2\/product_cat?post=6967"},{"taxonomy":"product_tag","embeddable":true,"href":"https:\/\/puyapeptide.net\/es\/wp-json\/wp\/v2\/product_tag?post=6967"}],"curies":[{"name":"wp","href":"https:\/\/api.w.org\/{rel}","templated":true}]}}