{"id":6990,"date":"2021-12-16T06:38:07","date_gmt":"2021-12-16T11:38:07","guid":{"rendered":"https:\/\/puyapeptide.net\/product\/palmitoyl-tripeptido-38-cas-1447824-23-8-es-un-poderoso-peptido-antiarrugas\/"},"modified":"2021-12-16T06:38:07","modified_gmt":"2021-12-16T11:38:07","slug":"palmitoyl-tripeptido-38-cas-1447824-23-8-es-un-poderoso-peptido-antiarrugas","status":"publish","type":"product","link":"https:\/\/puyapeptide.net\/es\/product\/palmitoyl-tripeptido-38-cas-1447824-23-8-es-un-poderoso-peptido-antiarrugas\/","title":{"rendered":"Palmitoyl trip\u00e9ptido-38 CAS 1447824-23-8 es un poderoso p\u00e9ptido antiarrugas"},"content":{"rendered":"<h2><strong>Palmitoyl trip\u00e9ptido-38 CAS 1447824-23-8 es un poderoso p\u00e9ptido antiarrugas<\/strong><\/h2>\n<p> Nombre del producto: Palmitoyl Tripeptide 38<br \/>\n Secuencia: Pal-Lys-Met (O2) -Lys-OH<br \/>\n Sin\u00f3nimos: Matrixyl synthsis; Palmitoyl Tripeptide 38; matrixyl Synthe6; Palmitoyl Tripeptide 38 USP \/ EP \/ BP; Env\u00edo seguro y entrega r\u00e1pida Palmitoyl Tripeptide 38 Powder CAS 1447824-23-8 De Biocar; matrixyl Synthe6 Matrixyl synthsis<br \/>\n CAS: 1447824-23-8<br \/>\n MF:<br \/>\n MW: 0<br \/>\n EINECS: 7824- 223-8<br \/>\n Categor\u00edas de productos:<br \/>\n Archivo Mol: Archivo Mol <\/p>\n<p> Palmitoyl Tripeptide-38 est\u00e1 compuesto de tres amino\u00e1cidos y es un lipop\u00e9ptido dioxigenado. Este p\u00e9ptido est\u00e1 inspirado en un trip\u00e9ptido que se encuentra naturalmente en el col\u00e1geno VI y la laminina. Reconstruye la piel desde adentro, donde se necesita, para calmar las arrugas y suavizar la piel, y es especialmente eficaz para las l\u00edneas de la frente, patas de gallo, l\u00edneas de la cabeza y del cuello. <\/p>\n<p> Palmitoyl Tripeptide-38 es el producto de reacci\u00f3n de \u00e1cido palm\u00edtico y trip\u00e9ptido-38. <\/p>\n<p> Penetra profundamente en la dermis para estimular la producci\u00f3n de col\u00e1geno y la s\u00edntesis de \u00e1cido hialur\u00f3nico, particularmente en la frente. <\/p>\n<p> <strong>Funci\u00f3n y aplicaci\u00f3n de palmitoil trip\u00e9ptido 38<\/strong> &lt;y&gt; 1. Palmitoyl Tripeptide-38 es un poderoso p\u00e9ptido antiarrugas que act\u00faa sobre 6 elementos esenciales para la reconstrucci\u00f3n de la piel y se ha probado con \u00e9xito en la frente.<br \/>\n 2. Palmitoyl Tripeptide-38 y el extracto de Portulaca pilosa se pueden utilizar para dar volumen a los labios mediante la s\u00edntesis de \u00e1cido hialur\u00f3nico. Mejora la textura labial interna y superficial con un impacto visible en la forma de los labios. Este producto aumenta el volumen, la hidrataci\u00f3n y la suavidad de los labios. Ofrece efectos anti-envejecimiento y anti-flacidez. <\/p>\n<p> <strong>Mecanismo de Palmitoyl trip\u00e9ptido-38 CAS 1447824-23-8<\/strong> <\/p>\n<p> Palmitoyl trip\u00e9ptido-38 tiene un efecto tipo matrikine, que puede promover la s\u00edntesis de col\u00e1geno I, III, IV, fibronectina, \u00e1cido hialur\u00f3nico y laminina 5, los seis componentes principales de la matriz de la piel y la uni\u00f3n epid\u00e9rmica-d\u00e9rmica (DEJ); por lo tanto, el palmitoil trip\u00e9ptido-38 puede reconstruir la estructura de la red de la piel y aliviar las arrugas y suavizar la piel. <\/p>\n<p> Prueba cl\u00ednica sobre la eficacia de retrasar el envejecimiento y combatir las arrugas en 25 voluntarias, de 42 a 70 a\u00f1os de edad, para arrugas de la frente y l\u00edneas de los ojos. Despu\u00e9s de dos meses de aplicaci\u00f3n dos veces al d\u00eda de una soluci\u00f3n que contiene trip\u00e9ptidos al 2%. <\/p>\n<p> La calidad de la piel de la frente mejor\u00f3 en un 28%, el volumen de las arrugas se redujo en un 31%, la profundidad m\u00e1xima de las arrugas se redujo en un 16,3% <\/p>\n<p> La calidad de la piel de las comisuras de los ojos mejor\u00f3 en un 12,6%, el volumen de las patas de gallo se redujo en un 21,1%, la superficie de las arrugas se redujo en un 28,5%, la profundidad de las arrugas se redujo en un 15% en promedio y la propagaci\u00f3n El \u00e1ngulo de las arrugas se increment\u00f3 en un 8,4% <\/p>\n<p> Despu\u00e9s de la prueba, es obvio que el palmitoil trip\u00e9ptido-38 todav\u00eda tiene un efecto muy obvio de eliminaci\u00f3n de arrugas.<\/p>\n","protected":false},"excerpt":{"rendered":"<p>Nombre del producto: Palmitoyl Tripeptide 38<br \/>\n Secuencia: Pal-Lys-Met (O2) -Lys-OH<br \/>\n CAS: 1447824-23-8<br \/>\n Archivo Mol: Archivo Mol<\/p>\n","protected":false},"featured_media":2216,"comment_status":"open","ping_status":"closed","template":"","meta":{"om_disable_all_campaigns":false,"_monsterinsights_skip_tracking":false,"_monsterinsights_sitenote_active":false,"_monsterinsights_sitenote_note":"","_monsterinsights_sitenote_category":0,"site-sidebar-layout":"default","site-content-layout":"default","ast-site-content-layout":"default","site-content-style":"default","site-sidebar-style":"default","ast-global-header-display":"","ast-banner-title-visibility":"","ast-main-header-display":"","ast-hfb-above-header-display":"","ast-hfb-below-header-display":"","ast-hfb-mobile-header-display":"","site-post-title":"","ast-breadcrumbs-content":"","ast-featured-img":"","footer-sml-layout":"","ast-disable-related-posts":"","theme-transparent-header-meta":"default","adv-header-id-meta":"","stick-header-meta":"","header-above-stick-meta":"","header-main-stick-meta":"","header-below-stick-meta":"","astra-migrate-meta-layouts":"default","ast-page-background-enabled":"default","ast-page-background-meta":{"desktop":{"background-color":"","background-image":"","background-repeat":"repeat","background-position":"center center","background-size":"auto","background-attachment":"scroll","background-type":"","background-media":"","overlay-type":"","overlay-color":"","overlay-opacity":"","overlay-gradient":""},"tablet":{"background-color":"","background-image":"","background-repeat":"repeat","background-position":"center center","background-size":"auto","background-attachment":"scroll","background-type":"","background-media":"","overlay-type":"","overlay-color":"","overlay-opacity":"","overlay-gradient":""},"mobile":{"background-color":"","background-image":"","background-repeat":"repeat","background-position":"center center","background-size":"auto","background-attachment":"scroll","background-type":"","background-media":"","overlay-type":"","overlay-color":"","overlay-opacity":"","overlay-gradient":""}},"ast-content-background-meta":{"desktop":{"background-color":"var(--ast-global-color-5)","background-image":"","background-repeat":"repeat","background-position":"center center","background-size":"auto","background-attachment":"scroll","background-type":"","background-media":"","overlay-type":"","overlay-color":"","overlay-opacity":"","overlay-gradient":""},"tablet":{"background-color":"var(--ast-global-color-5)","background-image":"","background-repeat":"repeat","background-position":"center center","background-size":"auto","background-attachment":"scroll","background-type":"","background-media":"","overlay-type":"","overlay-color":"","overlay-opacity":"","overlay-gradient":""},"mobile":{"background-color":"var(--ast-global-color-5)","background-image":"","background-repeat":"repeat","background-position":"center center","background-size":"auto","background-attachment":"scroll","background-type":"","background-media":"","overlay-type":"","overlay-color":"","overlay-opacity":"","overlay-gradient":""}}},"product_brand":[],"product_cat":[544],"product_tag":[2745],"class_list":{"0":"post-6990","1":"product","2":"type-product","3":"status-publish","4":"has-post-thumbnail","6":"product_cat-peptido-antiarrugas-y-antienvejecimiento","7":"product_tag-palmitoyl-tripeptide-38-cas-1447824-23-8-is-a-powerful-anti-wrinkle-peptide-es","8":"desktop-align-left","9":"tablet-align-left","10":"mobile-align-left","12":"first","13":"instock","14":"shipping-taxable","15":"product-type-simple"},"_links":{"self":[{"href":"https:\/\/puyapeptide.net\/es\/wp-json\/wp\/v2\/product\/6990","targetHints":{"allow":["GET"]}}],"collection":[{"href":"https:\/\/puyapeptide.net\/es\/wp-json\/wp\/v2\/product"}],"about":[{"href":"https:\/\/puyapeptide.net\/es\/wp-json\/wp\/v2\/types\/product"}],"replies":[{"embeddable":true,"href":"https:\/\/puyapeptide.net\/es\/wp-json\/wp\/v2\/comments?post=6990"}],"wp:featuredmedia":[{"embeddable":true,"href":"https:\/\/puyapeptide.net\/es\/wp-json\/wp\/v2\/media\/2216"}],"wp:attachment":[{"href":"https:\/\/puyapeptide.net\/es\/wp-json\/wp\/v2\/media?parent=6990"}],"wp:term":[{"taxonomy":"product_brand","embeddable":true,"href":"https:\/\/puyapeptide.net\/es\/wp-json\/wp\/v2\/product_brand?post=6990"},{"taxonomy":"product_cat","embeddable":true,"href":"https:\/\/puyapeptide.net\/es\/wp-json\/wp\/v2\/product_cat?post=6990"},{"taxonomy":"product_tag","embeddable":true,"href":"https:\/\/puyapeptide.net\/es\/wp-json\/wp\/v2\/product_tag?post=6990"}],"curies":[{"name":"wp","href":"https:\/\/api.w.org\/{rel}","templated":true}]}}