{"id":7020,"date":"2021-12-16T06:39:39","date_gmt":"2021-12-16T11:39:39","guid":{"rendered":"https:\/\/puyapeptide.net\/product\/hexapeptide-9-cleatide-cas-1228371-11-6-es-un-peptido-de-colageno-muy-estable\/"},"modified":"2021-12-18T02:29:50","modified_gmt":"2021-12-18T07:29:50","slug":"hexapeptide-9-cleatide-cas-1228371-11-6-es-un-peptido-de-colageno-muy-estable","status":"publish","type":"product","link":"https:\/\/puyapeptide.net\/es\/product\/hexapeptide-9-cleatide-cas-1228371-11-6-es-un-peptido-de-colageno-muy-estable\/","title":{"rendered":"Hexapeptide-9 \/ Cleatide CAS 1228371-11-6 Es un p\u00e9ptido de col\u00e1geno muy estable"},"content":{"rendered":"<h2><strong>Hexapeptide-9 \/ Cleatide CAS 1228371-11-6 Es un p\u00e9ptido de col\u00e1geno muy estable<\/strong><\/h2>\n<p> Nombre del producto: Hexapeptide 9<br \/>\n Sin\u00f3nimos: Collaxyl; Hexapeptide 9; Collaxyl III \/ Hexapeptide-9; Hexapeptide-9 \/ collaxyl; Hexapeptide-9 (Cleatide); Hexapeptide 9 fandachem; Hexapeptide 9 powder; Hexapeptide 9 USP \/ EP \/ BP<br \/>\n CAS: 1228371-11-6<br \/>\n MF:<br \/>\n MW: 0<br \/>\n EINECS:<br \/>\n Categor\u00edas de productos:<br \/>\n Archivo Mol: Archivo Mol <\/p>\n<p> Hexap\u00e9ptido -9 es un p\u00e9ptido que, en pocas palabras, obliga a la piel a curarse a s\u00ed misma. Desempe\u00f1a el papel de un mensajero que activa r\u00e1pidamente la piel en la regeneraci\u00f3n de sus c\u00e9lulas da\u00f1adas.<br \/>\n Hubo un experimento realizado por los fabricantes de Hexapeptide-9 en un trozo de piel MUERTO. Rasgaron la piel para simular el da\u00f1o causado a las c\u00e9lulas durante una lesi\u00f3n, como los repetidos brotes de acn\u00e9.<br \/>\n Los cient\u00edficos aplicaron Hexap\u00e9ptido-9 1 vez y lo dejaron sobre la piel muerta durante 72 horas. Esta es la imagen del experimento, vista a trav\u00e9s de un microscopio. Recuerde, esto fue en piel muerta, as\u00ed que imag\u00ednese bien que puede funcionar en piel viva. <\/p>\n<p> El hexap\u00e9ptido-9 puede estar compuesto de seis amino\u00e1cidos y es un p\u00e9ptido de col\u00e1geno muy estable. La estructura de este p\u00e9ptido est\u00e1 presente en la estructura del col\u00e1geno IV y XII (dos col\u00e1genos clave de la membrana basal) en el cuerpo humano. Hexapeptide-9Chemicalbook exhibe un efecto reparador antiarrugas completo y significativo debido a esta estructura, y tiene un efecto muy peculiar en la reparaci\u00f3n de las marcas del acn\u00e9. Adem\u00e1s, el hexap\u00e9ptido-9 tambi\u00e9n tiene un efecto cosm\u00e9tico significativo en la eliminaci\u00f3n de las arrugas de los ojos y las patas de gallo alrededor de los ojos. <\/p>\n<p> <strong>Funci\u00f3n y aplicaci\u00f3n del hexap\u00e9ptido-9 \/ Cleatide CAS 1228371-11-6<\/strong><br \/>\n 1 \u3001 Incremento col\u00e1geno tipo I<br \/>\n 2 \u3001 Incrementar el col\u00e1geno tipo IV<br \/>\n 3 \u3001 Incrementar laminina-5<br \/>\n 4 \u3001 Incrementar la integrina<br \/>\n 5 \u3001 Promover la diferenciaci\u00f3n y maduraci\u00f3n de las c\u00e9lulas epid\u00e9rmicas<br \/>\n 6 \u3001 Promover la regeneraci\u00f3n de la piel &lt;&amp; &gt; 7 \u3001 Reduce las arrugas <\/p>\n<p> <strong>Hexapeptide-9 \/ Cleatide CAS 1228371-11-6 Beneficios<\/strong><br \/>\n 1.Hexapeptide-9 tiene un efecto de reducci\u00f3n de arrugas significativo.<br \/>\n 2.Hexapeptide-9 tiene piel efecto reparador. <\/p>\n<p> La ciencia ha demostrado que los p\u00e9ptidos pueden ayudar a controlar las arrugas de la piel y revertir los signos del envejecimiento.<br \/>\n La piel humana est\u00e1 compuesta principalmente de col\u00e1geno. El col\u00e1geno es una prote\u00edna compuesta por largos segmentos de amino\u00e1cidos dispuestos como una cadena. El col\u00e1geno proporciona una base y un grosor de la piel.<br \/>\n Las mujeres menores de 30 a\u00f1os tienen abundante col\u00e1geno, lo que da como resultado una piel suave y tersa.<br \/>\n El resto de nosotros tiene menos col\u00e1geno: la piel tiende a ser m\u00e1s delgada, revelando m\u00e1s arrugas. &lt;&amp; &gt; Cuando el col\u00e1geno se descompone, se forman segmentos cortos de amino\u00e1cidos. Estas son las peque\u00f1as prote\u00ednas y mol\u00e9culas activas conocidas como p\u00e9ptidos. Los p\u00e9ptidos en el cuidado de la piel pueden proporcionar importantes beneficios anti-envejecimiento.<\/p>\n","protected":false},"excerpt":{"rendered":"<p>Nombre del producto: Hexap\u00e9ptido 9<br \/>\n CAS: 1228371-11-6<br \/>\n Archivo Mol: Archivo Mol<\/p>\n","protected":false},"featured_media":2111,"comment_status":"open","ping_status":"closed","template":"","meta":{"om_disable_all_campaigns":false,"_monsterinsights_skip_tracking":false,"_monsterinsights_sitenote_active":false,"_monsterinsights_sitenote_note":"","_monsterinsights_sitenote_category":0,"site-sidebar-layout":"default","site-content-layout":"default","ast-site-content-layout":"default","site-content-style":"default","site-sidebar-style":"default","ast-global-header-display":"","ast-banner-title-visibility":"","ast-main-header-display":"","ast-hfb-above-header-display":"","ast-hfb-below-header-display":"","ast-hfb-mobile-header-display":"","site-post-title":"","ast-breadcrumbs-content":"","ast-featured-img":"","footer-sml-layout":"","ast-disable-related-posts":"","theme-transparent-header-meta":"default","adv-header-id-meta":"","stick-header-meta":"","header-above-stick-meta":"","header-main-stick-meta":"","header-below-stick-meta":"","astra-migrate-meta-layouts":"default","ast-page-background-enabled":"default","ast-page-background-meta":{"desktop":{"background-color":"","background-image":"","background-repeat":"repeat","background-position":"center center","background-size":"auto","background-attachment":"scroll","background-type":"","background-media":"","overlay-type":"","overlay-color":"","overlay-opacity":"","overlay-gradient":""},"tablet":{"background-color":"","background-image":"","background-repeat":"repeat","background-position":"center center","background-size":"auto","background-attachment":"scroll","background-type":"","background-media":"","overlay-type":"","overlay-color":"","overlay-opacity":"","overlay-gradient":""},"mobile":{"background-color":"","background-image":"","background-repeat":"repeat","background-position":"center center","background-size":"auto","background-attachment":"scroll","background-type":"","background-media":"","overlay-type":"","overlay-color":"","overlay-opacity":"","overlay-gradient":""}},"ast-content-background-meta":{"desktop":{"background-color":"var(--ast-global-color-5)","background-image":"","background-repeat":"repeat","background-position":"center center","background-size":"auto","background-attachment":"scroll","background-type":"","background-media":"","overlay-type":"","overlay-color":"","overlay-opacity":"","overlay-gradient":""},"tablet":{"background-color":"var(--ast-global-color-5)","background-image":"","background-repeat":"repeat","background-position":"center center","background-size":"auto","background-attachment":"scroll","background-type":"","background-media":"","overlay-type":"","overlay-color":"","overlay-opacity":"","overlay-gradient":""},"mobile":{"background-color":"var(--ast-global-color-5)","background-image":"","background-repeat":"repeat","background-position":"center center","background-size":"auto","background-attachment":"scroll","background-type":"","background-media":"","overlay-type":"","overlay-color":"","overlay-opacity":"","overlay-gradient":""}}},"product_brand":[],"product_cat":[544],"product_tag":[2726],"class_list":{"0":"post-7020","1":"product","2":"type-product","3":"status-publish","4":"has-post-thumbnail","6":"product_cat-peptido-antiarrugas-y-antienvejecimiento","7":"product_tag-hexapeptide-9-cleatide-cas-1228371-11-6-it-is-a-very-stable-collagen-peptide-es","8":"desktop-align-left","9":"tablet-align-left","10":"mobile-align-left","12":"first","13":"instock","14":"shipping-taxable","15":"product-type-simple"},"_links":{"self":[{"href":"https:\/\/puyapeptide.net\/es\/wp-json\/wp\/v2\/product\/7020","targetHints":{"allow":["GET"]}}],"collection":[{"href":"https:\/\/puyapeptide.net\/es\/wp-json\/wp\/v2\/product"}],"about":[{"href":"https:\/\/puyapeptide.net\/es\/wp-json\/wp\/v2\/types\/product"}],"replies":[{"embeddable":true,"href":"https:\/\/puyapeptide.net\/es\/wp-json\/wp\/v2\/comments?post=7020"}],"wp:featuredmedia":[{"embeddable":true,"href":"https:\/\/puyapeptide.net\/es\/wp-json\/wp\/v2\/media\/2111"}],"wp:attachment":[{"href":"https:\/\/puyapeptide.net\/es\/wp-json\/wp\/v2\/media?parent=7020"}],"wp:term":[{"taxonomy":"product_brand","embeddable":true,"href":"https:\/\/puyapeptide.net\/es\/wp-json\/wp\/v2\/product_brand?post=7020"},{"taxonomy":"product_cat","embeddable":true,"href":"https:\/\/puyapeptide.net\/es\/wp-json\/wp\/v2\/product_cat?post=7020"},{"taxonomy":"product_tag","embeddable":true,"href":"https:\/\/puyapeptide.net\/es\/wp-json\/wp\/v2\/product_tag?post=7020"}],"curies":[{"name":"wp","href":"https:\/\/api.w.org\/{rel}","templated":true}]}}