{"id":7086,"date":"2021-12-16T06:43:00","date_gmt":"2021-12-16T11:43:00","guid":{"rendered":"https:\/\/puyapeptide.net\/product\/puya-supply-acetyl-pentapeptide-1-puede-mejorar-la-proteina-de-colageno-y-la-proteina-de-elastina\/"},"modified":"2021-12-16T06:43:00","modified_gmt":"2021-12-16T11:43:00","slug":"puya-supply-acetyl-pentapeptide-1-puede-mejorar-la-proteina-de-colageno-y-la-proteina-de-elastina","status":"publish","type":"product","link":"https:\/\/puyapeptide.net\/es\/product\/puya-supply-acetyl-pentapeptide-1-puede-mejorar-la-proteina-de-colageno-y-la-proteina-de-elastina\/","title":{"rendered":"Puya Supply Acetyl Pentapeptide-1 puede mejorar la prote\u00edna de col\u00e1geno y la prote\u00edna de elastina"},"content":{"rendered":"<h2><strong>Puya Supply Acetyl Pentapeptide-1 puede mejorar la prote\u00edna de col\u00e1geno y la prote\u00edna de elastina<\/strong><\/h2>\n<p> Nombre del producto: Acetil Pentapeptide-1<br \/>\n Molecular: 720<br \/>\n Aspecto: polvo blanco o blanquecino<br \/>\n COA y MSDS: disponible para su referencia<br \/>\n Pureza: 95%<br \/>\n Grado: cosm\u00e9tico<br \/>\n Fuente: sint\u00e9tico<br \/>\n Capacidad: 300g por mes<br \/>\n Aspecto: polvo blanco <\/p>\n<p> Acetil pentap\u00e9ptido-1 es un ingrediente ideal para mejorar la firmeza de la piel potenciando los elementos naturales que logran mantener estas propiedades en la piel, incluyendo elastina y col\u00e1geno. Por lo tanto, se puede incorporar en formulaciones reafirmantes y antienvejecimiento para el cuidado facial y corporal, donde la cohesi\u00f3n y elasticidad de la piel quiere aumentar para minimizar la flacidez y la flacidez. Adem\u00e1s, tambi\u00e9n ser\u00eda \u00fatil agregar formulaciones adelgazantes para evitar la flacidez despu\u00e9s de perder peso. <\/p>\n<p> <strong>La funci\u00f3n del Acetil Pentap\u00e9ptido-1<\/strong><br \/>\n Promover la producci\u00f3n de col\u00e1geno, reparar la piel da\u00f1ada, anti-envejecimiento, mejorar la piel. elasticidad, mejora la vitalidad de la piel.<br \/>\n 1.Mejora la s\u00edntesis de prote\u00ednas de col\u00e1geno y elastina, antiarrugas;<br \/>\n 2.Ayuda al grosor y firmeza de la piel, hace que la piel se reafirme. <\/p>\n<p> <strong>Uso de acetil pentap\u00e9ptido- 1<\/strong><br \/>\n Acetyl Pentapeptide-1 puede mejorar la s\u00edntesis de prote\u00edna de col\u00e1geno y prote\u00edna de elastina &lt;y&gt;, antiarrugas; Ayuda a que la piel sea m\u00e1s gruesa y firme, hace que la piel se reafirme.<\/p>\n","protected":false},"excerpt":{"rendered":"<p>Nombre del producto: Acetil Pentap\u00e9ptido-1<br \/>\n Molecular: 720<br \/>\n Aspecto: polvo blanco o blanquecino<br \/>\n Pureza: 95%<br \/>\n Grado: cosm\u00e9tico<br \/>\n Fuente: sint\u00e9tico<br \/>\n Aspecto: polvo blanco<\/p>\n","protected":false},"featured_media":2132,"comment_status":"open","ping_status":"closed","template":"","meta":{"om_disable_all_campaigns":false,"_monsterinsights_skip_tracking":false,"_monsterinsights_sitenote_active":false,"_monsterinsights_sitenote_note":"","_monsterinsights_sitenote_category":0,"site-sidebar-layout":"default","site-content-layout":"default","ast-site-content-layout":"default","site-content-style":"default","site-sidebar-style":"default","ast-global-header-display":"","ast-banner-title-visibility":"","ast-main-header-display":"","ast-hfb-above-header-display":"","ast-hfb-below-header-display":"","ast-hfb-mobile-header-display":"","site-post-title":"","ast-breadcrumbs-content":"","ast-featured-img":"","footer-sml-layout":"","ast-disable-related-posts":"","theme-transparent-header-meta":"default","adv-header-id-meta":"","stick-header-meta":"","header-above-stick-meta":"","header-main-stick-meta":"","header-below-stick-meta":"","astra-migrate-meta-layouts":"default","ast-page-background-enabled":"default","ast-page-background-meta":{"desktop":{"background-color":"","background-image":"","background-repeat":"repeat","background-position":"center center","background-size":"auto","background-attachment":"scroll","background-type":"","background-media":"","overlay-type":"","overlay-color":"","overlay-opacity":"","overlay-gradient":""},"tablet":{"background-color":"","background-image":"","background-repeat":"repeat","background-position":"center center","background-size":"auto","background-attachment":"scroll","background-type":"","background-media":"","overlay-type":"","overlay-color":"","overlay-opacity":"","overlay-gradient":""},"mobile":{"background-color":"","background-image":"","background-repeat":"repeat","background-position":"center center","background-size":"auto","background-attachment":"scroll","background-type":"","background-media":"","overlay-type":"","overlay-color":"","overlay-opacity":"","overlay-gradient":""}},"ast-content-background-meta":{"desktop":{"background-color":"var(--ast-global-color-5)","background-image":"","background-repeat":"repeat","background-position":"center center","background-size":"auto","background-attachment":"scroll","background-type":"","background-media":"","overlay-type":"","overlay-color":"","overlay-opacity":"","overlay-gradient":""},"tablet":{"background-color":"var(--ast-global-color-5)","background-image":"","background-repeat":"repeat","background-position":"center center","background-size":"auto","background-attachment":"scroll","background-type":"","background-media":"","overlay-type":"","overlay-color":"","overlay-opacity":"","overlay-gradient":""},"mobile":{"background-color":"var(--ast-global-color-5)","background-image":"","background-repeat":"repeat","background-position":"center center","background-size":"auto","background-attachment":"scroll","background-type":"","background-media":"","overlay-type":"","overlay-color":"","overlay-opacity":"","overlay-gradient":""}}},"product_brand":[],"product_cat":[544],"product_tag":[2682],"class_list":{"0":"post-7086","1":"product","2":"type-product","3":"status-publish","4":"has-post-thumbnail","6":"product_cat-peptido-antiarrugas-y-antienvejecimiento","7":"product_tag-puya-supply-acetyl-pentapeptide-1-can-improve-collagen-protein-and-elastin-protein-es","8":"desktop-align-left","9":"tablet-align-left","10":"mobile-align-left","12":"first","13":"instock","14":"shipping-taxable","15":"product-type-simple"},"_links":{"self":[{"href":"https:\/\/puyapeptide.net\/es\/wp-json\/wp\/v2\/product\/7086","targetHints":{"allow":["GET"]}}],"collection":[{"href":"https:\/\/puyapeptide.net\/es\/wp-json\/wp\/v2\/product"}],"about":[{"href":"https:\/\/puyapeptide.net\/es\/wp-json\/wp\/v2\/types\/product"}],"replies":[{"embeddable":true,"href":"https:\/\/puyapeptide.net\/es\/wp-json\/wp\/v2\/comments?post=7086"}],"wp:featuredmedia":[{"embeddable":true,"href":"https:\/\/puyapeptide.net\/es\/wp-json\/wp\/v2\/media\/2132"}],"wp:attachment":[{"href":"https:\/\/puyapeptide.net\/es\/wp-json\/wp\/v2\/media?parent=7086"}],"wp:term":[{"taxonomy":"product_brand","embeddable":true,"href":"https:\/\/puyapeptide.net\/es\/wp-json\/wp\/v2\/product_brand?post=7086"},{"taxonomy":"product_cat","embeddable":true,"href":"https:\/\/puyapeptide.net\/es\/wp-json\/wp\/v2\/product_cat?post=7086"},{"taxonomy":"product_tag","embeddable":true,"href":"https:\/\/puyapeptide.net\/es\/wp-json\/wp\/v2\/product_tag?post=7086"}],"curies":[{"name":"wp","href":"https:\/\/api.w.org\/{rel}","templated":true}]}}