{"id":7103,"date":"2021-12-16T06:43:49","date_gmt":"2021-12-16T11:43:49","guid":{"rendered":"https:\/\/puyapeptide.net\/product\/acetil-octapeptide-3-snap-8-acetyl-glutamyl-heptapeptide-1-cas-868844-74-0-para-antiarrugas\/"},"modified":"2021-12-16T06:43:49","modified_gmt":"2021-12-16T11:43:49","slug":"acetil-octapeptide-3-snap-8-acetyl-glutamyl-heptapeptide-1-cas-868844-74-0-para-antiarrugas","status":"publish","type":"product","link":"https:\/\/puyapeptide.net\/es\/product\/acetil-octapeptide-3-snap-8-acetyl-glutamyl-heptapeptide-1-cas-868844-74-0-para-antiarrugas\/","title":{"rendered":"Acetil octapeptide-3 \/ SNAP-8 \/ Acetyl Glutamyl Heptapeptide-1 CAS 868844-74-0 para antiarrugas"},"content":{"rendered":"<h2><strong>Acetil octapeptide-3 \/ SNAP-8 \/ Acetyl Glutamyl Heptapeptide-1 CAS 868844-74-0 para antiarrugas<\/strong><\/h2>\n<p> Nombre del producto: Acetil octap\u00e9ptido-3 \/ SNAP-8 \/ Acetil glutamilo heptap\u00e9ptido-1<br \/>\n Sin\u00f3nimos: N-Acetil-L-alfa-glutamil-L-alfa-glutamil-L-metionil-L-glutaminil-L -arginil-L-arginil-L-alanil-L-alfa-asparagina; SNAP-8 (acetil glutamil heptap\u00e9ptido-3); acetil glutamil heptap\u00e9ptido-3; acetil octap\u00e9ptido-3; acetil glutamil octap\u00e9ptido-3; acetil octap\u00e9ptido-3; snap-8 \/ Acetil Octap\u00e9ptido-3 \/ Acetil Glutamil Heptap\u00e9ptido-3; Acetil Octap\u00e9ptido-8<br \/>\n CAS: 868844-74-0<br \/>\n MF: C41H70N16O16S<br \/>\n MW: 1075.17<br \/>\n EINECS:<br \/>\n Producto Categor\u00edas: Cosm\u00e9ticos belleza p\u00e9ptido<br \/>\n Mol Archivo: 868844-74-0.mol <\/p>\n<p> El octap\u00e9ptido antiarrugas SNAP-8 es un alargamiento del famoso hexap\u00e9ptido. SNAP-8 reduce la profundidad de las arrugas del rostro provocadas por la contracci\u00f3n de los m\u00fasculos de la expresi\u00f3n facial, especialmente en la frente y alrededor de los ojos. SNAP-8 es una alternativa m\u00e1s segura, m\u00e1s barata y m\u00e1s suave a la toxina botul\u00ednica, que se dirige t\u00f3picamente al mismo mecanismo de formaci\u00f3n de arrugas de una manera muy diferente. <\/p>\n<p> <strong>Acetyl octapeptide-3 \/ SNAP-8 \/ Acetyl Glutamyl Heptapeptide-1 CAS 868844-74-0 Propiedades qu\u00edmicas<\/strong><br \/>\n densidad 1,56<br \/>\n temp. De almacenamiento Mantener en lugar oscuro, atm\u00f3sfera inerte, 2-8 \u00b0 C<br \/>\n pka 4.07 \u00b1 0.10 (Previsto) <\/p>\n<p> <strong>Aplicaci\u00f3n y funci\u00f3n de Acetil octap\u00e9ptido-3 \/ SNAP-8 \/ Acetil glutamil heptap\u00e9ptido-1 CAS 868844- 74-0<\/strong><br \/>\n Acetil glutamil heptap\u00e9ptido-3 o acetil octap\u00e9ptido-1 (o -3) (SNAP-8) est\u00e1 cient\u00edficamente y razonablemente dise\u00f1ado con ingredientes activos antiarrugas de polip\u00e9ptido. Tiene una funci\u00f3n similar a la Areginin Essence y se ha convertido en una de las materias primas m\u00e1s populares en todo el mundo para la cosm\u00e9tica antiarrugas de lujo. Antiarrugas causadas por la contracci\u00f3n de los m\u00fasculos de la expresi\u00f3n facial, disminuyendo la excitabilidad neuronal por la desestabilizaci\u00f3n del complejo SNARE. &lt; &amp;&gt; Snap-8, este ingrediente contiene ocho amino\u00e1cidos y (de ah\u00ed el &quot;Octa&quot;) tiene las mismas (algunos dicen que mucho mejores) cualidades antiarrugas de Argirelin. Snap-8 produjo una reducci\u00f3n de aproximadamente un 35% en la profundidad de las arrugas.<br \/>\n La soluci\u00f3n de p\u00e9ptido Snap-8 contiene un octap\u00e9ptido antiarrugas que es un alargamiento del p\u00e9ptido hexap\u00e9ptido ARGIRELIN. Por lo tanto, reduce las arrugas de expresi\u00f3n a trav\u00e9s de un mecanismo de acci\u00f3n similar a la toxina botul\u00ednica. <\/p>\n<p> <strong>Uso de acetil octap\u00e9ptido-3 \/ SNAP-8 \/ acetil glutamilo heptap\u00e9ptido-1 CAS 868844-74-0<\/strong><br \/>\n antiarrugas , arrugas suaves.<\/p>\n","protected":false},"excerpt":{"rendered":"<p>Nombre del producto: Acetil octap\u00e9ptido-3 \/ SNAP-8 \/ Acetil glutamilo heptap\u00e9ptido-1<br \/>\n CAS: 868844-74-0<br \/>\n MF: C41H70N16O16S<br \/>\n MW: 1075.17<br \/>\n Archivo Mol: 868844-74-0 .mol<\/p>\n","protected":false},"featured_media":2174,"comment_status":"open","ping_status":"closed","template":"","meta":{"om_disable_all_campaigns":false,"_monsterinsights_skip_tracking":false,"_monsterinsights_sitenote_active":false,"_monsterinsights_sitenote_note":"","_monsterinsights_sitenote_category":0,"site-sidebar-layout":"default","site-content-layout":"default","ast-site-content-layout":"default","site-content-style":"default","site-sidebar-style":"default","ast-global-header-display":"","ast-banner-title-visibility":"","ast-main-header-display":"","ast-hfb-above-header-display":"","ast-hfb-below-header-display":"","ast-hfb-mobile-header-display":"","site-post-title":"","ast-breadcrumbs-content":"","ast-featured-img":"","footer-sml-layout":"","ast-disable-related-posts":"","theme-transparent-header-meta":"default","adv-header-id-meta":"","stick-header-meta":"","header-above-stick-meta":"","header-main-stick-meta":"","header-below-stick-meta":"","astra-migrate-meta-layouts":"default","ast-page-background-enabled":"default","ast-page-background-meta":{"desktop":{"background-color":"","background-image":"","background-repeat":"repeat","background-position":"center center","background-size":"auto","background-attachment":"scroll","background-type":"","background-media":"","overlay-type":"","overlay-color":"","overlay-opacity":"","overlay-gradient":""},"tablet":{"background-color":"","background-image":"","background-repeat":"repeat","background-position":"center center","background-size":"auto","background-attachment":"scroll","background-type":"","background-media":"","overlay-type":"","overlay-color":"","overlay-opacity":"","overlay-gradient":""},"mobile":{"background-color":"","background-image":"","background-repeat":"repeat","background-position":"center center","background-size":"auto","background-attachment":"scroll","background-type":"","background-media":"","overlay-type":"","overlay-color":"","overlay-opacity":"","overlay-gradient":""}},"ast-content-background-meta":{"desktop":{"background-color":"var(--ast-global-color-5)","background-image":"","background-repeat":"repeat","background-position":"center center","background-size":"auto","background-attachment":"scroll","background-type":"","background-media":"","overlay-type":"","overlay-color":"","overlay-opacity":"","overlay-gradient":""},"tablet":{"background-color":"var(--ast-global-color-5)","background-image":"","background-repeat":"repeat","background-position":"center center","background-size":"auto","background-attachment":"scroll","background-type":"","background-media":"","overlay-type":"","overlay-color":"","overlay-opacity":"","overlay-gradient":""},"mobile":{"background-color":"var(--ast-global-color-5)","background-image":"","background-repeat":"repeat","background-position":"center center","background-size":"auto","background-attachment":"scroll","background-type":"","background-media":"","overlay-type":"","overlay-color":"","overlay-opacity":"","overlay-gradient":""}}},"product_brand":[],"product_cat":[544],"product_tag":[2656],"class_list":{"0":"post-7103","1":"product","2":"type-product","3":"status-publish","4":"has-post-thumbnail","6":"product_cat-peptido-antiarrugas-y-antienvejecimiento","7":"product_tag-acetyl-octapeptide-3-snap-8-acetyl-glutamyl-heptapeptide-1-cas-868844-74-0-for-anti-wrinkle-es","8":"desktop-align-left","9":"tablet-align-left","10":"mobile-align-left","12":"first","13":"instock","14":"shipping-taxable","15":"product-type-simple"},"_links":{"self":[{"href":"https:\/\/puyapeptide.net\/es\/wp-json\/wp\/v2\/product\/7103","targetHints":{"allow":["GET"]}}],"collection":[{"href":"https:\/\/puyapeptide.net\/es\/wp-json\/wp\/v2\/product"}],"about":[{"href":"https:\/\/puyapeptide.net\/es\/wp-json\/wp\/v2\/types\/product"}],"replies":[{"embeddable":true,"href":"https:\/\/puyapeptide.net\/es\/wp-json\/wp\/v2\/comments?post=7103"}],"wp:featuredmedia":[{"embeddable":true,"href":"https:\/\/puyapeptide.net\/es\/wp-json\/wp\/v2\/media\/2174"}],"wp:attachment":[{"href":"https:\/\/puyapeptide.net\/es\/wp-json\/wp\/v2\/media?parent=7103"}],"wp:term":[{"taxonomy":"product_brand","embeddable":true,"href":"https:\/\/puyapeptide.net\/es\/wp-json\/wp\/v2\/product_brand?post=7103"},{"taxonomy":"product_cat","embeddable":true,"href":"https:\/\/puyapeptide.net\/es\/wp-json\/wp\/v2\/product_cat?post=7103"},{"taxonomy":"product_tag","embeddable":true,"href":"https:\/\/puyapeptide.net\/es\/wp-json\/wp\/v2\/product_tag?post=7103"}],"curies":[{"name":"wp","href":"https:\/\/api.w.org\/{rel}","templated":true}]}}