{"id":7233,"date":"2021-12-16T07:18:05","date_gmt":"2021-12-16T12:18:05","guid":{"rendered":"https:\/\/puyapeptide.net\/product\/melanotan-1-melanotan-i-afamelanotide-cas-75921-69-6\/"},"modified":"2021-12-16T07:18:05","modified_gmt":"2021-12-16T12:18:05","slug":"melanotan-1-melanotan-i-afamelanotide-cas-75921-69-6","status":"publish","type":"product","link":"https:\/\/puyapeptide.net\/es\/product\/melanotan-1-melanotan-i-afamelanotide-cas-75921-69-6\/","title":{"rendered":"Melanotan 1 \/ Melanotan I \/ Afamelanotide CAS 75921-69-6"},"content":{"rendered":"<h2><strong>Melanotan 1 \/ Melanotan I \/ Afamelanotide CAS 75921-69-6<\/strong><\/h2>\n<p> Nombre del producto: Melanotan 1<br \/>\n Secuencia: Ac-Ser-Tyr-Ser-Nle-Glu-His-D-Phe-Arg-Trp-Gly-Lys-Pro-Val-NH2<br \/>\n Sin\u00f3nimos: [ NLE4, D-PHE] HORMONA ESTIMULADORA DE ALFA-MELANOCITOS; (NLE4, D-PHE7) -ALPHA-MSH; [Nle4, D-Phe7] \u03b1-MSH; Ac-L-Ser-L-Tyr-L-Ser-L -Nle-L-Glu-L-His-D-Phe-L-Arg-L-Trp-Gly-L-Lys-L-Pro-L-Val-NH2; N-Ac-L-Ser-L-Tyr -L-Ser-L-Nle-L-Glu-L-His-D-Phe-L-Arg-L-Trp-Gly-L-Lys-L-Pro-L-Val-NH2; [Nle4, DPhe7] a-MSH, amida; [Nle4, DPhe7] a-MSH, amida: Melanotan\u00ae; [Nle4, D-Phe7] -\u03b1-MSH, amida<br \/>\n CAS: 75921-69-6<br \/>\n MF: C78H111N21O19 &lt; &amp;&gt; MW: 1646.85<br \/>\n EINECS: 211-519-9<br \/>\n Categor\u00edas de productos: P\u00e9ptidos moduladores de canales de iones; Hormonas estimulantes de melanocitos (MSH); Hormonas inmunomoduladores; Investigaci\u00f3n de la obesidad; P\u00e9ptidos para biolog\u00eda celular; Hormonas hipofisarias; P\u00e9ptidos; Estimulantes de melanocitos P\u00e9ptidos y prote\u00ednas de hormonas (MSH); P\u00e9ptidos de hormonas estimulantes de melanocitos \u03b1 (\u03b1-MSH) para biolog\u00eda celular; Factores de crecimiento de citocinas y hormonas (obesidad); Melanotan II A<br \/>\n Mol File: 75921-69-6.mol &lt;&amp; &gt;<br \/>\n Melanotan 2 (tambi\u00e9n conocido como Melanotan II) es un sint\u00e9tico Es una variante de una hormona pept\u00eddica producida naturalmente en<br \/>\n nuestro cuerpo que estimula la melanog\u00e9nesis, que es responsable de la pigmentaci\u00f3n de la piel. Esta hormona pept\u00eddica, llamada<br \/>\n hormona estimulante de melanocitos alfa o MSH, activa ciertos receptores de melanocortina en el proceso de ejercer sus efectos.<br \/>\n De hecho, MSH tambi\u00e9n aporta potentes beneficios del metabolismo de los l\u00edpidos, el apetito y la libido sexual a trav\u00e9s de estos receptores de melanocortina.<br \/>\n Por lo tanto, se ha demostrado en estudios que Melanotan 2 exhibe efectos supresores del apetito, lipol\u00edticos y potenciadores de la libido adem\u00e1s de<br \/>\n promover el bronceado de la piel. Melanotan 2 se ha investigado ampliamente para su uso en la protecci\u00f3n contra los efectos nocivos de la radiaci\u00f3n ultravioleta<br \/>\n de la luz solar debido a sus caracter\u00edsticas estimulantes de la melanog\u00e9nesis.<br \/>\n Adem\u00e1s, Melanotan 2 (MT-2) y una variante similar producida sint\u00e9ticamente, se han estudiado como un remedio potencial<br \/>\n para el tratamiento de la disfunci\u00f3n sexual; Espec\u00edficamente, disfunci\u00f3n er\u00e9ctil masculina. <\/p>\n<p> <strong>Melanotan 1 \/ Melanotan I \/ Afamelanotide CAS 75921-69-6 Propiedades qu\u00edmicas<\/strong><br \/>\n densidad 1,46 \u00b1 0,1 g \/ cm3 (predicho)<br \/>\n RTECS OS1830200<br \/>\n temperatura de almacenamiento . \u221220 \u00b0 C<br \/>\n pka 4.43 \u00b1 0.10 (Previsto)<br \/>\n InChIKey UAHFGYDRQSXQEB-LEBBXHLNSA-N<br \/>\n CAS DataBase Reference 75921-69-6 (CAS DataBase Reference) <\/p>\n<p> <strong>Usos de Melanotan 1 \/ Melanotan I \/ Afamelanotide CAS 75921-69-6s<\/strong><br \/>\n Con la liberaci\u00f3n de Melanotan I, este p\u00e9ptido lineal que consta de 13 amino\u00e1cidos est\u00e1 destinado a desempe\u00f1ar un papel a\u00fan mayor en la investigaci\u00f3n de f\u00e1rmacos. Los principales nombres en ingl\u00e9s de Melanotan I son Melanotan-1 y Afamelanotide, que pertenecen a los an\u00e1logos de \u03b1-MSH, Melanotan I puede usarse para tratar los trastornos de fotosensibilidad causados por protoporfiria eritropoy\u00e9tica.<\/p>\n","protected":false},"excerpt":{"rendered":"<p>Nombre del producto: Melanotan 1<br \/>\n CAS: 75921-69-6<br \/>\n MF: C78H111N21O19<br \/>\n MW: 1646.85<br \/>\n EINECS: 211-519-9<br \/>\n Mol Archivo: 75921-69-6.mol<\/p>\n","protected":false},"featured_media":2216,"comment_status":"open","ping_status":"closed","template":"","meta":{"om_disable_all_campaigns":false,"_monsterinsights_skip_tracking":false,"_monsterinsights_sitenote_active":false,"_monsterinsights_sitenote_note":"","_monsterinsights_sitenote_category":0,"site-sidebar-layout":"default","site-content-layout":"default","ast-site-content-layout":"default","site-content-style":"default","site-sidebar-style":"default","ast-global-header-display":"","ast-banner-title-visibility":"","ast-main-header-display":"","ast-hfb-above-header-display":"","ast-hfb-below-header-display":"","ast-hfb-mobile-header-display":"","site-post-title":"","ast-breadcrumbs-content":"","ast-featured-img":"","footer-sml-layout":"","ast-disable-related-posts":"","theme-transparent-header-meta":"default","adv-header-id-meta":"","stick-header-meta":"","header-above-stick-meta":"","header-main-stick-meta":"","header-below-stick-meta":"","astra-migrate-meta-layouts":"default","ast-page-background-enabled":"default","ast-page-background-meta":{"desktop":{"background-color":"","background-image":"","background-repeat":"repeat","background-position":"center center","background-size":"auto","background-attachment":"scroll","background-type":"","background-media":"","overlay-type":"","overlay-color":"","overlay-opacity":"","overlay-gradient":""},"tablet":{"background-color":"","background-image":"","background-repeat":"repeat","background-position":"center center","background-size":"auto","background-attachment":"scroll","background-type":"","background-media":"","overlay-type":"","overlay-color":"","overlay-opacity":"","overlay-gradient":""},"mobile":{"background-color":"","background-image":"","background-repeat":"repeat","background-position":"center center","background-size":"auto","background-attachment":"scroll","background-type":"","background-media":"","overlay-type":"","overlay-color":"","overlay-opacity":"","overlay-gradient":""}},"ast-content-background-meta":{"desktop":{"background-color":"var(--ast-global-color-5)","background-image":"","background-repeat":"repeat","background-position":"center center","background-size":"auto","background-attachment":"scroll","background-type":"","background-media":"","overlay-type":"","overlay-color":"","overlay-opacity":"","overlay-gradient":""},"tablet":{"background-color":"var(--ast-global-color-5)","background-image":"","background-repeat":"repeat","background-position":"center center","background-size":"auto","background-attachment":"scroll","background-type":"","background-media":"","overlay-type":"","overlay-color":"","overlay-opacity":"","overlay-gradient":""},"mobile":{"background-color":"var(--ast-global-color-5)","background-image":"","background-repeat":"repeat","background-position":"center center","background-size":"auto","background-attachment":"scroll","background-type":"","background-media":"","overlay-type":"","overlay-color":"","overlay-opacity":"","overlay-gradient":""}}},"product_brand":[],"product_cat":[523],"product_tag":[2547],"class_list":{"0":"post-7233","1":"product","2":"type-product","3":"status-publish","4":"has-post-thumbnail","6":"product_cat-otros-peptidos","7":"product_tag-melanotan-1-melanotan-i-afamelanotide-cas-75921-69-6-es","8":"desktop-align-left","9":"tablet-align-left","10":"mobile-align-left","12":"first","13":"instock","14":"shipping-taxable","15":"product-type-simple"},"_links":{"self":[{"href":"https:\/\/puyapeptide.net\/es\/wp-json\/wp\/v2\/product\/7233","targetHints":{"allow":["GET"]}}],"collection":[{"href":"https:\/\/puyapeptide.net\/es\/wp-json\/wp\/v2\/product"}],"about":[{"href":"https:\/\/puyapeptide.net\/es\/wp-json\/wp\/v2\/types\/product"}],"replies":[{"embeddable":true,"href":"https:\/\/puyapeptide.net\/es\/wp-json\/wp\/v2\/comments?post=7233"}],"wp:featuredmedia":[{"embeddable":true,"href":"https:\/\/puyapeptide.net\/es\/wp-json\/wp\/v2\/media\/2216"}],"wp:attachment":[{"href":"https:\/\/puyapeptide.net\/es\/wp-json\/wp\/v2\/media?parent=7233"}],"wp:term":[{"taxonomy":"product_brand","embeddable":true,"href":"https:\/\/puyapeptide.net\/es\/wp-json\/wp\/v2\/product_brand?post=7233"},{"taxonomy":"product_cat","embeddable":true,"href":"https:\/\/puyapeptide.net\/es\/wp-json\/wp\/v2\/product_cat?post=7233"},{"taxonomy":"product_tag","embeddable":true,"href":"https:\/\/puyapeptide.net\/es\/wp-json\/wp\/v2\/product_tag?post=7233"}],"curies":[{"name":"wp","href":"https:\/\/api.w.org\/{rel}","templated":true}]}}