{"id":7236,"date":"2021-12-16T07:18:06","date_gmt":"2021-12-16T12:18:06","guid":{"rendered":"https:\/\/puyapeptide.net\/product\/argireline-argreline-acetate-cas-616204-22-9-para-eliminar-arrugas-alrededor-de-la-frente-o-los-ojos\/"},"modified":"2021-12-16T07:18:06","modified_gmt":"2021-12-16T12:18:06","slug":"argireline-argreline-acetate-cas-616204-22-9-para-eliminar-arrugas-alrededor-de-la-frente-o-los-ojos","status":"publish","type":"product","link":"https:\/\/puyapeptide.net\/es\/product\/argireline-argreline-acetate-cas-616204-22-9-para-eliminar-arrugas-alrededor-de-la-frente-o-los-ojos\/","title":{"rendered":"Argireline \/ Argreline Acetate CAS 616204-22-9 para eliminar arrugas alrededor de la frente o los ojos"},"content":{"rendered":"<h2><strong>Argireline \/ Argreline Acetate CAS 616204-22-9 para eliminar arrugas alrededor de la frente o los ojos<\/strong><\/h2>\n<p> Nombre del producto: Argireline<br \/>\n Secuencia: N-acetil-Glu-Glu-Met-Gln-Arg-Arg-NH 2.<br \/>\n Sin\u00f3nimos: Ac-Glu-Glu-Met-Glu-Arg-Arg- NH2; N-Acetil-L-alfa-glutamil-L-alfa-glutamil-L-metionil-L-glutaminil-L-arginil-L-argininamida; Acetil hexap\u00e9ptido-3 \/ acetil hexap\u00e9ptido-8; Argireline, acetil hexap\u00e9ptido-3 , BR; Multi-p\u00e9ptidos antiarrugas; Reproage; Argireline; Acetato de argireline Ac-Glu-Glu-Met-Arg-Arg-NH2<br \/>\n CAS: 616204-22-9<br \/>\n MF: C34H60N14O12S<br \/>\n MW: 889<br \/>\n EINECS: 1592732-453-0<br \/>\n Categor\u00edas de productos: P\u00e9ptido<br \/>\n Mol Archivo: 616204-22-9.mol <\/p>\n<p> Argireline se compone de cadenas de amino\u00e1cidos. Estas cadenas pueden afectar el funcionamiento de nuestras c\u00e9lulas, por ejemplo, relajar los m\u00fasculos de la cara. Se deriva del p\u00e9ptido Acetil hexap\u00e9ptido-3, un sustrato de la toxina botul\u00ednica, o m\u00e1s com\u00fanmente conocido como Botox. <\/p>\n<p> Argirelin Acetate, tambi\u00e9n conocido como botulinum, es un oligop\u00e9ptido que imita el N-terminal 6 amino \u00e1cidos de la prote\u00edna SNAP-25. Acirelin es una de las materias primas m\u00e1s utilizadas para los cosm\u00e9ticos de alta gama. Su principal efecto es reducir las arrugas provocadas por la contracci\u00f3n de los m\u00fasculos de expresi\u00f3n facial, y tiene un efecto ideal sobre las arrugas de la frente o alrededor de los ojos. Acirelin es un sustituto de la toxina de Chemicalbook de la carne m\u00e1s seguro, m\u00e1s barato y m\u00e1s suave. Akirelin compite por el sitio de SNAP-25 en el complejo de ves\u00edculas, lo que afecta la formaci\u00f3n del complejo de ves\u00edculas, lo que resulta en la incapacidad de las ves\u00edculas para liberar neurotransmisores de manera efectiva y debilitar la contracci\u00f3n muscular, lo que relaja los m\u00fasculos y alivia las l\u00edneas finas. Puede dejar la piel clara e impecable, y tambi\u00e9n puede promover la regeneraci\u00f3n celular para restaurar la suavidad y elasticidad de la piel. Por lo tanto, es ampliamente utilizado en la preparaci\u00f3n de cosm\u00e9ticos y productos para la salud. <\/p>\n<p> <strong>Argireline \/ Argreline Acetate CAS 616204-22-9 Propiedades qu\u00edmicas<\/strong><br \/>\n densidad 1,54<br \/>\n temp. De almacenamiento. -20 \u00b0 C<br \/>\n forma s\u00f3lida liofilizada<br \/>\n pka 4,43 \u00b1 0,10 (Previsto)<br \/>\n color blanco<br \/>\n InChIKey RJZNPROJTJSYLC-LLINQDLYSA-N <\/p>\n<p> <strong>Funci\u00f3n de Argireline \/ Argreline Acetate CAS 616204-22 -9<\/strong> <\/p>\n<p> 1.Reduce las arrugas causadas por la contracci\u00f3n de los m\u00fasculos de expresi\u00f3n facial. Tiene el efecto ideal de eliminar las arrugas en la frente o alrededor de los ojos.<br \/>\n 2. Promueve la producci\u00f3n de col\u00e1geno, que ayuda a la piel a reconstruir los tejidos.<\/p>\n","protected":false},"excerpt":{"rendered":"<p>Nombre del producto: Argireline<br \/>\n CAS: 616204-22-9<br \/>\n MF: C34H60N14O12S<br \/>\n MW: 889<br \/>\n EINECS: 1592732-453-0<br \/>\n Mol Archivo: 616204-22-9.mol<\/p>\n","protected":false},"featured_media":2132,"comment_status":"open","ping_status":"closed","template":"","meta":{"om_disable_all_campaigns":false,"_monsterinsights_skip_tracking":false,"_monsterinsights_sitenote_active":false,"_monsterinsights_sitenote_note":"","_monsterinsights_sitenote_category":0,"site-sidebar-layout":"default","site-content-layout":"default","ast-site-content-layout":"default","site-content-style":"default","site-sidebar-style":"default","ast-global-header-display":"","ast-banner-title-visibility":"","ast-main-header-display":"","ast-hfb-above-header-display":"","ast-hfb-below-header-display":"","ast-hfb-mobile-header-display":"","site-post-title":"","ast-breadcrumbs-content":"","ast-featured-img":"","footer-sml-layout":"","ast-disable-related-posts":"","theme-transparent-header-meta":"default","adv-header-id-meta":"","stick-header-meta":"","header-above-stick-meta":"","header-main-stick-meta":"","header-below-stick-meta":"","astra-migrate-meta-layouts":"default","ast-page-background-enabled":"default","ast-page-background-meta":{"desktop":{"background-color":"","background-image":"","background-repeat":"repeat","background-position":"center center","background-size":"auto","background-attachment":"scroll","background-type":"","background-media":"","overlay-type":"","overlay-color":"","overlay-opacity":"","overlay-gradient":""},"tablet":{"background-color":"","background-image":"","background-repeat":"repeat","background-position":"center center","background-size":"auto","background-attachment":"scroll","background-type":"","background-media":"","overlay-type":"","overlay-color":"","overlay-opacity":"","overlay-gradient":""},"mobile":{"background-color":"","background-image":"","background-repeat":"repeat","background-position":"center center","background-size":"auto","background-attachment":"scroll","background-type":"","background-media":"","overlay-type":"","overlay-color":"","overlay-opacity":"","overlay-gradient":""}},"ast-content-background-meta":{"desktop":{"background-color":"var(--ast-global-color-5)","background-image":"","background-repeat":"repeat","background-position":"center center","background-size":"auto","background-attachment":"scroll","background-type":"","background-media":"","overlay-type":"","overlay-color":"","overlay-opacity":"","overlay-gradient":""},"tablet":{"background-color":"var(--ast-global-color-5)","background-image":"","background-repeat":"repeat","background-position":"center center","background-size":"auto","background-attachment":"scroll","background-type":"","background-media":"","overlay-type":"","overlay-color":"","overlay-opacity":"","overlay-gradient":""},"mobile":{"background-color":"var(--ast-global-color-5)","background-image":"","background-repeat":"repeat","background-position":"center center","background-size":"auto","background-attachment":"scroll","background-type":"","background-media":"","overlay-type":"","overlay-color":"","overlay-opacity":"","overlay-gradient":""}}},"product_brand":[],"product_cat":[544],"product_tag":[2578],"class_list":{"0":"post-7236","1":"product","2":"type-product","3":"status-publish","4":"has-post-thumbnail","6":"product_cat-peptido-antiarrugas-y-antienvejecimiento","7":"product_tag-argireline-argreline-acetate-cas-616204-22-9-for-removing-wrinkles-around-the-forehead-or-eyes-es","8":"desktop-align-left","9":"tablet-align-left","10":"mobile-align-left","12":"first","13":"instock","14":"shipping-taxable","15":"product-type-simple"},"_links":{"self":[{"href":"https:\/\/puyapeptide.net\/es\/wp-json\/wp\/v2\/product\/7236","targetHints":{"allow":["GET"]}}],"collection":[{"href":"https:\/\/puyapeptide.net\/es\/wp-json\/wp\/v2\/product"}],"about":[{"href":"https:\/\/puyapeptide.net\/es\/wp-json\/wp\/v2\/types\/product"}],"replies":[{"embeddable":true,"href":"https:\/\/puyapeptide.net\/es\/wp-json\/wp\/v2\/comments?post=7236"}],"wp:featuredmedia":[{"embeddable":true,"href":"https:\/\/puyapeptide.net\/es\/wp-json\/wp\/v2\/media\/2132"}],"wp:attachment":[{"href":"https:\/\/puyapeptide.net\/es\/wp-json\/wp\/v2\/media?parent=7236"}],"wp:term":[{"taxonomy":"product_brand","embeddable":true,"href":"https:\/\/puyapeptide.net\/es\/wp-json\/wp\/v2\/product_brand?post=7236"},{"taxonomy":"product_cat","embeddable":true,"href":"https:\/\/puyapeptide.net\/es\/wp-json\/wp\/v2\/product_cat?post=7236"},{"taxonomy":"product_tag","embeddable":true,"href":"https:\/\/puyapeptide.net\/es\/wp-json\/wp\/v2\/product_tag?post=7236"}],"curies":[{"name":"wp","href":"https:\/\/api.w.org\/{rel}","templated":true}]}}