{"id":7244,"date":"2021-12-16T07:18:52","date_gmt":"2021-12-16T12:18:52","guid":{"rendered":"https:\/\/puyapeptide.net\/product\/poziotinib-ara290-cibinetide-cas-1208243-50-8-para-investigacion-de-laboratorio\/"},"modified":"2021-12-16T07:18:52","modified_gmt":"2021-12-16T12:18:52","slug":"poziotinib-ara290-cibinetide-cas-1208243-50-8-para-investigacion-de-laboratorio","status":"publish","type":"product","link":"https:\/\/puyapeptide.net\/es\/product\/poziotinib-ara290-cibinetide-cas-1208243-50-8-para-investigacion-de-laboratorio\/","title":{"rendered":"Poziotinib \/ ARA290 \/ Cibinetide CAS 1208243-50-8 para investigaci\u00f3n de laboratorio"},"content":{"rendered":"<h2><strong>Poziotinib \/ ARA290 \/ Cibinetide CAS 1208243-50-8 para investigaci\u00f3n de laboratorio<\/strong><\/h2>\n<p> Nombre del producto: Poziotinib<br \/>\n Secuencia: Pyr-Glu-Gln-Leu-Glu-Arg-Ala-Leu-Asn-Ser-Ser-OH<br \/>\n Sin\u00f3nimos: ARA-290 (Cibinetide); ARA290,&gt; 98%; ARA290, Cibinetide,&gt; 98%; ARA290; WZTIQQBMSJTRBR-MUZUOSMHSA-N; ara290 \/ Poziotinib; L-Serina, 5-oxo-L-prolil-L-\u03b1-glutamil-L-glutaminil-L-leucil-L -\u03b1-glutamil-L-arginil-L-alanil-L-leucil-L-asparaginil-L-seril-; acetato de ARA-290 (cibinetida)<br \/>\n CAS: 1208243-50-8<br \/>\n MF: C51H84N16O21 &lt; &amp;&gt; MW: 1257.31<br \/>\n EINECS:<br \/>\n Categor\u00edas de productos:<br \/>\n Mol Archivo: 1208243-50-8.mol <\/p>\n<p> ARA290 es un p\u00e9ptido que consta de 11 amino\u00e1cidos, de los cuales el N- terminal es \u00e1cido piroglut\u00e1mico. ARA290 es un derivado de EPO, un agonista de eritropoyetina \/ heteroreceptor CD131, y se usa com\u00fanmente en ensayos cl\u00ednicos para el tratamiento de enfermedades neurol\u00f3gicas. <\/p>\n<p> <strong>Poziotinib \/ ARA290 \/ Cibinetide CAS 1208243-50-8 Propiedades qu\u00edmicas<\/strong><br \/>\n densidad 1.56 \u00b1 0.1 g \/ cm3 (Previsto)<br \/>\n pka 2.90 \u00b1 0.10 (Previsto) <\/p>\n<p> <strong>Funci\u00f3n y aplicaci\u00f3n de Poziotinib \/ ARA290 \/ Cibinetide CAS 1208243-50-8<\/strong><br \/>\n Cibinetide es un p\u00e9ptido sint\u00e9tico de primera clase dise\u00f1ado para activar mecanismos de reparaci\u00f3n innatos en el contexto de una lesi\u00f3n tisular como resultado de la cascada inflamatoria. Se une selectivamente al receptor de reparaci\u00f3n innato (IRR) que activa las v\u00edas de se\u00f1alizaci\u00f3n protectora, reparadora y antiinflamatoria de los tejidos.<\/p>\n","protected":false},"excerpt":{"rendered":"<p>Nombre del producto: Poziotinib<br \/>\n CAS: 1208243-50-8<br \/>\n MF: C51H84N16O21<br \/>\n MW: 1257.31<br \/>\n Mol Archivo: 1208243-50-8.mol<\/p>\n","protected":false},"featured_media":2111,"comment_status":"open","ping_status":"closed","template":"","meta":{"om_disable_all_campaigns":false,"_monsterinsights_skip_tracking":false,"_monsterinsights_sitenote_active":false,"_monsterinsights_sitenote_note":"","_monsterinsights_sitenote_category":0,"site-sidebar-layout":"default","site-content-layout":"default","ast-site-content-layout":"default","site-content-style":"default","site-sidebar-style":"default","ast-global-header-display":"","ast-banner-title-visibility":"","ast-main-header-display":"","ast-hfb-above-header-display":"","ast-hfb-below-header-display":"","ast-hfb-mobile-header-display":"","site-post-title":"","ast-breadcrumbs-content":"","ast-featured-img":"","footer-sml-layout":"","ast-disable-related-posts":"","theme-transparent-header-meta":"default","adv-header-id-meta":"","stick-header-meta":"","header-above-stick-meta":"","header-main-stick-meta":"","header-below-stick-meta":"","astra-migrate-meta-layouts":"default","ast-page-background-enabled":"default","ast-page-background-meta":{"desktop":{"background-color":"","background-image":"","background-repeat":"repeat","background-position":"center center","background-size":"auto","background-attachment":"scroll","background-type":"","background-media":"","overlay-type":"","overlay-color":"","overlay-opacity":"","overlay-gradient":""},"tablet":{"background-color":"","background-image":"","background-repeat":"repeat","background-position":"center center","background-size":"auto","background-attachment":"scroll","background-type":"","background-media":"","overlay-type":"","overlay-color":"","overlay-opacity":"","overlay-gradient":""},"mobile":{"background-color":"","background-image":"","background-repeat":"repeat","background-position":"center center","background-size":"auto","background-attachment":"scroll","background-type":"","background-media":"","overlay-type":"","overlay-color":"","overlay-opacity":"","overlay-gradient":""}},"ast-content-background-meta":{"desktop":{"background-color":"var(--ast-global-color-5)","background-image":"","background-repeat":"repeat","background-position":"center center","background-size":"auto","background-attachment":"scroll","background-type":"","background-media":"","overlay-type":"","overlay-color":"","overlay-opacity":"","overlay-gradient":""},"tablet":{"background-color":"var(--ast-global-color-5)","background-image":"","background-repeat":"repeat","background-position":"center center","background-size":"auto","background-attachment":"scroll","background-type":"","background-media":"","overlay-type":"","overlay-color":"","overlay-opacity":"","overlay-gradient":""},"mobile":{"background-color":"var(--ast-global-color-5)","background-image":"","background-repeat":"repeat","background-position":"center center","background-size":"auto","background-attachment":"scroll","background-type":"","background-media":"","overlay-type":"","overlay-color":"","overlay-opacity":"","overlay-gradient":""}}},"product_brand":[],"product_cat":[523],"product_tag":[2518],"class_list":{"0":"post-7244","1":"product","2":"type-product","3":"status-publish","4":"has-post-thumbnail","6":"product_cat-otros-peptidos","7":"product_tag-poziotinib-ara290-cibinetide-cas-1208243-50-8-for-lab-research-es","8":"desktop-align-left","9":"tablet-align-left","10":"mobile-align-left","12":"first","13":"instock","14":"shipping-taxable","15":"product-type-simple"},"_links":{"self":[{"href":"https:\/\/puyapeptide.net\/es\/wp-json\/wp\/v2\/product\/7244","targetHints":{"allow":["GET"]}}],"collection":[{"href":"https:\/\/puyapeptide.net\/es\/wp-json\/wp\/v2\/product"}],"about":[{"href":"https:\/\/puyapeptide.net\/es\/wp-json\/wp\/v2\/types\/product"}],"replies":[{"embeddable":true,"href":"https:\/\/puyapeptide.net\/es\/wp-json\/wp\/v2\/comments?post=7244"}],"wp:featuredmedia":[{"embeddable":true,"href":"https:\/\/puyapeptide.net\/es\/wp-json\/wp\/v2\/media\/2111"}],"wp:attachment":[{"href":"https:\/\/puyapeptide.net\/es\/wp-json\/wp\/v2\/media?parent=7244"}],"wp:term":[{"taxonomy":"product_brand","embeddable":true,"href":"https:\/\/puyapeptide.net\/es\/wp-json\/wp\/v2\/product_brand?post=7244"},{"taxonomy":"product_cat","embeddable":true,"href":"https:\/\/puyapeptide.net\/es\/wp-json\/wp\/v2\/product_cat?post=7244"},{"taxonomy":"product_tag","embeddable":true,"href":"https:\/\/puyapeptide.net\/es\/wp-json\/wp\/v2\/product_tag?post=7244"}],"curies":[{"name":"wp","href":"https:\/\/api.w.org\/{rel}","templated":true}]}}