{"id":7306,"date":"2021-12-16T07:21:44","date_gmt":"2021-12-16T12:21:44","guid":{"rendered":"https:\/\/puyapeptide.net\/product\/carperitide-acetate-anp-1-28-human-cas-89213-87-6-para-el-tratamiento-de-la-insuficiencia-cardiaca-congestiva\/"},"modified":"2021-12-16T07:21:44","modified_gmt":"2021-12-16T12:21:44","slug":"carperitide-acetate-anp-1-28-human-cas-89213-87-6-para-el-tratamiento-de-la-insuficiencia-cardiaca-congestiva","status":"publish","type":"product","link":"https:\/\/puyapeptide.net\/es\/product\/carperitide-acetate-anp-1-28-human-cas-89213-87-6-para-el-tratamiento-de-la-insuficiencia-cardiaca-congestiva\/","title":{"rendered":"Carperitide Acetate \/ ANP 1-28, HUMAN CAS 89213-87-6 Para el tratamiento de la insuficiencia card\u00edaca congestiva"},"content":{"rendered":"<h2><strong>Carperitide Acetate \/ ANP 1-28, HUMAN CAS 89213-87-6 Para el tratamiento de la insuficiencia card\u00edaca congestiva<\/strong><\/h2>\n<p> Nombre del producto: Carperitide Acetate \/ ANP 1-28, HUMAN<br \/>\n Sequence: H-Ser-Leu-Arg-Arg-Ser-Ser-Cys-Phe-Gly-Gly-Arg-Met-Asp-Arg- Ile-Gly-Ala-Gln-Ser-Gly-Leu-Gly-Cys-Asn-Ser-Phe-Arg-Tyr-OH \uff0c (Puente disulfuro: Cys-Cys)<br \/>\n Sin\u00f3nimos: ATRIAL NATRIURETIC PEPTIDE HUMAN; SER- LEU-ARG-ARG-SER-SER-CYS-PHE-GLY-GLY-ARG-MET: O-ASP-ARG-ILE-GLY-ALA-GLN-SER-GLY-LEU-GLY-CYS-ASN-SER- PHE-ARG-TYR [SLRRSSCFGGR-MET: O-DRIGAQSGLGCNSFRY] PUENTE DE DISULFURO CYS7-CYS23.; Acetato de carperitida, carperitida; P\u00e9ptido natriur\u00e9tico auricular (1-28) (humano) (sal de trifluoroacetato); ahANF-Carperitida; H Leu-Arg-Arg-Ser-Ser-Cys-Phe-Gly-Gly-Arg-Met-Asp-Arg-Ile-Gly-Ala-Gln-Ser-Gly-Leu-Gly-Cys-Asn-Ser-Phe- Arg-Tyr-OH; P\u00e9ptido natriur\u00e9tico auricular-28 (humano) (9CI); Factor natriur\u00e9tico auricular (1-28) (humano) \u03b1hANF, Carperitida<br \/>\n CAS: 89213-87-6<br \/>\n MF: C127H203N45O39S3<br \/>\n MW: 3080.44<br \/>\n EINECS: 686-482-9<br \/>\n Categor\u00edas de productos: p\u00e9ptido<br \/>\n Mol Archivo: 89213-87-6.mol <\/p>\n<p> Carperitide es un polip\u00e9ptido de 28 amino\u00e1cidos con un secundario estable estructura y es un cir hormona reguladora que act\u00faa como vasodilatador y diur\u00e9tico. En la pr\u00e1ctica cl\u00ednica, la vasodilataci\u00f3n inducida por la carperitida como ingrediente principal se debe a la uni\u00f3n a los receptores de ANP (polip\u00e9ptido natriur\u00e9tico auricular) en el m\u00fasculo liso vascular, que se logra aumentando la actividad de la guanilato ciclasa, lo que sugiere una reducci\u00f3n de la pre y poscarga card\u00edaca. <\/p>\n<p> Carperitide es el p\u00e9ptido natriur\u00e9tico auricular \u03b1-humano (\u03b1-hANP) producido por tecnolog\u00eda recombinante. Se introdujo en Jap\u00f3n como tratamiento para la insuficiencia card\u00edaca congestiva aguda (ICC). En perros con ICC, la carperitida redujo significativamente la presi\u00f3n telediast\u00f3lica ventricular izquierda elevada y el \u00edndice de consumo de ox\u00edgeno del miocardio (presi\u00f3n arterial sist\u00f3lica x frecuencia card\u00edaca). En un ensayo cl\u00ednico, la carperitida fue eficaz para mejorar la hemodin\u00e1mica y los s\u00edntomas en el 60% de los pacientes con ICC aguda. Se inform\u00f3 que la carperitida se tolera bien sin efectos adversos significativos cl\u00ednicamente. Se ha informado de un efecto beneficioso sobre la hemodin\u00e1mica en pacientes con insuficiencia card\u00edaca cr\u00f3nica. La carperitida tambi\u00e9n se encuentra en ensayos cl\u00ednicos para el mantenimiento de la presi\u00f3n arterial durante las operaciones quir\u00fargicas. <\/p>\n<p> <strong>Aplicaci\u00f3n<\/strong><br \/>\n Tratamiento de la insuficiencia card\u00edaca congestiva descompensada.<\/p>\n","protected":false},"excerpt":{"rendered":"<p>Nombre del producto: Acetato de carperitida \/ ANP 1-28, HUMAN<br \/>\n CAS: 89213-87-6<br \/>\n MF: C127H203N45O39S3<br \/>\n MW: 3080.44<br \/>\n EINECS: 686-482-9<br \/>\n Mol Archivo: 89213-87-6.mol<\/p>\n","protected":false},"featured_media":2300,"comment_status":"open","ping_status":"closed","template":"","meta":{"om_disable_all_campaigns":false,"_monsterinsights_skip_tracking":false,"_monsterinsights_sitenote_active":false,"_monsterinsights_sitenote_note":"","_monsterinsights_sitenote_category":0,"site-sidebar-layout":"default","site-content-layout":"default","ast-site-content-layout":"default","site-content-style":"default","site-sidebar-style":"default","ast-global-header-display":"","ast-banner-title-visibility":"","ast-main-header-display":"","ast-hfb-above-header-display":"","ast-hfb-below-header-display":"","ast-hfb-mobile-header-display":"","site-post-title":"","ast-breadcrumbs-content":"","ast-featured-img":"","footer-sml-layout":"","ast-disable-related-posts":"","theme-transparent-header-meta":"default","adv-header-id-meta":"","stick-header-meta":"","header-above-stick-meta":"","header-main-stick-meta":"","header-below-stick-meta":"","astra-migrate-meta-layouts":"default","ast-page-background-enabled":"default","ast-page-background-meta":{"desktop":{"background-color":"","background-image":"","background-repeat":"repeat","background-position":"center center","background-size":"auto","background-attachment":"scroll","background-type":"","background-media":"","overlay-type":"","overlay-color":"","overlay-opacity":"","overlay-gradient":""},"tablet":{"background-color":"","background-image":"","background-repeat":"repeat","background-position":"center center","background-size":"auto","background-attachment":"scroll","background-type":"","background-media":"","overlay-type":"","overlay-color":"","overlay-opacity":"","overlay-gradient":""},"mobile":{"background-color":"","background-image":"","background-repeat":"repeat","background-position":"center center","background-size":"auto","background-attachment":"scroll","background-type":"","background-media":"","overlay-type":"","overlay-color":"","overlay-opacity":"","overlay-gradient":""}},"ast-content-background-meta":{"desktop":{"background-color":"var(--ast-global-color-5)","background-image":"","background-repeat":"repeat","background-position":"center center","background-size":"auto","background-attachment":"scroll","background-type":"","background-media":"","overlay-type":"","overlay-color":"","overlay-opacity":"","overlay-gradient":""},"tablet":{"background-color":"var(--ast-global-color-5)","background-image":"","background-repeat":"repeat","background-position":"center center","background-size":"auto","background-attachment":"scroll","background-type":"","background-media":"","overlay-type":"","overlay-color":"","overlay-opacity":"","overlay-gradient":""},"mobile":{"background-color":"var(--ast-global-color-5)","background-image":"","background-repeat":"repeat","background-position":"center center","background-size":"auto","background-attachment":"scroll","background-type":"","background-media":"","overlay-type":"","overlay-color":"","overlay-opacity":"","overlay-gradient":""}}},"product_brand":[],"product_cat":[504],"product_tag":[2462,2484],"class_list":{"0":"post-7306","1":"product","2":"type-product","3":"status-publish","4":"has-post-thumbnail","6":"product_cat-peptido-del-sistema-cardiovascular","7":"product_tag-carperitide-acetate-anp-1-28-es","8":"product_tag-human-cas-89213-87-6-for-treatment-of-congestive-heart-failure-es","9":"desktop-align-left","10":"tablet-align-left","11":"mobile-align-left","13":"first","14":"instock","15":"shipping-taxable","16":"product-type-simple"},"_links":{"self":[{"href":"https:\/\/puyapeptide.net\/es\/wp-json\/wp\/v2\/product\/7306","targetHints":{"allow":["GET"]}}],"collection":[{"href":"https:\/\/puyapeptide.net\/es\/wp-json\/wp\/v2\/product"}],"about":[{"href":"https:\/\/puyapeptide.net\/es\/wp-json\/wp\/v2\/types\/product"}],"replies":[{"embeddable":true,"href":"https:\/\/puyapeptide.net\/es\/wp-json\/wp\/v2\/comments?post=7306"}],"wp:featuredmedia":[{"embeddable":true,"href":"https:\/\/puyapeptide.net\/es\/wp-json\/wp\/v2\/media\/2300"}],"wp:attachment":[{"href":"https:\/\/puyapeptide.net\/es\/wp-json\/wp\/v2\/media?parent=7306"}],"wp:term":[{"taxonomy":"product_brand","embeddable":true,"href":"https:\/\/puyapeptide.net\/es\/wp-json\/wp\/v2\/product_brand?post=7306"},{"taxonomy":"product_cat","embeddable":true,"href":"https:\/\/puyapeptide.net\/es\/wp-json\/wp\/v2\/product_cat?post=7306"},{"taxonomy":"product_tag","embeddable":true,"href":"https:\/\/puyapeptide.net\/es\/wp-json\/wp\/v2\/product_tag?post=7306"}],"curies":[{"name":"wp","href":"https:\/\/api.w.org\/{rel}","templated":true}]}}