{"id":7447,"date":"2021-12-16T08:00:30","date_gmt":"2021-12-16T13:00:30","guid":{"rendered":"https:\/\/puyapeptide.net\/product\/tratamiento-del-acetato-de-lanreotide-cas-127984-74-1-para-la-acromegalia-y-los-tumores-neuroendocrinos-sintomaticos\/"},"modified":"2021-12-16T08:00:30","modified_gmt":"2021-12-16T13:00:30","slug":"tratamiento-del-acetato-de-lanreotide-cas-127984-74-1-para-la-acromegalia-y-los-tumores-neuroendocrinos-sintomaticos","status":"publish","type":"product","link":"https:\/\/puyapeptide.net\/es\/product\/tratamiento-del-acetato-de-lanreotide-cas-127984-74-1-para-la-acromegalia-y-los-tumores-neuroendocrinos-sintomaticos\/","title":{"rendered":"Tratamiento del acetato de lanreotide CAS 127984-74-1 para la acromegalia y los tumores neuroendocrinos sintom\u00e1ticos"},"content":{"rendered":"<h2><strong>Tratamiento del acetato de lanreotide CAS 127984-74-1 para la acromegalia y los tumores neuroendocrinos sintom\u00e1ticos<\/strong><\/h2>\n<p> Nombre del producto: Acetato de lanreotida<br \/>\n Sin\u00f3nimos: 10- (4-aminobutil) -19 &#8211; [(2-amino-3-naftalen-2-il-propanoil) amino] -N- (1 -carbamoil-2 -hidroxi-propil) -16 &#8211; [(4-hidroxifenil) metil] -13- (1H-indol -3-ilmetil) -6,9,12,15,18-pentaoxo-7-propan-2-il-1 , 2-ditia-5,8,11,14, 17-pentazacicloicosano-4-carboxamida; Somatulina; ACETATO DE LANREOTIDA; 3- (2-Naftalenil) -D-alanil-L-cisteinil-L-tirosil-D-triptofil- Acetato de disulfuro (2 \u2192 7) c\u00edclico de L-lisil-L-valil-L-cisteinil-L-treoninamida; Acetato de angiopeptina; 10- (4-aminobutil) -N- (1-amino-3-hidroxi-1-oxobutano -2-il) -19 &#8211; [(2-amino-3-naftalen-2-ilpropanoil) amino] -16 &#8211; [(4-hidroxifenil) metil] -13- (1H-indol-3-ilmetil) -6, 9,12,15,18-pentaoxo-7-propan-2-il-1,2-ditia-5,8,11,14,17-pentazacicloicosano-4-carboxamida; Acetato de lanreotida USP \/ EP \/ BP<br \/>\n CAS: 127984-74-1<br \/>\n MF: C54H69N11O10S2<br \/>\n MW: 0<br \/>\n EINECS:<br \/>\n Categor\u00edas de productos: Amino\u00e1cidos y derivados, productos farmac\u00e9uticos, intermedios y derivados<br \/>\n Archivo Mol: 127984-74- 1.mol <\/p>\n<p> acetato de lanreotida, una somatostatina octap\u00e9ptida an\u00e1logo, alcanz\u00f3 su primer mercado mundial en Francia para la acromegalia cuando la cirug\u00eda o la radioterapia no lograron restaurar la secreci\u00f3n normal de la hormona del crecimiento. Lanreotida es un inhibidor selectivo de la hormona del crecimiento y reduce la secreci\u00f3n de hormona del crecimiento, tirotropina, motilina y polip\u00e9ptido pancre\u00e1tico en humanos. Lanreotida tiene propiedades antiproliferativas y, seg\u00fan se informa, se encuentra en ensayos cl\u00ednicos para la prevenci\u00f3n de la reestenosis despu\u00e9s de una angioplastia de arteria coronaria, para la retinopat\u00eda diab\u00e9tica y como tratamiento para la psoriasis. Tambi\u00e9n se ha demostrado su potencial para tumores neuroendocrinos y c\u00e1ncer de pr\u00f3stata sensible a hormonas. <\/p>\n<p> <strong>Acetato de lanreotida CAS 127984-74-1 Propiedades qu\u00edmicas<\/strong><br \/>\n temp. De almacenamiento. -20 \u00b0 C<br \/>\n forma polvo<br \/>\n color blanco a blanquecino <\/p>\n<p> <strong>Funci\u00f3n y aplicaci\u00f3n de acetato de lanreotida CAS 127984-74-1<br \/>\n Acetato de lanreotida<\/strong> , como inhibidores naturales del crecimiento, la lanreotida es un inhibidor pept\u00eddico de muchas funciones endocrinas, neuroendocrinas, exocrinas y paracrinas. Lanreotide es m\u00e1s activo y tiene una duraci\u00f3n de acci\u00f3n m\u00e1s prolongada que los inhibidores naturales del crecimiento. Su efecto inhibidor sobre la secreci\u00f3n de la hormona del crecimiento es significativamente m\u00e1s selectivo que el de la secreci\u00f3n de insulina, y en 2017 la FDA aprob\u00f3 el acetato de lanreotida para inyecci\u00f3n para el tratamiento de tumores neuroendocrinos.<\/p>\n","protected":false},"excerpt":{"rendered":"<p>Nombre del producto: Acetato de lanreotida<br \/>\n CAS: 127984-74-1<br \/>\n MF: C54H69N11O10S2<br \/>\n Mol Archivo: 127984-74-1.mol<\/p>\n","protected":false},"featured_media":2111,"comment_status":"open","ping_status":"closed","template":"","meta":{"om_disable_all_campaigns":false,"_monsterinsights_skip_tracking":false,"_monsterinsights_sitenote_active":false,"_monsterinsights_sitenote_note":"","_monsterinsights_sitenote_category":0,"site-sidebar-layout":"default","site-content-layout":"default","ast-site-content-layout":"default","site-content-style":"default","site-sidebar-style":"default","ast-global-header-display":"","ast-banner-title-visibility":"","ast-main-header-display":"","ast-hfb-above-header-display":"","ast-hfb-below-header-display":"","ast-hfb-mobile-header-display":"","site-post-title":"","ast-breadcrumbs-content":"","ast-featured-img":"","footer-sml-layout":"","ast-disable-related-posts":"","theme-transparent-header-meta":"default","adv-header-id-meta":"","stick-header-meta":"","header-above-stick-meta":"","header-main-stick-meta":"","header-below-stick-meta":"","astra-migrate-meta-layouts":"default","ast-page-background-enabled":"default","ast-page-background-meta":{"desktop":{"background-color":"","background-image":"","background-repeat":"repeat","background-position":"center center","background-size":"auto","background-attachment":"scroll","background-type":"","background-media":"","overlay-type":"","overlay-color":"","overlay-opacity":"","overlay-gradient":""},"tablet":{"background-color":"","background-image":"","background-repeat":"repeat","background-position":"center center","background-size":"auto","background-attachment":"scroll","background-type":"","background-media":"","overlay-type":"","overlay-color":"","overlay-opacity":"","overlay-gradient":""},"mobile":{"background-color":"","background-image":"","background-repeat":"repeat","background-position":"center center","background-size":"auto","background-attachment":"scroll","background-type":"","background-media":"","overlay-type":"","overlay-color":"","overlay-opacity":"","overlay-gradient":""}},"ast-content-background-meta":{"desktop":{"background-color":"var(--ast-global-color-5)","background-image":"","background-repeat":"repeat","background-position":"center center","background-size":"auto","background-attachment":"scroll","background-type":"","background-media":"","overlay-type":"","overlay-color":"","overlay-opacity":"","overlay-gradient":""},"tablet":{"background-color":"var(--ast-global-color-5)","background-image":"","background-repeat":"repeat","background-position":"center center","background-size":"auto","background-attachment":"scroll","background-type":"","background-media":"","overlay-type":"","overlay-color":"","overlay-opacity":"","overlay-gradient":""},"mobile":{"background-color":"var(--ast-global-color-5)","background-image":"","background-repeat":"repeat","background-position":"center center","background-size":"auto","background-attachment":"scroll","background-type":"","background-media":"","overlay-type":"","overlay-color":"","overlay-opacity":"","overlay-gradient":""}}},"product_brand":[],"product_cat":[],"product_tag":[2299],"class_list":{"0":"post-7447","1":"product","2":"type-product","3":"status-publish","4":"has-post-thumbnail","6":"product_tag-lanreotide-acetate-cas-127984-74-1-treat-for-acromegaly-and-symptomatic-neuroendocrine-tumors-es","7":"desktop-align-left","8":"tablet-align-left","9":"mobile-align-left","11":"first","12":"instock","13":"shipping-taxable","14":"product-type-simple"},"_links":{"self":[{"href":"https:\/\/puyapeptide.net\/es\/wp-json\/wp\/v2\/product\/7447","targetHints":{"allow":["GET"]}}],"collection":[{"href":"https:\/\/puyapeptide.net\/es\/wp-json\/wp\/v2\/product"}],"about":[{"href":"https:\/\/puyapeptide.net\/es\/wp-json\/wp\/v2\/types\/product"}],"replies":[{"embeddable":true,"href":"https:\/\/puyapeptide.net\/es\/wp-json\/wp\/v2\/comments?post=7447"}],"wp:featuredmedia":[{"embeddable":true,"href":"https:\/\/puyapeptide.net\/es\/wp-json\/wp\/v2\/media\/2111"}],"wp:attachment":[{"href":"https:\/\/puyapeptide.net\/es\/wp-json\/wp\/v2\/media?parent=7447"}],"wp:term":[{"taxonomy":"product_brand","embeddable":true,"href":"https:\/\/puyapeptide.net\/es\/wp-json\/wp\/v2\/product_brand?post=7447"},{"taxonomy":"product_cat","embeddable":true,"href":"https:\/\/puyapeptide.net\/es\/wp-json\/wp\/v2\/product_cat?post=7447"},{"taxonomy":"product_tag","embeddable":true,"href":"https:\/\/puyapeptide.net\/es\/wp-json\/wp\/v2\/product_tag?post=7447"}],"curies":[{"name":"wp","href":"https:\/\/api.w.org\/{rel}","templated":true}]}}