{"id":7464,"date":"2021-12-16T08:01:31","date_gmt":"2021-12-16T13:01:31","guid":{"rendered":"https:\/\/puyapeptide.net\/product\/kisspeptin-10-kisspeptin-10-cas-374675-21-5-es-un-inhibidor-de-la-angiogenesis-y-vasoconstrictor-eficaz\/"},"modified":"2024-09-26T16:53:58","modified_gmt":"2024-09-26T20:53:58","slug":"kisspeptin-10-kisspeptin-10-cas-374675-21-5-es-un-inhibidor-de-la-angiogenesis-y-vasoconstrictor-eficaz","status":"publish","type":"product","link":"https:\/\/puyapeptide.net\/es\/product\/kisspeptin-10-kisspeptin-10-cas-374675-21-5-es-un-inhibidor-de-la-angiogenesis-y-vasoconstrictor-eficaz\/","title":{"rendered":"Kisspeptin 10 \/ KISSPEPTIN-10 CAS 374675-21-5 es un inhibidor de la angiog\u00e9nesis y vasoconstrictor eficaz"},"content":{"rendered":"<h2><strong>Kisspeptin 10 \/ KISSPEPTIN-10 CAS 374675-21-5 es un inhibidor de la angiog\u00e9nesis y vasoconstrictor eficaz<\/strong><\/h2>\n<p> Nombre del producto: KISSPEPTIN-10<br \/>\n Sin\u00f3nimos: MELANOMA MALIGNO METASTASIS-SUPRESOR KISS-1 (112-121) (HUMAN); METASTINA (HUMAN, 45-54); METASTINA (45-54); METASTINA (45 -54) AMIDA, HUMANA; METASTINA (45-54), HUMANA; KISSPEPTIN-13 (4-13) (HUMAN); PRODUCTO DEL GEN KISS-1 (HUMAN, 112-121 AMIDA); TYR-ASN-TRP-ASN- SER-PHE-GLY-LEU-ARG-PHE-NH2<br \/>\n CAS: 374675-21-5<br \/>\n MF: C63H83N17O14<br \/>\n MW: 1302.44<br \/>\n EINECS:<br \/>\n Categor\u00edas de productos: Receptores de p\u00e9ptidos &lt;&amp; &gt; Archivo Mol: 374675-21-5.mol <\/p>\n<p> Kisspeptin-10, humano es un potente inhibidor de la angiog\u00e9nesis y vasoconstrictor. kisspeptin-10, humano inhibe la met\u00e1stasis tumoral a trav\u00e9s de su receptor GPR54. el sistema kisspeptin-10-GPR54 juega un papel importante en el desarrollo del ri\u00f1\u00f3n embrionario. La se\u00f1alizaci\u00f3n de kisspeptin-10 \/ Kisspeptin-10 \/ GPR54 induce la diferenciaci\u00f3n de osteoblastos a trav\u00e9s de la expresi\u00f3n de BMP2 mediada por NFATc4. Los niveles de concentraci\u00f3n de Kisspeptin-10 ayudan a identificar la benignidad y malignidad de peque\u00f1as masas renales con SRM. <\/p>\n<p> <strong>Kisspeptin 10 \/ KISSPEPTIN-10 CAS 374675-21-5 Propiedades qu\u00edmicas<\/strong><br \/>\n densidad 1,46 \u00b1 0,1 g \/ cm3 (Previsto)<br \/>\n temperatura de almacenamiento -20 \u00b0 C<br \/>\n pka 9,96 \u00b1 0,15 (Previsto) <\/p>\n<p> <strong>Funci\u00f3n y aplicaci\u00f3n de Kisspeptin 10 \/ KISSPEPTIN-10 CAS 374675-21-5<\/strong><br \/>\n Kisspeptin-10 es un vasoconstrictor eficaz y un inhibidor de la angiog\u00e9nesis. Kisspeptin-10 inhibe la met\u00e1stasis tumoral a trav\u00e9s de su receptor GPR54. El sistema kisspeptin-10-GPR54 juega un papel importante en el desarrollo del ri\u00f1\u00f3n embrionario. La se\u00f1alizaci\u00f3n de kisspeptin-10 \/ GPR54 induce la diferenciaci\u00f3n de osteoblastos a trav\u00e9s de la expresi\u00f3n de BMP2 mediada por NFATC4.<\/p>\n","protected":false},"excerpt":{"rendered":"<p>Kisspeptin 10 \/ KISSPEPTIN-10 CAS 374675-21-5 es un inhibidor de la angiog\u00e9nesis y vasoconstrictor eficaz Nombre del producto: KISSPEPTIN-10 Sin\u00f3nimos: MELANOMA MALIGNO METASTASIS-SUPRESOR KISS-1 (112-121) (HUMAN); METASTINA (HUMAN, 45-54); METASTINA (45-54); METASTINA (45 -54) AMIDA, HUMANA; METASTINA (45-54), HUMANA; KISSPEPTIN-13 (4-13) (HUMAN); PRODUCTO DEL GEN KISS-1 (HUMAN, 112-121 AMIDA); TYR-ASN-TRP-ASN- SER-PHE-GLY-LEU-ARG-PHE-NH2 CAS: 374675-21-5 MF: C63H83N17O14 [&hellip;]<\/p>\n","protected":false},"featured_media":2111,"comment_status":"open","ping_status":"closed","template":"","meta":{"om_disable_all_campaigns":false,"_monsterinsights_skip_tracking":false,"_monsterinsights_sitenote_active":false,"_monsterinsights_sitenote_note":"","_monsterinsights_sitenote_category":0,"site-sidebar-layout":"default","site-content-layout":"default","ast-site-content-layout":"default","site-content-style":"default","site-sidebar-style":"default","ast-global-header-display":"","ast-banner-title-visibility":"","ast-main-header-display":"","ast-hfb-above-header-display":"","ast-hfb-below-header-display":"","ast-hfb-mobile-header-display":"","site-post-title":"","ast-breadcrumbs-content":"","ast-featured-img":"","footer-sml-layout":"","ast-disable-related-posts":"","theme-transparent-header-meta":"default","adv-header-id-meta":"","stick-header-meta":"","header-above-stick-meta":"","header-main-stick-meta":"","header-below-stick-meta":"","astra-migrate-meta-layouts":"default","ast-page-background-enabled":"default","ast-page-background-meta":{"desktop":{"background-color":"","background-image":"","background-repeat":"repeat","background-position":"center center","background-size":"auto","background-attachment":"scroll","background-type":"","background-media":"","overlay-type":"","overlay-color":"","overlay-opacity":"","overlay-gradient":""},"tablet":{"background-color":"","background-image":"","background-repeat":"repeat","background-position":"center center","background-size":"auto","background-attachment":"scroll","background-type":"","background-media":"","overlay-type":"","overlay-color":"","overlay-opacity":"","overlay-gradient":""},"mobile":{"background-color":"","background-image":"","background-repeat":"repeat","background-position":"center center","background-size":"auto","background-attachment":"scroll","background-type":"","background-media":"","overlay-type":"","overlay-color":"","overlay-opacity":"","overlay-gradient":""}},"ast-content-background-meta":{"desktop":{"background-color":"var(--ast-global-color-5)","background-image":"","background-repeat":"repeat","background-position":"center center","background-size":"auto","background-attachment":"scroll","background-type":"","background-media":"","overlay-type":"","overlay-color":"","overlay-opacity":"","overlay-gradient":""},"tablet":{"background-color":"var(--ast-global-color-5)","background-image":"","background-repeat":"repeat","background-position":"center center","background-size":"auto","background-attachment":"scroll","background-type":"","background-media":"","overlay-type":"","overlay-color":"","overlay-opacity":"","overlay-gradient":""},"mobile":{"background-color":"var(--ast-global-color-5)","background-image":"","background-repeat":"repeat","background-position":"center center","background-size":"auto","background-attachment":"scroll","background-type":"","background-media":"","overlay-type":"","overlay-color":"","overlay-opacity":"","overlay-gradient":""}}},"product_brand":[],"product_cat":[414],"product_tag":[2337],"class_list":{"0":"post-7464","1":"product","2":"type-product","3":"status-publish","4":"has-post-thumbnail","6":"product_cat-peptido-sanguineo-y-vascular","7":"product_tag-kisspeptin-10-kisspeptin-10-cas-374675-21-5-is-an-effective-vasoconstrictor-and-angiogenesis-inhibitor-es","8":"desktop-align-left","9":"tablet-align-left","10":"mobile-align-left","12":"first","13":"instock","14":"shipping-taxable","15":"product-type-simple"},"_links":{"self":[{"href":"https:\/\/puyapeptide.net\/es\/wp-json\/wp\/v2\/product\/7464","targetHints":{"allow":["GET"]}}],"collection":[{"href":"https:\/\/puyapeptide.net\/es\/wp-json\/wp\/v2\/product"}],"about":[{"href":"https:\/\/puyapeptide.net\/es\/wp-json\/wp\/v2\/types\/product"}],"replies":[{"embeddable":true,"href":"https:\/\/puyapeptide.net\/es\/wp-json\/wp\/v2\/comments?post=7464"}],"wp:featuredmedia":[{"embeddable":true,"href":"https:\/\/puyapeptide.net\/es\/wp-json\/wp\/v2\/media\/2111"}],"wp:attachment":[{"href":"https:\/\/puyapeptide.net\/es\/wp-json\/wp\/v2\/media?parent=7464"}],"wp:term":[{"taxonomy":"product_brand","embeddable":true,"href":"https:\/\/puyapeptide.net\/es\/wp-json\/wp\/v2\/product_brand?post=7464"},{"taxonomy":"product_cat","embeddable":true,"href":"https:\/\/puyapeptide.net\/es\/wp-json\/wp\/v2\/product_cat?post=7464"},{"taxonomy":"product_tag","embeddable":true,"href":"https:\/\/puyapeptide.net\/es\/wp-json\/wp\/v2\/product_tag?post=7464"}],"curies":[{"name":"wp","href":"https:\/\/api.w.org\/{rel}","templated":true}]}}