{"id":7505,"date":"2021-12-16T08:03:30","date_gmt":"2021-12-16T13:03:30","guid":{"rendered":"https:\/\/puyapeptide.net\/product\/venta-caliente-albiglutide-cas-782500-75-8-convite-para-la-diabetes\/"},"modified":"2021-12-16T08:03:30","modified_gmt":"2021-12-16T13:03:30","slug":"venta-caliente-albiglutide-cas-782500-75-8-convite-para-la-diabetes","status":"publish","type":"product","link":"https:\/\/puyapeptide.net\/es\/product\/venta-caliente-albiglutide-cas-782500-75-8-convite-para-la-diabetes\/","title":{"rendered":"Venta caliente Albiglutide CAS 782500-75-8 convite para la diabetes"},"content":{"rendered":"<h2><strong>Venta caliente Albiglutide CAS 782500-75-8 convite para la diabetes<\/strong><\/h2>\n<p> Nombre del producto: Albiglutida<br \/>\n Secuencia: H-His-Gly-Glu-Gly-Thr-Phe-Thr-Ser-Asp-Val-Ser-Ser-Tyr-Leu-Glu-Gly-Gln-Ala- Ala-Lys-Glu-Phe-Ile-Ala-Trp-Leu-Val-Lys-Gly-Arg-OH<br \/>\n Sin\u00f3nimos: albiglutida; Albugon; Naliglutida; 7-36-P\u00e9ptido similar al glucag\u00f3n I (8-glicina) (humano), prote\u00edna de fusi\u00f3n con 7-36-p\u00e9ptido similar al glucag\u00f3n I (8-glicina) (humano) prote\u00edna de fusi\u00f3n con suero; Gsk 716155; Unii-5E7U48495e; 7-36-p\u00e9ptido similar al glucag\u00f3n I [8-glicina] ( huMan), prote\u00edna de fusi\u00f3n con 7-36-p\u00e9ptido similar al glucag\u00f3n I [8-glicina] (huMan) prote\u00edna de fusi\u00f3n con albuMin s\u00e9rica (huMan); Fragmento de albiglutida<br \/>\n CAS: 782500-75-8<br \/>\n MF: C148H223N39O46<br \/>\n MW: 3284.58792<br \/>\n EINECS:<br \/>\n Categor\u00edas de productos: GLP<br \/>\n Mol Archivo: 782500-75-8.mol <\/p>\n<p> La albiglutida est\u00e1 aprobada por la FDA para la diabetes mellitus (DM) tipo 2 y profilaxis para trastornos del sistema cardiovascular como resultado de la diabetes tipo 2. Su dosificaci\u00f3n implica una titulaci\u00f3n para reducir los s\u00edntomas gastrointestinales, como n\u00e1useas, diarrea y v\u00f3mitos: iniciar la inyecci\u00f3n subcut\u00e1nea diaria de 0,6 mg durante 1 semana; aumentar hasta la dosis de mantenimiento de 1,2 mg al d\u00eda; y aumente a 1.8 mg al d\u00eda, seg\u00fan sea necesario.<br \/>\n La liraglutida tambi\u00e9n est\u00e1 aprobada por la FDA como Saxenda para la obesidad con un \u00edndice de masa corporal de 30 kg \/ m2 <or 27kg\/m2 with the presence of at least 1 weight-related comorbid condition. Saxenda is initiated at 0.6 mg subcutaneous daily injection for 1 week, with weekly increments of 0.6 mg per day, until the maintenance dosage of 3 mg once daily is reached.3 If the patient misses a dose of liraglutide injection for more than 3 days, re-initiation at 0.6 mg is recommended to mitigate gastrointestinal (GI) symptoms. <strong>Funci\u00f3n y aplicaci\u00f3n de Albiglutide CAS 782500-75-8 <\/strong><br \/>\n El 15 de abril de 2014, la Administraci\u00f3n de Drogas y Alimentos de los EE. UU. (FDA) aprob\u00f3 oficialmente la comercializaci\u00f3n del medicamento para la diabetes Albiglutida. El f\u00e1rmaco es el segundo an\u00e1logo de GLP-1 de acci\u00f3n prolongada aprobado para agonizar el receptor de GLP-1 y promover la secreci\u00f3n de insulina para el tratamiento de la diabetes tipo 2.<\/p>\n","protected":false},"excerpt":{"rendered":"<p>Nombre del producto: Albiglutida<br \/>\n CAS: 782500-75-8<br \/>\n MF: C148H223N39O46<br \/>\n MW: 3284.58792<br \/>\n Mol Archivo: 782500-75-8.mol<\/p>\n","protected":false},"featured_media":2216,"comment_status":"open","ping_status":"closed","template":"","meta":{"om_disable_all_campaigns":false,"_monsterinsights_skip_tracking":false,"_monsterinsights_sitenote_active":false,"_monsterinsights_sitenote_note":"","_monsterinsights_sitenote_category":0,"site-sidebar-layout":"default","site-content-layout":"default","ast-site-content-layout":"default","site-content-style":"default","site-sidebar-style":"default","ast-global-header-display":"","ast-banner-title-visibility":"","ast-main-header-display":"","ast-hfb-above-header-display":"","ast-hfb-below-header-display":"","ast-hfb-mobile-header-display":"","site-post-title":"","ast-breadcrumbs-content":"","ast-featured-img":"","footer-sml-layout":"","ast-disable-related-posts":"","theme-transparent-header-meta":"default","adv-header-id-meta":"","stick-header-meta":"","header-above-stick-meta":"","header-main-stick-meta":"","header-below-stick-meta":"","astra-migrate-meta-layouts":"default","ast-page-background-enabled":"default","ast-page-background-meta":{"desktop":{"background-color":"","background-image":"","background-repeat":"repeat","background-position":"center center","background-size":"auto","background-attachment":"scroll","background-type":"","background-media":"","overlay-type":"","overlay-color":"","overlay-opacity":"","overlay-gradient":""},"tablet":{"background-color":"","background-image":"","background-repeat":"repeat","background-position":"center center","background-size":"auto","background-attachment":"scroll","background-type":"","background-media":"","overlay-type":"","overlay-color":"","overlay-opacity":"","overlay-gradient":""},"mobile":{"background-color":"","background-image":"","background-repeat":"repeat","background-position":"center center","background-size":"auto","background-attachment":"scroll","background-type":"","background-media":"","overlay-type":"","overlay-color":"","overlay-opacity":"","overlay-gradient":""}},"ast-content-background-meta":{"desktop":{"background-color":"var(--ast-global-color-5)","background-image":"","background-repeat":"repeat","background-position":"center center","background-size":"auto","background-attachment":"scroll","background-type":"","background-media":"","overlay-type":"","overlay-color":"","overlay-opacity":"","overlay-gradient":""},"tablet":{"background-color":"var(--ast-global-color-5)","background-image":"","background-repeat":"repeat","background-position":"center center","background-size":"auto","background-attachment":"scroll","background-type":"","background-media":"","overlay-type":"","overlay-color":"","overlay-opacity":"","overlay-gradient":""},"mobile":{"background-color":"var(--ast-global-color-5)","background-image":"","background-repeat":"repeat","background-position":"center center","background-size":"auto","background-attachment":"scroll","background-type":"","background-media":"","overlay-type":"","overlay-color":"","overlay-opacity":"","overlay-gradient":""}}},"product_brand":[],"product_cat":[355],"product_tag":[2265],"class_list":{"0":"post-7505","1":"product","2":"type-product","3":"status-publish","4":"has-post-thumbnail","6":"product_cat-peptido-de-la-diabetes","7":"product_tag-hot-sale-albiglutide-cas-782500-75-8-treat-for-diabetes-es","8":"desktop-align-left","9":"tablet-align-left","10":"mobile-align-left","12":"first","13":"instock","14":"shipping-taxable","15":"product-type-simple"},"_links":{"self":[{"href":"https:\/\/puyapeptide.net\/es\/wp-json\/wp\/v2\/product\/7505","targetHints":{"allow":["GET"]}}],"collection":[{"href":"https:\/\/puyapeptide.net\/es\/wp-json\/wp\/v2\/product"}],"about":[{"href":"https:\/\/puyapeptide.net\/es\/wp-json\/wp\/v2\/types\/product"}],"replies":[{"embeddable":true,"href":"https:\/\/puyapeptide.net\/es\/wp-json\/wp\/v2\/comments?post=7505"}],"wp:featuredmedia":[{"embeddable":true,"href":"https:\/\/puyapeptide.net\/es\/wp-json\/wp\/v2\/media\/2216"}],"wp:attachment":[{"href":"https:\/\/puyapeptide.net\/es\/wp-json\/wp\/v2\/media?parent=7505"}],"wp:term":[{"taxonomy":"product_brand","embeddable":true,"href":"https:\/\/puyapeptide.net\/es\/wp-json\/wp\/v2\/product_brand?post=7505"},{"taxonomy":"product_cat","embeddable":true,"href":"https:\/\/puyapeptide.net\/es\/wp-json\/wp\/v2\/product_cat?post=7505"},{"taxonomy":"product_tag","embeddable":true,"href":"https:\/\/puyapeptide.net\/es\/wp-json\/wp\/v2\/product_tag?post=7505"}],"curies":[{"name":"wp","href":"https:\/\/api.w.org\/{rel}","templated":true}]}}