{"id":7549,"date":"2021-12-16T08:05:34","date_gmt":"2021-12-16T13:05:34","guid":{"rendered":"https:\/\/puyapeptide.net\/product\/bremelanotide-pt-141-pt141-acetate-cas-189691-06-3-usado-para-tratar-el-deseo-sexual-bajo-en-mujeres\/"},"modified":"2021-12-16T08:05:34","modified_gmt":"2021-12-16T13:05:34","slug":"bremelanotide-pt-141-pt141-acetate-cas-189691-06-3-usado-para-tratar-el-deseo-sexual-bajo-en-mujeres","status":"publish","type":"product","link":"https:\/\/puyapeptide.net\/es\/product\/bremelanotide-pt-141-pt141-acetate-cas-189691-06-3-usado-para-tratar-el-deseo-sexual-bajo-en-mujeres\/","title":{"rendered":"Bremelanotide \/ PT-141 \/ PT141 Acetate CAS 189691-06-3 usado para tratar el deseo sexual bajo en mujeres"},"content":{"rendered":"<h2><strong>Bremelanotide \/ PT-141 \/ PT141 Acetate CAS 189691-06-3 usado para tratar el deseo sexual bajo en mujeres<\/strong><\/h2>\n<p> Nombre del producto: Bremelanotide<br \/>\n Sin\u00f3nimos: BREMELANOTIDE; Brmelanotice; Ac-Nle-cyclo (-Asp-His-D-Phe-Arg-Trp-Lys) -OH; Bremelanotide, PT141, PT-141; BREMELANOTIDE PT141 ; N-Acetil-L-norleucil-L-alfa-aspartil-L-histidil-D-fenilalanil-L-arginil-L-triptofil-L-lisina (2-7) -lactama; Bremelanotida, \u03b1-MSH (PT- 141); REMELANOTIDE<br \/>\n CAS: 189691-06-3<br \/>\n MF: C50H68N14O10<br \/>\n MW: 1025.18<br \/>\n EINECS: 211-519-9<br \/>\n Categor\u00edas de productos: P\u00e9ptidos<br \/>\n Archivo Mol: 189691 -06-3.mol <\/p>\n<p> PT141, tambi\u00e9n conocido como bremelanotida, es un f\u00e1rmaco utilizado para tratar la disfunci\u00f3n sexual femenina. PT-141 ha mostrado resultados positivos de Chemicalbook en un ensayo cl\u00ednico de fase I administrado a mujeres premenop\u00e1usicas normales. Ayuda a las mujeres premenop\u00e1usicas con libido hipoactiva a mantener un deseo sexual normal. <\/p>\n<p> <strong>Bremelanotide \/ PT-141 \/ PT141 Acetate CAS 189691-06-3 Propiedades qu\u00edmicas<\/strong><br \/>\n densidad 1.43<br \/>\n pka 3.37 \u00b1 0.70 (Previsto )<br \/>\n Estabilidad: El polvo liofilizado no reconstituido debe almacenarse refrigerado seg\u00fan las instrucciones del vial. Despu\u00e9s de la reconstituci\u00f3n con agua bacteriost\u00e1tica, refrigere la soluci\u00f3n y util\u00edcela dentro de los 30 d\u00edas. Si se usa una soluci\u00f3n tamponada, la estabilidad mejorar\u00e1. <\/p>\n<p> <strong>Usos del acetato de bremelanotida \/ PT-141 \/ PT141 CAS 189691-06-3 Propiedades qu\u00edmicas<\/strong><br \/>\n Tratamiento de la disfunci\u00f3n sexual (agonista del receptor de melanocortina).<br \/>\n Bremelanotide se usa para tratar el deseo sexual bajo en mujeres que no han pasado por la menopausia y no han tenido un deseo sexual bajo en el pasado.<br \/>\n Bremelanotide debe usarse solo para tratar el deseo sexual bajo que ocurre con cualquier tipo de actividad sexual, en cualquier situaci\u00f3n sexual, o con cualquier pareja sexual.<br \/>\n Bremelanotide no debe usarse para tratar el bajo deseo sexual causado por problemas de relaci\u00f3n, problemas de salud, enfermedades mentales o por el uso de ciertos medicamentos o medicamentos.<\/p>\n","protected":false},"excerpt":{"rendered":"<p>Nombre del producto: Bremelanotide<br \/>\n CAS: 189691-06-3<br \/>\n MF: C50H68N14O10<br \/>\n MW: 1025.18<br \/>\n EINECS: 211-519-9<br \/>\n Mol Archivo: 189691-06-3.mol<\/p>\n","protected":false},"featured_media":2132,"comment_status":"open","ping_status":"closed","template":"","meta":{"om_disable_all_campaigns":false,"_monsterinsights_skip_tracking":false,"_monsterinsights_sitenote_active":false,"_monsterinsights_sitenote_note":"","_monsterinsights_sitenote_category":0,"site-sidebar-layout":"default","site-content-layout":"default","ast-site-content-layout":"default","site-content-style":"default","site-sidebar-style":"default","ast-global-header-display":"","ast-banner-title-visibility":"","ast-main-header-display":"","ast-hfb-above-header-display":"","ast-hfb-below-header-display":"","ast-hfb-mobile-header-display":"","site-post-title":"","ast-breadcrumbs-content":"","ast-featured-img":"","footer-sml-layout":"","ast-disable-related-posts":"","theme-transparent-header-meta":"default","adv-header-id-meta":"","stick-header-meta":"","header-above-stick-meta":"","header-main-stick-meta":"","header-below-stick-meta":"","astra-migrate-meta-layouts":"default","ast-page-background-enabled":"default","ast-page-background-meta":{"desktop":{"background-color":"","background-image":"","background-repeat":"repeat","background-position":"center center","background-size":"auto","background-attachment":"scroll","background-type":"","background-media":"","overlay-type":"","overlay-color":"","overlay-opacity":"","overlay-gradient":""},"tablet":{"background-color":"","background-image":"","background-repeat":"repeat","background-position":"center center","background-size":"auto","background-attachment":"scroll","background-type":"","background-media":"","overlay-type":"","overlay-color":"","overlay-opacity":"","overlay-gradient":""},"mobile":{"background-color":"","background-image":"","background-repeat":"repeat","background-position":"center center","background-size":"auto","background-attachment":"scroll","background-type":"","background-media":"","overlay-type":"","overlay-color":"","overlay-opacity":"","overlay-gradient":""}},"ast-content-background-meta":{"desktop":{"background-color":"var(--ast-global-color-5)","background-image":"","background-repeat":"repeat","background-position":"center center","background-size":"auto","background-attachment":"scroll","background-type":"","background-media":"","overlay-type":"","overlay-color":"","overlay-opacity":"","overlay-gradient":""},"tablet":{"background-color":"var(--ast-global-color-5)","background-image":"","background-repeat":"repeat","background-position":"center center","background-size":"auto","background-attachment":"scroll","background-type":"","background-media":"","overlay-type":"","overlay-color":"","overlay-opacity":"","overlay-gradient":""},"mobile":{"background-color":"var(--ast-global-color-5)","background-image":"","background-repeat":"repeat","background-position":"center center","background-size":"auto","background-attachment":"scroll","background-type":"","background-media":"","overlay-type":"","overlay-color":"","overlay-opacity":"","overlay-gradient":""}}},"product_brand":[],"product_cat":[523],"product_tag":[],"class_list":{"0":"post-7549","1":"product","2":"type-product","3":"status-publish","4":"has-post-thumbnail","6":"product_cat-otros-peptidos","7":"desktop-align-left","8":"tablet-align-left","9":"mobile-align-left","11":"first","12":"instock","13":"shipping-taxable","14":"product-type-simple"},"_links":{"self":[{"href":"https:\/\/puyapeptide.net\/es\/wp-json\/wp\/v2\/product\/7549","targetHints":{"allow":["GET"]}}],"collection":[{"href":"https:\/\/puyapeptide.net\/es\/wp-json\/wp\/v2\/product"}],"about":[{"href":"https:\/\/puyapeptide.net\/es\/wp-json\/wp\/v2\/types\/product"}],"replies":[{"embeddable":true,"href":"https:\/\/puyapeptide.net\/es\/wp-json\/wp\/v2\/comments?post=7549"}],"wp:featuredmedia":[{"embeddable":true,"href":"https:\/\/puyapeptide.net\/es\/wp-json\/wp\/v2\/media\/2132"}],"wp:attachment":[{"href":"https:\/\/puyapeptide.net\/es\/wp-json\/wp\/v2\/media?parent=7549"}],"wp:term":[{"taxonomy":"product_brand","embeddable":true,"href":"https:\/\/puyapeptide.net\/es\/wp-json\/wp\/v2\/product_brand?post=7549"},{"taxonomy":"product_cat","embeddable":true,"href":"https:\/\/puyapeptide.net\/es\/wp-json\/wp\/v2\/product_cat?post=7549"},{"taxonomy":"product_tag","embeddable":true,"href":"https:\/\/puyapeptide.net\/es\/wp-json\/wp\/v2\/product_tag?post=7549"}],"curies":[{"name":"wp","href":"https:\/\/api.w.org\/{rel}","templated":true}]}}