{"id":7578,"date":"2021-12-16T08:08:22","date_gmt":"2021-12-16T13:08:22","guid":{"rendered":"https:\/\/puyapeptide.net\/product\/pralmorelin-ghrp-2-cas-158861-67-7-para-investigacion-de-laboratorio\/"},"modified":"2021-12-16T08:08:22","modified_gmt":"2021-12-16T13:08:22","slug":"pralmorelin-ghrp-2-cas-158861-67-7-para-investigacion-de-laboratorio","status":"publish","type":"product","link":"https:\/\/puyapeptide.net\/es\/product\/pralmorelin-ghrp-2-cas-158861-67-7-para-investigacion-de-laboratorio\/","title":{"rendered":"Pralmorelin \/ GHRP-2 CAS 158861-67-7 para investigaci\u00f3n de laboratorio"},"content":{"rendered":"<h2><strong>Pralmorelin \/ GHRP-2 CAS 158861-67-7 para investigaci\u00f3n de laboratorio<\/strong><\/h2>\n<p> Nombre del producto: Pralmorelin \/ GHRP-2<br \/>\n Sin\u00f3nimos: d-ala-\u03b2- (2-naphthyl) -d-ala-trp-d-phe-lys amide; L-Lysinamide, D-alanyl-3 &#8211; (2-naftalenil) -D-alanil-L-alanil-L-triptofil-D-fenilalanilo-; PRALMORELINA; D-ALA-D-NAL (2) -ALA-TRP-D-PHE-LYS-NH2 SAL DE ACETATO ; D-ALA-BETA- (2-NAPHTIL) -D-ALA-TRP-D-PHE-LYS AMIDA; D-ALA-D-2-NAL-ALA-TRP-D-PHE-LYS-NH2; (DES -ALA3, D-ALA1, D-2-NAL2) -GHRP-6; (DES-ALA3) -GHRP-2<br \/>\n CAS: 158861-67-7<br \/>\n MF: C45H55N9O6<br \/>\n MW: 817,97 &lt; &amp;&gt; EINECS: 206-616-8<br \/>\n Categor\u00edas de productos: P\u00e9ptido; P\u00e9ptidos; GHRP2; hgh<br \/>\n Mol Archivo: 158861-67-7.mol <\/p>\n<p> GHRP 2 (P\u00e9ptido liberador 2) es un secretagogo de la clase de los hexap\u00e9ptidos. Compartiendo muchas similitudes con GHRP 6, GHRP 2 es el primero en esta clase, y en muchos c\u00edrculos, se considera la mejor opci\u00f3n entre este y GHRP 6. No es que se use a menudo solo, pero casi siempre se usa con Releasing (GHRH) . El compuesto tambi\u00e9n se puede encontrar com\u00fanmente bajo los nombres de P&#39;ralmorelin o GHRP Kaken 100. Sin embargo, en la mayor\u00eda de los c\u00edrculos farmac\u00e9uticos y basados en el rendimiento, en los \u00faltimos a\u00f1os se ha denominado m\u00e1s com\u00fanmente como GHRP 2. <\/p>\n<p> G &#39; La hrelina no solo promueve la liberaci\u00f3n del crecimiento, sino que tambi\u00e9n tiene otros efectos biol\u00f3gicos, como la alimentaci\u00f3n de mediaci\u00f3n y el metabolismo energ\u00e9tico, la funci\u00f3n cardiovascular, el control de la funci\u00f3n gastrointestinal y la inhibici\u00f3n de la proliferaci\u00f3n de c\u00e9lulas tumorales, etc. Estudios recientes han demostrado que la concentraci\u00f3n s\u00e9rica de g&#39;hrelina se correlacion\u00f3 positivamente con la DMO, por lo que la grelina puede estar involucrada en el metabolismo del tejido \u00f3seo, afectando la funci\u00f3n de los osteoblastos. <\/p>\n<p> <strong>Pralmorelin \/ GHRP-2 CAS 158861-67- 7 Propiedades qu\u00edmicas<\/strong><br \/>\n Punto de ebullici\u00f3n 1265,3 \u00b1 65,0 \u00b0 C (previsto)<br \/>\n densidad 1,270 \u00b1 0,06 g \/ cm3 (previsto)<br \/>\n temp. De almacenamiento \u221220 \u00b0 C<br \/>\n forma polvo liofilizado<br \/>\n pka 13,40 \u00b1 0,46 (previsto)<br \/>\n color blanco a beige<br \/>\n Referencia de la base de datos CAS 158861-67-7 (Referencia de la base de datos CAS) <\/p>\n<p> <strong>Uso de Pralmorelin \/ GHRP-2 CAS 158861-67-7<\/strong> <\/p>\n<p> 1. Sin embargo, la vida media de GHRP 2 es bastante corta, y su pico ocurre alrededor de 15 minutos despu\u00e9s de su administraci\u00f3n o una hora m\u00e1s tarde a m\u00e1s tardar. Idealmente, esta terapia debe administrarse peri\u00f3dicamente todos los d\u00edas. <\/p>\n<p> 2. Similar a GHRP 6, GHRP 2 es su forma sintetizada comercialmente que puede estimular la secreci\u00f3n mucho mejor y estimular los niveles de PRL, cortisol y ACTH un poco mejor. Para la g&#39;relina, por otro lado, funciona como un agonista sint\u00e9tico que puede conectarse con el receptor secretagogo del. El GHRP 2 tambi\u00e9n puede aumentar los niveles de entrada de iones de calcio y, a su vez, liberar a\u00fan m\u00e1s hormonas. <\/p>\n<p> 3. Aparte de eso, ya se han realizado algunas investigaciones que demuestran cu\u00e1n similar es con la efectividad de GRF, tambi\u00e9n. De hecho, ha demostrado ser mucho m\u00e1s potente en comparaci\u00f3n con cualquier otro secretor liberador de GH conocido en el pasado, incluidos GHRP 1 y GHRP 6. Debido a esto, esta hormona se usa a menudo como tratamiento para las deficiencias catab\u00f3licas. y estados en la actualidad.<\/p>\n","protected":false},"excerpt":{"rendered":"<p>Nombre del producto: Pralmorelin \/ GHRP-2<br \/>\n CAS: 158861-67-7<br \/>\n MF: C45H55N9O6<br \/>\n MW: 817.97<br \/>\n EINECS: 206-616-8<br \/>\n Mol Archivo: 158861-67- 7.mol<\/p>\n","protected":false},"featured_media":2279,"comment_status":"open","ping_status":"closed","template":"","meta":{"om_disable_all_campaigns":false,"_monsterinsights_skip_tracking":false,"_monsterinsights_sitenote_active":false,"_monsterinsights_sitenote_note":"","_monsterinsights_sitenote_category":0,"site-sidebar-layout":"default","site-content-layout":"default","ast-site-content-layout":"default","site-content-style":"default","site-sidebar-style":"default","ast-global-header-display":"","ast-banner-title-visibility":"","ast-main-header-display":"","ast-hfb-above-header-display":"","ast-hfb-below-header-display":"","ast-hfb-mobile-header-display":"","site-post-title":"","ast-breadcrumbs-content":"","ast-featured-img":"","footer-sml-layout":"","ast-disable-related-posts":"","theme-transparent-header-meta":"default","adv-header-id-meta":"","stick-header-meta":"","header-above-stick-meta":"","header-main-stick-meta":"","header-below-stick-meta":"","astra-migrate-meta-layouts":"default","ast-page-background-enabled":"default","ast-page-background-meta":{"desktop":{"background-color":"","background-image":"","background-repeat":"repeat","background-position":"center center","background-size":"auto","background-attachment":"scroll","background-type":"","background-media":"","overlay-type":"","overlay-color":"","overlay-opacity":"","overlay-gradient":""},"tablet":{"background-color":"","background-image":"","background-repeat":"repeat","background-position":"center center","background-size":"auto","background-attachment":"scroll","background-type":"","background-media":"","overlay-type":"","overlay-color":"","overlay-opacity":"","overlay-gradient":""},"mobile":{"background-color":"","background-image":"","background-repeat":"repeat","background-position":"center center","background-size":"auto","background-attachment":"scroll","background-type":"","background-media":"","overlay-type":"","overlay-color":"","overlay-opacity":"","overlay-gradient":""}},"ast-content-background-meta":{"desktop":{"background-color":"var(--ast-global-color-5)","background-image":"","background-repeat":"repeat","background-position":"center center","background-size":"auto","background-attachment":"scroll","background-type":"","background-media":"","overlay-type":"","overlay-color":"","overlay-opacity":"","overlay-gradient":""},"tablet":{"background-color":"var(--ast-global-color-5)","background-image":"","background-repeat":"repeat","background-position":"center center","background-size":"auto","background-attachment":"scroll","background-type":"","background-media":"","overlay-type":"","overlay-color":"","overlay-opacity":"","overlay-gradient":""},"mobile":{"background-color":"var(--ast-global-color-5)","background-image":"","background-repeat":"repeat","background-position":"center center","background-size":"auto","background-attachment":"scroll","background-type":"","background-media":"","overlay-type":"","overlay-color":"","overlay-opacity":"","overlay-gradient":""}}},"product_brand":[],"product_cat":[523],"product_tag":[2199],"class_list":{"0":"post-7578","1":"product","2":"type-product","3":"status-publish","4":"has-post-thumbnail","6":"product_cat-otros-peptidos","7":"product_tag-pralmorelin-ghrp-2-cas-158861-67-7-for-lab-research-es","8":"desktop-align-left","9":"tablet-align-left","10":"mobile-align-left","12":"first","13":"instock","14":"shipping-taxable","15":"product-type-simple"},"_links":{"self":[{"href":"https:\/\/puyapeptide.net\/es\/wp-json\/wp\/v2\/product\/7578","targetHints":{"allow":["GET"]}}],"collection":[{"href":"https:\/\/puyapeptide.net\/es\/wp-json\/wp\/v2\/product"}],"about":[{"href":"https:\/\/puyapeptide.net\/es\/wp-json\/wp\/v2\/types\/product"}],"replies":[{"embeddable":true,"href":"https:\/\/puyapeptide.net\/es\/wp-json\/wp\/v2\/comments?post=7578"}],"wp:featuredmedia":[{"embeddable":true,"href":"https:\/\/puyapeptide.net\/es\/wp-json\/wp\/v2\/media\/2279"}],"wp:attachment":[{"href":"https:\/\/puyapeptide.net\/es\/wp-json\/wp\/v2\/media?parent=7578"}],"wp:term":[{"taxonomy":"product_brand","embeddable":true,"href":"https:\/\/puyapeptide.net\/es\/wp-json\/wp\/v2\/product_brand?post=7578"},{"taxonomy":"product_cat","embeddable":true,"href":"https:\/\/puyapeptide.net\/es\/wp-json\/wp\/v2\/product_cat?post=7578"},{"taxonomy":"product_tag","embeddable":true,"href":"https:\/\/puyapeptide.net\/es\/wp-json\/wp\/v2\/product_tag?post=7578"}],"curies":[{"name":"wp","href":"https:\/\/api.w.org\/{rel}","templated":true}]}}