{"id":7591,"date":"2021-12-16T08:14:19","date_gmt":"2021-12-16T13:14:19","guid":{"rendered":"https:\/\/puyapeptide.net\/product\/ghrp-6-peptido-de-liberacion-de-hormona-de-crecimiento-hexapeptide-2-cas-87616-84-0\/"},"modified":"2021-12-16T08:14:19","modified_gmt":"2021-12-16T13:14:19","slug":"ghrp-6-peptido-de-liberacion-de-hormona-de-crecimiento-hexapeptide-2-cas-87616-84-0","status":"publish","type":"product","link":"https:\/\/puyapeptide.net\/es\/product\/ghrp-6-peptido-de-liberacion-de-hormona-de-crecimiento-hexapeptide-2-cas-87616-84-0\/","title":{"rendered":"GHRP-6 \/ P\u00e9ptido de liberaci\u00f3n de hormona de crecimiento \/ Hexapeptide-2 CAS 87616-84-0"},"content":{"rendered":"<h2><strong>GHRP-6 \/ P\u00e9ptido de liberaci\u00f3n de hormona de crecimiento \/ Hexapeptide-2 CAS 87616-84-0<\/strong><\/h2>\n<p> Nombre del producto: P\u00e9ptido liberador de hormona del crecimiento<br \/>\n Sin\u00f3nimos: D-TRP7, ALA8, D-PHE10] -A-MELANOCYTESTIMULATINGHORMONEAMIDEFRAGMENT6-11; (2S) -6-amino-2 &#8211; [[2 &#8211; [[(2S ) -2 &#8211; [[(2S) -2 &#8211; [[(2R) -2 &#8211; [[(2S) -2-amino-3- (3H-imidazol-4-il) propanoil] amino] -3- (1H -indol-3-il) propanoil] amino] propanoil] amino] -3- (1H-indol-3-il) propanoil] amino] -3-fenil-propanoil] amino] hexanamida; P\u00e9ptido liberador de la hormona del crecimiento; (D- trp7, ala8, D-phe10) -A-melanocyte * estimulante ho; (D-TRP7, ALA8, D-PHE10) -A-MELANOCYTE * STIMU LATING HORM; Crecimiento; [d-trp7, ala8, d-phe10] &#8211; Fragmento de amida de hormona estimulante de \u03b1-melanocitos 6-11; P\u00e9ptido Ghrp-6 de alta pureza para masa muscular magra CAS NO.87616-84-0 CAS NO.87616-84-0<br \/>\n CAS: 87616-84-0<br \/>\n MF: C46H56N12O6<br \/>\n MW: 873.01<br \/>\n EINECS:<br \/>\n Categor\u00edas de productos: P\u00e9ptido; GHRP6; hgh<br \/>\n Mol Archivo: 87616-84-0.mol <\/p>\n<p> Es b\u00e1sicamente un secretagoue, que tiene el potencial de facilitar el aumento efectivo de los niveles de secreci\u00f3n natural en nuestro cuerpo. Al mismo tiempo, este compuesto tambi\u00e9n puede facilitar un aumento repentino de la masa corporal y provocar una reducci\u00f3n masiva de la grasa corporal. GHRP 6 tambi\u00e9n incluye d-amino\u00e1cidos artificiales que tambi\u00e9n llevan al cuerpo a liberar. No se sabe que GHRP 6 funcione bien, por lo que funciona en el receptor en lugar de ese receptor. <\/p>\n<p> Es un compuesto con una cadena \u00fanica que consta de 6 amino\u00e1cidos que es responsable de decirle a nuestro cuerpo cuando tiene para comenzar a liberar las secreciones.Tambi\u00e9n bloquea la somatostatina, una hormona que es principalmente responsable de detener la liberaci\u00f3n de secreciones. <\/p>\n<p> El uso principal es promover el consumo de alimentos al iniciar la sensaci\u00f3n de hambre y mejorar la metabolis energ\u00e9tico. Este compuesto tambi\u00e9n se ha utilizado ampliamente para tratar la deficiencia de hormonas junto con otras complicaciones como la obesidad y los trastornos alimentarios. <\/p>\n<p> Aunque es relativamente nuevo en el mercado, se ha vuelto bastante popular como potenciador del rendimiento. Est\u00e1 siendo comercializado por algunas empresas de investigaci\u00f3n. <\/p>\n<p> <strong>GHRP-6 \/ P\u00e9ptido liberador de hormona del crecimiento \/ Hexap\u00e9ptido-2 Propiedades qu\u00edmicas CAS 87616-84-0<\/strong><br \/>\n Punto de ebullici\u00f3n 1407.0 \u00b1 65.0 \u00b0 C ( Previsto)<br \/>\n densidad 1,333 \u00b1 0,06 g \/ cm3 (Previsto)<br \/>\n temp. De almacenamiento \u221220 \u00b0 C<br \/>\n pka 13,42 \u00b1 0,46 (Previsto)<br \/>\n Referencia de la base de datos CAS 87616-84-0 (Referencia de la base de datos CAS) <\/p>\n<p> <strong>Uso de GHRP-6 \/ P\u00e9ptido liberador de hormona del crecimiento \/ Hexap\u00e9ptido-2 CAS 87616-84-0<\/strong><br \/>\n Estimula directamente la gl\u00e1ndula pituitaria anterior, lo que posteriormente conduce a un aumento de la liberaci\u00f3n en el cuerpo. Como GHRP 6 afecta directamente el circuito de retroalimentaci\u00f3n que desencadena cambios en la inhibici\u00f3n de la liberaci\u00f3n, se puede usar para restaurar la fabricaci\u00f3n natural si la secreci\u00f3n natural se ha visto afectada debido al uso artificial a largo plazo. Seg\u00fan se informa, GHRP 6 tambi\u00e9n tiene un impacto en nuestro sistema nervioso. Son potencialmente capaces de proteger las neuronas y aumentar la fuerza de una persona. El funcionamiento de GHRP 6 es sorprendentemente similar al funcionamiento de varios polvos crudos de la familia.<\/p>\n","protected":false},"excerpt":{"rendered":"<p>Nombre del producto: P\u00e9ptido liberador de hormona del crecimiento<br \/>\n CAS: 87616-84-0<br \/>\n MF: C46H56N12O6<br \/>\n MW: 873.01<br \/>\n Mol Archivo: 87616-84-0.mol<\/p>\n","protected":false},"featured_media":2111,"comment_status":"open","ping_status":"closed","template":"","meta":{"om_disable_all_campaigns":false,"_monsterinsights_skip_tracking":false,"_monsterinsights_sitenote_active":false,"_monsterinsights_sitenote_note":"","_monsterinsights_sitenote_category":0,"site-sidebar-layout":"default","site-content-layout":"default","ast-site-content-layout":"default","site-content-style":"default","site-sidebar-style":"default","ast-global-header-display":"","ast-banner-title-visibility":"","ast-main-header-display":"","ast-hfb-above-header-display":"","ast-hfb-below-header-display":"","ast-hfb-mobile-header-display":"","site-post-title":"","ast-breadcrumbs-content":"","ast-featured-img":"","footer-sml-layout":"","ast-disable-related-posts":"","theme-transparent-header-meta":"default","adv-header-id-meta":"","stick-header-meta":"","header-above-stick-meta":"","header-main-stick-meta":"","header-below-stick-meta":"","astra-migrate-meta-layouts":"default","ast-page-background-enabled":"default","ast-page-background-meta":{"desktop":{"background-color":"","background-image":"","background-repeat":"repeat","background-position":"center center","background-size":"auto","background-attachment":"scroll","background-type":"","background-media":"","overlay-type":"","overlay-color":"","overlay-opacity":"","overlay-gradient":""},"tablet":{"background-color":"","background-image":"","background-repeat":"repeat","background-position":"center center","background-size":"auto","background-attachment":"scroll","background-type":"","background-media":"","overlay-type":"","overlay-color":"","overlay-opacity":"","overlay-gradient":""},"mobile":{"background-color":"","background-image":"","background-repeat":"repeat","background-position":"center center","background-size":"auto","background-attachment":"scroll","background-type":"","background-media":"","overlay-type":"","overlay-color":"","overlay-opacity":"","overlay-gradient":""}},"ast-content-background-meta":{"desktop":{"background-color":"var(--ast-global-color-5)","background-image":"","background-repeat":"repeat","background-position":"center center","background-size":"auto","background-attachment":"scroll","background-type":"","background-media":"","overlay-type":"","overlay-color":"","overlay-opacity":"","overlay-gradient":""},"tablet":{"background-color":"var(--ast-global-color-5)","background-image":"","background-repeat":"repeat","background-position":"center center","background-size":"auto","background-attachment":"scroll","background-type":"","background-media":"","overlay-type":"","overlay-color":"","overlay-opacity":"","overlay-gradient":""},"mobile":{"background-color":"var(--ast-global-color-5)","background-image":"","background-repeat":"repeat","background-position":"center center","background-size":"auto","background-attachment":"scroll","background-type":"","background-media":"","overlay-type":"","overlay-color":"","overlay-opacity":"","overlay-gradient":""}}},"product_brand":[],"product_cat":[523],"product_tag":[],"class_list":{"0":"post-7591","1":"product","2":"type-product","3":"status-publish","4":"has-post-thumbnail","6":"product_cat-otros-peptidos","7":"desktop-align-left","8":"tablet-align-left","9":"mobile-align-left","11":"first","12":"instock","13":"shipping-taxable","14":"product-type-simple"},"_links":{"self":[{"href":"https:\/\/puyapeptide.net\/es\/wp-json\/wp\/v2\/product\/7591","targetHints":{"allow":["GET"]}}],"collection":[{"href":"https:\/\/puyapeptide.net\/es\/wp-json\/wp\/v2\/product"}],"about":[{"href":"https:\/\/puyapeptide.net\/es\/wp-json\/wp\/v2\/types\/product"}],"replies":[{"embeddable":true,"href":"https:\/\/puyapeptide.net\/es\/wp-json\/wp\/v2\/comments?post=7591"}],"wp:featuredmedia":[{"embeddable":true,"href":"https:\/\/puyapeptide.net\/es\/wp-json\/wp\/v2\/media\/2111"}],"wp:attachment":[{"href":"https:\/\/puyapeptide.net\/es\/wp-json\/wp\/v2\/media?parent=7591"}],"wp:term":[{"taxonomy":"product_brand","embeddable":true,"href":"https:\/\/puyapeptide.net\/es\/wp-json\/wp\/v2\/product_brand?post=7591"},{"taxonomy":"product_cat","embeddable":true,"href":"https:\/\/puyapeptide.net\/es\/wp-json\/wp\/v2\/product_cat?post=7591"},{"taxonomy":"product_tag","embeddable":true,"href":"https:\/\/puyapeptide.net\/es\/wp-json\/wp\/v2\/product_tag?post=7591"}],"curies":[{"name":"wp","href":"https:\/\/api.w.org\/{rel}","templated":true}]}}