{"id":7695,"date":"2021-12-16T10:27:32","date_gmt":"2021-12-16T15:27:32","guid":{"rendered":"https:\/\/puyapeptide.net\/product\/selank-peptide-cas-129954-34-3-para-ansioliticos\/"},"modified":"2021-12-16T10:27:32","modified_gmt":"2021-12-16T15:27:32","slug":"selank-peptide-cas-129954-34-3-para-ansioliticos","status":"publish","type":"product","link":"https:\/\/puyapeptide.net\/es\/product\/selank-peptide-cas-129954-34-3-para-ansioliticos\/","title":{"rendered":"Selank peptide CAS 129954-34-3 Para ansiol\u00edticos"},"content":{"rendered":"<h2><strong>Selank peptide CAS 129954-34-3 Para ansiol\u00edticos<\/strong><\/h2>\n<p> Nombre del producto: p\u00e9ptido Selank<br \/>\n Sin\u00f3nimos: p\u00e9ptido Selank; SelankAcetate; PL14736; L-treonil-L-lisil-L-prolil-L-arginil-L-prolilglicil-L-prolina; L-THREONYL-L- LYSYL-L-PROLYL-L-ARGINYL-L-PROLYLGLYCYL-L-PROLINE; MONOACETATO; H-Thr-Lys-Pro-Arg-Pro-Gly-Pro-OH; SLANK; P\u00e9ptido Selank<br \/>\n CAS: 129954-34-3<br \/>\n MF: C33H57N11O9<br \/>\n MW: 751,87<br \/>\n EINECS : 232-660-2<br \/>\n Categor\u00edas de productos:<br \/>\n Archivo Mol: 129954-34-3.mol <\/p>\n<p> El p\u00e9ptido Selank ha sido etiquetado como un p\u00e9ptido &quot;ansiol\u00edtico&quot; y tambi\u00e9n ha mostrado una mejora en aprendizaje, memoria, cognici\u00f3n, depresi\u00f3n, debilidad y energ\u00eda en general. <\/p>\n<p> <strong>P\u00e9ptido Selank CAS 129954-34-3 Propiedades qu\u00edmicas<\/strong><br \/>\n Punto de fusi\u00f3n 134-136 \u00b0 C<br \/>\n densidad 1,53 \u00b1 0,1 g \/ cm3 (previsto)<br \/>\n pka 3,43 \u00b1 0,20 (previsto) &lt; &amp;&gt;<br \/>\n <strong>Funci\u00f3n y aplicaci\u00f3n del p\u00e9ptido Selank CAS 129954-34-3<\/strong><br \/>\n Puede mejorar la ansiedad<br \/>\n Puede mejorar el aprendizaje<br \/>\n Puede mejorar la memoria<br \/>\n Puede ayudar con la recuperaci\u00f3n del da\u00f1o cerebral: Aumenta el BDNF (Brain- factor neurotr\u00f3fico derivado), un importante compuesto para el crecimiento del cerebro<br \/>\n Puede ayudar a estabilizar las encefalinas en la sangre: contrarrestan la respuesta al estr\u00e9s<br \/>\n Pueden ayudar con la abstinencia de alcohol<br \/>\n Puede ayudar a prevenir el aumento de peso y reducir el colesterol<br \/>\n Selank Puede fortalecer la funci\u00f3n inmunol\u00f3gica al aumentar la IL-6 en las c\u00e9lulas sangu\u00edneas. La IL-6 es una prote\u00edna inflamatoria que se cree que ayuda a combatir las infecciones. Selank tambi\u00e9n puede estimular la liberaci\u00f3n de interferones, que son mol\u00e9culas antivirales. <\/p>\n<p> <strong>\u00bfQU\u00c9 ES SELANK?<\/strong><br \/>\n Selank pertenece a una clase de mol\u00e9culas llamadas p\u00e9ptidos sint\u00e9ticos. Selank se elabor\u00f3 combinando la secuencia de un p\u00e9ptido llamado tuftsina con otra secuencia que mejora su estabilidad molecular. Tuftsin es un p\u00e9ptido estrechamente relacionado con la funci\u00f3n inmunol\u00f3gica. Se produce de forma natural y constituye una parte del anticuerpo natural IgG. <\/p>\n<p> Es un p\u00e9ptido peque\u00f1o en comparaci\u00f3n con la mayor\u00eda de las prote\u00ednas naturales. Selank fue desarrollado en el Instituto de Gen\u00e9tica Molecular en cooperaci\u00f3n con el Instituto de Investigaci\u00f3n de Farmacolog\u00eda VV Zakusov (Academia Rusa de Ciencias M\u00e9dicas), junto con el f\u00e1rmaco nootr\u00f3pico Semax, a veces llamado su primo p\u00e9ptido. <\/p>\n<p> Selank ha sido aprobado en Rusia para el tratamiento del trastorno de ansiedad generalizada (TAG) y para su uso como nootr\u00f3pico. En ensayos cl\u00ednicos, se ha demostrado que el f\u00e1rmaco proporciona un efecto nootr\u00f3pico y ansiol\u00edtico sostenido que es \u00fatil para el tratamiento del trastorno de ansiedad generalizada (TAG). <\/p>\n<p> <strong>\u00bfC\u00d3MO USAR SELANK?<\/strong><br \/>\n Selank es un p\u00e9ptido que se utiliza como aerosol nasal. Esto se debe a que ser\u00e1 digerido por el est\u00f3mago si se toma por v\u00eda oral. Inhalarlo es m\u00e1s efectivo para su administraci\u00f3n al torrente sangu\u00edneo y al cerebro.<br \/>\n La dosis t\u00edpica es una pulverizaci\u00f3n en cada fosa nasal al d\u00eda.<\/p>\n","protected":false},"excerpt":{"rendered":"<p>Nombre del producto: p\u00e9ptido Selank<br \/>\n CAS: 129954-34-3<br \/>\n MF: C33H57N11O9<br \/>\n MW: 751.87<br \/>\n EINECS: 232-660-2<br \/>\n Mol Archivo: 129954-34-3.mol<\/p>\n","protected":false},"featured_media":2300,"comment_status":"open","ping_status":"closed","template":"","meta":{"om_disable_all_campaigns":false,"_monsterinsights_skip_tracking":false,"_monsterinsights_sitenote_active":false,"_monsterinsights_sitenote_note":"","_monsterinsights_sitenote_category":0,"site-sidebar-layout":"default","site-content-layout":"default","ast-site-content-layout":"default","site-content-style":"default","site-sidebar-style":"default","ast-global-header-display":"","ast-banner-title-visibility":"","ast-main-header-display":"","ast-hfb-above-header-display":"","ast-hfb-below-header-display":"","ast-hfb-mobile-header-display":"","site-post-title":"","ast-breadcrumbs-content":"","ast-featured-img":"","footer-sml-layout":"","ast-disable-related-posts":"","theme-transparent-header-meta":"default","adv-header-id-meta":"","stick-header-meta":"","header-above-stick-meta":"","header-main-stick-meta":"","header-below-stick-meta":"","astra-migrate-meta-layouts":"default","ast-page-background-enabled":"default","ast-page-background-meta":{"desktop":{"background-color":"","background-image":"","background-repeat":"repeat","background-position":"center center","background-size":"auto","background-attachment":"scroll","background-type":"","background-media":"","overlay-type":"","overlay-color":"","overlay-opacity":"","overlay-gradient":""},"tablet":{"background-color":"","background-image":"","background-repeat":"repeat","background-position":"center center","background-size":"auto","background-attachment":"scroll","background-type":"","background-media":"","overlay-type":"","overlay-color":"","overlay-opacity":"","overlay-gradient":""},"mobile":{"background-color":"","background-image":"","background-repeat":"repeat","background-position":"center center","background-size":"auto","background-attachment":"scroll","background-type":"","background-media":"","overlay-type":"","overlay-color":"","overlay-opacity":"","overlay-gradient":""}},"ast-content-background-meta":{"desktop":{"background-color":"var(--ast-global-color-5)","background-image":"","background-repeat":"repeat","background-position":"center center","background-size":"auto","background-attachment":"scroll","background-type":"","background-media":"","overlay-type":"","overlay-color":"","overlay-opacity":"","overlay-gradient":""},"tablet":{"background-color":"var(--ast-global-color-5)","background-image":"","background-repeat":"repeat","background-position":"center center","background-size":"auto","background-attachment":"scroll","background-type":"","background-media":"","overlay-type":"","overlay-color":"","overlay-opacity":"","overlay-gradient":""},"mobile":{"background-color":"var(--ast-global-color-5)","background-image":"","background-repeat":"repeat","background-position":"center center","background-size":"auto","background-attachment":"scroll","background-type":"","background-media":"","overlay-type":"","overlay-color":"","overlay-opacity":"","overlay-gradient":""}}},"product_brand":[],"product_cat":[523],"product_tag":[2087],"class_list":{"0":"post-7695","1":"product","2":"type-product","3":"status-publish","4":"has-post-thumbnail","6":"product_cat-otros-peptidos","7":"product_tag-selank-peptide-cas-129954-34-3-for-anti-anxiety-es","8":"desktop-align-left","9":"tablet-align-left","10":"mobile-align-left","12":"first","13":"instock","14":"shipping-taxable","15":"product-type-simple"},"_links":{"self":[{"href":"https:\/\/puyapeptide.net\/es\/wp-json\/wp\/v2\/product\/7695","targetHints":{"allow":["GET"]}}],"collection":[{"href":"https:\/\/puyapeptide.net\/es\/wp-json\/wp\/v2\/product"}],"about":[{"href":"https:\/\/puyapeptide.net\/es\/wp-json\/wp\/v2\/types\/product"}],"replies":[{"embeddable":true,"href":"https:\/\/puyapeptide.net\/es\/wp-json\/wp\/v2\/comments?post=7695"}],"wp:featuredmedia":[{"embeddable":true,"href":"https:\/\/puyapeptide.net\/es\/wp-json\/wp\/v2\/media\/2300"}],"wp:attachment":[{"href":"https:\/\/puyapeptide.net\/es\/wp-json\/wp\/v2\/media?parent=7695"}],"wp:term":[{"taxonomy":"product_brand","embeddable":true,"href":"https:\/\/puyapeptide.net\/es\/wp-json\/wp\/v2\/product_brand?post=7695"},{"taxonomy":"product_cat","embeddable":true,"href":"https:\/\/puyapeptide.net\/es\/wp-json\/wp\/v2\/product_cat?post=7695"},{"taxonomy":"product_tag","embeddable":true,"href":"https:\/\/puyapeptide.net\/es\/wp-json\/wp\/v2\/product_tag?post=7695"}],"curies":[{"name":"wp","href":"https:\/\/api.w.org\/{rel}","templated":true}]}}