{"id":7755,"date":"2021-12-16T10:31:06","date_gmt":"2021-12-16T15:31:06","guid":{"rendered":"https:\/\/puyapeptide.net\/product\/venta-caliente-buserelin-cas-57982-77-1-para-tratar-el-cancer-de-prostata-y-el-cancer-de-mama\/"},"modified":"2021-12-16T10:31:06","modified_gmt":"2021-12-16T15:31:06","slug":"venta-caliente-buserelin-cas-57982-77-1-para-tratar-el-cancer-de-prostata-y-el-cancer-de-mama","status":"publish","type":"product","link":"https:\/\/puyapeptide.net\/es\/product\/venta-caliente-buserelin-cas-57982-77-1-para-tratar-el-cancer-de-prostata-y-el-cancer-de-mama\/","title":{"rendered":"Venta caliente Buserelin CAS 57982-77-1 para tratar el c\u00e1ncer de pr\u00f3stata y el c\u00e1ncer de mama"},"content":{"rendered":"<h2><strong>Venta caliente Buserelin CAS 57982-77-1 para tratar el c\u00e1ncer de pr\u00f3stata y el c\u00e1ncer de mama<\/strong><\/h2>\n<p> Nombre del producto: BUSERELIN<br \/>\n Sin\u00f3nimos: (d-ser (bu (supt) (sup6))) &#8211; lh-rh (1-9) nonapeptide-ethylamide; (d-ser (tbu) (sup6) &#8211; ea (sup10)) &#8211; lhrh; (d-ser (tbu) (sup6) -ea (sup10)) &#8211; hormona liberadora de hormona luteinizante; (d-ser (tbu) (sup6) -ea (sup10)) &#8211; hormona liberadora de hormona luteinizante; BUSERELIN; 1-9-Factor liberador de hormona luteinizante (porcino), 6- [O- (1,1-dimetiletil) -D-serina] -9- (N-etil-L-prolinamida) -; Buserilina; BUSERELIN PH . EUR.<br \/>\n CAS: 57982-77-1<br \/>\n MF: C60H86N16O13<br \/>\n MW: 1239,42<br \/>\n EINECS: 261-061-9<br \/>\n Categor\u00edas de productos: hormonas<br \/>\n Mol Archivo: 57982-77 -1.mol <\/p>\n<p> Buserelina, un an\u00e1logo de GnRH. Puede inducir un aumento en la secreci\u00f3n de LH, FSH y hormonas sexuales al inicio del uso, y despu\u00e9s de 1 a 2 semanas comienza a producir el efecto opuesto, y la secreci\u00f3n de hormonas sexuales puede reducirse al nivel de dep\u00f3sito. Se utiliza principalmente cl\u00ednicamente para el c\u00e1ncer de pr\u00f3stata y el c\u00e1ncer de mama. Se inyecta por v\u00eda subcut\u00e1nea al principio [en hombres con flutamida] y el aerosol nasal se usa para el tratamiento de mantenimiento. <\/p>\n<p> <strong>Buserelin CAS 57982-77-1 Propiedades qu\u00edmicas<\/strong><br \/>\n alpha D20 -40.4 \u00b0 (c = 1 en dimetilacetamida)<br \/>\n Punto de ebullici\u00f3n 845.19 \u00b0 C (estimaci\u00f3n aproximada)<br \/>\n densidad 1.0711 (estimaci\u00f3n aproximada)<br \/>\n \u00edndice de refracci\u00f3n 1.6200 (estimaci\u00f3n)<br \/>\n solubilidad Escasamente soluble en agua y en \u00e1cidos diluidos. &lt;&amp; &gt; pka 9,82 \u00b1 0,15 (previsto) <\/p>\n<p> <strong>Funci\u00f3n y aplicaci\u00f3n de an\u00e1logos de Buserelina CAS 57982-77-1<\/strong><br \/>\n GnRH. Puede inducir un aumento en la secreci\u00f3n de I. H, FSH y hormonas sexuales al comienzo del uso, y despu\u00e9s de 1 a 2 semanas comienza a producir el efecto opuesto, y la secreci\u00f3n de hormonas sexuales puede reducirse al nivel de dep\u00f3sito. Se utiliza principalmente cl\u00ednicamente para el c\u00e1ncer de pr\u00f3stata y el c\u00e1ncer de mama. Se inyecta por v\u00eda subcut\u00e1nea al principio (en hombres con flutamida) y el tratamiento de mantenimiento se administra mediante aerosol nasal.<\/p>\n","protected":false},"excerpt":{"rendered":"<p>Nombre del producto: BUSERELIN<br \/>\n CAS: 57982-77-1<br \/>\n MF: C60H86N16O13<br \/>\n MW: 1239.42<br \/>\n EINECS: 261-061-9<br \/>\n Mol Archivo: 57982-77-1.mol<\/p>\n","protected":false},"featured_media":2132,"comment_status":"open","ping_status":"closed","template":"","meta":{"om_disable_all_campaigns":false,"_monsterinsights_skip_tracking":false,"_monsterinsights_sitenote_active":false,"_monsterinsights_sitenote_note":"","_monsterinsights_sitenote_category":0,"site-sidebar-layout":"default","site-content-layout":"default","ast-site-content-layout":"default","site-content-style":"default","site-sidebar-style":"default","ast-global-header-display":"","ast-banner-title-visibility":"","ast-main-header-display":"","ast-hfb-above-header-display":"","ast-hfb-below-header-display":"","ast-hfb-mobile-header-display":"","site-post-title":"","ast-breadcrumbs-content":"","ast-featured-img":"","footer-sml-layout":"","ast-disable-related-posts":"","theme-transparent-header-meta":"default","adv-header-id-meta":"","stick-header-meta":"","header-above-stick-meta":"","header-main-stick-meta":"","header-below-stick-meta":"","astra-migrate-meta-layouts":"default","ast-page-background-enabled":"default","ast-page-background-meta":{"desktop":{"background-color":"","background-image":"","background-repeat":"repeat","background-position":"center center","background-size":"auto","background-attachment":"scroll","background-type":"","background-media":"","overlay-type":"","overlay-color":"","overlay-opacity":"","overlay-gradient":""},"tablet":{"background-color":"","background-image":"","background-repeat":"repeat","background-position":"center center","background-size":"auto","background-attachment":"scroll","background-type":"","background-media":"","overlay-type":"","overlay-color":"","overlay-opacity":"","overlay-gradient":""},"mobile":{"background-color":"","background-image":"","background-repeat":"repeat","background-position":"center center","background-size":"auto","background-attachment":"scroll","background-type":"","background-media":"","overlay-type":"","overlay-color":"","overlay-opacity":"","overlay-gradient":""}},"ast-content-background-meta":{"desktop":{"background-color":"var(--ast-global-color-5)","background-image":"","background-repeat":"repeat","background-position":"center center","background-size":"auto","background-attachment":"scroll","background-type":"","background-media":"","overlay-type":"","overlay-color":"","overlay-opacity":"","overlay-gradient":""},"tablet":{"background-color":"var(--ast-global-color-5)","background-image":"","background-repeat":"repeat","background-position":"center center","background-size":"auto","background-attachment":"scroll","background-type":"","background-media":"","overlay-type":"","overlay-color":"","overlay-opacity":"","overlay-gradient":""},"mobile":{"background-color":"var(--ast-global-color-5)","background-image":"","background-repeat":"repeat","background-position":"center center","background-size":"auto","background-attachment":"scroll","background-type":"","background-media":"","overlay-type":"","overlay-color":"","overlay-opacity":"","overlay-gradient":""}}},"product_brand":[],"product_cat":[385],"product_tag":[2014],"class_list":{"0":"post-7755","1":"product","2":"type-product","3":"status-publish","4":"has-post-thumbnail","6":"product_cat-peptido-antitumoral","7":"product_tag-hot-sale-buserelin-cas-57982-77-1-for-treat-prostate-cancer-and-breast-cancer-es","8":"desktop-align-left","9":"tablet-align-left","10":"mobile-align-left","12":"first","13":"instock","14":"shipping-taxable","15":"product-type-simple"},"_links":{"self":[{"href":"https:\/\/puyapeptide.net\/es\/wp-json\/wp\/v2\/product\/7755","targetHints":{"allow":["GET"]}}],"collection":[{"href":"https:\/\/puyapeptide.net\/es\/wp-json\/wp\/v2\/product"}],"about":[{"href":"https:\/\/puyapeptide.net\/es\/wp-json\/wp\/v2\/types\/product"}],"replies":[{"embeddable":true,"href":"https:\/\/puyapeptide.net\/es\/wp-json\/wp\/v2\/comments?post=7755"}],"wp:featuredmedia":[{"embeddable":true,"href":"https:\/\/puyapeptide.net\/es\/wp-json\/wp\/v2\/media\/2132"}],"wp:attachment":[{"href":"https:\/\/puyapeptide.net\/es\/wp-json\/wp\/v2\/media?parent=7755"}],"wp:term":[{"taxonomy":"product_brand","embeddable":true,"href":"https:\/\/puyapeptide.net\/es\/wp-json\/wp\/v2\/product_brand?post=7755"},{"taxonomy":"product_cat","embeddable":true,"href":"https:\/\/puyapeptide.net\/es\/wp-json\/wp\/v2\/product_cat?post=7755"},{"taxonomy":"product_tag","embeddable":true,"href":"https:\/\/puyapeptide.net\/es\/wp-json\/wp\/v2\/product_tag?post=7755"}],"curies":[{"name":"wp","href":"https:\/\/api.w.org\/{rel}","templated":true}]}}