{"id":7812,"date":"2021-12-16T10:34:27","date_gmt":"2021-12-16T15:34:27","guid":{"rendered":"https:\/\/puyapeptide.net\/product\/epitalon-acetato-de-epithalon-cas-307297-39-8-para-antienvejecimiento\/"},"modified":"2021-12-16T10:34:27","modified_gmt":"2021-12-16T15:34:27","slug":"epitalon-acetato-de-epithalon-cas-307297-39-8-para-antienvejecimiento","status":"publish","type":"product","link":"https:\/\/puyapeptide.net\/es\/product\/epitalon-acetato-de-epithalon-cas-307297-39-8-para-antienvejecimiento\/","title":{"rendered":"Epitalon \/ acetato de epithalon CAS 307297-39-8 para antienvejecimiento"},"content":{"rendered":"<h2><strong>Epitalon \/ acetato de epithalon CAS 307297-39-8 para antienvejecimiento<\/strong><\/h2>\n<p> Nombre del producto: Epitalon<br \/>\n Sin\u00f3nimos: Epitalon; Epithalon; Glycine, L-alanyl-La-glutamyl-La-aspartyl-; L-alanyl-L-alpha-glutamyl-L-alpha-aspartylglycine; 9: PN : WO02090380 P\u00c1GINA: 55 prote\u00edna reivindicada; L-Alanil-L-\u03b1-glutamil-L-\u03b1-aspartilglicina; Epithalon, Epithalon Tetra Peptide; Epithalon Acetate<br \/>\n CAS: 307297-39-8<br \/>\n MF: C14H22N4O9<br \/>\n MW: 390,35<br \/>\n EINECS: 211-519-9<br \/>\n Categor\u00edas de productos:<br \/>\n Mol Archivo: 307297-39-8.mol <\/p>\n<p> Epithalon es un p\u00e9ptido que se utiliza para regular el ciclo celular hasta -regulaci\u00f3n de la actividad de la telomerasa. La secuencia de amino\u00e1cidos en el p\u00e9ptido es Alanina-Glutamato-Asparagina-Glicina. Se han realizado estudios en animales sobre los efectos de Epithalon en la supresi\u00f3n de tumores mamarios espont\u00e1neos y carcinog\u00e9nesis espont\u00e1nea. Los estudios han demostrado que el modo de acci\u00f3n de Epithalon implica la supresi\u00f3n de la expresi\u00f3n del oncog\u00e9n y la modificaci\u00f3n de la actividad de la telomerasa. <\/p>\n<p> Epitalon (tambi\u00e9n conocido como Epithalon o Epithalone) es la versi\u00f3n sint\u00e9tica del polip\u00e9ptido Epithalamin que se produce naturalmente en el gl\u00e1ndula pineal. Fue sintetizado por Vladimir Khavinson, profesor y geront\u00f3logo ruso, cuya investigaci\u00f3n se centr\u00f3 en el desarrollo de preparados de p\u00e9ptidos utilizados para restaurar la funci\u00f3n en varios \u00f3rganos con el fin de prevenir y revertir el proceso de envejecimiento. Actualmente es el Director del Instituto de Biorregulaci\u00f3n y Gerontolog\u00eda de San Petersburgo.<br \/>\n Epitalon es considerado el p\u00e9ptido &quot;fuente de la juventud&quot;. Es un tetrap\u00e9ptido, lo que significa que est\u00e1 compuesto por cuatro cadenas de amino\u00e1cidos. El p\u00e9ptido se usa para regular el ciclo celular durante la actividad de la telomerasa. La telomerasa, tambi\u00e9n llamada transferasa terminal del tel\u00f3mero, es una enzima compuesta de subunidades de prote\u00ednas y ARN que alarga los cromosomas. Cuando la actividad de la telomerasa no est\u00e1 presente (cuando envejecemos), nuestras c\u00e9lulas envejecen. Nuestros tel\u00f3meros se acortan y comienzan a morir. Si la telomerasa se activa en nuestras c\u00e9lulas, nuestros tel\u00f3meros se alargan, la c\u00e9lula contin\u00faa creciendo y dividi\u00e9ndose, retrasando el proceso de envejecimiento. (UT Southwestern Medical Lab)<br \/>\n https:\/\/www.amisantabarbara.com\/epitalon <\/p>\n<p> <strong>Epitalon \/ Epithalon acetate CAS 307297-39-8 Propiedades qu\u00edmicas<\/strong><br \/>\n Propiedades qu\u00edmicas de Epitalon<br \/>\n Punto de ebullici\u00f3n 959.8 \u00b1 65.0 \u00b0 C (predicho)<br \/>\n densidad 1,466 \u00b1 0,06 g \/ cm3 (predicho)<br \/>\n pka 3,16 \u00b1 0,10 (predicho)<br \/>\n CAS DataBase Reference 307297-39-8 <\/p>\n<p> <strong>Funciones y aplicaciones de Epitalon \/ acetato de epithalon CAS 307297-39-8<\/strong><br \/>\n Epitalon fue descubierto por el cient\u00edfico ruso profesor Vladimir Khavinson. Investig\u00f3 este p\u00e9ptido durante m\u00e1s de 35 a\u00f1os en ensayos cl\u00ednicos tanto en animales como en humanos. Los resultados fueron asombrosos. Por primera vez en la historia, los ensayos cl\u00ednicos en humanos demostraron sin lugar a dudas que la sustancia consist\u00eda en una poderosa extensi\u00f3n de vida y posibilidades anti-envejecimiento.<br \/>\n Beneficios de Epitalon: como resultado del efecto de Epitalon sobre la producci\u00f3n de telomerasa, los beneficios son \u00fanicos y lejanos. alcanzar e incluir:<br \/>\n Un aumento de la esperanza de vida humana mediante el alargamiento de los tel\u00f3meros en las c\u00e9lulas humanas<br \/>\n Promoci\u00f3n de un sue\u00f1o m\u00e1s profundo<br \/>\n Retraso y prevenci\u00f3n de enfermedades relacionadas con la edad como c\u00e1ncer, enfermedades card\u00edacas y demencia<br \/>\n Act\u00faa como un antioxidante al reducir la oxidaci\u00f3n de l\u00edpidos y ROS (especies reactivas de ox\u00edgeno) junto con la normalizaci\u00f3n de la funci\u00f3n de las c\u00e9lulas T.<br \/>\n Mejora de la salud y apariencia de la piel<br \/>\n Curaci\u00f3n de c\u00e9lulas musculares da\u00f1adas y deterioradas<br \/>\n Restaura y normaliza los niveles de melatonina en personas mayores que han perdido parte de la funci\u00f3n pineal debido al envejecimiento<br \/>\n Puede aumentar la resistencia al estr\u00e9s emocional<\/p>\n","protected":false},"excerpt":{"rendered":"<p>Nombre del producto: Epitalon<br \/>\n CAS: 307297-39-8<br \/>\n MF: C14H22N4O9<br \/>\n MW: 390.35<br \/>\n EINECS: 211-519-9<br \/>\n Mol Archivo: 307297-39-8.mol<\/p>\n","protected":false},"featured_media":2216,"comment_status":"open","ping_status":"closed","template":"","meta":{"om_disable_all_campaigns":false,"_monsterinsights_skip_tracking":false,"_monsterinsights_sitenote_active":false,"_monsterinsights_sitenote_note":"","_monsterinsights_sitenote_category":0,"site-sidebar-layout":"default","site-content-layout":"default","ast-site-content-layout":"default","site-content-style":"default","site-sidebar-style":"default","ast-global-header-display":"","ast-banner-title-visibility":"","ast-main-header-display":"","ast-hfb-above-header-display":"","ast-hfb-below-header-display":"","ast-hfb-mobile-header-display":"","site-post-title":"","ast-breadcrumbs-content":"","ast-featured-img":"","footer-sml-layout":"","ast-disable-related-posts":"","theme-transparent-header-meta":"default","adv-header-id-meta":"","stick-header-meta":"","header-above-stick-meta":"","header-main-stick-meta":"","header-below-stick-meta":"","astra-migrate-meta-layouts":"default","ast-page-background-enabled":"default","ast-page-background-meta":{"desktop":{"background-color":"","background-image":"","background-repeat":"repeat","background-position":"center center","background-size":"auto","background-attachment":"scroll","background-type":"","background-media":"","overlay-type":"","overlay-color":"","overlay-opacity":"","overlay-gradient":""},"tablet":{"background-color":"","background-image":"","background-repeat":"repeat","background-position":"center center","background-size":"auto","background-attachment":"scroll","background-type":"","background-media":"","overlay-type":"","overlay-color":"","overlay-opacity":"","overlay-gradient":""},"mobile":{"background-color":"","background-image":"","background-repeat":"repeat","background-position":"center center","background-size":"auto","background-attachment":"scroll","background-type":"","background-media":"","overlay-type":"","overlay-color":"","overlay-opacity":"","overlay-gradient":""}},"ast-content-background-meta":{"desktop":{"background-color":"var(--ast-global-color-5)","background-image":"","background-repeat":"repeat","background-position":"center center","background-size":"auto","background-attachment":"scroll","background-type":"","background-media":"","overlay-type":"","overlay-color":"","overlay-opacity":"","overlay-gradient":""},"tablet":{"background-color":"var(--ast-global-color-5)","background-image":"","background-repeat":"repeat","background-position":"center center","background-size":"auto","background-attachment":"scroll","background-type":"","background-media":"","overlay-type":"","overlay-color":"","overlay-opacity":"","overlay-gradient":""},"mobile":{"background-color":"var(--ast-global-color-5)","background-image":"","background-repeat":"repeat","background-position":"center center","background-size":"auto","background-attachment":"scroll","background-type":"","background-media":"","overlay-type":"","overlay-color":"","overlay-opacity":"","overlay-gradient":""}}},"product_brand":[],"product_cat":[745],"product_tag":[2006],"class_list":{"0":"post-7812","1":"product","2":"type-product","3":"status-publish","4":"has-post-thumbnail","6":"product_cat-otro-peptido-cosmetico","7":"product_tag-epitalon-epithalon-acetate-cas-307297-39-8-for-anti-aging-es","8":"desktop-align-left","9":"tablet-align-left","10":"mobile-align-left","12":"first","13":"instock","14":"shipping-taxable","15":"product-type-simple"},"_links":{"self":[{"href":"https:\/\/puyapeptide.net\/es\/wp-json\/wp\/v2\/product\/7812","targetHints":{"allow":["GET"]}}],"collection":[{"href":"https:\/\/puyapeptide.net\/es\/wp-json\/wp\/v2\/product"}],"about":[{"href":"https:\/\/puyapeptide.net\/es\/wp-json\/wp\/v2\/types\/product"}],"replies":[{"embeddable":true,"href":"https:\/\/puyapeptide.net\/es\/wp-json\/wp\/v2\/comments?post=7812"}],"wp:featuredmedia":[{"embeddable":true,"href":"https:\/\/puyapeptide.net\/es\/wp-json\/wp\/v2\/media\/2216"}],"wp:attachment":[{"href":"https:\/\/puyapeptide.net\/es\/wp-json\/wp\/v2\/media?parent=7812"}],"wp:term":[{"taxonomy":"product_brand","embeddable":true,"href":"https:\/\/puyapeptide.net\/es\/wp-json\/wp\/v2\/product_brand?post=7812"},{"taxonomy":"product_cat","embeddable":true,"href":"https:\/\/puyapeptide.net\/es\/wp-json\/wp\/v2\/product_cat?post=7812"},{"taxonomy":"product_tag","embeddable":true,"href":"https:\/\/puyapeptide.net\/es\/wp-json\/wp\/v2\/product_tag?post=7812"}],"curies":[{"name":"wp","href":"https:\/\/api.w.org\/{rel}","templated":true}]}}