{"id":7845,"date":"2021-12-16T11:16:40","date_gmt":"2021-12-16T16:16:40","guid":{"rendered":"https:\/\/puyapeptide.net\/product\/dsip-peptido-que-induce-el-sueno-cas-62568-57-4-ayuda-para-dormir-bien\/"},"modified":"2021-12-16T11:16:40","modified_gmt":"2021-12-16T16:16:40","slug":"dsip-peptido-que-induce-el-sueno-cas-62568-57-4-ayuda-para-dormir-bien","status":"publish","type":"product","link":"https:\/\/puyapeptide.net\/es\/product\/dsip-peptido-que-induce-el-sueno-cas-62568-57-4-ayuda-para-dormir-bien\/","title":{"rendered":"DSIP \/ P\u00c9PTIDO QUE INDUCE EL SUE\u00d1O CAS 62568-57-4 Ayuda para dormir bien"},"content":{"rendered":"<h2><strong>Drotaverine Hidroklorida \/ Drotaverine Hcl CAS 985-12-6<\/strong><\/h2>\n<p> Nombre del producto: DSIP<br \/>\n Sin\u00f3nimos: P\u00c9PTIDO QUE INDUCE EL SUE\u00d1O; WAGGDASGE; TRP-ALA-GLY-GLY-ASN-ALA-SER-GLY-GLU; TRP-ALA-GLY-GLY-ASP-ALA-SER- GLY-GLU; TRP-ALA-GLY-GLY-ASP-ALA-SER-GLY-GLU 4H2O; P\u00c9PTIDO QUE INDUCE EL SUE\u00d1O DELTA; P\u00c9PTIDO QUE INDUCE EL SUE\u00d1O DELTA 4H2O; DSIP<br \/>\n CAS: 62568-57-4<br \/>\n MF : C35H48N10O15<br \/>\n MW: 848,82<br \/>\n EINECS: 211-519-9<br \/>\n Categor\u00edas de productos: P\u00e9ptido<br \/>\n Mol Archivo: 62568-57-4.mol <\/p>\n<p> Delta p\u00e9ptido inductor del sue\u00f1o, abreviado DSIP, es un neurop\u00e9ptido que cuando se infunde en el ventr\u00edculo mesodiencef\u00e1lico de los conejos receptores induce la actividad del EEG delta y del huso y reduce las actividades motoras. <\/p>\n<p> <strong>DSIP CAS 985-12-6 Propiedades qu\u00edmicas<\/strong><br \/>\n Punto de ebullici\u00f3n 1522,7 \u00b1 65,0 \u00b0 C (previsto)<br \/>\n densidad 1,458 \u00b1 0,06 g \/ cm3 (previsto)<br \/>\n temp. De almacenamiento \u221220 \u00b0 C<br \/>\n pka 3,18 \u00b1 0,10 (previsto)<br \/>\n Solubilidad en agua Soluble en agua a 0,5 mg \/ ml<br \/>\n InChIKey ZRZROXNBKJAOKB-GFVHOAGBSA-N <\/p>\n<p> <strong>Funci\u00f3n DSIP<\/strong><br \/>\n Numerosos roles para Se han sugerido DSIP tras una investigaci\u00f3n realizada utilizando an\u00e1logos de p\u00e9ptidos con una mayor estabilidad molecular y mediante la medici\u00f3n de la respuesta inmunol\u00f3gica similar a DSIP (DSIP-LI) inyectando antisuero DSIP y anticuerpos <\/p>\n<p> <strong>Roles en la regulaci\u00f3n endocrina<\/strong><br \/>\n Disminuye basal nivel de corticotropina y bloquea su liberaci\u00f3n.<br \/>\n Estimula la liberaci\u00f3n de la hormona luteinizante (LH).<br \/>\n Estimula la liberaci\u00f3n de somatoliberina y la secreci\u00f3n de somatotropina e inhibe la secreci\u00f3n de somatostatina. <\/p>\n<p> <strong>Estructura e interacciones<\/strong><br \/>\n DSIP es un anfif\u00edlico p\u00e9ptido de peso molecular 850 daltons con el motivo de amino\u00e1cidos: N-Trp-Ala-Gly-Gly-Asp-Ala-Ser-Gly-Glu-C<br \/>\n Se ha encontrado tanto en forma libre como unida en el hipot\u00e1lamo, sistema l\u00edmbico y pituitaria, as\u00ed como varios \u00f3rganos perif\u00e9ricos, tejidos y fluidos corporales. [5] En la hip\u00f3fisis, se localiza junto con muchos mediadores pept\u00eddicos y no pept\u00eddicos, como el p\u00e9ptido intermedio similar a la corticotropina (CLIP), la hormona adrenocorticotr\u00f3fica (ACTH), la hormona estimulante de los melanocitos (MSH), la hormona estimulante del tiroides (TSH) y la concentraci\u00f3n de melanina. hormona (MCH). Es abundante en las c\u00e9lulas secretoras del intestino y en el p\u00e1ncreas donde se co-localiza con el glucag\u00f3n.<br \/>\n In vitro se ha encontrado que tiene una estabilidad molecular baja con una vida media de solo 15 minutos debido a la acci\u00f3n de un espec\u00edfico Enzima similar a la aminopeptidasa. Se ha sugerido que en el cuerpo forma un complejo con las prote\u00ednas transportadoras para evitar la degradaci\u00f3n, o existe como un componente de una gran mol\u00e9cula precursora, pero hasta ahora no se ha encontrado una estructura o gen para este precursor.<\/p>\n","protected":false},"excerpt":{"rendered":"<p>Nombre del producto: DSIP<br \/>\n CAS: 62568-57-4<br \/>\n MF: C35H48N10O15<br \/>\n MW: 848.82<br \/>\n EINECS: 211-519-9<br \/>\n Mol Archivo: 62568-57-4.mol<\/p>\n","protected":false},"featured_media":0,"comment_status":"open","ping_status":"closed","template":"","meta":{"om_disable_all_campaigns":false,"_monsterinsights_skip_tracking":false,"_monsterinsights_sitenote_active":false,"_monsterinsights_sitenote_note":"","_monsterinsights_sitenote_category":0,"site-sidebar-layout":"default","site-content-layout":"default","ast-site-content-layout":"default","site-content-style":"default","site-sidebar-style":"default","ast-global-header-display":"","ast-banner-title-visibility":"","ast-main-header-display":"","ast-hfb-above-header-display":"","ast-hfb-below-header-display":"","ast-hfb-mobile-header-display":"","site-post-title":"","ast-breadcrumbs-content":"","ast-featured-img":"","footer-sml-layout":"","ast-disable-related-posts":"","theme-transparent-header-meta":"default","adv-header-id-meta":"","stick-header-meta":"","header-above-stick-meta":"","header-main-stick-meta":"","header-below-stick-meta":"","astra-migrate-meta-layouts":"default","ast-page-background-enabled":"default","ast-page-background-meta":{"desktop":{"background-color":"","background-image":"","background-repeat":"repeat","background-position":"center center","background-size":"auto","background-attachment":"scroll","background-type":"","background-media":"","overlay-type":"","overlay-color":"","overlay-opacity":"","overlay-gradient":""},"tablet":{"background-color":"","background-image":"","background-repeat":"repeat","background-position":"center center","background-size":"auto","background-attachment":"scroll","background-type":"","background-media":"","overlay-type":"","overlay-color":"","overlay-opacity":"","overlay-gradient":""},"mobile":{"background-color":"","background-image":"","background-repeat":"repeat","background-position":"center center","background-size":"auto","background-attachment":"scroll","background-type":"","background-media":"","overlay-type":"","overlay-color":"","overlay-opacity":"","overlay-gradient":""}},"ast-content-background-meta":{"desktop":{"background-color":"var(--ast-global-color-5)","background-image":"","background-repeat":"repeat","background-position":"center center","background-size":"auto","background-attachment":"scroll","background-type":"","background-media":"","overlay-type":"","overlay-color":"","overlay-opacity":"","overlay-gradient":""},"tablet":{"background-color":"var(--ast-global-color-5)","background-image":"","background-repeat":"repeat","background-position":"center center","background-size":"auto","background-attachment":"scroll","background-type":"","background-media":"","overlay-type":"","overlay-color":"","overlay-opacity":"","overlay-gradient":""},"mobile":{"background-color":"var(--ast-global-color-5)","background-image":"","background-repeat":"repeat","background-position":"center center","background-size":"auto","background-attachment":"scroll","background-type":"","background-media":"","overlay-type":"","overlay-color":"","overlay-opacity":"","overlay-gradient":""}}},"product_brand":[],"product_cat":[523],"product_tag":[1961],"class_list":{"0":"post-7845","1":"product","2":"type-product","3":"status-publish","5":"product_cat-otros-peptidos","6":"product_tag-dsip-sleep-inducing-peptide-cas-62568-57-4-help-for-sleep-well-es","7":"desktop-align-left","8":"tablet-align-left","9":"mobile-align-left","11":"first","12":"instock","13":"shipping-taxable","14":"product-type-simple"},"_links":{"self":[{"href":"https:\/\/puyapeptide.net\/es\/wp-json\/wp\/v2\/product\/7845","targetHints":{"allow":["GET"]}}],"collection":[{"href":"https:\/\/puyapeptide.net\/es\/wp-json\/wp\/v2\/product"}],"about":[{"href":"https:\/\/puyapeptide.net\/es\/wp-json\/wp\/v2\/types\/product"}],"replies":[{"embeddable":true,"href":"https:\/\/puyapeptide.net\/es\/wp-json\/wp\/v2\/comments?post=7845"}],"wp:attachment":[{"href":"https:\/\/puyapeptide.net\/es\/wp-json\/wp\/v2\/media?parent=7845"}],"wp:term":[{"taxonomy":"product_brand","embeddable":true,"href":"https:\/\/puyapeptide.net\/es\/wp-json\/wp\/v2\/product_brand?post=7845"},{"taxonomy":"product_cat","embeddable":true,"href":"https:\/\/puyapeptide.net\/es\/wp-json\/wp\/v2\/product_cat?post=7845"},{"taxonomy":"product_tag","embeddable":true,"href":"https:\/\/puyapeptide.net\/es\/wp-json\/wp\/v2\/product_tag?post=7845"}],"curies":[{"name":"wp","href":"https:\/\/api.w.org\/{rel}","templated":true}]}}