{"id":7856,"date":"2021-12-16T11:16:43","date_gmt":"2021-12-16T16:16:43","guid":{"rendered":"https:\/\/puyapeptide.net\/product\/etelcalcetide-cas-1262780-97-1-desarrollado-para-su-uso-en-pacientes-con-enfermedad-renal-cronica-erc-que-estan-en-tratamiento-de-hemodialisis\/"},"modified":"2021-12-16T11:16:43","modified_gmt":"2021-12-16T16:16:43","slug":"etelcalcetide-cas-1262780-97-1-desarrollado-para-su-uso-en-pacientes-con-enfermedad-renal-cronica-erc-que-estan-en-tratamiento-de-hemodialisis","status":"publish","type":"product","link":"https:\/\/puyapeptide.net\/es\/product\/etelcalcetide-cas-1262780-97-1-desarrollado-para-su-uso-en-pacientes-con-enfermedad-renal-cronica-erc-que-estan-en-tratamiento-de-hemodialisis\/","title":{"rendered":"Etelcalcetide CAS 1262780-97-1 Desarrollado para su uso en pacientes con enfermedad renal cr\u00f3nica (ERC) que est\u00e1n en tratamiento de hemodi\u00e1lisis"},"content":{"rendered":"<h2><strong>Etelcalcetide CAS 1262780-97-1 Desarrollado para su uso en pacientes con enfermedad renal cr\u00f3nica (ERC) que est\u00e1n en tratamiento de hemodi\u00e1lisis<\/strong><\/h2>\n<p> Nombre del producto: Etelcalcetide<br \/>\n Sin\u00f3nimos: Etelcalcetide; D-Argininamide, N-acetyl-D-cysteinyl-D-alanyl-D-arginyl-D-arginyl-D-arginyl-D-alanyl-, disulfuro con L -ciste\u00edna; AMG-416 (Velcalcetide)<br \/>\n CAS: 1262780-97-1<br \/>\n MF: C38H73N21O10S2<br \/>\n MW: 1048.25<br \/>\n EINECS:<br \/>\n Categor\u00edas de productos:<br \/>\n Mol Archivo: 1262780- 97-1.mol <\/p>\n<p> Etelcalcetida es un nuevo CalcimimeticAgent (CalcimimeticAgent). Se administra por v\u00eda intravenosa y se desarrolla para pacientes con enfermedad renal cr\u00f3nica (ERC) sometidos a tratamiento de hemodi\u00e1lisis. AMG416 se une y activa los receptores sensibles al calcio en las gl\u00e1ndulas paratiroideas, lo que resulta en una reducci\u00f3n de los niveles de hormona paratiroidea (PTH).<br \/>\n &lt;&amp; &gt; <strong>Etelcalcetide CAS 1262780-97-1 Propiedades qu\u00edmicas<\/strong><br \/>\n densidad 1.58 \u00b1 0.1 g \/ cm3 (Previsto)<br \/>\n pka 2.01 \u00b1 0.10 (Previsto) <\/p>\n<p> <strong>Funci\u00f3n y aplicaci\u00f3n de Etelcalcetide CAS 1262780-97-1 Propiedades qu\u00edmicas<\/strong><br \/>\n Etelcalcetida activa el receptor sensor de calcio en las gl\u00e1ndulas paratiroideas reduciendo la s\u00edntesis y secreci\u00f3n de PTH. Se puede utilizar para el hiperparatiroidismo secundario asociado con la investigaci\u00f3n de la enfermedad renal cr\u00f3nica.<\/p>\n","protected":false},"excerpt":{"rendered":"<p>Nombre del producto: Etelcalcetide<br \/>\n CAS: 1262780-97-1<br \/>\n MF: C38H73N21O10S2<br \/>\n MW: 1048.25<br \/>\n Mol Archivo: 1262780-97-1.mol<\/p>\n","protected":false},"featured_media":0,"comment_status":"open","ping_status":"closed","template":"","meta":{"om_disable_all_campaigns":false,"_monsterinsights_skip_tracking":false,"_monsterinsights_sitenote_active":false,"_monsterinsights_sitenote_note":"","_monsterinsights_sitenote_category":0,"site-sidebar-layout":"default","site-content-layout":"default","ast-site-content-layout":"default","site-content-style":"default","site-sidebar-style":"default","ast-global-header-display":"","ast-banner-title-visibility":"","ast-main-header-display":"","ast-hfb-above-header-display":"","ast-hfb-below-header-display":"","ast-hfb-mobile-header-display":"","site-post-title":"","ast-breadcrumbs-content":"","ast-featured-img":"","footer-sml-layout":"","ast-disable-related-posts":"","theme-transparent-header-meta":"default","adv-header-id-meta":"","stick-header-meta":"","header-above-stick-meta":"","header-main-stick-meta":"","header-below-stick-meta":"","astra-migrate-meta-layouts":"default","ast-page-background-enabled":"default","ast-page-background-meta":{"desktop":{"background-color":"","background-image":"","background-repeat":"repeat","background-position":"center center","background-size":"auto","background-attachment":"scroll","background-type":"","background-media":"","overlay-type":"","overlay-color":"","overlay-opacity":"","overlay-gradient":""},"tablet":{"background-color":"","background-image":"","background-repeat":"repeat","background-position":"center center","background-size":"auto","background-attachment":"scroll","background-type":"","background-media":"","overlay-type":"","overlay-color":"","overlay-opacity":"","overlay-gradient":""},"mobile":{"background-color":"","background-image":"","background-repeat":"repeat","background-position":"center center","background-size":"auto","background-attachment":"scroll","background-type":"","background-media":"","overlay-type":"","overlay-color":"","overlay-opacity":"","overlay-gradient":""}},"ast-content-background-meta":{"desktop":{"background-color":"var(--ast-global-color-5)","background-image":"","background-repeat":"repeat","background-position":"center center","background-size":"auto","background-attachment":"scroll","background-type":"","background-media":"","overlay-type":"","overlay-color":"","overlay-opacity":"","overlay-gradient":""},"tablet":{"background-color":"var(--ast-global-color-5)","background-image":"","background-repeat":"repeat","background-position":"center center","background-size":"auto","background-attachment":"scroll","background-type":"","background-media":"","overlay-type":"","overlay-color":"","overlay-opacity":"","overlay-gradient":""},"mobile":{"background-color":"var(--ast-global-color-5)","background-image":"","background-repeat":"repeat","background-position":"center center","background-size":"auto","background-attachment":"scroll","background-type":"","background-media":"","overlay-type":"","overlay-color":"","overlay-opacity":"","overlay-gradient":""}}},"product_brand":[],"product_cat":[523],"product_tag":[1936],"class_list":{"0":"post-7856","1":"product","2":"type-product","3":"status-publish","5":"product_cat-otros-peptidos","6":"product_tag-etelcalcetide-cas-1262780-97-1-developed-for-use-in-patients-with-chronic-kidney-disease-ckd-who-are-on-hemodialysis-treatment-es","7":"desktop-align-left","8":"tablet-align-left","9":"mobile-align-left","11":"first","12":"instock","13":"shipping-taxable","14":"product-type-simple"},"_links":{"self":[{"href":"https:\/\/puyapeptide.net\/es\/wp-json\/wp\/v2\/product\/7856","targetHints":{"allow":["GET"]}}],"collection":[{"href":"https:\/\/puyapeptide.net\/es\/wp-json\/wp\/v2\/product"}],"about":[{"href":"https:\/\/puyapeptide.net\/es\/wp-json\/wp\/v2\/types\/product"}],"replies":[{"embeddable":true,"href":"https:\/\/puyapeptide.net\/es\/wp-json\/wp\/v2\/comments?post=7856"}],"wp:attachment":[{"href":"https:\/\/puyapeptide.net\/es\/wp-json\/wp\/v2\/media?parent=7856"}],"wp:term":[{"taxonomy":"product_brand","embeddable":true,"href":"https:\/\/puyapeptide.net\/es\/wp-json\/wp\/v2\/product_brand?post=7856"},{"taxonomy":"product_cat","embeddable":true,"href":"https:\/\/puyapeptide.net\/es\/wp-json\/wp\/v2\/product_cat?post=7856"},{"taxonomy":"product_tag","embeddable":true,"href":"https:\/\/puyapeptide.net\/es\/wp-json\/wp\/v2\/product_tag?post=7856"}],"curies":[{"name":"wp","href":"https:\/\/api.w.org\/{rel}","templated":true}]}}