{"id":7900,"date":"2021-12-16T11:19:51","date_gmt":"2021-12-16T16:19:51","guid":{"rendered":"https:\/\/puyapeptide.net\/product\/gonadorelin-gonadorelin-acetate-cas-33515-09-2-uso-para-tratar-la-infertilidad-y-la-acuicultura\/"},"modified":"2021-12-16T11:19:51","modified_gmt":"2021-12-16T16:19:51","slug":"gonadorelin-gonadorelin-acetate-cas-33515-09-2-uso-para-tratar-la-infertilidad-y-la-acuicultura","status":"publish","type":"product","link":"https:\/\/puyapeptide.net\/es\/product\/gonadorelin-gonadorelin-acetate-cas-33515-09-2-uso-para-tratar-la-infertilidad-y-la-acuicultura\/","title":{"rendered":"Gonadorelin \/ Gonadorelin acetate CAS 33515-09-2 Uso para tratar la infertilidad y la acuicultura"},"content":{"rendered":"<h2><strong>Gonadorelin \/ Gonadorelin acetate CAS 33515-09-2 Uso para tratar la infertilidad y la acuicultura<\/strong><\/h2>\n<p> Nombre del producto: Gonadorelina<br \/>\n Sin\u00f3nimos: Gonadoliberina, Luliberina; (2S) -N &#8211; [(2S) -1 &#8211; [[(2S) -1 &#8211; [[(2S) -1 &#8211; [[(2S) -1 &#8211; [[2 &#8211; [[(2S) -1 &#8211; [[(2S) -1 &#8211; [(2S) -2 &#8211; [(2-amino-2-oxoetil) carbamoil] pirrolidin-1-il] -5 &#8211; (diaminometilidenamino) -1-oxopentan-2-il] amino] -4-metil-1-oxopentan-2-il] amino] -2-oxoetil] amino] -3- (4-hidroxifenil) -1-oxopropan- 2-il] amino] -3-hidroxi-1-oxopropan-2-il] amino] -3- (1H-indol-3-il) -1-oxopropan-2-il] amino] -3- (1H- imidazol-5-il) -1-oxopropan-2-il] -5-oxopirrolidina-2-carboxamida; HORMONA LIBERADORA DE HORMONA LUTEINIZADORA HUMANA; HORMONA LIBERADORA DE HORMONA LUTEINIZADORA (HUMANA) PORCINA, RATA; HORMONA LIBERADORA DE LUTEINIZACI\u00d3N ; HORMONA LIBERADORA DE HORMONAS LUTEINIZADORAS; FACTOR LIBERADOR DE HORMONAS LUTEINIZADORAS (BREAM); HORMONA LIBERADORA DE HORMONAS LUTEINIZADORAS<br \/>\n CAS: 33515-09-2<br \/>\n MF: C55H75N17O13<br \/>\n: 1182.31S<br \/>\n: 1182.31S 553-1<br \/>\n Categor\u00edas de productos: p\u00e9ptido; Receptores de p\u00e9ptidos; Hormona liberadora de gonadotropina (GnRH); Farmac\u00e9utica<br \/>\n Mol Archivo: 33515-09-2.mol <\/p>\n<p> <strong>Gonadorelina \/ Gonadorelina aceta te CAS 33515-09-2 Propiedades qu\u00edmicas<\/strong><br \/>\n densidad 1,54<br \/>\n forma pura<br \/>\n pka 9,82 \u00b1 0,15 (Previsto)<br \/>\n InChIKey XLXSAKCOAKORKW-AQJXLSMYSA-N <\/p>\n<p> <strong>Usos de gonadorelina \/ acetato de gonadorelina CAS 33515-09-2<\/strong><br \/>\n Se utiliza para el tratamiento de enfermedades reproductivas en las vacas y el manejo reproductivo de las vacas, incluidos los procedimientos de inseminaci\u00f3n programada y de celo simult\u00e1neo. Se utiliza principalmente en los aspectos cl\u00ednicos de la cr\u00eda de ganado en China y para el estro simult\u00e1neo y la inseminaci\u00f3n programada de vacas. Se utiliza principalmente en vacas con funci\u00f3n ov\u00e1rica inactiva, donde el volumen ov\u00e1rico es b\u00e1sicamente normal en el examen directo y no hay fol\u00edculos en desarrollo ni cuerpo l\u00fateo. Se recomienda para el tratamiento cl\u00ednico de vacas con ovarios inactivos a una dosis de 200 mcg. Chemicalbook Estro simult\u00e1neo e inseminaci\u00f3n programada, la primera inyecci\u00f3n de hormona liberadora de hormona luteinizante, seguida 7 d\u00edas despu\u00e9s de 0,5 mg \/ cabeza de prostaglandina para disolver el cuerpo l\u00fateo reci\u00e9n formado. 48 horas despu\u00e9s, la segunda inyecci\u00f3n de hormona liberadora de hormona luteinizante, seguida de 16 a 24 horas de inseminaci\u00f3n artificial cronometrada. La dosis recomendada de este producto para aplicaciones de inseminaci\u00f3n programada y estro concurrente en vacas es de 100 mcg. <\/p>\n<p> <strong>Usos de Gonadorelina \/ Acetato de Gonadorelina CAS 33515-09-2<\/strong><br \/>\n 1. Estudios bioqu\u00edmicos; tiene el efecto de estimular la secreci\u00f3n de hormonas sexuales (LH y FSH) por la gl\u00e1ndula pituitaria anterior, utilizadas en el tratamiento de la infertilidad; utilizado en acuicultura para promover la ovulaci\u00f3n de los peces parentales Chemicalbook.<br \/>\n 2. Diagn\u00f3stico y tratamiento de la infertilidad hipotal\u00e1mica, amenorrea secundaria y amenorrea en mujeres normales individuales debido al uso prolongado de anticonceptivos esteroides.<\/p>\n","protected":false},"excerpt":{"rendered":"<p>Nombre del producto: Gonadorelina<br \/>\n CAS: 33515-09-2<br \/>\n MF: C55H75N17O13<br \/>\n MW: 1182.31<br \/>\n EINECS: 251-553-1<br \/>\n Mol Archivo: 33515-09-2.mol<\/p>\n","protected":false},"featured_media":2279,"comment_status":"closed","ping_status":"closed","template":"","meta":{"om_disable_all_campaigns":false,"_monsterinsights_skip_tracking":false,"_monsterinsights_sitenote_active":false,"_monsterinsights_sitenote_note":"","_monsterinsights_sitenote_category":0,"site-sidebar-layout":"default","site-content-layout":"default","ast-site-content-layout":"default","site-content-style":"default","site-sidebar-style":"default","ast-global-header-display":"","ast-banner-title-visibility":"","ast-main-header-display":"","ast-hfb-above-header-display":"","ast-hfb-below-header-display":"","ast-hfb-mobile-header-display":"","site-post-title":"","ast-breadcrumbs-content":"","ast-featured-img":"","footer-sml-layout":"","ast-disable-related-posts":"","theme-transparent-header-meta":"default","adv-header-id-meta":"","stick-header-meta":"","header-above-stick-meta":"","header-main-stick-meta":"","header-below-stick-meta":"","astra-migrate-meta-layouts":"default","ast-page-background-enabled":"default","ast-page-background-meta":{"desktop":{"background-color":"","background-image":"","background-repeat":"repeat","background-position":"center center","background-size":"auto","background-attachment":"scroll","background-type":"","background-media":"","overlay-type":"","overlay-color":"","overlay-opacity":"","overlay-gradient":""},"tablet":{"background-color":"","background-image":"","background-repeat":"repeat","background-position":"center center","background-size":"auto","background-attachment":"scroll","background-type":"","background-media":"","overlay-type":"","overlay-color":"","overlay-opacity":"","overlay-gradient":""},"mobile":{"background-color":"","background-image":"","background-repeat":"repeat","background-position":"center center","background-size":"auto","background-attachment":"scroll","background-type":"","background-media":"","overlay-type":"","overlay-color":"","overlay-opacity":"","overlay-gradient":""}},"ast-content-background-meta":{"desktop":{"background-color":"var(--ast-global-color-5)","background-image":"","background-repeat":"repeat","background-position":"center center","background-size":"auto","background-attachment":"scroll","background-type":"","background-media":"","overlay-type":"","overlay-color":"","overlay-opacity":"","overlay-gradient":""},"tablet":{"background-color":"var(--ast-global-color-5)","background-image":"","background-repeat":"repeat","background-position":"center center","background-size":"auto","background-attachment":"scroll","background-type":"","background-media":"","overlay-type":"","overlay-color":"","overlay-opacity":"","overlay-gradient":""},"mobile":{"background-color":"var(--ast-global-color-5)","background-image":"","background-repeat":"repeat","background-position":"center center","background-size":"auto","background-attachment":"scroll","background-type":"","background-media":"","overlay-type":"","overlay-color":"","overlay-opacity":"","overlay-gradient":""}}},"product_brand":[],"product_cat":[439],"product_tag":[1891],"class_list":{"0":"post-7900","1":"product","2":"type-product","3":"status-publish","4":"has-post-thumbnail","6":"product_cat-peptido-urogenital","7":"product_tag-gonadorelin-gonadorelin-acetate-cas-33515-09-2-use-for-treat-infertility-and-aquaculture-es","8":"desktop-align-left","9":"tablet-align-left","10":"mobile-align-left","12":"first","13":"instock","14":"shipping-taxable","15":"product-type-simple"},"_links":{"self":[{"href":"https:\/\/puyapeptide.net\/es\/wp-json\/wp\/v2\/product\/7900","targetHints":{"allow":["GET"]}}],"collection":[{"href":"https:\/\/puyapeptide.net\/es\/wp-json\/wp\/v2\/product"}],"about":[{"href":"https:\/\/puyapeptide.net\/es\/wp-json\/wp\/v2\/types\/product"}],"replies":[{"embeddable":true,"href":"https:\/\/puyapeptide.net\/es\/wp-json\/wp\/v2\/comments?post=7900"}],"wp:featuredmedia":[{"embeddable":true,"href":"https:\/\/puyapeptide.net\/es\/wp-json\/wp\/v2\/media\/2279"}],"wp:attachment":[{"href":"https:\/\/puyapeptide.net\/es\/wp-json\/wp\/v2\/media?parent=7900"}],"wp:term":[{"taxonomy":"product_brand","embeddable":true,"href":"https:\/\/puyapeptide.net\/es\/wp-json\/wp\/v2\/product_brand?post=7900"},{"taxonomy":"product_cat","embeddable":true,"href":"https:\/\/puyapeptide.net\/es\/wp-json\/wp\/v2\/product_cat?post=7900"},{"taxonomy":"product_tag","embeddable":true,"href":"https:\/\/puyapeptide.net\/es\/wp-json\/wp\/v2\/product_tag?post=7900"}],"curies":[{"name":"wp","href":"https:\/\/api.w.org\/{rel}","templated":true}]}}