{"id":7939,"date":"2021-12-16T11:21:45","date_gmt":"2021-12-16T16:21:45","guid":{"rendered":"https:\/\/puyapeptide.net\/product\/venta-caliente-dynorphin-a-1-13-cas-72957-38-1\/"},"modified":"2021-12-16T11:21:45","modified_gmt":"2021-12-16T16:21:45","slug":"venta-caliente-dynorphin-a-1-13-cas-72957-38-1","status":"publish","type":"product","link":"https:\/\/puyapeptide.net\/es\/product\/venta-caliente-dynorphin-a-1-13-cas-72957-38-1\/","title":{"rendered":"Venta caliente Dynorphin A (1-13) CAS 72957-38-1"},"content":{"rendered":"<h2><strong>Venta caliente Dynorphin A (1-13) CAS 72957-38-1<\/strong><\/h2>\n<p> Nombre del producto: Dinorfina A (1-13)<br \/>\n Sin\u00f3nimos: TYR-GLY-GLY-PHE-LEU-ARG-ARG-ILE-ARG-PRO-LYS-LEU-LYS; TYR-GLY-GLY- PHE-LEU-ARG-ARG-ILE-ARG-PRO-LYS-LEU-LYS 5ACOH 6H2O; TYR-GLY-GLY-PHE-LEU-ARG-ARG-ILE-ARG-PRO-LYS-LEU-LYS PORCINO; YGGFLRRIRPKLK ; L-TYR-GLY-GLY-PHE-LEU-ARG-ARG-ILE-ARG-PRO-LYS-LEU-LYS; DYNORPHIN A PORCINE FRAGMENT 1-13; DYNORPHIN A (HUMAN, 1-13); DYNORPHIN A ( HUMANOS, 1-13) (PORCINOS, RATAS, BOVINOS)<br \/>\n CAS: 72957-38-1<br \/>\n MF: C75H126N24O15<br \/>\n MW: 1603.95<br \/>\n EINECS:<br \/>\n Categor\u00edas de productos: Receptor de opioides y opioides -receptor; p\u00e9ptido; dinorfinas; p\u00e9ptidos para biolog\u00eda celular; dinorfinas; neurop\u00e9ptidos; p\u00e9ptidos opioides<br \/>\n Mol File: 72957-38-1.mol <\/p>\n<p> Es un nuevo tipo de polip\u00e9ptido activo similar a la morfina, que puede estimula los receptores de opioides y puede ser el ligando end\u00f3geno de los receptores de opioides. <\/p>\n<p> <strong>Dinorfina A (1-13) CAS 72957-38-1 Propiedades qu\u00edmicas<\/strong><br \/>\n densidad 1,39 \u00b1 0,1 g \/ cm3 (previsto)<br \/>\n RTECS JV7436666<br \/>\n temperatura de almacenamiento. Atm\u00f3sfera inerte, Almacenar en congelador, por debajo de -20 \u00b0 C<br \/>\n pka 3.31 \u00b1 0.10 (Previsto) <\/p>\n<p> <strong>Funci\u00f3n y aplicaci\u00f3n de dinorfina A (1-13) CAS 72957-38-1<\/strong><br \/>\n Dinorfina porcina A (1-13) es un potente agonista del receptor opioide end\u00f3geno que tiene efectos analg\u00e9sicos a concentraciones fisiol\u00f3gicas.<\/p>\n","protected":false},"excerpt":{"rendered":"<p>Nombre del producto: Dinorfina A (1-13)<br \/>\n CAS: 72957-38-1<br \/>\n MF: C75H126N24O15<br \/>\n MW: 1603.95<br \/>\n Mol Archivo: 72957-38-1.mol<\/p>\n","protected":false},"featured_media":2174,"comment_status":"open","ping_status":"closed","template":"","meta":{"om_disable_all_campaigns":false,"_monsterinsights_skip_tracking":false,"_monsterinsights_sitenote_active":false,"_monsterinsights_sitenote_note":"","_monsterinsights_sitenote_category":0,"site-sidebar-layout":"default","site-content-layout":"default","ast-site-content-layout":"default","site-content-style":"default","site-sidebar-style":"default","ast-global-header-display":"","ast-banner-title-visibility":"","ast-main-header-display":"","ast-hfb-above-header-display":"","ast-hfb-below-header-display":"","ast-hfb-mobile-header-display":"","site-post-title":"","ast-breadcrumbs-content":"","ast-featured-img":"","footer-sml-layout":"","ast-disable-related-posts":"","theme-transparent-header-meta":"default","adv-header-id-meta":"","stick-header-meta":"","header-above-stick-meta":"","header-main-stick-meta":"","header-below-stick-meta":"","astra-migrate-meta-layouts":"default","ast-page-background-enabled":"default","ast-page-background-meta":{"desktop":{"background-color":"","background-image":"","background-repeat":"repeat","background-position":"center center","background-size":"auto","background-attachment":"scroll","background-type":"","background-media":"","overlay-type":"","overlay-color":"","overlay-opacity":"","overlay-gradient":""},"tablet":{"background-color":"","background-image":"","background-repeat":"repeat","background-position":"center center","background-size":"auto","background-attachment":"scroll","background-type":"","background-media":"","overlay-type":"","overlay-color":"","overlay-opacity":"","overlay-gradient":""},"mobile":{"background-color":"","background-image":"","background-repeat":"repeat","background-position":"center center","background-size":"auto","background-attachment":"scroll","background-type":"","background-media":"","overlay-type":"","overlay-color":"","overlay-opacity":"","overlay-gradient":""}},"ast-content-background-meta":{"desktop":{"background-color":"var(--ast-global-color-5)","background-image":"","background-repeat":"repeat","background-position":"center center","background-size":"auto","background-attachment":"scroll","background-type":"","background-media":"","overlay-type":"","overlay-color":"","overlay-opacity":"","overlay-gradient":""},"tablet":{"background-color":"var(--ast-global-color-5)","background-image":"","background-repeat":"repeat","background-position":"center center","background-size":"auto","background-attachment":"scroll","background-type":"","background-media":"","overlay-type":"","overlay-color":"","overlay-opacity":"","overlay-gradient":""},"mobile":{"background-color":"var(--ast-global-color-5)","background-image":"","background-repeat":"repeat","background-position":"center center","background-size":"auto","background-attachment":"scroll","background-type":"","background-media":"","overlay-type":"","overlay-color":"","overlay-opacity":"","overlay-gradient":""}}},"product_brand":[],"product_cat":[523],"product_tag":[1842],"class_list":{"0":"post-7939","1":"product","2":"type-product","3":"status-publish","4":"has-post-thumbnail","6":"product_cat-otros-peptidos","7":"product_tag-hot-sale-dynorphin-a-1-13-cas-72957-38-1-es","8":"desktop-align-left","9":"tablet-align-left","10":"mobile-align-left","12":"first","13":"instock","14":"shipping-taxable","15":"product-type-simple"},"_links":{"self":[{"href":"https:\/\/puyapeptide.net\/es\/wp-json\/wp\/v2\/product\/7939","targetHints":{"allow":["GET"]}}],"collection":[{"href":"https:\/\/puyapeptide.net\/es\/wp-json\/wp\/v2\/product"}],"about":[{"href":"https:\/\/puyapeptide.net\/es\/wp-json\/wp\/v2\/types\/product"}],"replies":[{"embeddable":true,"href":"https:\/\/puyapeptide.net\/es\/wp-json\/wp\/v2\/comments?post=7939"}],"wp:featuredmedia":[{"embeddable":true,"href":"https:\/\/puyapeptide.net\/es\/wp-json\/wp\/v2\/media\/2174"}],"wp:attachment":[{"href":"https:\/\/puyapeptide.net\/es\/wp-json\/wp\/v2\/media?parent=7939"}],"wp:term":[{"taxonomy":"product_brand","embeddable":true,"href":"https:\/\/puyapeptide.net\/es\/wp-json\/wp\/v2\/product_brand?post=7939"},{"taxonomy":"product_cat","embeddable":true,"href":"https:\/\/puyapeptide.net\/es\/wp-json\/wp\/v2\/product_cat?post=7939"},{"taxonomy":"product_tag","embeddable":true,"href":"https:\/\/puyapeptide.net\/es\/wp-json\/wp\/v2\/product_tag?post=7939"}],"curies":[{"name":"wp","href":"https:\/\/api.w.org\/{rel}","templated":true}]}}