{"id":7945,"date":"2021-12-16T11:21:48","date_gmt":"2021-12-16T16:21:48","guid":{"rendered":"https:\/\/puyapeptide.net\/product\/deslorelin-deslorelin-acetate-cas-57773-65-6-tratamiento-del-cancer-de-prostata\/"},"modified":"2021-12-16T11:21:48","modified_gmt":"2021-12-16T16:21:48","slug":"deslorelin-deslorelin-acetate-cas-57773-65-6-tratamiento-del-cancer-de-prostata","status":"publish","type":"product","link":"https:\/\/puyapeptide.net\/es\/product\/deslorelin-deslorelin-acetate-cas-57773-65-6-tratamiento-del-cancer-de-prostata\/","title":{"rendered":"Deslorelin \/ Deslorelin Acetate CAS 57773-65-6 Tratamiento del c\u00e1ncer de pr\u00f3stata"},"content":{"rendered":"<h2><strong>Deslorelin \/ Deslorelin Acetate CAS 57773-65-6 Tratamiento del c\u00e1ncer de pr\u00f3stata<\/strong><\/h2>\n<p> Nombre del producto: Deslorelin<br \/>\n Sin\u00f3nimos: GLP-HIS-TRP-SER-TYR-D-TRP-LEU-ARG-PRO-NHET; [D-TRP6, DES-GLY10] -LH-RH ETHYLAMIDE; DESORELIN ; DESLORELIN; acetato de deslorelina; DESLORELIN (HUMANO); DES-GLY10, [D-TRP6] -LH-RH ETILAMIDA; (DES-GLY10, D-TRP6, PRO-NHET9) -HORMONA LIBERADORA DE GONADOTROPINA<br \/>\n CAS: 57773 -65-6<br \/>\n MF: C64H83N17O12<br \/>\n MW: 1282,48<br \/>\n EINECS: 637-335-2<br \/>\n Categor\u00edas de productos: hormonas; P\u00e9ptido<br \/>\n Mol Archivo: 57773-65-6.mol &lt;&amp; &gt;<br \/>\n Deslorelin \/ Dehydronandrolon acetate es un intermedio clave para la s\u00edntesis (faslodex), mientras que el primero era un f\u00e1rmaco contra el c\u00e1ncer de mama desarrollado por AstraZeneca Company y el segundo era un esteroide sint\u00e9tico comercializado por Organon Company para las molestias post climat\u00e9ricas. Es un compuesto eficaz que produce ganancias musculares duraderas y de calidad. Esto se debe a la vida media relativamente larga del f\u00e1rmaco. Los usuarios informan efectos secundarios leves, siendo el mayor efecto secundario la retenci\u00f3n de agua. es un intermedio clave para la s\u00edntesis (faslodex), mientras que el primero era un f\u00e1rmaco contra el c\u00e1ncer de mama desarrollado por AstraZeneca Company y el segundo era un esteroide sint\u00e9tico comercializado por Organon Company para las molestias post climat\u00e9ricas. Es un compuesto eficaz que produce ganancias musculares duraderas y de calidad. Esto se debe a la vida media relativamente larga del f\u00e1rmaco. Los usuarios informan efectos secundarios leves, siendo el mayor efecto secundario la retenci\u00f3n de agua. es un intermedio clave para la s\u00edntesis (faslodex), mientras que el primero era un f\u00e1rmaco contra el c\u00e1ncer de mama desarrollado por AstraZeneca Company y el segundo era un esteroide sint\u00e9tico comercializado por Organon Company para las molestias post climat\u00e9ricas. Es un compuesto eficaz que produce ganancias musculares duraderas y de calidad. Esto se debe a la vida media relativamente larga del f\u00e1rmaco. Los usuarios informan efectos secundarios leves, siendo el mayor efecto secundario la retenci\u00f3n de agua. <\/p>\n<p> <strong>Deslorelin \/ Deslorelin Acetate CAS 57773-65-6 Propiedades qu\u00edmicas<\/strong><br \/>\n alpha D24 -61 \u00b0 (c = 0.37 en 0.1M \u00e1cido ac\u00e9tico )<br \/>\n densidad 1,48 \u00b1 0,1 g \/ cm3 (predicha)<br \/>\n temp. de almacenamiento \u221220 \u00b0 C<br \/>\n pka 9.82 \u00b1 0.15 (Previsto)<br \/>\n Referencia de la base de datos CAS 57773-65-6 (Referencia de la base de datos CAS) <\/p>\n<p> <strong>Funci\u00f3n y aplicaci\u00f3n de Deslorelina \/ Acetato de Deslorelina CAS 57773-65-6<\/strong><br \/>\n Deslorelin se prob\u00f3 con \u00e9xito en los EE. UU. Y se aprob\u00f3 para uso veterinario en determinadas circunstancias. En Europa, fue aprobado para su uso en reproducci\u00f3n asistida equina.<br \/>\n Tambi\u00e9n se est\u00e1 probando en humanos para estudiar su eficacia en el tratamiento del c\u00e1ncer de mama en mujeres y en el tratamiento de la pubertad precoz y la hiperplasia suprarrenal cong\u00e9nita en ni\u00f1os y ni\u00f1as.<\/p>\n","protected":false},"excerpt":{"rendered":"<p>Nombre del producto: Deslorelina<br \/>\n CAS: 57773-65-6<br \/>\n MF: C64H83N17O12<br \/>\n MW: 1282.48<br \/>\n EINECS: 637-335-2<br \/>\n Mol Archivo: 57773-65-6.mol<\/p>\n","protected":false},"featured_media":2111,"comment_status":"open","ping_status":"closed","template":"","meta":{"om_disable_all_campaigns":false,"_monsterinsights_skip_tracking":false,"_monsterinsights_sitenote_active":false,"_monsterinsights_sitenote_note":"","_monsterinsights_sitenote_category":0,"site-sidebar-layout":"default","site-content-layout":"default","ast-site-content-layout":"default","site-content-style":"default","site-sidebar-style":"default","ast-global-header-display":"","ast-banner-title-visibility":"","ast-main-header-display":"","ast-hfb-above-header-display":"","ast-hfb-below-header-display":"","ast-hfb-mobile-header-display":"","site-post-title":"","ast-breadcrumbs-content":"","ast-featured-img":"","footer-sml-layout":"","ast-disable-related-posts":"","theme-transparent-header-meta":"default","adv-header-id-meta":"","stick-header-meta":"","header-above-stick-meta":"","header-main-stick-meta":"","header-below-stick-meta":"","astra-migrate-meta-layouts":"default","ast-page-background-enabled":"default","ast-page-background-meta":{"desktop":{"background-color":"","background-image":"","background-repeat":"repeat","background-position":"center center","background-size":"auto","background-attachment":"scroll","background-type":"","background-media":"","overlay-type":"","overlay-color":"","overlay-opacity":"","overlay-gradient":""},"tablet":{"background-color":"","background-image":"","background-repeat":"repeat","background-position":"center center","background-size":"auto","background-attachment":"scroll","background-type":"","background-media":"","overlay-type":"","overlay-color":"","overlay-opacity":"","overlay-gradient":""},"mobile":{"background-color":"","background-image":"","background-repeat":"repeat","background-position":"center center","background-size":"auto","background-attachment":"scroll","background-type":"","background-media":"","overlay-type":"","overlay-color":"","overlay-opacity":"","overlay-gradient":""}},"ast-content-background-meta":{"desktop":{"background-color":"var(--ast-global-color-5)","background-image":"","background-repeat":"repeat","background-position":"center center","background-size":"auto","background-attachment":"scroll","background-type":"","background-media":"","overlay-type":"","overlay-color":"","overlay-opacity":"","overlay-gradient":""},"tablet":{"background-color":"var(--ast-global-color-5)","background-image":"","background-repeat":"repeat","background-position":"center center","background-size":"auto","background-attachment":"scroll","background-type":"","background-media":"","overlay-type":"","overlay-color":"","overlay-opacity":"","overlay-gradient":""},"mobile":{"background-color":"var(--ast-global-color-5)","background-image":"","background-repeat":"repeat","background-position":"center center","background-size":"auto","background-attachment":"scroll","background-type":"","background-media":"","overlay-type":"","overlay-color":"","overlay-opacity":"","overlay-gradient":""}}},"product_brand":[],"product_cat":[385],"product_tag":[1875],"class_list":{"0":"post-7945","1":"product","2":"type-product","3":"status-publish","4":"has-post-thumbnail","6":"product_cat-peptido-antitumoral","7":"product_tag-deslorelin-deslorelin-acetate-cas-57773-65-6-treatment-of-prostate-cancer-es","8":"desktop-align-left","9":"tablet-align-left","10":"mobile-align-left","12":"first","13":"instock","14":"shipping-taxable","15":"product-type-simple"},"_links":{"self":[{"href":"https:\/\/puyapeptide.net\/es\/wp-json\/wp\/v2\/product\/7945","targetHints":{"allow":["GET"]}}],"collection":[{"href":"https:\/\/puyapeptide.net\/es\/wp-json\/wp\/v2\/product"}],"about":[{"href":"https:\/\/puyapeptide.net\/es\/wp-json\/wp\/v2\/types\/product"}],"replies":[{"embeddable":true,"href":"https:\/\/puyapeptide.net\/es\/wp-json\/wp\/v2\/comments?post=7945"}],"wp:featuredmedia":[{"embeddable":true,"href":"https:\/\/puyapeptide.net\/es\/wp-json\/wp\/v2\/media\/2111"}],"wp:attachment":[{"href":"https:\/\/puyapeptide.net\/es\/wp-json\/wp\/v2\/media?parent=7945"}],"wp:term":[{"taxonomy":"product_brand","embeddable":true,"href":"https:\/\/puyapeptide.net\/es\/wp-json\/wp\/v2\/product_brand?post=7945"},{"taxonomy":"product_cat","embeddable":true,"href":"https:\/\/puyapeptide.net\/es\/wp-json\/wp\/v2\/product_cat?post=7945"},{"taxonomy":"product_tag","embeddable":true,"href":"https:\/\/puyapeptide.net\/es\/wp-json\/wp\/v2\/product_tag?post=7945"}],"curies":[{"name":"wp","href":"https:\/\/api.w.org\/{rel}","templated":true}]}}