{"id":7964,"date":"2021-12-16T11:23:17","date_gmt":"2021-12-16T16:23:17","guid":{"rendered":"https:\/\/puyapeptide.net\/product\/puya-supply-ipamorelin-acetato-de-ipamorelin-cas-170851-70-4\/"},"modified":"2021-12-16T11:23:17","modified_gmt":"2021-12-16T16:23:17","slug":"puya-supply-ipamorelin-acetato-de-ipamorelin-cas-170851-70-4","status":"publish","type":"product","link":"https:\/\/puyapeptide.net\/es\/product\/puya-supply-ipamorelin-acetato-de-ipamorelin-cas-170851-70-4\/","title":{"rendered":"Puya Supply Ipamorelin \/ acetato de Ipamorelin CAS 170851-70-4"},"content":{"rendered":"<h2><strong>Puya Supply Ipamorelin \/ acetato de Ipamorelin CAS 170851-70-4<\/strong><\/h2>\n<p> Nombre del producto: Ipamorelin<br \/>\n Sin\u00f3nimos: IpoMarelin; Acetato de IpaMorelin; Aib-His-D-2-Nal-D-Phe-Lys-NH2; IPAMORELIN (1MG); IPAMORELIN (5MG); 2-Metilalanil-L -histidil-3- (2-naftil) -D-alanil-D-fenilalanil-L-lisinamida; L-lisinamida, 2-metilalanil-L-histidil-3- (2-naftalenil) -D-alanil-D-fenilalanilo -; NNC-26-0161<br \/>\n CAS: 170851-70-4<br \/>\n MF: C38H49N9O5<br \/>\n MW: 711.85<br \/>\n EINECS:<br \/>\n Categor\u00edas de productos: P\u00e9ptidos<br \/>\n Archivo Mol: 170851-70 -4.mol <\/p>\n<p> Ipamorelin es un GHRP (p\u00e9ptido liberador de hormona del crecimiento), que se considera el m\u00e1s suave, porque se libera de forma estable y lenta sin una fuerte desensibilizaci\u00f3n. Ipamorelin tiene una funci\u00f3n simple y puede aumentar la producci\u00f3n de GH natural en el cuerpo. Ay\u00fadenos a construir tejido fino nuevo y ayude a proteger el tejido fino existente. Es bueno para dormir y tiene efecto anti-envejecimiento Entre las variedades de p\u00e9ptidos secretagogos de la hormona del crecimiento. <\/p>\n<p> <strong>Ipamorelin \/ Acetato de Ipamorelin CAS 170851-70-4 Propiedades qu\u00edmicas<\/strong><br \/>\n Punto de ebullici\u00f3n 1185.5 \u00b1 65.0 \u00b0 C (Previsto) &lt; &amp;&gt; densidad 1,263 \u00b1 0,06 g \/ cm3 (previsto)<br \/>\n pka 13,04 \u00b1 0,46 (previsto) <\/p>\n<p> <strong>Funci\u00f3n y aplicaci\u00f3n de Ipamorelin \/ Acetato de Ipamorelin CAS 170851-70-4<\/strong><br \/>\n Ipomorelin es un nuevo fascinante descubrimiento de la construcci\u00f3n de m\u00fasculo que est\u00e1 recibiendo mucha atenci\u00f3n en el mundo del culturismo. Como el p\u00e9ptido GHRP \/ 6 (hexap\u00e9ptido liberador), es un p\u00e9ptido sint\u00e9tico que tiene poderosas propiedades liberadoras. Y estas propiedades liberadoras son lo que interesa a los atletas y culturistas, ya que pueden marcar una gran diferencia en la cantidad de m\u00fasculo que puedes desarrollar y la rapidez con la que quemas grasa.<\/p>\n","protected":false},"excerpt":{"rendered":"<p>Nombre del producto: Ipamorelin<br \/>\n CAS: 170851-70-4<br \/>\n MF: C38H49N9O5<br \/>\n MW: 711.85<br \/>\n Mol Archivo: 170851-70-4.mol<\/p>\n","protected":false},"featured_media":2216,"comment_status":"open","ping_status":"closed","template":"","meta":{"om_disable_all_campaigns":false,"_monsterinsights_skip_tracking":false,"_monsterinsights_sitenote_active":false,"_monsterinsights_sitenote_note":"","_monsterinsights_sitenote_category":0,"site-sidebar-layout":"default","site-content-layout":"default","ast-site-content-layout":"default","site-content-style":"default","site-sidebar-style":"default","ast-global-header-display":"","ast-banner-title-visibility":"","ast-main-header-display":"","ast-hfb-above-header-display":"","ast-hfb-below-header-display":"","ast-hfb-mobile-header-display":"","site-post-title":"","ast-breadcrumbs-content":"","ast-featured-img":"","footer-sml-layout":"","ast-disable-related-posts":"","theme-transparent-header-meta":"default","adv-header-id-meta":"","stick-header-meta":"","header-above-stick-meta":"","header-main-stick-meta":"","header-below-stick-meta":"","astra-migrate-meta-layouts":"default","ast-page-background-enabled":"default","ast-page-background-meta":{"desktop":{"background-color":"","background-image":"","background-repeat":"repeat","background-position":"center center","background-size":"auto","background-attachment":"scroll","background-type":"","background-media":"","overlay-type":"","overlay-color":"","overlay-opacity":"","overlay-gradient":""},"tablet":{"background-color":"","background-image":"","background-repeat":"repeat","background-position":"center center","background-size":"auto","background-attachment":"scroll","background-type":"","background-media":"","overlay-type":"","overlay-color":"","overlay-opacity":"","overlay-gradient":""},"mobile":{"background-color":"","background-image":"","background-repeat":"repeat","background-position":"center center","background-size":"auto","background-attachment":"scroll","background-type":"","background-media":"","overlay-type":"","overlay-color":"","overlay-opacity":"","overlay-gradient":""}},"ast-content-background-meta":{"desktop":{"background-color":"var(--ast-global-color-5)","background-image":"","background-repeat":"repeat","background-position":"center center","background-size":"auto","background-attachment":"scroll","background-type":"","background-media":"","overlay-type":"","overlay-color":"","overlay-opacity":"","overlay-gradient":""},"tablet":{"background-color":"var(--ast-global-color-5)","background-image":"","background-repeat":"repeat","background-position":"center center","background-size":"auto","background-attachment":"scroll","background-type":"","background-media":"","overlay-type":"","overlay-color":"","overlay-opacity":"","overlay-gradient":""},"mobile":{"background-color":"var(--ast-global-color-5)","background-image":"","background-repeat":"repeat","background-position":"center center","background-size":"auto","background-attachment":"scroll","background-type":"","background-media":"","overlay-type":"","overlay-color":"","overlay-opacity":"","overlay-gradient":""}}},"product_brand":[],"product_cat":[523],"product_tag":[1822],"class_list":{"0":"post-7964","1":"product","2":"type-product","3":"status-publish","4":"has-post-thumbnail","6":"product_cat-otros-peptidos","7":"product_tag-puya-supply-ipamorelin-ipamorelin-acetate-cas-170851-70-4-es","8":"desktop-align-left","9":"tablet-align-left","10":"mobile-align-left","12":"first","13":"instock","14":"shipping-taxable","15":"product-type-simple"},"_links":{"self":[{"href":"https:\/\/puyapeptide.net\/es\/wp-json\/wp\/v2\/product\/7964","targetHints":{"allow":["GET"]}}],"collection":[{"href":"https:\/\/puyapeptide.net\/es\/wp-json\/wp\/v2\/product"}],"about":[{"href":"https:\/\/puyapeptide.net\/es\/wp-json\/wp\/v2\/types\/product"}],"replies":[{"embeddable":true,"href":"https:\/\/puyapeptide.net\/es\/wp-json\/wp\/v2\/comments?post=7964"}],"wp:featuredmedia":[{"embeddable":true,"href":"https:\/\/puyapeptide.net\/es\/wp-json\/wp\/v2\/media\/2216"}],"wp:attachment":[{"href":"https:\/\/puyapeptide.net\/es\/wp-json\/wp\/v2\/media?parent=7964"}],"wp:term":[{"taxonomy":"product_brand","embeddable":true,"href":"https:\/\/puyapeptide.net\/es\/wp-json\/wp\/v2\/product_brand?post=7964"},{"taxonomy":"product_cat","embeddable":true,"href":"https:\/\/puyapeptide.net\/es\/wp-json\/wp\/v2\/product_cat?post=7964"},{"taxonomy":"product_tag","embeddable":true,"href":"https:\/\/puyapeptide.net\/es\/wp-json\/wp\/v2\/product_tag?post=7964"}],"curies":[{"name":"wp","href":"https:\/\/api.w.org\/{rel}","templated":true}]}}