{"id":7985,"date":"2021-12-16T11:24:18","date_gmt":"2021-12-16T16:24:18","guid":{"rendered":"https:\/\/puyapeptide.net\/product\/acetato-de-aviptadil-de-grado-superior-peptido-intestinal-vasoactivo-humano-rata-raton-conejo-canino-porcino-cas-40077-57-4\/"},"modified":"2021-12-16T11:24:18","modified_gmt":"2021-12-16T16:24:18","slug":"acetato-de-aviptadil-de-grado-superior-peptido-intestinal-vasoactivo-humano-rata-raton-conejo-canino-porcino-cas-40077-57-4","status":"publish","type":"product","link":"https:\/\/puyapeptide.net\/es\/product\/acetato-de-aviptadil-de-grado-superior-peptido-intestinal-vasoactivo-humano-rata-raton-conejo-canino-porcino-cas-40077-57-4\/","title":{"rendered":"Acetato de aviptadil de grado superior \/ p\u00e9ptido intestinal vasoactivo (humano, rata, rat\u00f3n, conejo, canino, porcino) CAS 40077-57-4"},"content":{"rendered":"<h2><strong>Acetato de aviptadil de grado superior \/ p\u00e9ptido intestinal vasoactivo (humano, rata, rat\u00f3n, conejo, canino, porcino) CAS 40077-57-4<\/strong><\/h2>\n<p> Nombre del producto: Acetato de aviptadil \/ P\u00e9ptido intestinal vasoactivo (humano, rata, rat\u00f3n, conejo, canino, porcino)<br \/>\n Sin\u00f3nimos: P\u00c9PTIDO INTESTINAL VASOACTIVO (HUMANO, BOVINO, PORCINO, RATA); P\u00c9PTIDO INTESTINAL VASOACTIVO (HUMANO, PORCINO ); P\u00c9PTIDOS INTESTINALES VASOACTIVOS, HUMANOS, PORCINOS Y RATAS; P\u00c9PTIDOS INTESTINALES VASOACTIVOS (HUMANOS, PORCINOS) (BOVINOS, RATAS, CANINOS); P\u00c9PTIDOS INTESTINALES VASOACTIVOS HUMANOS, PORCINOS, RAT; P\u00c9PTIDO INTESTINAL VASOACTIVO, PORCINO; P\u00c9PTIDO INTESTINAL VASOACTIVO<br \/>\n CAS: 40077-57-4<br \/>\n MF: C147H238N44O42S<br \/>\n MW: 3325.8<br \/>\n EINECS:<br \/>\n Categor\u00edas de productos: Receptor VIP y PACAP; P\u00e9ptido &lt;&amp; &gt; Archivo Mol: 40077-57-4.mol <\/p>\n<p> Aviptadil, tambi\u00e9n conocido como polip\u00e9ptido intestinal vasoactivo (VIP), es un neurop\u00e9ptido de 28 amino\u00e1cidos que pertenece a la superfamilia del factor de secreci\u00f3n de la hormona de crecimiento del glucag\u00f3n. Ejerce potentes efectos antiinflamatorios e inmunomoduladores. Adem\u00e1s, Aviptadil act\u00faa como un potente vasodilatador y broncodilatador sist\u00e9mico, inhibe la proliferaci\u00f3n de las c\u00e9lulas del m\u00fasculo liso vascular y bronquial y disminuye la agregaci\u00f3n plaquetaria. Estos efectos biol\u00f3gicos est\u00e1n mediados por receptores VIP espec\u00edficos. <\/p>\n<p> El p\u00e9ptido intestinal vasoactivo (VIP) se distribuye ampliamente en el cuerpo y se cree que se produce por todo el tracto gastrointestinal. Es un polip\u00e9ptido de 28 residuos con similitudes estructurales con la secretina y el glucag\u00f3n. Provoca vasodilataci\u00f3n y aumenta la contractibilidad card\u00edaca. VIP estimula la secreci\u00f3n de bicarbonato, relaja los m\u00fasculos gastrointestinales y otros m\u00fasculos lisos, estimula la glucog\u00e9nesis, inhibe la secreci\u00f3n de \u00e1cido g\u00e1strico y estimula la secreci\u00f3n de insulina. Se ha investigado su funci\u00f3n hormonal y neurotransmisora. <\/p>\n<p> <strong>Aviptadil Acetate \/ Vasoactive Intestinal Peptide (humano, rata, rat\u00f3n, conejo, canino, porcino) CAS 40077-57-4 Propiedades qu\u00edmicas<\/strong><br \/>\n densidad 1,47 \u00b1 0,1 g \/ cm3 (predicho)<br \/>\n temperatura de almacenamiento \u221220 \u00b0 C<br \/>\n solubilidad 1% \u00e1cido ac\u00e9tico: soluble 0,1%, transparente, incoloro<br \/>\n en forma de polvo<br \/>\n InChIKey HEOYHMUESMJFDC-RIWXPGAOSA-N <\/p>\n<p> <strong>Funci\u00f3n y aplicaci\u00f3n de acetato de aviptadil \/ p\u00e9ptido intestinal vasoactivo (humano, rata, rat\u00f3n, conejo, canino, porcino) CAS 40077-57-4<\/strong><br \/>\n Acetato de aviptadil desarrollado por MondobiotechAG y BiogenIdec, el acetato de atendil es un p\u00e9ptido de Chemicalbook lineal que consta de 28 amino\u00e1cidos, que se utiliza principalmente en el tratamiento del s\u00edndrome de dificultad respiratoria aguda y fibrosis pulmonar idiop\u00e1tica, con mejor efecto y menos efectos secundarios, y es un f\u00e1rmaco pept\u00eddico prometedor.<\/p>\n","protected":false},"excerpt":{"rendered":"<p>Nombre del producto: Acetato de aviptadil \/ p\u00e9ptido intestinal vasoactivo (humano, rata, rat\u00f3n, conejo, canino, porcino)<br \/>\n CAS: 40077-57-4<br \/>\n MF: C147H238N44O42S<br \/>\n MW: 3325.8<br \/>\n Mol Archivo: 40077-57-4.mol<\/p>\n","protected":false},"featured_media":2300,"comment_status":"open","ping_status":"closed","template":"","meta":{"om_disable_all_campaigns":false,"_monsterinsights_skip_tracking":false,"_monsterinsights_sitenote_active":false,"_monsterinsights_sitenote_note":"","_monsterinsights_sitenote_category":0,"site-sidebar-layout":"default","site-content-layout":"default","ast-site-content-layout":"default","site-content-style":"default","site-sidebar-style":"default","ast-global-header-display":"","ast-banner-title-visibility":"","ast-main-header-display":"","ast-hfb-above-header-display":"","ast-hfb-below-header-display":"","ast-hfb-mobile-header-display":"","site-post-title":"","ast-breadcrumbs-content":"","ast-featured-img":"","footer-sml-layout":"","ast-disable-related-posts":"","theme-transparent-header-meta":"default","adv-header-id-meta":"","stick-header-meta":"","header-above-stick-meta":"","header-main-stick-meta":"","header-below-stick-meta":"","astra-migrate-meta-layouts":"default","ast-page-background-enabled":"default","ast-page-background-meta":{"desktop":{"background-color":"","background-image":"","background-repeat":"repeat","background-position":"center center","background-size":"auto","background-attachment":"scroll","background-type":"","background-media":"","overlay-type":"","overlay-color":"","overlay-opacity":"","overlay-gradient":""},"tablet":{"background-color":"","background-image":"","background-repeat":"repeat","background-position":"center center","background-size":"auto","background-attachment":"scroll","background-type":"","background-media":"","overlay-type":"","overlay-color":"","overlay-opacity":"","overlay-gradient":""},"mobile":{"background-color":"","background-image":"","background-repeat":"repeat","background-position":"center center","background-size":"auto","background-attachment":"scroll","background-type":"","background-media":"","overlay-type":"","overlay-color":"","overlay-opacity":"","overlay-gradient":""}},"ast-content-background-meta":{"desktop":{"background-color":"var(--ast-global-color-5)","background-image":"","background-repeat":"repeat","background-position":"center center","background-size":"auto","background-attachment":"scroll","background-type":"","background-media":"","overlay-type":"","overlay-color":"","overlay-opacity":"","overlay-gradient":""},"tablet":{"background-color":"var(--ast-global-color-5)","background-image":"","background-repeat":"repeat","background-position":"center center","background-size":"auto","background-attachment":"scroll","background-type":"","background-media":"","overlay-type":"","overlay-color":"","overlay-opacity":"","overlay-gradient":""},"mobile":{"background-color":"var(--ast-global-color-5)","background-image":"","background-repeat":"repeat","background-position":"center center","background-size":"auto","background-attachment":"scroll","background-type":"","background-media":"","overlay-type":"","overlay-color":"","overlay-opacity":"","overlay-gradient":""}}},"product_brand":[],"product_cat":[523],"product_tag":[1780,1736,1802,1758,1714,1692],"class_list":{"0":"post-7985","1":"product","2":"type-product","3":"status-publish","4":"has-post-thumbnail","6":"product_cat-otros-peptidos","7":"product_tag-canine-es","8":"product_tag-mouse-es","9":"product_tag-porcine-cas-40077-57-4-es","10":"product_tag-rabbit-es","11":"product_tag-rat-es","12":"product_tag-top-grade-aviptadil-acetate-vasoactive-intestinal-peptide-human-es","13":"desktop-align-left","14":"tablet-align-left","15":"mobile-align-left","17":"first","18":"instock","19":"shipping-taxable","20":"product-type-simple"},"_links":{"self":[{"href":"https:\/\/puyapeptide.net\/es\/wp-json\/wp\/v2\/product\/7985","targetHints":{"allow":["GET"]}}],"collection":[{"href":"https:\/\/puyapeptide.net\/es\/wp-json\/wp\/v2\/product"}],"about":[{"href":"https:\/\/puyapeptide.net\/es\/wp-json\/wp\/v2\/types\/product"}],"replies":[{"embeddable":true,"href":"https:\/\/puyapeptide.net\/es\/wp-json\/wp\/v2\/comments?post=7985"}],"wp:featuredmedia":[{"embeddable":true,"href":"https:\/\/puyapeptide.net\/es\/wp-json\/wp\/v2\/media\/2300"}],"wp:attachment":[{"href":"https:\/\/puyapeptide.net\/es\/wp-json\/wp\/v2\/media?parent=7985"}],"wp:term":[{"taxonomy":"product_brand","embeddable":true,"href":"https:\/\/puyapeptide.net\/es\/wp-json\/wp\/v2\/product_brand?post=7985"},{"taxonomy":"product_cat","embeddable":true,"href":"https:\/\/puyapeptide.net\/es\/wp-json\/wp\/v2\/product_cat?post=7985"},{"taxonomy":"product_tag","embeddable":true,"href":"https:\/\/puyapeptide.net\/es\/wp-json\/wp\/v2\/product_tag?post=7985"}],"curies":[{"name":"wp","href":"https:\/\/api.w.org\/{rel}","templated":true}]}}