{"id":8027,"date":"2021-12-16T11:26:52","date_gmt":"2021-12-16T16:26:52","guid":{"rendered":"https:\/\/puyapeptide.net\/product\/puya-supply-eledoisin-acetate-eledoisin-cas-69-25-0\/"},"modified":"2021-12-16T11:26:52","modified_gmt":"2021-12-16T16:26:52","slug":"puya-supply-eledoisin-acetate-eledoisin-cas-69-25-0","status":"publish","type":"product","link":"https:\/\/puyapeptide.net\/es\/product\/puya-supply-eledoisin-acetate-eledoisin-cas-69-25-0\/","title":{"rendered":"Puya Supply Eledoisin Acetate \/ Eledoisin CAS 69-25-0"},"content":{"rendered":"<h2><strong>Puya Supply Eledoisin Acetate \/ Eledoisin CAS 69-25-0<\/strong><\/h2>\n<p> Nombre del producto: Eledoisin<br \/>\n Sin\u00f3nimos: eledonepeptide; ELEDOISIN; GLP-PRO-SER-LYS-ASP-ALA-PHE-ILE-GLY-LEU-MET-NH2; 5-oxo-l-prolyl-l- prolil-l-seril-l-lisil-l-aspartil-l-alanil-l-fenilalanil-l-isoleucilglicil-l-leucil-l-metioninamida; PYR-PRO-SER-LYS-ASP-ALA-PHE-ILE- GLY-LEU-MET-NH2; PYR-PSKDAFIGLM-NH2; PGLU-PRO-SER-LYS-ASP-ALA-PHE-ILE-GLY-LEU-MET-NH2; ELEDOSINA<br \/>\n CAS: 69-25-0 &lt; &amp;&gt; MF: C54H85N13O15S<br \/>\n MW: 1188.4<br \/>\n EINECS:<br \/>\n Categor\u00edas de productos: prote\u00ednas; Peptide<br \/>\n Mol Archivo: 69-25-0.mol <\/p>\n<p> Eledoisin Acetate, un miembro de la familia de las taquiquininas, es un p\u00e9ptido activo que excita las neuronas y desencadena respuestas de comportamiento. Es un potente vasodilatador y secretagogo que entra en contacto con muchos m\u00fasculos lisos. <\/p>\n<p> <strong>Eledoisin Acetate \/ Eledoisin CAS 69-25-0 Propiedades qu\u00edmicas<\/strong><br \/>\n Punto de fusi\u00f3n 230 \u00b0 C (descomposici\u00f3n)<br \/>\n Punto de ebullici\u00f3n 1618,1 \u00b1 65,0 \u00b0 C (previsto)<br \/>\n densidad 1,289 \u00b1 0,06 g \/ cm3 (previsto)<br \/>\n temp. De almacenamiento \u221220 \u00b0 C<br \/>\n pka 4.19 \u00b1 0.10 (Previsto) <\/p>\n<p> <strong>Funci\u00f3n y aplicaci\u00f3n de acetato de eledoisina \/ eledoisina CAS 69-25-0<\/strong><br \/>\n Tiene principalmente una fuerte vasoconstricci\u00f3n de angiotensina II y aumento de la presi\u00f3n arterial. El mecanismo es: 1. De modo que la contracci\u00f3n del m\u00fasculo liso de la arteriola del cuerpo, aumenta la resistencia perif\u00e9rica; 2. Por lo tanto, aumente la liberaci\u00f3n de aldosterona suprarrenal, lo que provoca retenci\u00f3n de sodio, aumento del volumen sangu\u00edneo; 3. Contribuir directamente a la reabsorci\u00f3n de sodio y agua en los t\u00fabulos renales; 4. Por lo tanto, el cerebro tiene actividad vasoconstrictora simp\u00e1tica del sistema nervioso central, lo que provoca un aumento de la resistencia vascular perif\u00e9rica; 5. Estimular la m\u00e9dula suprarrenal para liberar epinefrina y norepinefrina.<\/p>\n","protected":false},"excerpt":{"rendered":"<p>Nombre del producto: Eledoisin<br \/>\n CAS: 69-25-0<br \/>\n MF: C54H85N13O15S<br \/>\n MW: 1188.4<br \/>\n Mol Archivo: 69-25-0.mol<\/p>\n","protected":false},"featured_media":2279,"comment_status":"open","ping_status":"closed","template":"","meta":{"om_disable_all_campaigns":false,"_monsterinsights_skip_tracking":false,"_monsterinsights_sitenote_active":false,"_monsterinsights_sitenote_note":"","_monsterinsights_sitenote_category":0,"site-sidebar-layout":"default","site-content-layout":"default","ast-site-content-layout":"default","site-content-style":"default","site-sidebar-style":"default","ast-global-header-display":"","ast-banner-title-visibility":"","ast-main-header-display":"","ast-hfb-above-header-display":"","ast-hfb-below-header-display":"","ast-hfb-mobile-header-display":"","site-post-title":"","ast-breadcrumbs-content":"","ast-featured-img":"","footer-sml-layout":"","ast-disable-related-posts":"","theme-transparent-header-meta":"default","adv-header-id-meta":"","stick-header-meta":"","header-above-stick-meta":"","header-main-stick-meta":"","header-below-stick-meta":"","astra-migrate-meta-layouts":"default","ast-page-background-enabled":"default","ast-page-background-meta":{"desktop":{"background-color":"","background-image":"","background-repeat":"repeat","background-position":"center center","background-size":"auto","background-attachment":"scroll","background-type":"","background-media":"","overlay-type":"","overlay-color":"","overlay-opacity":"","overlay-gradient":""},"tablet":{"background-color":"","background-image":"","background-repeat":"repeat","background-position":"center center","background-size":"auto","background-attachment":"scroll","background-type":"","background-media":"","overlay-type":"","overlay-color":"","overlay-opacity":"","overlay-gradient":""},"mobile":{"background-color":"","background-image":"","background-repeat":"repeat","background-position":"center center","background-size":"auto","background-attachment":"scroll","background-type":"","background-media":"","overlay-type":"","overlay-color":"","overlay-opacity":"","overlay-gradient":""}},"ast-content-background-meta":{"desktop":{"background-color":"var(--ast-global-color-5)","background-image":"","background-repeat":"repeat","background-position":"center center","background-size":"auto","background-attachment":"scroll","background-type":"","background-media":"","overlay-type":"","overlay-color":"","overlay-opacity":"","overlay-gradient":""},"tablet":{"background-color":"var(--ast-global-color-5)","background-image":"","background-repeat":"repeat","background-position":"center center","background-size":"auto","background-attachment":"scroll","background-type":"","background-media":"","overlay-type":"","overlay-color":"","overlay-opacity":"","overlay-gradient":""},"mobile":{"background-color":"var(--ast-global-color-5)","background-image":"","background-repeat":"repeat","background-position":"center center","background-size":"auto","background-attachment":"scroll","background-type":"","background-media":"","overlay-type":"","overlay-color":"","overlay-opacity":"","overlay-gradient":""}}},"product_brand":[],"product_cat":[523],"product_tag":[1676],"class_list":{"0":"post-8027","1":"product","2":"type-product","3":"status-publish","4":"has-post-thumbnail","6":"product_cat-otros-peptidos","7":"product_tag-puya-supply-eledoisin-acetate-eledoisin-cas-69-25-0-es","8":"desktop-align-left","9":"tablet-align-left","10":"mobile-align-left","12":"first","13":"instock","14":"shipping-taxable","15":"product-type-simple"},"_links":{"self":[{"href":"https:\/\/puyapeptide.net\/es\/wp-json\/wp\/v2\/product\/8027","targetHints":{"allow":["GET"]}}],"collection":[{"href":"https:\/\/puyapeptide.net\/es\/wp-json\/wp\/v2\/product"}],"about":[{"href":"https:\/\/puyapeptide.net\/es\/wp-json\/wp\/v2\/types\/product"}],"replies":[{"embeddable":true,"href":"https:\/\/puyapeptide.net\/es\/wp-json\/wp\/v2\/comments?post=8027"}],"wp:featuredmedia":[{"embeddable":true,"href":"https:\/\/puyapeptide.net\/es\/wp-json\/wp\/v2\/media\/2279"}],"wp:attachment":[{"href":"https:\/\/puyapeptide.net\/es\/wp-json\/wp\/v2\/media?parent=8027"}],"wp:term":[{"taxonomy":"product_brand","embeddable":true,"href":"https:\/\/puyapeptide.net\/es\/wp-json\/wp\/v2\/product_brand?post=8027"},{"taxonomy":"product_cat","embeddable":true,"href":"https:\/\/puyapeptide.net\/es\/wp-json\/wp\/v2\/product_cat?post=8027"},{"taxonomy":"product_tag","embeddable":true,"href":"https:\/\/puyapeptide.net\/es\/wp-json\/wp\/v2\/product_tag?post=8027"}],"curies":[{"name":"wp","href":"https:\/\/api.w.org\/{rel}","templated":true}]}}