{"id":8055,"date":"2021-12-16T12:15:32","date_gmt":"2021-12-16T17:15:32","guid":{"rendered":"https:\/\/puyapeptide.net\/product\/acetato-de-protirelin-hormona-de-liberacion-de-protirelin-tirotropina-trh-cas-24305-27-9-para-investigacion-de-laboratorio\/"},"modified":"2021-12-16T12:15:32","modified_gmt":"2021-12-16T17:15:32","slug":"acetato-de-protirelin-hormona-de-liberacion-de-protirelin-tirotropina-trh-cas-24305-27-9-para-investigacion-de-laboratorio","status":"publish","type":"product","link":"https:\/\/puyapeptide.net\/es\/product\/acetato-de-protirelin-hormona-de-liberacion-de-protirelin-tirotropina-trh-cas-24305-27-9-para-investigacion-de-laboratorio\/","title":{"rendered":"Acetato de protirelin \/ hormona de liberaci\u00f3n de protirelin \/ tirotropina (TRH) CAS 24305-27-9 para investigaci\u00f3n de laboratorio"},"content":{"rendered":"<h2><strong>Acetato de protirelin \/ hormona de liberaci\u00f3n de protirelin \/ tirotropina (TRH) CAS 24305-27-9 para investigaci\u00f3n de laboratorio<\/strong><\/h2>\n<p> Nombre del producto: Protirelin Acetate \/ Protirelin \/ Thyrotropin Releasing Hormona (TRH)<br \/>\n Sin\u00f3nimos: THR 1-2; THR 2-3; PROTIRELIN; PYROGLU-HIS-PRO AMIDE; PYROGLU-HIS-PRO NH2; PYR- HIS-PRO-NH2 (TRH); PYR-HIS-PRO-NH2; PGLU-HIS-PRO-NH2<br \/>\n CAS: 24305-27-9<br \/>\n MF: C16H22N6O4<br \/>\n MW: 362,38<br \/>\n EINECS : 246-143-4<br \/>\n Categor\u00edas de productos: P\u00e9ptido; THYPINONE<br \/>\n Mol Archivo: 24305-27-9.mol <\/p>\n<p> Protirelin, anteriormente conocida como hormona liberadora de tirotropina, es una hormona trip\u00e9ptido liberada por el hipot\u00e1lamo. La TRH se distribuye ampliamente en el sistema nervioso central y algunos \u00f3rganos perif\u00e9ricos, y adem\u00e1s de sus efectos endocrinos, tambi\u00e9n act\u00faa como un neurotransmisor excitador end\u00f3geno, produciendo una amplia gama de efectos centrales y perif\u00e9ricos. Tiene alg\u00fan efecto antagonista sobre los receptores opioides end\u00f3genos, pero no antagoniza el efecto analg\u00e9sico de la morfina. <\/p>\n<p> <strong>Acetato de protirelina \/ hormona liberadora de protirelina \/ tirotropina (TRH) CAS 24305-27-9 Propiedades qu\u00edmicas<\/strong><br \/>\n TRH Propiedades qu\u00edmicas<br \/>\n alpha -50 (D \/ 25 \u2103) (c = 1.5, H2O) -65.5 (D) (c = 1.0, H2O)<br \/>\n Punto de ebullici\u00f3n 494 \u00b0 C (estimaci\u00f3n aproximada)<br \/>\n densidad 1.1675 (estimaci\u00f3n aproximada)<br \/>\n \u00edndice de refracci\u00f3n 1.6000 (estimaci\u00f3n)<br \/>\n temp. de almacenamiento \u221220 \u00b0 C<br \/>\n solubilidad H2O: 10 mg \/ mL, transparente, incoloro<br \/>\n pka 13.05 \u00b1 0.20 (Previsto)<br \/>\n polvo en forma<br \/>\n PH pH (10g \/ l, 25 \u2103): 3.0 \uff5e 4.0<br \/>\n Merck 13,9663<br \/>\n BRN 770238<br \/>\n InChIKey ITYONPBTNRIEBA-SRVKXCTJSA-N<br \/>\n CAS DataBase Reference 24305-27-9 <\/p>\n<p> <strong>Funci\u00f3n y aplicaci\u00f3n de la hormona liberadora de acetato de protirelina \/ protirelina \/ tirotropina (TRH)<\/strong><br \/>\n Adem\u00e1s del tratamiento del shock, Protirelin tiene otros usos, como el tratamiento del hipotiroidismo hipotal\u00e1mico y el hipertiroidismo central en endocrinolog\u00eda. En psiquiatr\u00eda, se utiliza para el tratamiento de la depresi\u00f3n y la esquizofrenia. En neurolog\u00eda se utiliza para tratar lesiones cerebrales y medulares, coma qu\u00edmico de diversas causas, esclerosis lateral amiotr\u00f3fica, degeneraci\u00f3n cerebelosa espinal, enfermedad de Alzheimer, epilepsia, etc. Se utiliza en el diagn\u00f3stico de hipertiroidismo. Por tanto, Protirelin es un f\u00e1rmaco que tiene un buen valor de desarrollo y merece m\u00e1s investigaci\u00f3n para ampliar su aplicaci\u00f3n.<\/p>\n","protected":false},"excerpt":{"rendered":"<p>Nombre del producto: Protirelin Acetate \/ Protirelin \/ Thyrotropin Releasing Hormona (TRH)<br \/>\n CAS: 24305-27-9<br \/>\n MF: C16H22N6O4<br \/>\n MW: 362.38<br \/>\n EINECS: 246-143-4<br \/>\n Mol Archivo: 24305-27-9.mol<\/p>\n","protected":false},"featured_media":2216,"comment_status":"open","ping_status":"closed","template":"","meta":{"om_disable_all_campaigns":false,"_monsterinsights_skip_tracking":false,"_monsterinsights_sitenote_active":false,"_monsterinsights_sitenote_note":"","_monsterinsights_sitenote_category":0,"site-sidebar-layout":"default","site-content-layout":"default","ast-site-content-layout":"default","site-content-style":"default","site-sidebar-style":"default","ast-global-header-display":"","ast-banner-title-visibility":"","ast-main-header-display":"","ast-hfb-above-header-display":"","ast-hfb-below-header-display":"","ast-hfb-mobile-header-display":"","site-post-title":"","ast-breadcrumbs-content":"","ast-featured-img":"","footer-sml-layout":"","ast-disable-related-posts":"","theme-transparent-header-meta":"default","adv-header-id-meta":"","stick-header-meta":"","header-above-stick-meta":"","header-main-stick-meta":"","header-below-stick-meta":"","astra-migrate-meta-layouts":"default","ast-page-background-enabled":"default","ast-page-background-meta":{"desktop":{"background-color":"","background-image":"","background-repeat":"repeat","background-position":"center center","background-size":"auto","background-attachment":"scroll","background-type":"","background-media":"","overlay-type":"","overlay-color":"","overlay-opacity":"","overlay-gradient":""},"tablet":{"background-color":"","background-image":"","background-repeat":"repeat","background-position":"center center","background-size":"auto","background-attachment":"scroll","background-type":"","background-media":"","overlay-type":"","overlay-color":"","overlay-opacity":"","overlay-gradient":""},"mobile":{"background-color":"","background-image":"","background-repeat":"repeat","background-position":"center center","background-size":"auto","background-attachment":"scroll","background-type":"","background-media":"","overlay-type":"","overlay-color":"","overlay-opacity":"","overlay-gradient":""}},"ast-content-background-meta":{"desktop":{"background-color":"var(--ast-global-color-5)","background-image":"","background-repeat":"repeat","background-position":"center center","background-size":"auto","background-attachment":"scroll","background-type":"","background-media":"","overlay-type":"","overlay-color":"","overlay-opacity":"","overlay-gradient":""},"tablet":{"background-color":"var(--ast-global-color-5)","background-image":"","background-repeat":"repeat","background-position":"center center","background-size":"auto","background-attachment":"scroll","background-type":"","background-media":"","overlay-type":"","overlay-color":"","overlay-opacity":"","overlay-gradient":""},"mobile":{"background-color":"var(--ast-global-color-5)","background-image":"","background-repeat":"repeat","background-position":"center center","background-size":"auto","background-attachment":"scroll","background-type":"","background-media":"","overlay-type":"","overlay-color":"","overlay-opacity":"","overlay-gradient":""}}},"product_brand":[],"product_cat":[523],"product_tag":[1627],"class_list":{"0":"post-8055","1":"product","2":"type-product","3":"status-publish","4":"has-post-thumbnail","6":"product_cat-otros-peptidos","7":"product_tag-protirelin-acetate-protirelin-thyrotropin-releasing-hormone-trh-cas-24305-27-9-for-lab-research-es","8":"desktop-align-left","9":"tablet-align-left","10":"mobile-align-left","12":"first","13":"instock","14":"shipping-taxable","15":"product-type-simple"},"_links":{"self":[{"href":"https:\/\/puyapeptide.net\/es\/wp-json\/wp\/v2\/product\/8055","targetHints":{"allow":["GET"]}}],"collection":[{"href":"https:\/\/puyapeptide.net\/es\/wp-json\/wp\/v2\/product"}],"about":[{"href":"https:\/\/puyapeptide.net\/es\/wp-json\/wp\/v2\/types\/product"}],"replies":[{"embeddable":true,"href":"https:\/\/puyapeptide.net\/es\/wp-json\/wp\/v2\/comments?post=8055"}],"wp:featuredmedia":[{"embeddable":true,"href":"https:\/\/puyapeptide.net\/es\/wp-json\/wp\/v2\/media\/2216"}],"wp:attachment":[{"href":"https:\/\/puyapeptide.net\/es\/wp-json\/wp\/v2\/media?parent=8055"}],"wp:term":[{"taxonomy":"product_brand","embeddable":true,"href":"https:\/\/puyapeptide.net\/es\/wp-json\/wp\/v2\/product_brand?post=8055"},{"taxonomy":"product_cat","embeddable":true,"href":"https:\/\/puyapeptide.net\/es\/wp-json\/wp\/v2\/product_cat?post=8055"},{"taxonomy":"product_tag","embeddable":true,"href":"https:\/\/puyapeptide.net\/es\/wp-json\/wp\/v2\/product_tag?post=8055"}],"curies":[{"name":"wp","href":"https:\/\/api.w.org\/{rel}","templated":true}]}}