{"id":8068,"date":"2021-12-16T12:16:35","date_gmt":"2021-12-16T17:16:35","guid":{"rendered":"https:\/\/puyapeptide.net\/product\/antide-acetate-antide-cas-112568-12-4-tratamiento-para-la-sordera-senil\/"},"modified":"2021-12-16T12:16:35","modified_gmt":"2021-12-16T17:16:35","slug":"antide-acetate-antide-cas-112568-12-4-tratamiento-para-la-sordera-senil","status":"publish","type":"product","link":"https:\/\/puyapeptide.net\/es\/product\/antide-acetate-antide-cas-112568-12-4-tratamiento-para-la-sordera-senil\/","title":{"rendered":"Antide Acetate \/ Antide CAS 112568-12-4 Tratamiento para la sordera senil"},"content":{"rendered":"<h2><strong>Antide Acetate \/ Antide CAS 112568-12-4 Tratamiento para la sordera senil<\/strong><\/h2>\n<p> Nombre del producto: Antide<br \/>\n Sin\u00f3nimos: iturelix; Ac-D-2-Nal-4-chloro-D-Phe-beta- (3-pyridyl) -D-Ala-Ser-Lys (nicotinoyl) -D -Lys (nicotinoil) -Leu-Lys (isopropil) -Pro-D-Ala-NH2; AC-DNAL-D: P-CLPHE-DPAL-SER-LYS: NICOTINOYL-DLYS: NICOTINOYL-LEU-LYS: ISOPROPYL-PRO -DALA-NH2; Brn 4866881; D-Alaninamida, N-acetil-3- (2-naftalenil) -D-alanil-4-cloro-D-fenilalanil-3- (3-piridinil) -D-alanil-L- seril-N (sup 6) &#8211; (3-piridinilcarbonil) -L-lisil-N (sup 6) &#8211; (3-piridinilcarbonil) -D-lisil-L-leucil-N (sup 6) &#8211; (1-metiletil) &#8211; L-lisil-L-prolil-; D-Alaninamida, N-acetil-3- (2-naftalenil) -D-alanil-4-cloro-D-fenilalanil-3- (3-piridinil) -D-alanil-L -seril-N6- (3-piridinilcarbonil) -L-lisil-N6- (3-piridinilcarbonil) -D-lisil-L-leucil-N6- (1-metiletil) -L-lisil-L-prolil-; Orf 23541 ; Ac-D-2-Nal-4-cloro-D-Phe-b- (3-piridil) -D-Ala-Ser-Lys (nicotinoil) -D-Lys (nicotinoil) -Leu-Lys (isopropil) &#8211; Pro-D-Ala-NH2<br \/>\n CAS: 112568-12-4<br \/>\n MF: C82H108ClN17O14<br \/>\n MW: 1591.29<br \/>\n EINECS:<br \/>\n Categor\u00edas de productos: hormonas; P\u00e9ptido; LH-RH; LH- RHPeptides para biolog\u00eda celular; Ne uropeptides; Releasing Factors<br \/>\n Mol File: 112568-12-4.mol <\/p>\n<p> Antide acetate es un antagonista de GnRH, un p\u00e9ptido sint\u00e9tico que compite con la neurohormona end\u00f3gena GnRH (tambi\u00e9n conocida como hormona liberadora de hormona luteinizante, ChemicalbookLHRH) para unirse a su receptor en la gl\u00e1ndula pituitaria anterior. Al reducir o bloquear la acci\u00f3n de GnRH, los antagonistas de GnRH inhiben la liberaci\u00f3n de gonadotropinas como la hormona estimulante del fol\u00edculo (FSH) y la hormona luteinizante (LH) de la pituitaria anterior. <\/p>\n<p> <strong>Antide Acetate \/ Antide CAS 112568-12 -4 Propiedades qu\u00edmicas<\/strong><br \/>\n Antida Propiedades qu\u00edmicas<br \/>\n Punto de ebullici\u00f3n 1798.0 \u00b1 65.0 \u00b0 C (Previsto)<br \/>\n Densidad 1.258 \u00b1 0.06 g \/ cm3 (Previsto)<br \/>\n Temp. De almacenamiento \u221220 \u00b0 C<br \/>\n forma S\u00f3lido<br \/>\n pka 12,78 \u00b1 0,46 (previsto)<br \/>\n color Blanco a blanquecino <\/p>\n<p> <strong>Usos de Antide Acetato \/ Antide CAS 112568-12-4<\/strong><br \/>\n Reversible inhibici\u00f3n de la secreci\u00f3n de gonadotropinas y supresi\u00f3n subsiguiente de secretio esteroide testicular y ov\u00e1rico (antagonista de la hormona liberadora de gonadotropinas). <\/p>\n<p> <strong>Funci\u00f3n y aplicaci\u00f3n de Antide Acetate \/ Antide CAS 112568-12-4<\/strong><br \/>\n Trefolane A y Antitide en la proporci\u00f3n de 14-17: 1 puede prevenir significativamente el desarrollo de hiperreactividad de la mucosa nasal, eliminar eficazmente la eosinofilia nasal y la activaci\u00f3n de mastocitos e inhibir directamente la producci\u00f3n de inhibici\u00f3n de IL-5. Tiene un buen efecto terap\u00e9utico para la prevenci\u00f3n y el tratamiento de la sordera senil.<\/p>\n","protected":false},"excerpt":{"rendered":"<p>Nombre del producto: Antide<br \/>\n CAS: 112568-12-4<br \/>\n MF: C82H108ClN17O14<br \/>\n MW: 1591.29<br \/>\n Mol Archivo: 112568-12-4.mol<\/p>\n","protected":false},"featured_media":2174,"comment_status":"open","ping_status":"closed","template":"","meta":{"om_disable_all_campaigns":false,"_monsterinsights_skip_tracking":false,"_monsterinsights_sitenote_active":false,"_monsterinsights_sitenote_note":"","_monsterinsights_sitenote_category":0,"site-sidebar-layout":"default","site-content-layout":"default","ast-site-content-layout":"default","site-content-style":"default","site-sidebar-style":"default","ast-global-header-display":"","ast-banner-title-visibility":"","ast-main-header-display":"","ast-hfb-above-header-display":"","ast-hfb-below-header-display":"","ast-hfb-mobile-header-display":"","site-post-title":"","ast-breadcrumbs-content":"","ast-featured-img":"","footer-sml-layout":"","ast-disable-related-posts":"","theme-transparent-header-meta":"default","adv-header-id-meta":"","stick-header-meta":"","header-above-stick-meta":"","header-main-stick-meta":"","header-below-stick-meta":"","astra-migrate-meta-layouts":"default","ast-page-background-enabled":"default","ast-page-background-meta":{"desktop":{"background-color":"","background-image":"","background-repeat":"repeat","background-position":"center center","background-size":"auto","background-attachment":"scroll","background-type":"","background-media":"","overlay-type":"","overlay-color":"","overlay-opacity":"","overlay-gradient":""},"tablet":{"background-color":"","background-image":"","background-repeat":"repeat","background-position":"center center","background-size":"auto","background-attachment":"scroll","background-type":"","background-media":"","overlay-type":"","overlay-color":"","overlay-opacity":"","overlay-gradient":""},"mobile":{"background-color":"","background-image":"","background-repeat":"repeat","background-position":"center center","background-size":"auto","background-attachment":"scroll","background-type":"","background-media":"","overlay-type":"","overlay-color":"","overlay-opacity":"","overlay-gradient":""}},"ast-content-background-meta":{"desktop":{"background-color":"var(--ast-global-color-5)","background-image":"","background-repeat":"repeat","background-position":"center center","background-size":"auto","background-attachment":"scroll","background-type":"","background-media":"","overlay-type":"","overlay-color":"","overlay-opacity":"","overlay-gradient":""},"tablet":{"background-color":"var(--ast-global-color-5)","background-image":"","background-repeat":"repeat","background-position":"center center","background-size":"auto","background-attachment":"scroll","background-type":"","background-media":"","overlay-type":"","overlay-color":"","overlay-opacity":"","overlay-gradient":""},"mobile":{"background-color":"var(--ast-global-color-5)","background-image":"","background-repeat":"repeat","background-position":"center center","background-size":"auto","background-attachment":"scroll","background-type":"","background-media":"","overlay-type":"","overlay-color":"","overlay-opacity":"","overlay-gradient":""}}},"product_brand":[],"product_cat":[523],"product_tag":[1598],"class_list":{"0":"post-8068","1":"product","2":"type-product","3":"status-publish","4":"has-post-thumbnail","6":"product_cat-otros-peptidos","7":"product_tag-antide-acetate-antide-cas-112568-12-4-treat-for-senile-deafness-es","8":"desktop-align-left","9":"tablet-align-left","10":"mobile-align-left","12":"first","13":"instock","14":"shipping-taxable","15":"product-type-simple"},"_links":{"self":[{"href":"https:\/\/puyapeptide.net\/es\/wp-json\/wp\/v2\/product\/8068","targetHints":{"allow":["GET"]}}],"collection":[{"href":"https:\/\/puyapeptide.net\/es\/wp-json\/wp\/v2\/product"}],"about":[{"href":"https:\/\/puyapeptide.net\/es\/wp-json\/wp\/v2\/types\/product"}],"replies":[{"embeddable":true,"href":"https:\/\/puyapeptide.net\/es\/wp-json\/wp\/v2\/comments?post=8068"}],"wp:featuredmedia":[{"embeddable":true,"href":"https:\/\/puyapeptide.net\/es\/wp-json\/wp\/v2\/media\/2174"}],"wp:attachment":[{"href":"https:\/\/puyapeptide.net\/es\/wp-json\/wp\/v2\/media?parent=8068"}],"wp:term":[{"taxonomy":"product_brand","embeddable":true,"href":"https:\/\/puyapeptide.net\/es\/wp-json\/wp\/v2\/product_brand?post=8068"},{"taxonomy":"product_cat","embeddable":true,"href":"https:\/\/puyapeptide.net\/es\/wp-json\/wp\/v2\/product_cat?post=8068"},{"taxonomy":"product_tag","embeddable":true,"href":"https:\/\/puyapeptide.net\/es\/wp-json\/wp\/v2\/product_tag?post=8068"}],"curies":[{"name":"wp","href":"https:\/\/api.w.org\/{rel}","templated":true}]}}