{"id":8188,"date":"2021-12-16T12:23:28","date_gmt":"2021-12-16T17:23:28","guid":{"rendered":"https:\/\/puyapeptide.net\/product\/acetato-de-timosina-beta-4-acetato-de-timosina-%ce%b24-cas-77591-33-4-para-investigacion-de-laboratorio\/"},"modified":"2021-12-16T12:23:28","modified_gmt":"2021-12-16T17:23:28","slug":"acetato-de-timosina-beta-4-acetato-de-timosina-%ce%b24-cas-77591-33-4-para-investigacion-de-laboratorio","status":"publish","type":"product","link":"https:\/\/puyapeptide.net\/es\/product\/acetato-de-timosina-beta-4-acetato-de-timosina-%ce%b24-cas-77591-33-4-para-investigacion-de-laboratorio\/","title":{"rendered":"Acetato de timosina beta 4 \/ acetato de timosina \u03b24 CAS 77591-33-4 para investigaci\u00f3n de laboratorio"},"content":{"rendered":"<h2><strong>Acetato de timosina beta 4 \/ acetato de timosina \u03b24 CAS 77591-33-4 para investigaci\u00f3n de laboratorio<\/strong><\/h2>\n<p> Nombre del producto: Acetato de timosina beta 4<br \/>\n Sin\u00f3nimos: AC-SER-ASP-LYS-PRO-ASP-MET-ALA-GLU-ILE-GLU-LYS-PHE-ASP-LYS-SER-LYS-LEU -LYS-LYS-THR-GLU-THR-GLN-GLU-LYS-ASN-PRO-LEU-PRO-SER-LYS-GLU-THR-ILE-GLU-GLN-GLU-LYS-GLN-ALA-GLY-GLU -SER-OH; FX (HUMANO, BOVINO, CABALLO, RATA); acetato de timosina beta 4; TIMOSINA BETA4 (HUMANO, BOVINO, CABALLO, RATA); Timosina beta4; Timosina beta4 Acetato de beta4; Timosina \u03b24 Acetato; Timosina SS4 ACETATO &lt;&amp; &gt; CAS: 77591-33-4<br \/>\n MF: C212H350N56O78S<br \/>\n MW: 4963.4408<br \/>\n EINECS: 1592732-453-0<br \/>\n Categor\u00edas de productos: P\u00e9ptido gen\u00e9rico; P\u00e9ptido<br \/>\n Mol Archivo: 77591-33- 4.mol ^ {&amp;&gt;<br \/>\n Timosina \\ beta &#8211; 4 es un p\u00e9ptido activador de fibroblastos proangiog\u00e9nico end\u00f3geno que participa en la regulaci\u00f3n hormonal. La timosina \u03b2-4 tambi\u00e9n exhibe actividades inmunomoduladoras y cardioprotectoras. La timosina \u03b2-4 mejora la curaci\u00f3n en problemas card\u00edacos y mejora la funci\u00f3n card\u00edaca in vivo. La timosina \u03b2-4 se une a los filamentos de actina G, evitando la polimerizaci\u00f3n de la actina. <\/p>\n<p> <strong>Beneficios del acetato de timosina beta 4 \/ acetato de timosina \u03b24 CAS 77591-33-4<\/strong><br \/>\n Thymosin Beta-4 es un 43- p\u00e9ptido de amino\u00e1cido que promueve la curaci\u00f3n en todo el cuerpo. Tambi\u00e9n tiene propiedades antiinflamatorias. Se encuentra naturalmente en concentraciones m\u00e1s altas en los sitios de la lesi\u00f3n, la prote\u00edna soluble en agua puede reparar el da\u00f1o tisular y regular la migraci\u00f3n celular a un sitio. Puede mejorar la cicatrizaci\u00f3n de heridas y reparar no solo la piel, sino tambi\u00e9n el cerebro, la m\u00e9dula espinal y el coraz\u00f3n. Los profesionales m\u00e9dicos consideran a Thymosin Beta-4 una sustancia segura y poderosa en su forma natural o sint\u00e9tica conocida como TB-500.<br \/>\n Adem\u00e1s, TB4 tiene un peso molecular bajo y no se une a la matriz extracelular. Esto le permite viajar f\u00e1cilmente a trav\u00e9s de los tejidos corporales, lo que promueve una tasa de curaci\u00f3n m\u00e1s r\u00e1pida. El p\u00e9ptido viaja largas distancias, por lo que generalmente no es necesario inyectarlo directamente en el sitio de la lesi\u00f3n. Si bien algunos creen que inyectarlo m\u00e1s cerca del \u00e1rea <strong>lesionada<\/strong> produce mejores resultados, la evidencia cl\u00ednica sugiere lo contrario. Los estudios han demostrado que el acetato de timo \u03b24 est\u00e1 asociado con una variedad de tumores, incluyendo c\u00e1ncer de colon, melanoma, fibrosarcoma, c\u00e1ncer de mama, c\u00e1ncer de p\u00e1ncreas y c\u00e1ncer de pulm\u00f3n, etc. Puede sinergizar con una variedad de factores para promover la invasi\u00f3n tumoral y la met\u00e1stasis.<br \/>\n 2. El timo \u03b24 en la reparaci\u00f3n de una lesi\u00f3n card\u00edaca En la fase aguda del infarto de miocardio, un gran n\u00famero de miocitos card\u00edacos se necrosis isqu\u00e9mica, lo que conduce a una funci\u00f3n card\u00edaca deteriorada y una eventual progresi\u00f3n a insuficiencia card\u00edaca. Los estudios han confirmado que el acetato de timo \u03b24 tiene un efecto protector sobre los cardiomiocitos.<\/p>\n","protected":false},"excerpt":{"rendered":"<p>Nombre del producto: Acetato de timosina beta 4<br \/>\n CAS: 77591-33-4<br \/>\n MF: C212H350N56O78S<br \/>\n MW: 4963.4408<br \/>\n EINECS: 1592732-453-0<br \/>\n Mol Archivo: 77591-33-4 .mol<\/p>\n","protected":false},"featured_media":2216,"comment_status":"open","ping_status":"closed","template":"","meta":{"om_disable_all_campaigns":false,"_monsterinsights_skip_tracking":false,"_monsterinsights_sitenote_active":false,"_monsterinsights_sitenote_note":"","_monsterinsights_sitenote_category":0,"site-sidebar-layout":"default","site-content-layout":"default","ast-site-content-layout":"default","site-content-style":"default","site-sidebar-style":"default","ast-global-header-display":"","ast-banner-title-visibility":"","ast-main-header-display":"","ast-hfb-above-header-display":"","ast-hfb-below-header-display":"","ast-hfb-mobile-header-display":"","site-post-title":"","ast-breadcrumbs-content":"","ast-featured-img":"","footer-sml-layout":"","ast-disable-related-posts":"","theme-transparent-header-meta":"default","adv-header-id-meta":"","stick-header-meta":"","header-above-stick-meta":"","header-main-stick-meta":"","header-below-stick-meta":"","astra-migrate-meta-layouts":"default","ast-page-background-enabled":"default","ast-page-background-meta":{"desktop":{"background-color":"","background-image":"","background-repeat":"repeat","background-position":"center center","background-size":"auto","background-attachment":"scroll","background-type":"","background-media":"","overlay-type":"","overlay-color":"","overlay-opacity":"","overlay-gradient":""},"tablet":{"background-color":"","background-image":"","background-repeat":"repeat","background-position":"center center","background-size":"auto","background-attachment":"scroll","background-type":"","background-media":"","overlay-type":"","overlay-color":"","overlay-opacity":"","overlay-gradient":""},"mobile":{"background-color":"","background-image":"","background-repeat":"repeat","background-position":"center center","background-size":"auto","background-attachment":"scroll","background-type":"","background-media":"","overlay-type":"","overlay-color":"","overlay-opacity":"","overlay-gradient":""}},"ast-content-background-meta":{"desktop":{"background-color":"var(--ast-global-color-5)","background-image":"","background-repeat":"repeat","background-position":"center center","background-size":"auto","background-attachment":"scroll","background-type":"","background-media":"","overlay-type":"","overlay-color":"","overlay-opacity":"","overlay-gradient":""},"tablet":{"background-color":"var(--ast-global-color-5)","background-image":"","background-repeat":"repeat","background-position":"center center","background-size":"auto","background-attachment":"scroll","background-type":"","background-media":"","overlay-type":"","overlay-color":"","overlay-opacity":"","overlay-gradient":""},"mobile":{"background-color":"var(--ast-global-color-5)","background-image":"","background-repeat":"repeat","background-position":"center center","background-size":"auto","background-attachment":"scroll","background-type":"","background-media":"","overlay-type":"","overlay-color":"","overlay-opacity":"","overlay-gradient":""}}},"product_brand":[],"product_cat":[523],"product_tag":[1495],"class_list":{"0":"post-8188","1":"product","2":"type-product","3":"status-publish","4":"has-post-thumbnail","6":"product_cat-otros-peptidos","7":"product_tag-thymosin-beta-4-acetate-thymosin-4-acetate-cas-77591-33-4-for-lab-research-es","8":"desktop-align-left","9":"tablet-align-left","10":"mobile-align-left","12":"first","13":"instock","14":"shipping-taxable","15":"product-type-simple"},"_links":{"self":[{"href":"https:\/\/puyapeptide.net\/es\/wp-json\/wp\/v2\/product\/8188","targetHints":{"allow":["GET"]}}],"collection":[{"href":"https:\/\/puyapeptide.net\/es\/wp-json\/wp\/v2\/product"}],"about":[{"href":"https:\/\/puyapeptide.net\/es\/wp-json\/wp\/v2\/types\/product"}],"replies":[{"embeddable":true,"href":"https:\/\/puyapeptide.net\/es\/wp-json\/wp\/v2\/comments?post=8188"}],"wp:featuredmedia":[{"embeddable":true,"href":"https:\/\/puyapeptide.net\/es\/wp-json\/wp\/v2\/media\/2216"}],"wp:attachment":[{"href":"https:\/\/puyapeptide.net\/es\/wp-json\/wp\/v2\/media?parent=8188"}],"wp:term":[{"taxonomy":"product_brand","embeddable":true,"href":"https:\/\/puyapeptide.net\/es\/wp-json\/wp\/v2\/product_brand?post=8188"},{"taxonomy":"product_cat","embeddable":true,"href":"https:\/\/puyapeptide.net\/es\/wp-json\/wp\/v2\/product_cat?post=8188"},{"taxonomy":"product_tag","embeddable":true,"href":"https:\/\/puyapeptide.net\/es\/wp-json\/wp\/v2\/product_tag?post=8188"}],"curies":[{"name":"wp","href":"https:\/\/api.w.org\/{rel}","templated":true}]}}