{"id":8223,"date":"2021-12-16T12:25:47","date_gmt":"2021-12-16T17:25:47","guid":{"rendered":"https:\/\/puyapeptide.net\/product\/thymosin-%ce%b11-thymosin-%ce%b11-acetatethymosin-alpha-1-cas-162304-98-7-para-tratar-la-hepatitis-b-cronica-y-estimular-el-sistema-inmunologico\/"},"modified":"2021-12-16T12:25:47","modified_gmt":"2021-12-16T17:25:47","slug":"thymosin-%ce%b11-thymosin-%ce%b11-acetatethymosin-alpha-1-cas-162304-98-7-para-tratar-la-hepatitis-b-cronica-y-estimular-el-sistema-inmunologico","status":"publish","type":"product","link":"https:\/\/puyapeptide.net\/es\/product\/thymosin-%ce%b11-thymosin-%ce%b11-acetatethymosin-alpha-1-cas-162304-98-7-para-tratar-la-hepatitis-b-cronica-y-estimular-el-sistema-inmunologico\/","title":{"rendered":"Thymosin \u03b11 \/ Thymosin \u03b11 \/ AcetateThymosin Alpha 1 CAS 162304-98-7 Para tratar la hepatitis B cr\u00f3nica y estimular el sistema inmunol\u00f3gico"},"content":{"rendered":"<h2><strong>Thymosin \u03b11 \/ Thymosin \u03b11 \/ AcetateThymosin Alpha 1 CAS 162304-98-7 Para tratar la hepatitis B cr\u00f3nica y estimular el sistema inmunol\u00f3gico<\/strong><\/h2>\n<p> Nombre del producto: Thymosin \u03b11<br \/>\n Secuencia: Ac-Ser-Asp-Ala-Ala-Val-Asp-Thr-Ser-Ser-Glu-Ile-Thr-Thr-Lys-Asp-Leu-Lys-Glu -Lys-Glu-Val-Glu-Glu-Ala-Glu-Ala-Glu-Asn-OH<br \/>\n Sin\u00f3nimos: TIMOSINA ALPHA 1; TIMOSINA ALPHA1 BOVINA; TIMOSINA APHA 1; ZADAXINA; Timosina \u03b11 Acetato; Timosina \u03b1 Acetato sal; Thymalfasin Sal acetato; Thymosin \u03b1 1 Acetato (Thymalfasin)<br \/>\n CAS: 62304-98-7<br \/>\n MF: C129H215N33O55<br \/>\n MW: 3108.32<br \/>\n EINECS: 1592732-453-0<br \/>\n Categor\u00edas de productos: Amino\u00e1cido Derivados; P\u00e9ptido; Varios p\u00e9ptidos<br \/>\n Mol File: 62304-98-7.mol <\/p>\n<p> Thymosin-\u03b11 (T-\u03b11), un p\u00e9ptido sint\u00e9tico de 28 amino\u00e1cidos con m\u00faltiples actividades biol\u00f3gicas dirigidas principalmente hacia la respuesta inmune mejora, este f\u00e1rmaco se utiliza para el tratamiento de las infecciones por el VHB y el virus de la hepatitis C (VHC), y se est\u00e1 desarrollando para el tratamiento del c\u00e1ncer de pulm\u00f3n de c\u00e9lulas no peque\u00f1as (CPCNP), el carcinoma hepatocelular, el sida y el melanoma maligno. T-\u03b11 es capaz de potenciar la acci\u00f3n de las citocinas y tambi\u00e9n reducir la toxicidad hematol\u00f3gica de la terapia con medicamentos citot\u00f3xicos, como ciclofosfamida, 5-fluorouracilo, dacarbazina. <\/p>\n<p> <strong>Timosina \u03b11 \/ Timosina \u03b11 \/ Acetato Timosina Alfa 1 CAS 162304- 98-7 Propiedades qu\u00edmicas<\/strong><br \/>\n Punto de ebullici\u00f3n 2899.7 \u00b1 65.0 \u00b0 C (Previsto)<br \/>\n Densidad 1.360 \u00b1 0.06 g \/ cm3 (Previsto)<br \/>\n Temp. De almacenamiento \u221220 \u00b0 C<br \/>\n solubilidad Se recomienda reconstituir la timosina a1 liofilizada en 18M\u03a9-cm H2O est\u00e9ril no menos de 100 \u03bcg \/ ml, que luego se puede diluir en otras soluciones acuosas.<br \/>\n Color esterilizado blanco filtrado liofilizado (liofilizado) en polvo.<br \/>\n Estabilidad: La timosina a1 liofilizada, aunque es estable a temperatura ambiente durante 3 semanas, debe almacenarse desecada por debajo de -18 \u00b0 C. Una vez reconstituido, Thymalfasin debe almacenarse a 4 \u00b0 C entre 2-7 d\u00edas y para uso futuro por debajo de -18 \u00b0 C.<br \/>\n Para almacenamiento a largo plazo, se recomienda agregar una prote\u00edna portadora (0.1% HSA o BSA). &lt;&amp; &gt; Evite los ciclos de congelaci\u00f3n-descongelaci\u00f3n. <\/p>\n<p> <strong>Funci\u00f3n y aplicaci\u00f3n de timosina \u03b11 \/ timosina \u03b11 \/ acetatoTimosina alfa 1 CAS 162304-98-7<\/strong><br \/>\n La timosina \u03b11 es una timosina \u03b11 sintetizada qu\u00edmicamente que es id\u00e9ntica a la timosina humana \u03b11. La timosina \u03b11 es un polip\u00e9ptido acetilado. La timosina \u03b11 est\u00e1 actualmente aprobada para el tratamiento de la hepatitis B y C en 35 pa\u00edses en desarrollo. Adem\u00e1s, la timosina \u03b11 se usa para mejorar la respuesta inmune en el tratamiento de otras enfermedades. <\/p>\n<p> <strong>Thymosin alpha 1 Benefits<\/strong><br \/>\n Thymalfasin (timosina-alfa 1) es un agente inmunomodulador capaz de mejorar la respuesta inmune Thl. In vitro: la conjugaci\u00f3n de timalfasina (T\u03b11) con iRGD preserva la actividad inmunomoduladora del f\u00e1rmaco aumentando la proliferaci\u00f3n de linfocitos del bazo de rat\u00f3n. Adem\u00e1s, en comparaci\u00f3n con el tratamiento con T\u03b11, el tratamiento con T\u03b11-iRGD de las c\u00e9lulas MCF-7 aumenta considerablemente el n\u00famero de c\u00e9lulas que experimentan apoptosis, lo que da como resultado una inhibici\u00f3n dependiente de la dosis del crecimiento de las c\u00e9lulas cancerosas. <\/p>\n<p> In vivo: Se ha demostrado que la timalfasina tiene eficacia en m\u00faltiples modelos experimentales de disfunci\u00f3n inmunol\u00f3gica, principalmente, enfermedades infecciosas como la hepatitis (marmota) y la influenza (rat\u00f3n), y c\u00e1ncer como el melanoma (rat\u00f3n) y colorrectal. carcinoma (rata) donde la timalfasina ha mostrado efectos antitumorales. <\/p>\n<p> <strong>Dosis de timosina alfa 1<\/strong><br \/>\n Depende de su peso corporal. Toda la investigaci\u00f3n llevada a cabo hasta ahora ha utilizado estudios con roedores, las ratas y ratones generalmente se inyectan con una dosis efectiva que se cree que es de alrededor de 10 \u03bcg (mcg) por KG, en humanos se cree que esta carga equivale a 1,6 \u03bcg. por KG en humanos, por lo que si tiene: <\/p>\n<p> 60 KG (132 lb.), entonces su dosis oral diaria ideal de BPC-157 ser\u00eda 96 \u03bcg (mcg)<br \/>\n 70 KG (154 lb.) = &gt; 112 \u03bcg &lt;y&gt; 80 KG (176 libras) =&gt; 128 \u03bcg &lt;y&gt; 90 KG (198 libras) =&gt; 144 \u03bcg<\/p>\n","protected":false},"excerpt":{"rendered":"<p>Nombre del producto: Thymosin \u03b11<br \/>\n CAS: 62304-98-7<br \/>\n MF: C129H215N33O55<br \/>\n MW: 3108.32<br \/>\n EINECS: 1592732-453-0<br \/>\n Mol Archivo: 62304-98-7.mol<\/p>\n","protected":false},"featured_media":2111,"comment_status":"open","ping_status":"closed","template":"","meta":{"om_disable_all_campaigns":false,"_monsterinsights_skip_tracking":false,"_monsterinsights_sitenote_active":false,"_monsterinsights_sitenote_note":"","_monsterinsights_sitenote_category":0,"site-sidebar-layout":"default","site-content-layout":"default","ast-site-content-layout":"default","site-content-style":"default","site-sidebar-style":"default","ast-global-header-display":"","ast-banner-title-visibility":"","ast-main-header-display":"","ast-hfb-above-header-display":"","ast-hfb-below-header-display":"","ast-hfb-mobile-header-display":"","site-post-title":"","ast-breadcrumbs-content":"","ast-featured-img":"","footer-sml-layout":"","ast-disable-related-posts":"","theme-transparent-header-meta":"default","adv-header-id-meta":"","stick-header-meta":"","header-above-stick-meta":"","header-main-stick-meta":"","header-below-stick-meta":"","astra-migrate-meta-layouts":"default","ast-page-background-enabled":"default","ast-page-background-meta":{"desktop":{"background-color":"","background-image":"","background-repeat":"repeat","background-position":"center center","background-size":"auto","background-attachment":"scroll","background-type":"","background-media":"","overlay-type":"","overlay-color":"","overlay-opacity":"","overlay-gradient":""},"tablet":{"background-color":"","background-image":"","background-repeat":"repeat","background-position":"center center","background-size":"auto","background-attachment":"scroll","background-type":"","background-media":"","overlay-type":"","overlay-color":"","overlay-opacity":"","overlay-gradient":""},"mobile":{"background-color":"","background-image":"","background-repeat":"repeat","background-position":"center center","background-size":"auto","background-attachment":"scroll","background-type":"","background-media":"","overlay-type":"","overlay-color":"","overlay-opacity":"","overlay-gradient":""}},"ast-content-background-meta":{"desktop":{"background-color":"var(--ast-global-color-5)","background-image":"","background-repeat":"repeat","background-position":"center center","background-size":"auto","background-attachment":"scroll","background-type":"","background-media":"","overlay-type":"","overlay-color":"","overlay-opacity":"","overlay-gradient":""},"tablet":{"background-color":"var(--ast-global-color-5)","background-image":"","background-repeat":"repeat","background-position":"center center","background-size":"auto","background-attachment":"scroll","background-type":"","background-media":"","overlay-type":"","overlay-color":"","overlay-opacity":"","overlay-gradient":""},"mobile":{"background-color":"var(--ast-global-color-5)","background-image":"","background-repeat":"repeat","background-position":"center center","background-size":"auto","background-attachment":"scroll","background-type":"","background-media":"","overlay-type":"","overlay-color":"","overlay-opacity":"","overlay-gradient":""}}},"product_brand":[],"product_cat":[362],"product_tag":[1479],"class_list":{"0":"post-8223","1":"product","2":"type-product","3":"status-publish","4":"has-post-thumbnail","6":"product_cat-peptido-inmunomodulador","7":"product_tag-thymosin-1-thymosin-1-acetatethymosin-alpha-1-cas-162304-98-7-for-treat-chronic-hepatitis-b-and-boosting-the-immune-system-es","8":"desktop-align-left","9":"tablet-align-left","10":"mobile-align-left","12":"first","13":"instock","14":"shipping-taxable","15":"product-type-simple"},"_links":{"self":[{"href":"https:\/\/puyapeptide.net\/es\/wp-json\/wp\/v2\/product\/8223","targetHints":{"allow":["GET"]}}],"collection":[{"href":"https:\/\/puyapeptide.net\/es\/wp-json\/wp\/v2\/product"}],"about":[{"href":"https:\/\/puyapeptide.net\/es\/wp-json\/wp\/v2\/types\/product"}],"replies":[{"embeddable":true,"href":"https:\/\/puyapeptide.net\/es\/wp-json\/wp\/v2\/comments?post=8223"}],"wp:featuredmedia":[{"embeddable":true,"href":"https:\/\/puyapeptide.net\/es\/wp-json\/wp\/v2\/media\/2111"}],"wp:attachment":[{"href":"https:\/\/puyapeptide.net\/es\/wp-json\/wp\/v2\/media?parent=8223"}],"wp:term":[{"taxonomy":"product_brand","embeddable":true,"href":"https:\/\/puyapeptide.net\/es\/wp-json\/wp\/v2\/product_brand?post=8223"},{"taxonomy":"product_cat","embeddable":true,"href":"https:\/\/puyapeptide.net\/es\/wp-json\/wp\/v2\/product_cat?post=8223"},{"taxonomy":"product_tag","embeddable":true,"href":"https:\/\/puyapeptide.net\/es\/wp-json\/wp\/v2\/product_tag?post=8223"}],"curies":[{"name":"wp","href":"https:\/\/api.w.org\/{rel}","templated":true}]}}