{"id":8226,"date":"2021-12-16T12:25:48","date_gmt":"2021-12-16T17:25:48","guid":{"rendered":"https:\/\/puyapeptide.net\/product\/tratamiento-de-alta-calidad-de-cosintropina-acetato-de-tetracosactida-cas-16960-16-0-para-algunas-enfermedades-de-crohn-o-colitis-ulcerosa\/"},"modified":"2021-12-16T12:25:48","modified_gmt":"2021-12-16T17:25:48","slug":"tratamiento-de-alta-calidad-de-cosintropina-acetato-de-tetracosactida-cas-16960-16-0-para-algunas-enfermedades-de-crohn-o-colitis-ulcerosa","status":"publish","type":"product","link":"https:\/\/puyapeptide.net\/es\/product\/tratamiento-de-alta-calidad-de-cosintropina-acetato-de-tetracosactida-cas-16960-16-0-para-algunas-enfermedades-de-crohn-o-colitis-ulcerosa\/","title":{"rendered":"Tratamiento de alta calidad de cosintropina \/ acetato de tetracosactida CAS 16960-16-0 para algunas enfermedades de Crohn o colitis ulcerosa"},"content":{"rendered":"<h2><strong>Tratamiento de alta calidad de cosintropina \/ acetato de tetracosactida CAS 16960-16-0 para algunas enfermedades de Crohn o colitis ulcerosa<\/strong><\/h2>\n<p> Nombre del producto: Cosintropina<br \/>\n Sin\u00f3nimos: L-SER-TYR-SER-MET-GLU-HIS-PHE-ARG-TRP-GLY-LYS-PRO-VAL-GLY-LYS-LYS-ARG-ARG- PRO-VAL-LYS-VAL-TYR-PRO; cosintropina; H-SER-TYR-SER-MET-GLU-HIS-PHE-ARG-TRP-GLY-LYS-PRO-VAL-GLY-LYS-LYS-ARG- ARG PRO-VAL-LYS-VAL-TYR-PRO-OH TETRACOSACTIDE (HUMANO, BOVINO, RAT\u00d3N, OVINO, PORCINO, CONEJO, RATA); H-SER-TYR-SER-MET-GLU-HIS-PHE-ARG-TRP -GLY-LYS-PRO-VAL-GLY-LYS-LYS-ARG-ARG-PRO-VAL-LYS-VAL-TYR-PRO-OH; SER-TYR-SER-MET-GLU-HIS-PHE-ARG-TRP -GLY-LYS-PRO-VAL-GLY-LYS-LYS-ARG-ARG-PRO-VAL-LYS-VAL-TYR-PRO HUMAN; SER-TYR-SER-MET-GLU-HIS-PHE-ARG-TRP- GLY-LYS-PRO-VAL-GLY-LYS-LYS-ARG-ARG-PRO-VAL-LYS-VAL-TYR-PRO; TETRACOSACTIDE; TETRACOSACTIDE (HUMAN)<br \/>\n CAS: 16960-16-0<br \/>\n MF : C136H210N40O31S<br \/>\n MW: 2933,44<br \/>\n EINECS: 241-031-1<br \/>\n Categor\u00edas de productos: Receptor de melanocortina; P\u00e9ptido; Organics<br \/>\n Mol Archivo: 16960-16-0.mol <\/p>\n<p> Cosintropina es un polip\u00e9ptido sint\u00e9tico que consta de los residuos de amino\u00e1cidos 1 a 24 de ACTH humana, pero que tiene la actividad biol\u00f3gica completa de su progenitor. Por ser de origen sint\u00e9tico, es menos alerg\u00e9nico que la ACTH de origen natural. La cosintropina se utiliza como agente de diagn\u00f3stico en el cribado de pacientes con sospecha de insuficiencia adrenocortical. Normalmente, la administraci\u00f3n parenteral de cosintropina act\u00faa r\u00e1pidamente sobre la corteza suprarrenal para efectuar la liberaci\u00f3n de hidrocortisona plasm\u00e1tica; al realizar la prueba, los niveles de hidrocortisona se comparan con una muestra de sangre de control tomada anteriormente. <\/p>\n<p> <strong>Acetato de cosintropina \/ tetracosactida CAS 16960-16-0 Propiedades qu\u00edmicas<\/strong><br \/>\n densidad 1,47 \u00b1 0,1 g \/ cm3 (previsto) &lt; &amp;&gt; temperatura de almacenamiento \u221220 \u00b0 C<br \/>\n solubilidad Poco soluble en agua.<br \/>\n Solubilidad en agua Soluble en agua<br \/>\n InChIKey ZOEFCCMDUURGSE-SQKVDDBVSA-N<br \/>\n CAS DataBase Reference 16960-16-0 (CAS DataBase Reference)<br \/>\n &lt; &amp;&gt; <strong>Funci\u00f3n y aplicaci\u00f3n de cosintropina \/ acetato de tetracosactida CAS 16960-16-0<\/strong><br \/>\n Se utiliza para diagnosticar insuficiencia cortical suprarrenal; tambi\u00e9n se utiliza para tratar el reumatismo, la artritis reumatoide, las enfermedades de la piel y el shock. Reacciones adversas y contraindicaciones: prurito, rubor, urticaria, broncoespasmo y otras reacciones al\u00e9rgicas de Chemicalbook son menos frecuentes que los corticosteroides. S\u00edncope y deficiencia ocasionales. El uso prolongado o excesivo puede causar hinchaz\u00f3n, hipertensi\u00f3n, hipopotasemia, hiperpigmentaci\u00f3n e infecci\u00f3n inducida, etc. Use con precauci\u00f3n si es al\u00e9rgico a los corticosteroides naturales.<\/p>\n","protected":false},"excerpt":{"rendered":"<p>Nombre del producto: Cosyntropin<br \/>\n CAS: 16960-16-0<br \/>\n MF: C136H210N40O31S<br \/>\n MW: 2933.44<br \/>\n EINECS: 241-031-1<br \/>\n Mol Archivo: 16960-16-0.mol<\/p>\n","protected":false},"featured_media":2342,"comment_status":"open","ping_status":"closed","template":"","meta":{"om_disable_all_campaigns":false,"_monsterinsights_skip_tracking":false,"_monsterinsights_sitenote_active":false,"_monsterinsights_sitenote_note":"","_monsterinsights_sitenote_category":0,"site-sidebar-layout":"default","site-content-layout":"default","ast-site-content-layout":"default","site-content-style":"default","site-sidebar-style":"default","ast-global-header-display":"","ast-banner-title-visibility":"","ast-main-header-display":"","ast-hfb-above-header-display":"","ast-hfb-below-header-display":"","ast-hfb-mobile-header-display":"","site-post-title":"","ast-breadcrumbs-content":"","ast-featured-img":"","footer-sml-layout":"","ast-disable-related-posts":"","theme-transparent-header-meta":"default","adv-header-id-meta":"","stick-header-meta":"","header-above-stick-meta":"","header-main-stick-meta":"","header-below-stick-meta":"","astra-migrate-meta-layouts":"default","ast-page-background-enabled":"default","ast-page-background-meta":{"desktop":{"background-color":"","background-image":"","background-repeat":"repeat","background-position":"center center","background-size":"auto","background-attachment":"scroll","background-type":"","background-media":"","overlay-type":"","overlay-color":"","overlay-opacity":"","overlay-gradient":""},"tablet":{"background-color":"","background-image":"","background-repeat":"repeat","background-position":"center center","background-size":"auto","background-attachment":"scroll","background-type":"","background-media":"","overlay-type":"","overlay-color":"","overlay-opacity":"","overlay-gradient":""},"mobile":{"background-color":"","background-image":"","background-repeat":"repeat","background-position":"center center","background-size":"auto","background-attachment":"scroll","background-type":"","background-media":"","overlay-type":"","overlay-color":"","overlay-opacity":"","overlay-gradient":""}},"ast-content-background-meta":{"desktop":{"background-color":"var(--ast-global-color-5)","background-image":"","background-repeat":"repeat","background-position":"center center","background-size":"auto","background-attachment":"scroll","background-type":"","background-media":"","overlay-type":"","overlay-color":"","overlay-opacity":"","overlay-gradient":""},"tablet":{"background-color":"var(--ast-global-color-5)","background-image":"","background-repeat":"repeat","background-position":"center center","background-size":"auto","background-attachment":"scroll","background-type":"","background-media":"","overlay-type":"","overlay-color":"","overlay-opacity":"","overlay-gradient":""},"mobile":{"background-color":"var(--ast-global-color-5)","background-image":"","background-repeat":"repeat","background-position":"center center","background-size":"auto","background-attachment":"scroll","background-type":"","background-media":"","overlay-type":"","overlay-color":"","overlay-opacity":"","overlay-gradient":""}}},"product_brand":[],"product_cat":[523],"product_tag":[1446],"class_list":{"0":"post-8226","1":"product","2":"type-product","3":"status-publish","4":"has-post-thumbnail","6":"product_cat-otros-peptidos","7":"product_tag-high-quality-cosyntropin-tetracosactide-acetate-cas-16960-16-0-treat-for-some-crohns-disease-or-ulcerative-colitis-es","8":"desktop-align-left","9":"tablet-align-left","10":"mobile-align-left","12":"first","13":"instock","14":"shipping-taxable","15":"product-type-simple"},"_links":{"self":[{"href":"https:\/\/puyapeptide.net\/es\/wp-json\/wp\/v2\/product\/8226","targetHints":{"allow":["GET"]}}],"collection":[{"href":"https:\/\/puyapeptide.net\/es\/wp-json\/wp\/v2\/product"}],"about":[{"href":"https:\/\/puyapeptide.net\/es\/wp-json\/wp\/v2\/types\/product"}],"replies":[{"embeddable":true,"href":"https:\/\/puyapeptide.net\/es\/wp-json\/wp\/v2\/comments?post=8226"}],"wp:featuredmedia":[{"embeddable":true,"href":"https:\/\/puyapeptide.net\/es\/wp-json\/wp\/v2\/media\/2342"}],"wp:attachment":[{"href":"https:\/\/puyapeptide.net\/es\/wp-json\/wp\/v2\/media?parent=8226"}],"wp:term":[{"taxonomy":"product_brand","embeddable":true,"href":"https:\/\/puyapeptide.net\/es\/wp-json\/wp\/v2\/product_brand?post=8226"},{"taxonomy":"product_cat","embeddable":true,"href":"https:\/\/puyapeptide.net\/es\/wp-json\/wp\/v2\/product_cat?post=8226"},{"taxonomy":"product_tag","embeddable":true,"href":"https:\/\/puyapeptide.net\/es\/wp-json\/wp\/v2\/product_tag?post=8226"}],"curies":[{"name":"wp","href":"https:\/\/api.w.org\/{rel}","templated":true}]}}