{"id":8282,"date":"2021-12-16T13:20:54","date_gmt":"2021-12-16T18:20:54","guid":{"rendered":"https:\/\/puyapeptide.net\/product\/peptido-de-alta-calidad-acetato-de-somatostatina-15-28-somatostatina-28-cas-38916-34-6\/"},"modified":"2021-12-16T13:20:54","modified_gmt":"2021-12-16T18:20:54","slug":"peptido-de-alta-calidad-acetato-de-somatostatina-15-28-somatostatina-28-cas-38916-34-6","status":"publish","type":"product","link":"https:\/\/puyapeptide.net\/es\/product\/peptido-de-alta-calidad-acetato-de-somatostatina-15-28-somatostatina-28-cas-38916-34-6\/","title":{"rendered":"P\u00e9ptido de alta calidad Acetato de somatostatina \/ 15-28-Somatostatina-28 CAS 38916-34-6"},"content":{"rendered":"<h2><strong>P\u00e9ptido de alta calidad Acetato de somatostatina \/ 15-28-Somatostatina-28 CAS 38916-34-6<\/strong><\/h2>\n<p> Nombre del producto: Acetato de somatostatina \/ 15-28-Somatostatin-28<br \/>\n Sin\u00f3nimos: Ala-Gly-Cys-Lys-Asn-Phe-Phe-Trp-Lys-Thr-Phe-Thr-Ser-Cys-OH ; Factor inhibidor de la liberaci\u00f3n de soMatotropina, SRIF, SRIF-14; Somatostatina c\u00edclica; Acetato de soMatostatina; FACTOR INHIBIDOR DE LA LIBERACI\u00d3N DE HORMONA DEL CRECIMIENTO (HUMANO, OVINO, PORCINO, RAT\u00d3N, RAT\u00d3N); FACTOR INHIBIDOR DE LA LIBERACI\u00d3N DE HORMONA DEL CRECIMIENTO, OVINA, PORCINA, RAT\u00d3N) 2ACOH 6H2O; H-ALA-GLY-CYS-LYS-ASN-PHE-PHE-TRP-LYS-THR-PHE-THR-SER-CYS-OH; H-ALA-GLY-CYS-LYS-ASN-PHE -PHE-TRP-LYS-THR-PHE-THR-SER-CYS-OH (ACOPLADO A BSA)<br \/>\n CAS: 38916-34-6<br \/>\n MF: C76H104N18O19S2<br \/>\n MW: 1637,88<br \/>\n EINECS: 254-186-5<br \/>\n Categor\u00edas de productos: Derivados de amino\u00e1cidos; Amino\u00e1cidos y derivados; P\u00e9ptido; Amino\u00e1cidos 13C, 2H, 15N; Productos qu\u00edmicos intermedios y finos; Productos farmac\u00e9uticos; p\u00e9ptidos pharm<br \/>\n Archivo Mol: 38916-34-6 .mol <\/p>\n<p> La somatostatina es un 14-p\u00e9ptido c\u00edclico que fue aislado por primera vez por Guillemin en 1973 y es probablemente el m\u00e1s minuciosamente investigado y el m\u00e1s importante de los factores inhibidores producidos por la hipota. lamus. La principal actividad de la somatostatina, que es de origen hipotal\u00e1mico, es la inhibici\u00f3n de la liberaci\u00f3n de la hormona del crecimiento (GH) de la pituitaria anterior. Demasiada GH, como en los tumores hipofisarios, causa acromegalia, una forma de gigantismo. Por otro lado, muy poca GH conduce al enanismo. Tambi\u00e9n se ha encontrado somatostatina en el p\u00e1ncreas y el tracto gastrointestinal, donde inhibe la secreci\u00f3n de insulina y glucag\u00f3n del p\u00e1ncreas, as\u00ed como la secreci\u00f3n de una variedad de p\u00e9ptidos intestinales (p. Ej., Gastrina, secretina, pepsina y renina). La corta vida media de la somatostatina, que es de menos de 3 minutos, ha impedido su uso como agente terap\u00e9utico. Se han preparado muchos derivados de la somatostatina para aumentar su duraci\u00f3n de acci\u00f3n y \/ o mejorar su selectividad de acci\u00f3n. La culminaci\u00f3n de estos estudios de estructura-actividad fue el desarrollo de acetato de octre\u00f3tido. <\/p>\n<p> Adem\u00e1s del hipot\u00e1lamo, otras partes como la corteza cerebral, el cuerpo estriado, la am\u00edgdala, el hipocampo y la m\u00e9dula espinal, el nervio simp\u00e1tico, gastrointestinal, las gl\u00e1ndulas de los islotes, los ri\u00f1ones, la tiroides y las paratiroides est\u00e1n ampliamente distribuidas en la somatostatina. En el cerebro y el tracto gastrointestinal, se purificaron 28 amino\u00e1cidos de GHRIH28, que es una extensi\u00f3n hacia afuera del extremo N-terminal de GHRIH14. El efecto de la somatostatina in vitro es complicado y puede actuar como transmisor o modular en el sistema nervioso; la somatostatina tiene un cierto efecto inhibidor sobre la motilidad gastrointestinal y la secreci\u00f3n de hormonas del tracto digestivo; tambi\u00e9n inhibe la secreci\u00f3n de insulina y p\u00e1ncreas Glucag\u00f3n, renina, hormona paratiroidea y calcitonina. <\/p>\n<p> <strong>Acetato de somatostatina \/ 15-28-Somatostatina-28 CAS 38916-34-6 Propiedades qu\u00edmicas<\/strong><br \/>\n 15-28-Somatostatina-28 Propiedades qu\u00edmicas<br \/>\n Punto de ebullici\u00f3n 1970,9 \u00b1 65,0 \u00b0 C (previsto)<br \/>\n densidad 1,43 \u00b1 0,1 g \/ cm3 (previsto)<br \/>\n temp. De almacenamiento \u221220 \u00b0 C<br \/>\n solubilidad H2O: 1 mg \/ mL<br \/>\n pka 2,94 \u00b1 0,70 (Previsto)<br \/>\n forma polvo<br \/>\n Solubilidad en agua Soluble en agua (25,00 \u00b0 C 1,00 g \/ L) , Metanol.<br \/>\n Merck 13,8788<br \/>\n BRN 6436064<br \/>\n InChIKey NHXLMOGPVYXJNR-ATOGVRKGSA-N <\/p>\n<p> <strong>Funci\u00f3n y aplicaci\u00f3n de acetato de somatostatina \/ 15-28-Somatostatin-28 CAS<\/strong> &lt;&amp; &gt;<br \/>\n 1 Puede inhibir la secreci\u00f3n de hormona del crecimiento, hormona estimulante de la tiroides, insulina, glucag\u00f3n. <\/p>\n<p> 2 Puede inhibir la secreci\u00f3n de \u00e1cido g\u00e1strico estimulada por la comida de prueba y la gastrina de 5 p\u00e9ptidos, y puede inhibir la liberaci\u00f3n de pepsina y gastrina. <\/p>\n<p> 3 Puede reducir significativamente el flujo sangu\u00edneo visceral, reducir la presi\u00f3n portal, reducir el flujo sangu\u00edneo y la presi\u00f3n de la circulaci\u00f3n colateral, reducir el flujo sangu\u00edneo hep\u00e1tico. <\/p>\n<p> 4 Reduce la secreci\u00f3n del p\u00e1ncreas y la secreci\u00f3n del intestino delgado y la ves\u00edcula biliar, reducen la actividad enzim\u00e1tica y tienen un efecto protector sobre las c\u00e9lulas pancre\u00e1ticas. <\/p>\n<p> 5 Puede afectar la absorci\u00f3n y la funci\u00f3n nutricional del tracto gastrointestinal.<\/p>\n","protected":false},"excerpt":{"rendered":"<p>Nombre del producto: Acetato de somatostatina \/ 15-28-Somatostatina-28<br \/>\n CAS: 38916-34-6<br \/>\n MF: C76H104N18O19S2<br \/>\n MW: 1637.88<br \/>\n EINECS: 254-186-5<br \/>\n Mol Archivo : 38916-34-6.mol<\/p>\n","protected":false},"featured_media":2132,"comment_status":"open","ping_status":"closed","template":"","meta":{"om_disable_all_campaigns":false,"_monsterinsights_skip_tracking":false,"_monsterinsights_sitenote_active":false,"_monsterinsights_sitenote_note":"","_monsterinsights_sitenote_category":0,"site-sidebar-layout":"default","site-content-layout":"default","ast-site-content-layout":"default","site-content-style":"default","site-sidebar-style":"default","ast-global-header-display":"","ast-banner-title-visibility":"","ast-main-header-display":"","ast-hfb-above-header-display":"","ast-hfb-below-header-display":"","ast-hfb-mobile-header-display":"","site-post-title":"","ast-breadcrumbs-content":"","ast-featured-img":"","footer-sml-layout":"","ast-disable-related-posts":"","theme-transparent-header-meta":"default","adv-header-id-meta":"","stick-header-meta":"","header-above-stick-meta":"","header-main-stick-meta":"","header-below-stick-meta":"","astra-migrate-meta-layouts":"default","ast-page-background-enabled":"default","ast-page-background-meta":{"desktop":{"background-color":"","background-image":"","background-repeat":"repeat","background-position":"center center","background-size":"auto","background-attachment":"scroll","background-type":"","background-media":"","overlay-type":"","overlay-color":"","overlay-opacity":"","overlay-gradient":""},"tablet":{"background-color":"","background-image":"","background-repeat":"repeat","background-position":"center center","background-size":"auto","background-attachment":"scroll","background-type":"","background-media":"","overlay-type":"","overlay-color":"","overlay-opacity":"","overlay-gradient":""},"mobile":{"background-color":"","background-image":"","background-repeat":"repeat","background-position":"center center","background-size":"auto","background-attachment":"scroll","background-type":"","background-media":"","overlay-type":"","overlay-color":"","overlay-opacity":"","overlay-gradient":""}},"ast-content-background-meta":{"desktop":{"background-color":"var(--ast-global-color-5)","background-image":"","background-repeat":"repeat","background-position":"center center","background-size":"auto","background-attachment":"scroll","background-type":"","background-media":"","overlay-type":"","overlay-color":"","overlay-opacity":"","overlay-gradient":""},"tablet":{"background-color":"var(--ast-global-color-5)","background-image":"","background-repeat":"repeat","background-position":"center center","background-size":"auto","background-attachment":"scroll","background-type":"","background-media":"","overlay-type":"","overlay-color":"","overlay-opacity":"","overlay-gradient":""},"mobile":{"background-color":"var(--ast-global-color-5)","background-image":"","background-repeat":"repeat","background-position":"center center","background-size":"auto","background-attachment":"scroll","background-type":"","background-media":"","overlay-type":"","overlay-color":"","overlay-opacity":"","overlay-gradient":""}}},"product_brand":[],"product_cat":[523],"product_tag":[],"class_list":{"0":"post-8282","1":"product","2":"type-product","3":"status-publish","4":"has-post-thumbnail","6":"product_cat-otros-peptidos","7":"desktop-align-left","8":"tablet-align-left","9":"mobile-align-left","11":"first","12":"instock","13":"shipping-taxable","14":"product-type-simple"},"_links":{"self":[{"href":"https:\/\/puyapeptide.net\/es\/wp-json\/wp\/v2\/product\/8282","targetHints":{"allow":["GET"]}}],"collection":[{"href":"https:\/\/puyapeptide.net\/es\/wp-json\/wp\/v2\/product"}],"about":[{"href":"https:\/\/puyapeptide.net\/es\/wp-json\/wp\/v2\/types\/product"}],"replies":[{"embeddable":true,"href":"https:\/\/puyapeptide.net\/es\/wp-json\/wp\/v2\/comments?post=8282"}],"wp:featuredmedia":[{"embeddable":true,"href":"https:\/\/puyapeptide.net\/es\/wp-json\/wp\/v2\/media\/2132"}],"wp:attachment":[{"href":"https:\/\/puyapeptide.net\/es\/wp-json\/wp\/v2\/media?parent=8282"}],"wp:term":[{"taxonomy":"product_brand","embeddable":true,"href":"https:\/\/puyapeptide.net\/es\/wp-json\/wp\/v2\/product_brand?post=8282"},{"taxonomy":"product_cat","embeddable":true,"href":"https:\/\/puyapeptide.net\/es\/wp-json\/wp\/v2\/product_cat?post=8282"},{"taxonomy":"product_tag","embeddable":true,"href":"https:\/\/puyapeptide.net\/es\/wp-json\/wp\/v2\/product_tag?post=8282"}],"curies":[{"name":"wp","href":"https:\/\/api.w.org\/{rel}","templated":true}]}}