{"id":8319,"date":"2021-12-16T13:23:22","date_gmt":"2021-12-16T18:23:22","guid":{"rendered":"https:\/\/puyapeptide.net\/product\/sincalide-de-alta-calidad-cck-8-cas-25126-32-3-se-utiliza-principalmente-para-promover-la-contraccion-de-la-vesicula-biliar-reactivo-de-diagnostico-de-la-vesicula-biliar\/"},"modified":"2021-12-16T13:23:22","modified_gmt":"2021-12-16T18:23:22","slug":"sincalide-de-alta-calidad-cck-8-cas-25126-32-3-se-utiliza-principalmente-para-promover-la-contraccion-de-la-vesicula-biliar-reactivo-de-diagnostico-de-la-vesicula-biliar","status":"publish","type":"product","link":"https:\/\/puyapeptide.net\/es\/product\/sincalide-de-alta-calidad-cck-8-cas-25126-32-3-se-utiliza-principalmente-para-promover-la-contraccion-de-la-vesicula-biliar-reactivo-de-diagnostico-de-la-vesicula-biliar\/","title":{"rendered":"Sincalide de alta calidad \/ CCK-8 CAS 25126-32-3 Se utiliza principalmente para promover la contracci\u00f3n de la ves\u00edcula biliar, reactivo de diagn\u00f3stico de la ves\u00edcula biliar"},"content":{"rendered":"<h2><strong>Sincalide de alta calidad \/ CCK-8 CAS 25126-32-3 Se utiliza principalmente para promover la contracci\u00f3n de la ves\u00edcula biliar, reactivo de diagn\u00f3stico de la ves\u00edcula biliar<\/strong><\/h2>\n<p> Nombre del producto: Sincalide<br \/>\n Sin\u00f3nimos: [27-TYR (SO3H)] CHOLECYSTOKININ-FRAGMENT (26-33) -AMIDE; PANCREOZYMIN C-TERMINAL OCTAPEPTIDE; SINCALIDE; (Tyr [SO3H] 27) Cholecystoquinin fragment 26- 33 Amida; Sincalid (CCK-8); (tyr (so3H) 27) -fragmento de colecistoquinina * 26-33 amida; H-ASP-TYR (SO3H) -MET-GLY-TRP-MET-ASP-PHE-NH2; H -ASP-TYR (SO3H) -MET-GLY-TRP-MET-ASP-PHE-NH2 SAL DE AMONIO<br \/>\n CAS: 25126-32-3<br \/>\n MF: C49H62N10O16S3<br \/>\n MW: 1143,27<br \/>\n EINECS: 246-639-0<br \/>\n Categor\u00edas de productos: API; hormonas; P\u00e9ptido; Receptor de colecistoquinina (CCK); Receptores de p\u00e9ptidos<br \/>\n Mol Archivo: 25126-32-3.mol <\/p>\n<p> Sincalida \/ colecistoquinina (CCK- 8) es un p\u00e9ptido intestinal cerebral con m\u00faltiples formas moleculares y una distribuci\u00f3n dual, compuesto por 33 amino\u00e1cidos, con efectos hormonales y neurotransmisores. Sincalide es una mol\u00e9cula de octap\u00e9ptido, un fragmento de colecistoquinina, Chemicalbook tiene todas las actividades biol\u00f3gicas de la colecistoquinina, un octap\u00e9ptido de colecistoquinina sint\u00e9tico (octap\u00e9ptido), utilizado principalmente para promover la contracci\u00f3n de la ves\u00edcula biliar, reactivo de diagn\u00f3stico de la ves\u00edcula biliar, uso cl\u00ednico en el tratamiento de la pancreatitis cr\u00f3nica, encontr\u00f3 que la funci\u00f3n de secreci\u00f3n pancre\u00e1tica mejor\u00f3 significativamente, los s\u00edntomas se redujeron significativamente. Los s\u00edntomas se redujeron significativamente. <\/p>\n<p> <strong>Sincalide \/ CCK-8 CAS 25126-32-3 Propiedades qu\u00edmicas<\/strong><br \/>\n alpha D23 -18.4 \u00b0 (c = 0.7 en NH3 1N)<br \/>\n densidad 1.440 \u00b1 0.06 g \/ cm3 (predicho)<br \/>\n temperatura de almacenamiento -20 \u00b0 C<br \/>\n solubilidad 0,05 M hidr\u00f3xido de amonio: 1 mg \/ ml, transparente, incoloro<br \/>\n pka -4,17 \u00b1 0,18 (previsto)<br \/>\n forma polvo<br \/>\n solubilidad en agua Soluble en agua 1 g \/ L a 10 \u00b0 C.<br \/>\n Merck 13,8617<br \/>\n BRN 5231801 <\/p>\n<p> <strong>Sincalide \/ CCK-8 CAS 25126-32-3 Propiedades qu\u00edmicas<\/strong><br \/>\n Sincalide \/ Cholecystokinin (CCK-8) se usa a menudo cl\u00ednicamente cooperar y mejorar el examen de la funci\u00f3n de secreci\u00f3n pancre\u00e1tica con la secreci\u00f3n pancre\u00e1tica; La CCK se usa para reemplazar la comida grasosa durante la colangiograf\u00eda, lo que puede promover la peristalsis intestinal y acortar el tiempo de examen de la comida de bario. Tambi\u00e9n se puede utilizar para tratar la par\u00e1lisis intestinal.<\/p>\n","protected":false},"excerpt":{"rendered":"<p>Nombre del producto: Sincalide<br \/>\n MF: C49H62N10O16S3<br \/>\n MW: 1143.27<br \/>\n EINECS: 246-639-0<br \/>\n Mol Archivo: 25126-32-3.mol<\/p>\n","protected":false},"featured_media":2132,"comment_status":"open","ping_status":"closed","template":"","meta":{"om_disable_all_campaigns":false,"_monsterinsights_skip_tracking":false,"_monsterinsights_sitenote_active":false,"_monsterinsights_sitenote_note":"","_monsterinsights_sitenote_category":0,"site-sidebar-layout":"default","site-content-layout":"default","ast-site-content-layout":"default","site-content-style":"default","site-sidebar-style":"default","ast-global-header-display":"","ast-banner-title-visibility":"","ast-main-header-display":"","ast-hfb-above-header-display":"","ast-hfb-below-header-display":"","ast-hfb-mobile-header-display":"","site-post-title":"","ast-breadcrumbs-content":"","ast-featured-img":"","footer-sml-layout":"","ast-disable-related-posts":"","theme-transparent-header-meta":"default","adv-header-id-meta":"","stick-header-meta":"","header-above-stick-meta":"","header-main-stick-meta":"","header-below-stick-meta":"","astra-migrate-meta-layouts":"default","ast-page-background-enabled":"default","ast-page-background-meta":{"desktop":{"background-color":"","background-image":"","background-repeat":"repeat","background-position":"center center","background-size":"auto","background-attachment":"scroll","background-type":"","background-media":"","overlay-type":"","overlay-color":"","overlay-opacity":"","overlay-gradient":""},"tablet":{"background-color":"","background-image":"","background-repeat":"repeat","background-position":"center center","background-size":"auto","background-attachment":"scroll","background-type":"","background-media":"","overlay-type":"","overlay-color":"","overlay-opacity":"","overlay-gradient":""},"mobile":{"background-color":"","background-image":"","background-repeat":"repeat","background-position":"center center","background-size":"auto","background-attachment":"scroll","background-type":"","background-media":"","overlay-type":"","overlay-color":"","overlay-opacity":"","overlay-gradient":""}},"ast-content-background-meta":{"desktop":{"background-color":"var(--ast-global-color-5)","background-image":"","background-repeat":"repeat","background-position":"center center","background-size":"auto","background-attachment":"scroll","background-type":"","background-media":"","overlay-type":"","overlay-color":"","overlay-opacity":"","overlay-gradient":""},"tablet":{"background-color":"var(--ast-global-color-5)","background-image":"","background-repeat":"repeat","background-position":"center center","background-size":"auto","background-attachment":"scroll","background-type":"","background-media":"","overlay-type":"","overlay-color":"","overlay-opacity":"","overlay-gradient":""},"mobile":{"background-color":"var(--ast-global-color-5)","background-image":"","background-repeat":"repeat","background-position":"center center","background-size":"auto","background-attachment":"scroll","background-type":"","background-media":"","overlay-type":"","overlay-color":"","overlay-opacity":"","overlay-gradient":""}}},"product_brand":[],"product_cat":[523],"product_tag":[1386,1364],"class_list":{"0":"post-8319","1":"product","2":"type-product","3":"status-publish","4":"has-post-thumbnail","6":"product_cat-otros-peptidos","7":"product_tag-gallbladder-diagnostic-reagent-es","8":"product_tag-high-quality-sincalide-cck-8-cas-25126-32-3-mainly-used-to-promote-gallbladder-contraction-es","9":"desktop-align-left","10":"tablet-align-left","11":"mobile-align-left","13":"first","14":"instock","15":"shipping-taxable","16":"product-type-simple"},"_links":{"self":[{"href":"https:\/\/puyapeptide.net\/es\/wp-json\/wp\/v2\/product\/8319","targetHints":{"allow":["GET"]}}],"collection":[{"href":"https:\/\/puyapeptide.net\/es\/wp-json\/wp\/v2\/product"}],"about":[{"href":"https:\/\/puyapeptide.net\/es\/wp-json\/wp\/v2\/types\/product"}],"replies":[{"embeddable":true,"href":"https:\/\/puyapeptide.net\/es\/wp-json\/wp\/v2\/comments?post=8319"}],"wp:featuredmedia":[{"embeddable":true,"href":"https:\/\/puyapeptide.net\/es\/wp-json\/wp\/v2\/media\/2132"}],"wp:attachment":[{"href":"https:\/\/puyapeptide.net\/es\/wp-json\/wp\/v2\/media?parent=8319"}],"wp:term":[{"taxonomy":"product_brand","embeddable":true,"href":"https:\/\/puyapeptide.net\/es\/wp-json\/wp\/v2\/product_brand?post=8319"},{"taxonomy":"product_cat","embeddable":true,"href":"https:\/\/puyapeptide.net\/es\/wp-json\/wp\/v2\/product_cat?post=8319"},{"taxonomy":"product_tag","embeddable":true,"href":"https:\/\/puyapeptide.net\/es\/wp-json\/wp\/v2\/product_tag?post=8319"}],"curies":[{"name":"wp","href":"https:\/\/api.w.org\/{rel}","templated":true}]}}