{"id":8376,"date":"2021-12-16T13:25:58","date_gmt":"2021-12-16T18:25:58","guid":{"rendered":"https:\/\/puyapeptide.net\/product\/acetato-de-alarelina-gnrh-a-cas-79561-22-1-para-promover-la-ovulacion-y-tratar-la-infertilidad-causada-por-la-funcion-ovarica-anormal\/"},"modified":"2021-12-16T13:25:58","modified_gmt":"2021-12-16T18:25:58","slug":"acetato-de-alarelina-gnrh-a-cas-79561-22-1-para-promover-la-ovulacion-y-tratar-la-infertilidad-causada-por-la-funcion-ovarica-anormal","status":"publish","type":"product","link":"https:\/\/puyapeptide.net\/es\/product\/acetato-de-alarelina-gnrh-a-cas-79561-22-1-para-promover-la-ovulacion-y-tratar-la-infertilidad-causada-por-la-funcion-ovarica-anormal\/","title":{"rendered":"Acetato de alarelina \/ GnRH-A CAS 79561-22-1 Para promover la ovulaci\u00f3n y tratar la infertilidad causada por la funci\u00f3n ov\u00e1rica anormal"},"content":{"rendered":"<h2><strong>Acetato de alarelina \/ GnRH-A CAS 79561-22-1 Para promover la ovulaci\u00f3n y tratar la infertilidad causada por la funci\u00f3n ov\u00e1rica anormal<\/strong><\/h2>\n<p> Nombre del producto: Alarelin<br \/>\n Secuencia: Pyr-His-Trp-Ser-Tyr-D-Ala-Leu-Arg-Pro-NHEt<br \/>\n Sin\u00f3nimos: ALARELIN; PYR-HIS-TRP-SER-TYR- D-ALA-LEU-ARG-PRO-NHET; (DES-GLY10, D-ALA6, PRO-NHET9) -HORMONA LIBERADORA DE GONADOTROPINA (BREAM); (DES-GLY10, D-ALA6, PRO-NHET9) -GONADOTROPINA -HORMONA LIBERADORA; (DES-GLY10, D-ALA6, PRO-NHET9) -FACTOR LIBERADOR HORMONAL LUTEINIZANTE (BREAM); (DES-GLY10, D-ALA6, PRO-NHET9) -FACTOR LIBERADOR HORMONAL LUTEINIZANTE; (DES -GLY10, D-ALA6, PRO-NHET9) -LHRH (SEA BREAM); [DES-GLY10, D-ALA6, PRO-NHET9] -LH-RH (HUMAN)<br \/>\n CAS: 79561-22-1 &lt;&amp; &gt; MF: C56H78N16O12<br \/>\n MW: 1167.32<br \/>\n EINECS: 635-974-1<br \/>\n Categor\u00edas de productos: API; P\u00e9ptido; LH-RH; LH-RH P\u00e9ptidos para biolog\u00eda celular; Neurop\u00e9ptidos; Factores liberadores; Derivados de amino\u00e1cidos &lt; &amp;&gt; Mol Archivo: 79561-22-1.mol <\/p>\n<p> Alaraline (gonadotropina liberadora de hormonas an\u00e1logas (GnRH-A), tambi\u00e9n conocido como albuterol, es un an\u00e1logo sint\u00e9tico de nueve p\u00e9ptidos de la hormona liberadora de gonadotropinas (GnRH), que es 15 veces m\u00e1s potente que el padre. Puede estimular la gl\u00e1ndula pituitaria para que libere l hormona uteinizante (LH) y hormona estimulante del fol\u00edculo (FSH) al comienzo del f\u00e1rmaco, lo que provoca un aumento transitorio de la hormona esteroidea derivada de la qu\u00edmica ov\u00e1rica; La administraci\u00f3n repetida puede inhibir la liberaci\u00f3n de LH y FSH de la gl\u00e1ndula pituitaria, haciendo que el nivel de estradiol en sangre disminuya, logrando el efecto de ovulaci\u00f3n del f\u00e1rmaco y, al mismo tiempo, tiene un efecto regulador sobre la expresi\u00f3n de oncogenes. ras, neu y myc relacionados con el c\u00e1ncer de endometrio. Tambi\u00e9n tiene efectos reguladores sobre la expresi\u00f3n de ras, neu y myc, que est\u00e1n relacionados con el c\u00e1ncer de endometrio. Cl\u00ednicamente, se utiliza principalmente para promover la ovulaci\u00f3n, tratar la infertilidad causada por la funci\u00f3n ov\u00e1rica anormal, la endometriosis y los fibromas uterinos, y mejorar la tasa de embarazo. <\/p>\n<p> <strong>Usos de Alarelin Acetate \/ GnRH-A CAS 79561-22-1<\/strong> &lt;&amp; &gt; Se usa principalmente cl\u00ednicamente para promover la ovulaci\u00f3n, tratar la infertilidad causada por la funci\u00f3n ov\u00e1rica anormal, la endometriosis y los fibromas uterinos, y mejorar la tasa de embarazo.<\/p>\n","protected":false},"excerpt":{"rendered":"<p>Nombre del producto: Alarelina<br \/>\n CAS: 79561-22-1<br \/>\n MF: C56H78N16O12<br \/>\n MW: 1167,32<br \/>\n EINECS: 635-974-1<br \/>\n Mol Archivo: 79561-22-1.mol<\/p>\n","protected":false},"featured_media":2132,"comment_status":"open","ping_status":"closed","template":"","meta":{"om_disable_all_campaigns":false,"_monsterinsights_skip_tracking":false,"_monsterinsights_sitenote_active":false,"_monsterinsights_sitenote_note":"","_monsterinsights_sitenote_category":0,"site-sidebar-layout":"default","site-content-layout":"default","ast-site-content-layout":"default","site-content-style":"default","site-sidebar-style":"default","ast-global-header-display":"","ast-banner-title-visibility":"","ast-main-header-display":"","ast-hfb-above-header-display":"","ast-hfb-below-header-display":"","ast-hfb-mobile-header-display":"","site-post-title":"","ast-breadcrumbs-content":"","ast-featured-img":"","footer-sml-layout":"","ast-disable-related-posts":"","theme-transparent-header-meta":"default","adv-header-id-meta":"","stick-header-meta":"","header-above-stick-meta":"","header-main-stick-meta":"","header-below-stick-meta":"","astra-migrate-meta-layouts":"default","ast-page-background-enabled":"default","ast-page-background-meta":{"desktop":{"background-color":"","background-image":"","background-repeat":"repeat","background-position":"center center","background-size":"auto","background-attachment":"scroll","background-type":"","background-media":"","overlay-type":"","overlay-color":"","overlay-opacity":"","overlay-gradient":""},"tablet":{"background-color":"","background-image":"","background-repeat":"repeat","background-position":"center center","background-size":"auto","background-attachment":"scroll","background-type":"","background-media":"","overlay-type":"","overlay-color":"","overlay-opacity":"","overlay-gradient":""},"mobile":{"background-color":"","background-image":"","background-repeat":"repeat","background-position":"center center","background-size":"auto","background-attachment":"scroll","background-type":"","background-media":"","overlay-type":"","overlay-color":"","overlay-opacity":"","overlay-gradient":""}},"ast-content-background-meta":{"desktop":{"background-color":"var(--ast-global-color-5)","background-image":"","background-repeat":"repeat","background-position":"center center","background-size":"auto","background-attachment":"scroll","background-type":"","background-media":"","overlay-type":"","overlay-color":"","overlay-opacity":"","overlay-gradient":""},"tablet":{"background-color":"var(--ast-global-color-5)","background-image":"","background-repeat":"repeat","background-position":"center center","background-size":"auto","background-attachment":"scroll","background-type":"","background-media":"","overlay-type":"","overlay-color":"","overlay-opacity":"","overlay-gradient":""},"mobile":{"background-color":"var(--ast-global-color-5)","background-image":"","background-repeat":"repeat","background-position":"center center","background-size":"auto","background-attachment":"scroll","background-type":"","background-media":"","overlay-type":"","overlay-color":"","overlay-opacity":"","overlay-gradient":""}}},"product_brand":[],"product_cat":[439],"product_tag":[1347],"class_list":{"0":"post-8376","1":"product","2":"type-product","3":"status-publish","4":"has-post-thumbnail","6":"product_cat-peptido-urogenital","7":"product_tag-alarelin-acetate-gnrh-a-cas-79561-22-1-for-promote-ovulation-and-treat-infertility-caused-by-abnormal-ovarian-function-es","8":"desktop-align-left","9":"tablet-align-left","10":"mobile-align-left","12":"first","13":"instock","14":"shipping-taxable","15":"product-type-simple"},"_links":{"self":[{"href":"https:\/\/puyapeptide.net\/es\/wp-json\/wp\/v2\/product\/8376","targetHints":{"allow":["GET"]}}],"collection":[{"href":"https:\/\/puyapeptide.net\/es\/wp-json\/wp\/v2\/product"}],"about":[{"href":"https:\/\/puyapeptide.net\/es\/wp-json\/wp\/v2\/types\/product"}],"replies":[{"embeddable":true,"href":"https:\/\/puyapeptide.net\/es\/wp-json\/wp\/v2\/comments?post=8376"}],"wp:featuredmedia":[{"embeddable":true,"href":"https:\/\/puyapeptide.net\/es\/wp-json\/wp\/v2\/media\/2132"}],"wp:attachment":[{"href":"https:\/\/puyapeptide.net\/es\/wp-json\/wp\/v2\/media?parent=8376"}],"wp:term":[{"taxonomy":"product_brand","embeddable":true,"href":"https:\/\/puyapeptide.net\/es\/wp-json\/wp\/v2\/product_brand?post=8376"},{"taxonomy":"product_cat","embeddable":true,"href":"https:\/\/puyapeptide.net\/es\/wp-json\/wp\/v2\/product_cat?post=8376"},{"taxonomy":"product_tag","embeddable":true,"href":"https:\/\/puyapeptide.net\/es\/wp-json\/wp\/v2\/product_tag?post=8376"}],"curies":[{"name":"wp","href":"https:\/\/api.w.org\/{rel}","templated":true}]}}