{"id":8385,"date":"2021-12-16T13:26:57","date_gmt":"2021-12-16T18:26:57","guid":{"rendered":"https:\/\/puyapeptide.net\/product\/el-acetato-de-pramlintida-cas-196078-30-5-es-un-agente-antidiabetico-que-tambien-se-puede-utilizar-en-la-investigacion-del-cancer-de-intestino\/"},"modified":"2021-12-16T13:26:57","modified_gmt":"2021-12-16T18:26:57","slug":"el-acetato-de-pramlintida-cas-196078-30-5-es-un-agente-antidiabetico-que-tambien-se-puede-utilizar-en-la-investigacion-del-cancer-de-intestino","status":"publish","type":"product","link":"https:\/\/puyapeptide.net\/es\/product\/el-acetato-de-pramlintida-cas-196078-30-5-es-un-agente-antidiabetico-que-tambien-se-puede-utilizar-en-la-investigacion-del-cancer-de-intestino\/","title":{"rendered":"El acetato de pramlintida CAS 196078-30-5 es un agente antidiab\u00e9tico que tambi\u00e9n se puede utilizar en la investigaci\u00f3n del c\u00e1ncer de intestino."},"content":{"rendered":"<h2><strong>El acetato de pramlintida CAS 196078-30-5 es un agente antidiab\u00e9tico que tambi\u00e9n se puede utilizar en la investigaci\u00f3n del c\u00e1ncer de intestino.<\/strong><\/h2>\n<p> Nombre del producto: Acetato de pramlintida<br \/>\n Sin\u00f3nimos: AMYLIN (HUMAN), 25-L-PROLINE-28-L-PROLINE-29-L-PROLINE-, ACETATE (SAL), HYDRATE; pramlintide acetate; pramlintide acetate hydrate ; 25-L-prolina-28-L-prolina-29-L-prolina-aMylin (humano) Acetato hidrato; AC-137 Acetato hidrato, Acetato hidrato de SyMlin; Acetato hidrato de tripo-aMilina; Acetato de pramlintida, rata de amilina; Acetato de pramlintida fandachem<br \/>\n CAS: 196078-30-5<br \/>\n MF: C173H273N51O56S2<br \/>\n MW: 4027.46<br \/>\n EINECS:<br \/>\n Categor\u00edas de productos: Amino\u00e1cidos y derivados; Bases y reactivos relacionados; An\u00e1logos de f\u00e1rmacos; Heterociclos; Intermedios &amp; Fine Chemicals; Nucleotides; Peptide; Pharmaceuticals<br \/>\n Mol File: 196078-30-5.mol <\/p>\n<p> El acetato de pramlintida es un an\u00e1logo de amilina humana inyectable que se ha lanzado para el tratamiento tanto del tipo 1 como del tipo 2 diabetes, junto con insulina. Si bien tambi\u00e9n es un p\u00e9ptido de 37 amino\u00e1cidos, se diferencia de su predecesor original por la sustituci\u00f3n de Ala-25, Ser-28 y Ser-29 por prolinas. Estas modificaciones no solo mejoran la solubilidad del p\u00e9ptido, sino que tambi\u00e9n eliminan la agregaci\u00f3n observada con la amilina, dando como resultado un an\u00e1logo sint\u00e9tico estable con retenci\u00f3n de la actividad biol\u00f3gica que es adecuado para uso farmac\u00e9utico. Como indicaci\u00f3n de potencia, el acetato de pramlintida inhibe la uni\u00f3n de la amilina de rata radioyodada a las membranas del n\u00facleo accumbens de rata con un valor de Ki de 23 pM. Su mecanismo de acci\u00f3n imita la amilina; como neurohormona que se cosecreta con insulina de las c\u00e9lulas \u03b2 pancre\u00e1ticas en respuesta a las comidas, participa en la homeostasis de la glucosa. Ambos p\u00e9ptidos reducen los niveles de glucosa posprandial al inhibir el glucag\u00f3n y al restringir la velocidad mediada por el vago de vaciado g\u00e1strico, lo que ralentiza la absorci\u00f3n intestinal de carbohidratos. Adem\u00e1s, la amilina, o acetato de pramlintida, tiene el beneficio adicional de inducir la saciedad posprandial, lo que resulta en una p\u00e9rdida de peso en los pacientes con diabetes tipo 2. Dado que el acetato de pramlintida retarda el vaciamiento g\u00e1strico, est\u00e1 contraindicado en pacientes con gastroparesia y en pacientes que toman f\u00e1rmacos que alteran la motilidad gastrointestinal (agentes anticolin\u00e9rgicos, como la atropina) o ralentizan la absorci\u00f3n intestinal de nutrientes (como los inhibidores de la \u03b1-glucosidasa). El acetato de pramlintida tambi\u00e9n est\u00e1 contraindicado en pacientes con tendencias hipogluc\u00e9micas; debido a la coadministraci\u00f3n con insulina, la hipoglucemia grave inducida por insulina es un riesgo. Los eventos adversos notificados con mayor frecuencia incluyen n\u00e1useas, v\u00f3mitos, anorexia, dolor de cabeza, dolor abdominal, fatiga, mareos, tos y faringitis. <\/p>\n<p> <strong>Funci\u00f3n y aplicaci\u00f3n de CAS 196078-30-5<\/strong> <\/p>\n<p> Pramlintide El acetato es un an\u00e1logo sint\u00e9tico del polip\u00e9ptido amiloide pancre\u00e1tico (amilina, amilopectina) y es el segundo f\u00e1rmaco aprobado para el tratamiento de la diabetes tipo 1 despu\u00e9s de la insulina. En la pr\u00e1ctica cl\u00ednica, la pramlintida se utiliza como f\u00e1rmaco adyuvante para el tratamiento de la diabetes tipo 1 y tipo 2, principalmente en pacientes con diabetes que no han logrado los resultados esperados con insulina sola y con la combinaci\u00f3n de insulina y sulfonilureas y metformina. La pramlintida se puede usar en combinaci\u00f3n con la insulina, pero no puede reemplazarla.<\/p>\n","protected":false},"excerpt":{"rendered":"<p>Nombre del producto: Acetato de pramlintida<br \/>\n CAS: 196078-30-5<br \/>\n MF: C173H273N51O56S2<br \/>\n MW: 4027.46<br \/>\n Mol Archivo: 196078-30-5.mol<\/p>\n","protected":false},"featured_media":2216,"comment_status":"open","ping_status":"closed","template":"","meta":{"om_disable_all_campaigns":false,"_monsterinsights_skip_tracking":false,"_monsterinsights_sitenote_active":false,"_monsterinsights_sitenote_note":"","_monsterinsights_sitenote_category":0,"site-sidebar-layout":"default","site-content-layout":"default","ast-site-content-layout":"default","site-content-style":"default","site-sidebar-style":"default","ast-global-header-display":"","ast-banner-title-visibility":"","ast-main-header-display":"","ast-hfb-above-header-display":"","ast-hfb-below-header-display":"","ast-hfb-mobile-header-display":"","site-post-title":"","ast-breadcrumbs-content":"","ast-featured-img":"","footer-sml-layout":"","ast-disable-related-posts":"","theme-transparent-header-meta":"default","adv-header-id-meta":"","stick-header-meta":"","header-above-stick-meta":"","header-main-stick-meta":"","header-below-stick-meta":"","astra-migrate-meta-layouts":"default","ast-page-background-enabled":"default","ast-page-background-meta":{"desktop":{"background-color":"","background-image":"","background-repeat":"repeat","background-position":"center center","background-size":"auto","background-attachment":"scroll","background-type":"","background-media":"","overlay-type":"","overlay-color":"","overlay-opacity":"","overlay-gradient":""},"tablet":{"background-color":"","background-image":"","background-repeat":"repeat","background-position":"center center","background-size":"auto","background-attachment":"scroll","background-type":"","background-media":"","overlay-type":"","overlay-color":"","overlay-opacity":"","overlay-gradient":""},"mobile":{"background-color":"","background-image":"","background-repeat":"repeat","background-position":"center center","background-size":"auto","background-attachment":"scroll","background-type":"","background-media":"","overlay-type":"","overlay-color":"","overlay-opacity":"","overlay-gradient":""}},"ast-content-background-meta":{"desktop":{"background-color":"var(--ast-global-color-5)","background-image":"","background-repeat":"repeat","background-position":"center center","background-size":"auto","background-attachment":"scroll","background-type":"","background-media":"","overlay-type":"","overlay-color":"","overlay-opacity":"","overlay-gradient":""},"tablet":{"background-color":"var(--ast-global-color-5)","background-image":"","background-repeat":"repeat","background-position":"center center","background-size":"auto","background-attachment":"scroll","background-type":"","background-media":"","overlay-type":"","overlay-color":"","overlay-opacity":"","overlay-gradient":""},"mobile":{"background-color":"var(--ast-global-color-5)","background-image":"","background-repeat":"repeat","background-position":"center center","background-size":"auto","background-attachment":"scroll","background-type":"","background-media":"","overlay-type":"","overlay-color":"","overlay-opacity":"","overlay-gradient":""}}},"product_brand":[],"product_cat":[355],"product_tag":[1298],"class_list":{"0":"post-8385","1":"product","2":"type-product","3":"status-publish","4":"has-post-thumbnail","6":"product_cat-peptido-de-la-diabetes","7":"product_tag-pramlintide-acetate-cas-196078-30-5-is-an-antidiabetic-agent-that-can-also-be-used-in-bowel-cancer-research-es","8":"desktop-align-left","9":"tablet-align-left","10":"mobile-align-left","12":"first","13":"instock","14":"shipping-taxable","15":"product-type-simple"},"_links":{"self":[{"href":"https:\/\/puyapeptide.net\/es\/wp-json\/wp\/v2\/product\/8385","targetHints":{"allow":["GET"]}}],"collection":[{"href":"https:\/\/puyapeptide.net\/es\/wp-json\/wp\/v2\/product"}],"about":[{"href":"https:\/\/puyapeptide.net\/es\/wp-json\/wp\/v2\/types\/product"}],"replies":[{"embeddable":true,"href":"https:\/\/puyapeptide.net\/es\/wp-json\/wp\/v2\/comments?post=8385"}],"wp:featuredmedia":[{"embeddable":true,"href":"https:\/\/puyapeptide.net\/es\/wp-json\/wp\/v2\/media\/2216"}],"wp:attachment":[{"href":"https:\/\/puyapeptide.net\/es\/wp-json\/wp\/v2\/media?parent=8385"}],"wp:term":[{"taxonomy":"product_brand","embeddable":true,"href":"https:\/\/puyapeptide.net\/es\/wp-json\/wp\/v2\/product_brand?post=8385"},{"taxonomy":"product_cat","embeddable":true,"href":"https:\/\/puyapeptide.net\/es\/wp-json\/wp\/v2\/product_cat?post=8385"},{"taxonomy":"product_tag","embeddable":true,"href":"https:\/\/puyapeptide.net\/es\/wp-json\/wp\/v2\/product_tag?post=8385"}],"curies":[{"name":"wp","href":"https:\/\/api.w.org\/{rel}","templated":true}]}}