{"id":8432,"date":"2021-12-16T13:29:10","date_gmt":"2021-12-16T18:29:10","guid":{"rendered":"https:\/\/puyapeptide.net\/product\/venta-caliente-de-peptidos-farmaceuticos-pasireotide-cas-396091-73-9\/"},"modified":"2021-12-16T13:29:10","modified_gmt":"2021-12-16T18:29:10","slug":"venta-caliente-de-peptidos-farmaceuticos-pasireotide-cas-396091-73-9","status":"publish","type":"product","link":"https:\/\/puyapeptide.net\/es\/product\/venta-caliente-de-peptidos-farmaceuticos-pasireotide-cas-396091-73-9\/","title":{"rendered":"Venta caliente de p\u00e9ptidos farmac\u00e9uticos Pasireotide CAS 396091-73-9"},"content":{"rendered":"<h2><strong>Venta caliente de p\u00e9ptidos farmac\u00e9uticos Pasireotide CAS 396091-73-9<\/strong><\/h2>\n<p> Nombre del producto: PASIREOTIDE<br \/>\n Sin\u00f3nimos: PASIREOTIDE; Ciclo [(2S) -2-fenilglicil-D-triptofil-L-lisil-O- (fenilmetil) -L-tirosil-L-fenilalanil- (4R) &#8211; 4 &#8211; [[[(2-aminoetil) amino] carbonil] oxi] -L-prolilo]; SOM 230; SOM 320; [(3S, 6S, 9S, 12R, 15S, 18S, 20R) -9- (4- aminobutil) -3-bencil-12- (1H-indol-3-ilmetil) -2,5,8,11,14,17-hexaoxo-15-fenil-6 &#8211; [(4-fenilmetoxifenil) metil] -1, 4,7,10,13,16-hexazabiciclo [16.3.0] henicosan-20-il] N- (2-aminoetil) carbamato; SOM 230; SOM 320; CICLO ((4R) -4- (2-AMINOETILLCARBAMOILOXIA) -L-PROLYL-L-PHENYLGLYCYL-D-TRYPTOPHYL-L-LYSYL-4-O-BENZYL-L-TYROSYL-L-PHENYLALANYL -)<br \/>\n CAS: 396091-73-9<br \/>\n MF: C58H66N10O9 &lt;&amp; &gt; MW: 1047.23<br \/>\n EINECS:<br \/>\n Categor\u00edas de productos:<br \/>\n Mol Archivo: 396091-73-9.mol <\/p>\n<p> En abril de 2012, la Comisi\u00f3n Europea aprob\u00f3 la pasireotida para el tratamiento de la enfermedad de Cushing ( CD) en pacientes adultos que no han respondido a la intervenci\u00f3n quir\u00fargica o para los que la cirug\u00eda no es una opci\u00f3n. La pasireotida fue aprobada para la misma indicaci\u00f3n por la FDA de EE. UU. En diciembre de 2012. (conocido como SOM230) es un ciclohexap\u00e9ptido que act\u00faa como un an\u00e1logo de la somatostatina para inhibir la liberaci\u00f3n de ACTH. Las somatostatinas son p\u00e9ptidos c\u00edclicos de 14 y 28 amino\u00e1cidos que desempe\u00f1an un papel importante en la regulaci\u00f3n de la liberaci\u00f3n endocrina y exocrina en muchos tejidos a trav\u00e9s de un mecanismo inhibidor. Hay cinco subtipos conocidos de receptores de somatostatina (SSTR). Las somatostatinas naturales se unen con alta afinidad a los cinco subtipos, sin embargo, su uso terap\u00e9utico est\u00e1 limitado por la r\u00e1pida degradaci\u00f3n en plasma. La pasireotida surgi\u00f3 de los esfuerzos para identificar un somatostatinmim\u00e9tico con efectos inhibidores de larga duraci\u00f3n. Comenzando con un p\u00e9ptido de somatostatina de 14 amino\u00e1cidos, una exploraci\u00f3n sistem\u00e1tica de alanina revel\u00f3 residuos que eran esenciales para la uni\u00f3n del subtipo de receptor, incluidas regiones clave de giro b y residuos adyacentes. La colocaci\u00f3n de los elementos estructurales clave como amino\u00e1cidos no naturales en una cadena principal de ciclohexap\u00e9ptido dio pasireotida. <\/p>\n<p> <strong>PASIREOTIDE CAS 396091-73-9<\/strong><br \/>\n Punto de ebullici\u00f3n 1351,4 \u00b1 65,0 \u00b0 C (predicho)<br \/>\n densidad 1,36 \u00b1 0,1 g \/ cm3 (Previsto)<br \/>\n pka 11,86 \u00b1 0,46 (Previsto)<br \/>\n Referencia de la base de datos CAS 396091-73-9 <\/p>\n<p> <strong>Funci\u00f3n y aplicaci\u00f3n de PASIREOTIDE CAS 396091-73-9<\/strong><br \/>\n Como inhibidor del crecimiento Como an\u00e1logo que se une a m\u00faltiples receptores, se ha demostrado que la pasireotida es m\u00e1s eficaz que los an\u00e1logos inhibidores del crecimiento como la octreotida y la lanreotida en el tratamiento de la acromegalia, los tumores carcinoides y la enfermedad de Cushing, tanto en ensayos precl\u00ednicos como en ensayos celulares y estudios en animales, y en ensayos cl\u00ednicos. Los resultados del ensayo de fase II y un ensayo de fase III sobre pasireotida han confirmado que pasireotide es un nuevo tratamiento para la acromegalia persistente y los tumores carcinoides metast\u00e1sicos nuevos o persistentes, y puede ser la primera opci\u00f3n de tratamiento farmacol\u00f3gico para la enfermedad de Cushing.<\/p>\n","protected":false},"excerpt":{"rendered":"<p>Nombre del producto: PASIREOTIDE<br \/>\n MF: C58H66N10O9<br \/>\n MW: 1047.23<br \/>\n EINECS:<br \/>\n Mol Archivo: 396091-73-9.mol<\/p>\n","protected":false},"featured_media":2216,"comment_status":"open","ping_status":"closed","template":"","meta":{"om_disable_all_campaigns":false,"_monsterinsights_skip_tracking":false,"_monsterinsights_sitenote_active":false,"_monsterinsights_sitenote_note":"","_monsterinsights_sitenote_category":0,"site-sidebar-layout":"default","site-content-layout":"default","ast-site-content-layout":"default","site-content-style":"default","site-sidebar-style":"default","ast-global-header-display":"","ast-banner-title-visibility":"","ast-main-header-display":"","ast-hfb-above-header-display":"","ast-hfb-below-header-display":"","ast-hfb-mobile-header-display":"","site-post-title":"","ast-breadcrumbs-content":"","ast-featured-img":"","footer-sml-layout":"","ast-disable-related-posts":"","theme-transparent-header-meta":"default","adv-header-id-meta":"","stick-header-meta":"","header-above-stick-meta":"","header-main-stick-meta":"","header-below-stick-meta":"","astra-migrate-meta-layouts":"default","ast-page-background-enabled":"default","ast-page-background-meta":{"desktop":{"background-color":"","background-image":"","background-repeat":"repeat","background-position":"center center","background-size":"auto","background-attachment":"scroll","background-type":"","background-media":"","overlay-type":"","overlay-color":"","overlay-opacity":"","overlay-gradient":""},"tablet":{"background-color":"","background-image":"","background-repeat":"repeat","background-position":"center center","background-size":"auto","background-attachment":"scroll","background-type":"","background-media":"","overlay-type":"","overlay-color":"","overlay-opacity":"","overlay-gradient":""},"mobile":{"background-color":"","background-image":"","background-repeat":"repeat","background-position":"center center","background-size":"auto","background-attachment":"scroll","background-type":"","background-media":"","overlay-type":"","overlay-color":"","overlay-opacity":"","overlay-gradient":""}},"ast-content-background-meta":{"desktop":{"background-color":"var(--ast-global-color-5)","background-image":"","background-repeat":"repeat","background-position":"center center","background-size":"auto","background-attachment":"scroll","background-type":"","background-media":"","overlay-type":"","overlay-color":"","overlay-opacity":"","overlay-gradient":""},"tablet":{"background-color":"var(--ast-global-color-5)","background-image":"","background-repeat":"repeat","background-position":"center center","background-size":"auto","background-attachment":"scroll","background-type":"","background-media":"","overlay-type":"","overlay-color":"","overlay-opacity":"","overlay-gradient":""},"mobile":{"background-color":"var(--ast-global-color-5)","background-image":"","background-repeat":"repeat","background-position":"center center","background-size":"auto","background-attachment":"scroll","background-type":"","background-media":"","overlay-type":"","overlay-color":"","overlay-opacity":"","overlay-gradient":""}}},"product_brand":[],"product_cat":[523],"product_tag":[1255],"class_list":{"0":"post-8432","1":"product","2":"type-product","3":"status-publish","4":"has-post-thumbnail","6":"product_cat-otros-peptidos","7":"product_tag-hot-sale-pharmaceutical-peptidespasireotide-cas-396091-73-9-es","8":"desktop-align-left","9":"tablet-align-left","10":"mobile-align-left","12":"first","13":"instock","14":"shipping-taxable","15":"product-type-simple"},"_links":{"self":[{"href":"https:\/\/puyapeptide.net\/es\/wp-json\/wp\/v2\/product\/8432","targetHints":{"allow":["GET"]}}],"collection":[{"href":"https:\/\/puyapeptide.net\/es\/wp-json\/wp\/v2\/product"}],"about":[{"href":"https:\/\/puyapeptide.net\/es\/wp-json\/wp\/v2\/types\/product"}],"replies":[{"embeddable":true,"href":"https:\/\/puyapeptide.net\/es\/wp-json\/wp\/v2\/comments?post=8432"}],"wp:featuredmedia":[{"embeddable":true,"href":"https:\/\/puyapeptide.net\/es\/wp-json\/wp\/v2\/media\/2216"}],"wp:attachment":[{"href":"https:\/\/puyapeptide.net\/es\/wp-json\/wp\/v2\/media?parent=8432"}],"wp:term":[{"taxonomy":"product_brand","embeddable":true,"href":"https:\/\/puyapeptide.net\/es\/wp-json\/wp\/v2\/product_brand?post=8432"},{"taxonomy":"product_cat","embeddable":true,"href":"https:\/\/puyapeptide.net\/es\/wp-json\/wp\/v2\/product_cat?post=8432"},{"taxonomy":"product_tag","embeddable":true,"href":"https:\/\/puyapeptide.net\/es\/wp-json\/wp\/v2\/product_tag?post=8432"}],"curies":[{"name":"wp","href":"https:\/\/api.w.org\/{rel}","templated":true}]}}