{"id":8511,"date":"2021-12-17T01:44:16","date_gmt":"2021-12-17T06:44:16","guid":{"rendered":"https:\/\/puyapeptide.net\/product\/liraglutide-cas-204656-20-2-para-la-perdida-de-peso-y-tratamiento-para-la-diabetes-tipo-2\/"},"modified":"2021-12-17T01:44:16","modified_gmt":"2021-12-17T06:44:16","slug":"liraglutide-cas-204656-20-2-para-la-perdida-de-peso-y-tratamiento-para-la-diabetes-tipo-2","status":"publish","type":"product","link":"https:\/\/puyapeptide.net\/es\/product\/liraglutide-cas-204656-20-2-para-la-perdida-de-peso-y-tratamiento-para-la-diabetes-tipo-2\/","title":{"rendered":"Liraglutide CAS 204656-20-2 para la p\u00e9rdida de peso y tratamiento para la diabetes tipo 2"},"content":{"rendered":"<h2><strong>Liraglutide CAS 204656-20-2 para la p\u00e9rdida de peso y tratamiento para la diabetes tipo 2<\/strong><\/h2>\n<p> Nombre del producto: Liraglutide<br \/>\n Sin\u00f3nimos: Liraglutide; Glicina, L-histidil-L-alanil-L-alfa-glutamilglicil-L-treonil-L-fenilalanil-L-treonil-L-seril-L-alfa- aspartil-L-valil-L-seril-L-seril-L-tirosil-L-leucil-L-alfa-glutamilglicil-L-glutaminil-L-alanil-L-alanil-N6- (N- (1-oxohexadecil) -L-gamma-glutamil) -L-lisil-L-alfa-glutamil-L-fenilalanil-L-isoleucil-L-alanil-L-triptofil-L-leucil-L-valil-L-arginilglicil-L-arginil- ; Liraglutida; Liraglutida [inn-spanish]; Liraglutide [usan: inn]; Liraglutidum; Liraglutidum [inn-latin]; N26- (Hexadecanoyl-gamma-glutamyle) &#8211; (34-arginine) glp-1- (7-37) -peptide<br \/>\n CAS: 204656-20-2<br \/>\n MF: C172H265N43O51<br \/>\n MW: 3751.202<br \/>\n EINECS: 810-818-7<br \/>\n Categor\u00edas de productos: GLP<br \/>\n Mol Archivo: 204656-20 -2.mol <\/p>\n<p> liraglutida es una soluci\u00f3n transparente e incolora. La forma de dosificaci\u00f3n es inyecci\u00f3n subcut\u00e1nea. Despu\u00e9s de m\u00e1s de 10 a\u00f1os de investigaci\u00f3n y desarrollo, la liraglutida tiene muchas funciones, como promover la regeneraci\u00f3n de las c\u00e9lulas de los islotes, disminuir el az\u00facar en sangre, reducir el peso y proteger el sistema cardiovascular. La marca Victoza se usa para tratar la diabetes tipo 2 y la marca Saxenda se usa para tratar la obesidad cr\u00f3nica. Como complemento al control de la dieta y al ejercicio f\u00edsico. La liraglutida es un agonista del receptor del p\u00e9ptido 1 similar al glucag\u00f3n (GLP-1) humano acilado, que tiene una homolog\u00eda de secuencia de amino\u00e1cidos del 97% con el GChemicalbookLP-1 (7-37) end\u00f3geno humano, y retiene todas las actividades biol\u00f3gicas del GLP- 1 y tiene agonismo del receptor de GLP-1. A trav\u00e9s de la expresi\u00f3n de ADN recombinante en Saccharomyces cerevisiae, su estructura molecular es solo un amino\u00e1cido diferente de la mol\u00e9cula de GLP-1 natural. La estructura solo modifica las siguientes dos partes de GLP-1: es decir, la 34\u00aa lisina se reemplaza por arginina. Sustituci\u00f3n de \u00e1cido, adem\u00e1s de a\u00f1adir una cadena lateral de \u00e1cido graso de palmito\u00edlo de 16 carbonos mediada por \u00e1cido glut\u00e1mico en la lisina 26. <\/p>\n<p> <strong>Funci\u00f3n de la liraglutida CAS 204656-20-2<\/strong> <\/p>\n<p> 1. de una manera dependiente de la glucosa, lo que significa que estimular\u00e1 la secreci\u00f3n de insulina solo cuando los niveles de glucosa en sangre sean m\u00e1s altos de lo normal, evitando el &quot;&quot; rebasamiento &quot;&quot;. En consecuencia, muestra un riesgo insignificante de hipoglucemia.<br \/>\n 2.Tiene el potencial de inhibir la apoptosis y estimular la regeneraci\u00f3n de las c\u00e9lulas beta (visto en estudios con animales).<br \/>\n 3.Disminuye el apetito e inhibe el aumento de peso corporal, como se muestra en un estudio comparativo frente a glimepirida.<br \/>\n 4.Disminuye los niveles de triglic\u00e9ridos en sangre. <\/p>\n<p> <strong>Aplicaci\u00f3n de Liraglutide CAS 204656-20-2<\/strong><br \/>\n 1.Tratamiento de la diabetes tipo 2.<br \/>\n 2.Tratar la obesidad.<\/p>\n","protected":false},"excerpt":{"rendered":"<p>Nombre del producto: Liraglutida<br \/>\n CAS: 204656-20-2<br \/>\n MF: C172H265N43O51<br \/>\n MW: 3751.202<br \/>\n EINECS: 810-818-7<br \/>\n Categor\u00edas de productos: GLP<br \/>\n Mol Archivo: 204656 -20-2.mol<\/p>\n","protected":false},"featured_media":2132,"comment_status":"open","ping_status":"closed","template":"","meta":{"om_disable_all_campaigns":false,"_monsterinsights_skip_tracking":false,"_monsterinsights_sitenote_active":false,"_monsterinsights_sitenote_note":"","_monsterinsights_sitenote_category":0,"site-sidebar-layout":"default","site-content-layout":"default","ast-site-content-layout":"default","site-content-style":"default","site-sidebar-style":"default","ast-global-header-display":"","ast-banner-title-visibility":"","ast-main-header-display":"","ast-hfb-above-header-display":"","ast-hfb-below-header-display":"","ast-hfb-mobile-header-display":"","site-post-title":"","ast-breadcrumbs-content":"","ast-featured-img":"","footer-sml-layout":"","ast-disable-related-posts":"","theme-transparent-header-meta":"default","adv-header-id-meta":"","stick-header-meta":"","header-above-stick-meta":"","header-main-stick-meta":"","header-below-stick-meta":"","astra-migrate-meta-layouts":"default","ast-page-background-enabled":"default","ast-page-background-meta":{"desktop":{"background-color":"","background-image":"","background-repeat":"repeat","background-position":"center center","background-size":"auto","background-attachment":"scroll","background-type":"","background-media":"","overlay-type":"","overlay-color":"","overlay-opacity":"","overlay-gradient":""},"tablet":{"background-color":"","background-image":"","background-repeat":"repeat","background-position":"center center","background-size":"auto","background-attachment":"scroll","background-type":"","background-media":"","overlay-type":"","overlay-color":"","overlay-opacity":"","overlay-gradient":""},"mobile":{"background-color":"","background-image":"","background-repeat":"repeat","background-position":"center center","background-size":"auto","background-attachment":"scroll","background-type":"","background-media":"","overlay-type":"","overlay-color":"","overlay-opacity":"","overlay-gradient":""}},"ast-content-background-meta":{"desktop":{"background-color":"var(--ast-global-color-5)","background-image":"","background-repeat":"repeat","background-position":"center center","background-size":"auto","background-attachment":"scroll","background-type":"","background-media":"","overlay-type":"","overlay-color":"","overlay-opacity":"","overlay-gradient":""},"tablet":{"background-color":"var(--ast-global-color-5)","background-image":"","background-repeat":"repeat","background-position":"center center","background-size":"auto","background-attachment":"scroll","background-type":"","background-media":"","overlay-type":"","overlay-color":"","overlay-opacity":"","overlay-gradient":""},"mobile":{"background-color":"var(--ast-global-color-5)","background-image":"","background-repeat":"repeat","background-position":"center center","background-size":"auto","background-attachment":"scroll","background-type":"","background-media":"","overlay-type":"","overlay-color":"","overlay-opacity":"","overlay-gradient":""}}},"product_brand":[],"product_cat":[355],"product_tag":[1208],"class_list":{"0":"post-8511","1":"product","2":"type-product","3":"status-publish","4":"has-post-thumbnail","6":"product_cat-peptido-de-la-diabetes","7":"product_tag-liraglutide-cas-204656-20-2-for-weight-loss-and-treat-for-type-2-diabetes-es","8":"desktop-align-left","9":"tablet-align-left","10":"mobile-align-left","12":"first","13":"instock","14":"shipping-taxable","15":"product-type-simple"},"_links":{"self":[{"href":"https:\/\/puyapeptide.net\/es\/wp-json\/wp\/v2\/product\/8511","targetHints":{"allow":["GET"]}}],"collection":[{"href":"https:\/\/puyapeptide.net\/es\/wp-json\/wp\/v2\/product"}],"about":[{"href":"https:\/\/puyapeptide.net\/es\/wp-json\/wp\/v2\/types\/product"}],"replies":[{"embeddable":true,"href":"https:\/\/puyapeptide.net\/es\/wp-json\/wp\/v2\/comments?post=8511"}],"wp:featuredmedia":[{"embeddable":true,"href":"https:\/\/puyapeptide.net\/es\/wp-json\/wp\/v2\/media\/2132"}],"wp:attachment":[{"href":"https:\/\/puyapeptide.net\/es\/wp-json\/wp\/v2\/media?parent=8511"}],"wp:term":[{"taxonomy":"product_brand","embeddable":true,"href":"https:\/\/puyapeptide.net\/es\/wp-json\/wp\/v2\/product_brand?post=8511"},{"taxonomy":"product_cat","embeddable":true,"href":"https:\/\/puyapeptide.net\/es\/wp-json\/wp\/v2\/product_cat?post=8511"},{"taxonomy":"product_tag","embeddable":true,"href":"https:\/\/puyapeptide.net\/es\/wp-json\/wp\/v2\/product_tag?post=8511"}],"curies":[{"name":"wp","href":"https:\/\/api.w.org\/{rel}","templated":true}]}}