{"id":8533,"date":"2021-12-17T01:45:22","date_gmt":"2021-12-17T06:45:22","guid":{"rendered":"https:\/\/puyapeptide.net\/product\/venta-caliente-argipressine-arg8-vasopressin-argipressin-acetate-cas-113-79-1-para-investigacion-de-laboratorio\/"},"modified":"2021-12-17T01:45:22","modified_gmt":"2021-12-17T06:45:22","slug":"venta-caliente-argipressine-arg8-vasopressin-argipressin-acetate-cas-113-79-1-para-investigacion-de-laboratorio","status":"publish","type":"product","link":"https:\/\/puyapeptide.net\/es\/product\/venta-caliente-argipressine-arg8-vasopressin-argipressin-acetate-cas-113-79-1-para-investigacion-de-laboratorio\/","title":{"rendered":"Venta caliente Argipressine \/ [Arg8] -Vasopressin \/ Argipressin Acetate CAS 113-79-1 para investigaci\u00f3n de laboratorio"},"content":{"rendered":"<h2><strong>Venta caliente Argipressine \/ [Arg8] -Vasopressin \/ Argipressin Acetate CAS 113-79-1 para investigaci\u00f3n de laboratorio<\/strong><\/h2>\n<p> Nombre del producto: Argipressine<br \/>\n Sin\u00f3nimos: [ARG8] -VASOPRESSIN (HUMAN, BOVINE, OVINE, RAT, MOUSE); [ARG8] -VASOPRESSIN; [ARG8] -VASOPRESSIN (AVP); HORMONA ANTIDIUR\u00c9TICA; AVP; BETA -HIPOFAMINA; \u03b2-Hipoamina; (ARG8) -VASOPRESINA GRADO VI SOLUCI\u00d3N * APP ROX. 100 I.<br \/>\n CAS: 113-79-1<br \/>\n MF: C46H65N15O12S2<br \/>\n MW: 1084,24<br \/>\n EINECS: 204-035-4<br \/>\n Categor\u00edas de productos: Derivados de amino\u00e1cidos; Receptor de vasopresina y oxitocina; Receptores de p\u00e9ptidos; productos qu\u00edmicos intermedios y finos; p\u00e9ptidos; productos farmac\u00e9uticos; p\u00e9ptido<br \/>\n Mol Archivo: 113-79-1.mol <\/p>\n<p> Argininevasopres-sin (AVP), tambi\u00e9n conocida como hormona antidiur\u00e9tica, es un importante neurotransmisor de el sistema nervioso central. Es una hormona de 9 p\u00e9ptidos secretada por las neuronas AVP en el n\u00facleo supra\u00f3ptico (SON) y el n\u00facleo paraventricular (PVN) del hipot\u00e1lamo. Est\u00e1 estrechamente relacionado con el metabolismo de los l\u00edquidos corporales, el volumen sangu\u00edneo, la funci\u00f3n cardiovascular, el equilibrio de la temperatura corporal, el aprendizaje y la memoria y la secreci\u00f3n de la hormona adrenocorticotr\u00f3pica. Tiene importantes funciones fisiol\u00f3gicas en la reabsorci\u00f3n de agua corporal, vasoconstricci\u00f3n sangu\u00ednea, secreci\u00f3n de hormona adrenocorticotr\u00f3pica (ACTH), memoria, etc. Tiene los efectos de elevar la presi\u00f3n arterial, antidiuresis, participar en la memoria, limitar la fiebre y promover la reducci\u00f3n de la fiebre. Tambi\u00e9n posee una amplia gama de efectos cardiovasculares, como regular la retenci\u00f3n y vasoconstricci\u00f3n de agua y sodio, regular directamente los cardiomiocitos y participar en la hipertrofia card\u00edaca, fibrosis mioc\u00e1rdica y arritmias. Se ha utilizado con \u00e9xito en el tratamiento del shock vasodilatador, reanimaci\u00f3n cardiopulmonar y cerebral, uremia y enfermedades hemorr\u00e1gicas. <\/p>\n<p> <strong>Argipressine \/ [Arg8] -Vasopressin \/ Argipressin Acetate CAS 113-79-1 Propiedades qu\u00edmicas<\/strong><br \/>\n densidad 1,59 \u00b1 0,1 g \/ cm3 (previsto)<br \/>\n Fp 113 \u2103<br \/>\n temp. De almacenamiento 2-8 \u00b0 C<br \/>\n pka 9,90 \u00b1 0,15 (Previsto)<br \/>\n PH ~ 3,5 <\/p>\n<p> <strong>Beneficios del Acetato de Argipresina<\/strong><br \/>\n Tiene importantes funciones fisiol\u00f3gicas en la reabsorci\u00f3n de agua corporal, vasoconstricci\u00f3n, hormona adrenocorticotr\u00f3pica (ACTH ) secreci\u00f3n, memoria, etc., y tiene los efectos de elevar la presi\u00f3n arterial, resistir la diuresis, participar en la memoria, limitar la fiebre y promover la fiebre. <\/p>\n<p> Al mismo tiempo, tambi\u00e9n tiene una amplia gama de efectos cardiovasculares , como la regulaci\u00f3n de la retenci\u00f3n y vasoconstricci\u00f3n de agua y sodio, la regulaci\u00f3n directa de los cardiomiocitos, la participaci\u00f3n en la hipertrofia card\u00edaca, la fibrosis mioc\u00e1rdica y la arritmia. Se ha utilizado con \u00e9xito en el tratamiento del shock vasodilatador, reanimaci\u00f3n cerebral cardiopulmonar, diabetes ins\u00edpida y enfermedades hemorr\u00e1gicas. <\/p>\n<p> <strong>Dosis de Acetato de Argipresina<\/strong><br \/>\n Depende de su peso corporal. Toda la investigaci\u00f3n llevada a cabo hasta ahora ha utilizado estudios con roedores, las ratas y ratones generalmente se inyectan con una dosis efectiva que se cree que es de alrededor de 10 \u03bcg (mcg) por KG, en humanos se cree que esta carga equivale a 1,6 \u03bcg. por KG en humanos, por lo que si tiene: <\/p>\n<p> 60 KG (132 lb.), entonces su dosis oral diaria ideal de BPC-157 ser\u00eda 96 \u03bcg (mcg)<br \/>\n 70 KG (154 lb.) = &gt; 112 \u03bcg &lt;y&gt; 80 KG (176 libras) =&gt; 128 \u03bcg &lt;y&gt; 90 KG (198 libras) =&gt; 144 \u03bcg<\/p>\n","protected":false},"excerpt":{"rendered":"<p>Nombre del producto: Argipressine<br \/>\n CAS: 113-79-1<br \/>\n MF: C46H65N15O12S2<br \/>\n MW: 1084.24<br \/>\n EINECS: 204-035-4<br \/>\n Mol Archivo: 113-79-1.mol<\/p>\n","protected":false},"featured_media":2111,"comment_status":"open","ping_status":"closed","template":"","meta":{"om_disable_all_campaigns":false,"_monsterinsights_skip_tracking":false,"_monsterinsights_sitenote_active":false,"_monsterinsights_sitenote_note":"","_monsterinsights_sitenote_category":0,"site-sidebar-layout":"default","site-content-layout":"default","ast-site-content-layout":"default","site-content-style":"default","site-sidebar-style":"default","ast-global-header-display":"","ast-banner-title-visibility":"","ast-main-header-display":"","ast-hfb-above-header-display":"","ast-hfb-below-header-display":"","ast-hfb-mobile-header-display":"","site-post-title":"","ast-breadcrumbs-content":"","ast-featured-img":"","footer-sml-layout":"","ast-disable-related-posts":"","theme-transparent-header-meta":"default","adv-header-id-meta":"","stick-header-meta":"","header-above-stick-meta":"","header-main-stick-meta":"","header-below-stick-meta":"","astra-migrate-meta-layouts":"default","ast-page-background-enabled":"default","ast-page-background-meta":{"desktop":{"background-color":"","background-image":"","background-repeat":"repeat","background-position":"center center","background-size":"auto","background-attachment":"scroll","background-type":"","background-media":"","overlay-type":"","overlay-color":"","overlay-opacity":"","overlay-gradient":""},"tablet":{"background-color":"","background-image":"","background-repeat":"repeat","background-position":"center center","background-size":"auto","background-attachment":"scroll","background-type":"","background-media":"","overlay-type":"","overlay-color":"","overlay-opacity":"","overlay-gradient":""},"mobile":{"background-color":"","background-image":"","background-repeat":"repeat","background-position":"center center","background-size":"auto","background-attachment":"scroll","background-type":"","background-media":"","overlay-type":"","overlay-color":"","overlay-opacity":"","overlay-gradient":""}},"ast-content-background-meta":{"desktop":{"background-color":"var(--ast-global-color-5)","background-image":"","background-repeat":"repeat","background-position":"center center","background-size":"auto","background-attachment":"scroll","background-type":"","background-media":"","overlay-type":"","overlay-color":"","overlay-opacity":"","overlay-gradient":""},"tablet":{"background-color":"var(--ast-global-color-5)","background-image":"","background-repeat":"repeat","background-position":"center center","background-size":"auto","background-attachment":"scroll","background-type":"","background-media":"","overlay-type":"","overlay-color":"","overlay-opacity":"","overlay-gradient":""},"mobile":{"background-color":"var(--ast-global-color-5)","background-image":"","background-repeat":"repeat","background-position":"center center","background-size":"auto","background-attachment":"scroll","background-type":"","background-media":"","overlay-type":"","overlay-color":"","overlay-opacity":"","overlay-gradient":""}}},"product_brand":[],"product_cat":[523],"product_tag":[1181],"class_list":{"0":"post-8533","1":"product","2":"type-product","3":"status-publish","4":"has-post-thumbnail","6":"product_cat-otros-peptidos","7":"product_tag-hot-sale-argipressine-arg8-vasopressin-argipressin-acetate-cas-113-79-1-for-lab-research-es","8":"desktop-align-left","9":"tablet-align-left","10":"mobile-align-left","12":"first","13":"instock","14":"shipping-taxable","15":"product-type-simple"},"_links":{"self":[{"href":"https:\/\/puyapeptide.net\/es\/wp-json\/wp\/v2\/product\/8533","targetHints":{"allow":["GET"]}}],"collection":[{"href":"https:\/\/puyapeptide.net\/es\/wp-json\/wp\/v2\/product"}],"about":[{"href":"https:\/\/puyapeptide.net\/es\/wp-json\/wp\/v2\/types\/product"}],"replies":[{"embeddable":true,"href":"https:\/\/puyapeptide.net\/es\/wp-json\/wp\/v2\/comments?post=8533"}],"wp:featuredmedia":[{"embeddable":true,"href":"https:\/\/puyapeptide.net\/es\/wp-json\/wp\/v2\/media\/2111"}],"wp:attachment":[{"href":"https:\/\/puyapeptide.net\/es\/wp-json\/wp\/v2\/media?parent=8533"}],"wp:term":[{"taxonomy":"product_brand","embeddable":true,"href":"https:\/\/puyapeptide.net\/es\/wp-json\/wp\/v2\/product_brand?post=8533"},{"taxonomy":"product_cat","embeddable":true,"href":"https:\/\/puyapeptide.net\/es\/wp-json\/wp\/v2\/product_cat?post=8533"},{"taxonomy":"product_tag","embeddable":true,"href":"https:\/\/puyapeptide.net\/es\/wp-json\/wp\/v2\/product_tag?post=8533"}],"curies":[{"name":"wp","href":"https:\/\/api.w.org\/{rel}","templated":true}]}}