{"id":8602,"date":"2021-12-17T01:49:36","date_gmt":"2021-12-17T06:49:36","guid":{"rendered":"https:\/\/puyapeptide.net\/product\/venta-caliente-peptido-anticancerigeno-lanreotide-cas-108736-35-2\/"},"modified":"2021-12-17T01:49:36","modified_gmt":"2021-12-17T06:49:36","slug":"venta-caliente-peptido-anticancerigeno-lanreotide-cas-108736-35-2","status":"publish","type":"product","link":"https:\/\/puyapeptide.net\/es\/product\/venta-caliente-peptido-anticancerigeno-lanreotide-cas-108736-35-2\/","title":{"rendered":"Venta caliente p\u00e9ptido anticancer\u00edgeno Lanreotide CAS 108736-35-2"},"content":{"rendered":"<h2><strong>Venta caliente p\u00e9ptido anticancer\u00edgeno Lanreotide CAS 108736-35-2<\/strong><\/h2>\n<p> Nombre del producto: Lanreotide<br \/>\n Sin\u00f3nimos: LANREOTIDE; AUTOGEL; BETA- (2-NAPHTHYL) -D-ALA-CYS-TYR-D-TRP-LYS-VAL-CYS-THR AMIDE; BIM-23014; ANGIOPEPTIN ; HD-2-NAL-CYS-TYR-D-TRP-LYS-VAL-CYS-THR-NH2; HD-2-NAL-CYS-TYR-D-TRP-LYS-VAL-CYS-THR-NH2, ( BONO DISULFURADO); IPSTYL<br \/>\n CAS: 108736-35-2<br \/>\n MF: C54 H69 N11 O10 S2<br \/>\n MW: 1096.32<br \/>\n EINECS: 689-178-4<br \/>\n Categor\u00edas de productos: hormonas &lt;&amp; &gt; Archivo Mol: 108736-35-2.mol <\/p>\n<p> Lanreotida (DCI) como inhibidores naturales del crecimiento, la lanreotida es un inhibidor pept\u00eddico de muchas funciones endocrinas, neuroendocrinas, exocrinas y paracrinas. Lanreotide es m\u00e1s activo y tiene una duraci\u00f3n de acci\u00f3n m\u00e1s prolongada que los inhibidores naturales del crecimiento. Su efecto inhibidor sobre la secreci\u00f3n de la hormona del crecimiento es significativamente m\u00e1s selectivo que el de la secreci\u00f3n de insulina, y en 2017 la FDA aprob\u00f3 el acetato de lanreotida para inyecci\u00f3n para el tratamiento de tumores neuroendocrinos. <\/p>\n<p> Lanreotide (INN) es un medicamento utilizado en el tratamiento de la acromegalia y los s\u00edntomas causados por tumores neuroendocrinos, sobre todo el s\u00edndrome carcinoide. <\/p>\n<p> lanreotida se utiliza en el tratamiento de la acromegalia, debida a tumores secretores de hormona del crecimiento tanto hipofisarios como no hipofisarios, y el tratamiento de los s\u00edntomas causados por tumores neuroendocrinos, particularmente tumores carcinoides y VIPomas. En los Estados Unidos y Canad\u00e1, la lanre\u00f3tida solo est\u00e1 indicada para el tratamiento de la acromegalia. En el Reino Unido, tambi\u00e9n est\u00e1 indicado en el tratamiento del adenoma tirotr\u00f3fico, un tumor raro de la gl\u00e1ndula pituitaria que secreta TSH. <\/p>\n<p> Lanreotida tambi\u00e9n muestra actividad contra tumores no endocrinos y, junto con otros an\u00e1logos de la somatostatina. , se est\u00e1 estudiando como un posible agente antitumoral general. <\/p>\n<p> <strong>Lanreotide CAS 108736-35-2 Propiedades qu\u00edmicas<\/strong><br \/>\n Punto de ebullici\u00f3n 1508.2 \u00b1 65.0 \u00b0 C (Previsto)<br \/>\n Densidad 1.40 \u00b1 0.1 g \/ cm3 ( Previsto)<br \/>\n temperatura de almacenamiento. Mantener en lugar oscuro, Sellar en seco, Almacenar en congelador, por debajo de -20 \u00b0 C<br \/>\n pka 9.90 \u00b1 0.15 (Previsto) <\/p>\n<p> <strong>Funci\u00f3n y aplicaci\u00f3n de Lanreotide CAS 108736-35-2<\/strong><br \/>\n Lanreotide es utilizado en el tratamiento de la acromegalia, debida a tumores secretores de hormona del crecimiento tanto hipofisarios como no hipofisarios, y el tratamiento de los s\u00edntomas causados por tumores neuroendocrinos, en particular tumores carcinoides y VIPomas. En los Estados Unidos y Canad\u00e1, la lanre\u00f3tida solo est\u00e1 indicada para el tratamiento de la acromegalia. En el Reino Unido, tambi\u00e9n est\u00e1 indicado en el tratamiento del adenoma tirotr\u00f3fico, un tumor raro de la gl\u00e1ndula pituitaria que secreta. <\/p>\n<p> Lanreotida tambi\u00e9n muestra actividad contra tumores no endocrinos y, junto con otros an\u00e1logos de la somatostatina, se est\u00e1 estudiando como un posible agente antitumoral general. <\/p>\n<p> Lanreotide, En diciembre de 2014, la FDA de EE. UU. aprob\u00f3 la lanreotida para el tratamiento de pacientes con tumores neuroendocrinos gastroenteropancre\u00e1ticos metast\u00e1sicos, localmente avanzados o metast\u00e1sicos, bien o moderadamente diferenciados (TNE-GEP). ).<\/p>\n","protected":false},"excerpt":{"rendered":"<p>Nombre del producto: Lanreotide<br \/>\n CAS: 108736-35-2<br \/>\n MF: C54 H69 N11 O10 S2<br \/>\n MW: 1096.32<br \/>\n EINECS: 689-178-4<br \/>\n Categor\u00edas de productos: hormonas<br \/>\n Archivo Mol: 108736-35-2.mol<\/p>\n","protected":false},"featured_media":2111,"comment_status":"open","ping_status":"closed","template":"","meta":{"om_disable_all_campaigns":false,"_monsterinsights_skip_tracking":false,"_monsterinsights_sitenote_active":false,"_monsterinsights_sitenote_note":"","_monsterinsights_sitenote_category":0,"site-sidebar-layout":"default","site-content-layout":"default","ast-site-content-layout":"default","site-content-style":"default","site-sidebar-style":"default","ast-global-header-display":"","ast-banner-title-visibility":"","ast-main-header-display":"","ast-hfb-above-header-display":"","ast-hfb-below-header-display":"","ast-hfb-mobile-header-display":"","site-post-title":"","ast-breadcrumbs-content":"","ast-featured-img":"","footer-sml-layout":"","ast-disable-related-posts":"","theme-transparent-header-meta":"default","adv-header-id-meta":"","stick-header-meta":"","header-above-stick-meta":"","header-main-stick-meta":"","header-below-stick-meta":"","astra-migrate-meta-layouts":"default","ast-page-background-enabled":"default","ast-page-background-meta":{"desktop":{"background-color":"","background-image":"","background-repeat":"repeat","background-position":"center center","background-size":"auto","background-attachment":"scroll","background-type":"","background-media":"","overlay-type":"","overlay-color":"","overlay-opacity":"","overlay-gradient":""},"tablet":{"background-color":"","background-image":"","background-repeat":"repeat","background-position":"center center","background-size":"auto","background-attachment":"scroll","background-type":"","background-media":"","overlay-type":"","overlay-color":"","overlay-opacity":"","overlay-gradient":""},"mobile":{"background-color":"","background-image":"","background-repeat":"repeat","background-position":"center center","background-size":"auto","background-attachment":"scroll","background-type":"","background-media":"","overlay-type":"","overlay-color":"","overlay-opacity":"","overlay-gradient":""}},"ast-content-background-meta":{"desktop":{"background-color":"var(--ast-global-color-5)","background-image":"","background-repeat":"repeat","background-position":"center center","background-size":"auto","background-attachment":"scroll","background-type":"","background-media":"","overlay-type":"","overlay-color":"","overlay-opacity":"","overlay-gradient":""},"tablet":{"background-color":"var(--ast-global-color-5)","background-image":"","background-repeat":"repeat","background-position":"center center","background-size":"auto","background-attachment":"scroll","background-type":"","background-media":"","overlay-type":"","overlay-color":"","overlay-opacity":"","overlay-gradient":""},"mobile":{"background-color":"var(--ast-global-color-5)","background-image":"","background-repeat":"repeat","background-position":"center center","background-size":"auto","background-attachment":"scroll","background-type":"","background-media":"","overlay-type":"","overlay-color":"","overlay-opacity":"","overlay-gradient":""}}},"product_brand":[],"product_cat":[385],"product_tag":[],"class_list":{"0":"post-8602","1":"product","2":"type-product","3":"status-publish","4":"has-post-thumbnail","6":"product_cat-peptido-antitumoral","7":"desktop-align-left","8":"tablet-align-left","9":"mobile-align-left","11":"first","12":"instock","13":"shipping-taxable","14":"product-type-simple"},"_links":{"self":[{"href":"https:\/\/puyapeptide.net\/es\/wp-json\/wp\/v2\/product\/8602","targetHints":{"allow":["GET"]}}],"collection":[{"href":"https:\/\/puyapeptide.net\/es\/wp-json\/wp\/v2\/product"}],"about":[{"href":"https:\/\/puyapeptide.net\/es\/wp-json\/wp\/v2\/types\/product"}],"replies":[{"embeddable":true,"href":"https:\/\/puyapeptide.net\/es\/wp-json\/wp\/v2\/comments?post=8602"}],"wp:featuredmedia":[{"embeddable":true,"href":"https:\/\/puyapeptide.net\/es\/wp-json\/wp\/v2\/media\/2111"}],"wp:attachment":[{"href":"https:\/\/puyapeptide.net\/es\/wp-json\/wp\/v2\/media?parent=8602"}],"wp:term":[{"taxonomy":"product_brand","embeddable":true,"href":"https:\/\/puyapeptide.net\/es\/wp-json\/wp\/v2\/product_brand?post=8602"},{"taxonomy":"product_cat","embeddable":true,"href":"https:\/\/puyapeptide.net\/es\/wp-json\/wp\/v2\/product_cat?post=8602"},{"taxonomy":"product_tag","embeddable":true,"href":"https:\/\/puyapeptide.net\/es\/wp-json\/wp\/v2\/product_tag?post=8602"}],"curies":[{"name":"wp","href":"https:\/\/api.w.org\/{rel}","templated":true}]}}