{"id":8731,"date":"2021-12-17T03:02:09","date_gmt":"2021-12-17T08:02:09","guid":{"rendered":"https:\/\/puyapeptide.net\/product\/acetato-de-exenatida-cas-141732-76-5-utilizado-como-agente-hipoglucemiante-enteral\/"},"modified":"2021-12-17T03:02:09","modified_gmt":"2021-12-17T08:02:09","slug":"acetato-de-exenatida-cas-141732-76-5-utilizado-como-agente-hipoglucemiante-enteral","status":"publish","type":"product","link":"https:\/\/puyapeptide.net\/es\/product\/acetato-de-exenatida-cas-141732-76-5-utilizado-como-agente-hipoglucemiante-enteral\/","title":{"rendered":"Acetato de exenatida CAS 141732-76-5 utilizado como agente hipoglucemiante enteral"},"content":{"rendered":"<h2><strong>Acetato de exenatida CAS 141732-76-5 utilizado como agente hipoglucemiante enteral<\/strong><\/h2>\n<p> Nombre del producto: acetato de exenatida<br \/>\n Sin\u00f3nimos: exenatida; His-Gly-Gly-Gly-Thr-Phe-Thr-Ser-Asp-Leu-Ser-Lys-Gln-Met-Glu-Glu-Glu-Ala -Val-Arg-Leu-Phe-Ile-Glu-Trp-Leu-Lys-Asn-Gly-Gly-Pro-Ser-Gly-Ala-Pro-Pro-Pro-Ser-NH {2}; ACETATO DE EXENATIDO (EXENDIN -4); His-Gly-Gly-Gly-Thr-Phe-Thr-Ser-Asp-Leu-Ser-Lys-Gln-Met-Glu-Glu-Glu-Ala-Val-Arg-Leu-Phe-Ile- Glu-Trp-Leu-Lys-Asn-Gly-Gly-Pro-Ser-Ser-Gly-Ala-Pro-Pro-Pro-Ser-NH2; Acettato de exenatida; ACETATO DE EXENATIDO; ACETATO DE ENFUVIRTIDO; Extendin-4<br \/>\n CAS : 141732-76-5<br \/>\n MF: C186H286N50O62S<br \/>\n MW: 4244.60796<br \/>\n EINECS: 1592732-453-0<br \/>\n Categor\u00edas de productos: Agonista; Bases y reactivos relacionados; P\u00e9ptido; Productos qu\u00edmicos intermedios y finos; Nucle\u00f3tidos; Productos farmac\u00e9uticos; GLP<br \/>\n Mol File: 141732-76-5.mol <\/p>\n<p> La secuencia de amino\u00e1cidos del acetato de exenatida se superpone parcialmente con el GLP-1 humano. Se ha demostrado que el acetato de exenatida se une y activa el receptor de GLP-1 humano conocido in vitro. Esto significa que al incluir AMPc (monofosfato de adenosina c\u00edclico) u otros mecanismos de se\u00f1alizaci\u00f3n intracelular, aumentan la s\u00edntesis de insulina dependiente de glucosa y la secreci\u00f3n de insulina por las c\u00e9lulas \u03b2 pancre\u00e1ticas en el cuerpo. <\/p>\n<p> <strong>Funci\u00f3n y aplicaci\u00f3n de acetato de exenatida CAS 141732-76-5<\/strong><br \/>\n La aplicaci\u00f3n de acetato de exenatida provoca un aumento del AMPc acinar sin estimular la liberaci\u00f3n de amilasa. Como mim\u00e9tico de incretina, el acetato de exenatida act\u00faa como agonista del receptor del p\u00e9ptido 1 similar al glucag\u00f3n (GLP-1). Como GLP-1, aunque con actividad prolongada, el acetato de exenatida aumenta la producci\u00f3n posprandial de insulina y suprime la secreci\u00f3n de glucag\u00f3n. Por esta raz\u00f3n, el acetato de exenatida se ha utilizado como medicamento para la diabetes II.<\/p>\n","protected":false},"excerpt":{"rendered":"<p>Nombre del producto: Acetato de exenatida<br \/>\n CAS: 141732-76-5<br \/>\n MF: C186H286N50O62S<br \/>\n MW: 4244.60796<br \/>\n EINECS: 1592732-453-0<br \/>\n Mol Archivo: 141732-76-5.mol<\/p>\n","protected":false},"featured_media":2216,"comment_status":"open","ping_status":"closed","template":"","meta":{"om_disable_all_campaigns":false,"_monsterinsights_skip_tracking":false,"_monsterinsights_sitenote_active":false,"_monsterinsights_sitenote_note":"","_monsterinsights_sitenote_category":0,"site-sidebar-layout":"default","site-content-layout":"default","ast-site-content-layout":"default","site-content-style":"default","site-sidebar-style":"default","ast-global-header-display":"","ast-banner-title-visibility":"","ast-main-header-display":"","ast-hfb-above-header-display":"","ast-hfb-below-header-display":"","ast-hfb-mobile-header-display":"","site-post-title":"","ast-breadcrumbs-content":"","ast-featured-img":"","footer-sml-layout":"","ast-disable-related-posts":"","theme-transparent-header-meta":"default","adv-header-id-meta":"","stick-header-meta":"","header-above-stick-meta":"","header-main-stick-meta":"","header-below-stick-meta":"","astra-migrate-meta-layouts":"default","ast-page-background-enabled":"default","ast-page-background-meta":{"desktop":{"background-color":"","background-image":"","background-repeat":"repeat","background-position":"center center","background-size":"auto","background-attachment":"scroll","background-type":"","background-media":"","overlay-type":"","overlay-color":"","overlay-opacity":"","overlay-gradient":""},"tablet":{"background-color":"","background-image":"","background-repeat":"repeat","background-position":"center center","background-size":"auto","background-attachment":"scroll","background-type":"","background-media":"","overlay-type":"","overlay-color":"","overlay-opacity":"","overlay-gradient":""},"mobile":{"background-color":"","background-image":"","background-repeat":"repeat","background-position":"center center","background-size":"auto","background-attachment":"scroll","background-type":"","background-media":"","overlay-type":"","overlay-color":"","overlay-opacity":"","overlay-gradient":""}},"ast-content-background-meta":{"desktop":{"background-color":"var(--ast-global-color-5)","background-image":"","background-repeat":"repeat","background-position":"center center","background-size":"auto","background-attachment":"scroll","background-type":"","background-media":"","overlay-type":"","overlay-color":"","overlay-opacity":"","overlay-gradient":""},"tablet":{"background-color":"var(--ast-global-color-5)","background-image":"","background-repeat":"repeat","background-position":"center center","background-size":"auto","background-attachment":"scroll","background-type":"","background-media":"","overlay-type":"","overlay-color":"","overlay-opacity":"","overlay-gradient":""},"mobile":{"background-color":"var(--ast-global-color-5)","background-image":"","background-repeat":"repeat","background-position":"center center","background-size":"auto","background-attachment":"scroll","background-type":"","background-media":"","overlay-type":"","overlay-color":"","overlay-opacity":"","overlay-gradient":""}}},"product_brand":[],"product_cat":[355],"product_tag":[1005],"class_list":{"0":"post-8731","1":"product","2":"type-product","3":"status-publish","4":"has-post-thumbnail","6":"product_cat-peptido-de-la-diabetes","7":"product_tag-exenatide-acetate-cas-141732-76-5-used-as-an-enteral-hypoglycemic-agent-es","8":"desktop-align-left","9":"tablet-align-left","10":"mobile-align-left","12":"first","13":"instock","14":"shipping-taxable","15":"product-type-simple"},"_links":{"self":[{"href":"https:\/\/puyapeptide.net\/es\/wp-json\/wp\/v2\/product\/8731","targetHints":{"allow":["GET"]}}],"collection":[{"href":"https:\/\/puyapeptide.net\/es\/wp-json\/wp\/v2\/product"}],"about":[{"href":"https:\/\/puyapeptide.net\/es\/wp-json\/wp\/v2\/types\/product"}],"replies":[{"embeddable":true,"href":"https:\/\/puyapeptide.net\/es\/wp-json\/wp\/v2\/comments?post=8731"}],"wp:featuredmedia":[{"embeddable":true,"href":"https:\/\/puyapeptide.net\/es\/wp-json\/wp\/v2\/media\/2216"}],"wp:attachment":[{"href":"https:\/\/puyapeptide.net\/es\/wp-json\/wp\/v2\/media?parent=8731"}],"wp:term":[{"taxonomy":"product_brand","embeddable":true,"href":"https:\/\/puyapeptide.net\/es\/wp-json\/wp\/v2\/product_brand?post=8731"},{"taxonomy":"product_cat","embeddable":true,"href":"https:\/\/puyapeptide.net\/es\/wp-json\/wp\/v2\/product_cat?post=8731"},{"taxonomy":"product_tag","embeddable":true,"href":"https:\/\/puyapeptide.net\/es\/wp-json\/wp\/v2\/product_tag?post=8731"}],"curies":[{"name":"wp","href":"https:\/\/api.w.org\/{rel}","templated":true}]}}