{"id":8765,"date":"2021-12-17T03:04:34","date_gmt":"2021-12-17T08:04:34","guid":{"rendered":"https:\/\/puyapeptide.net\/product\/puya-supply-eptifibatide-cas-188627-80-7-inhibe-la-agregacion-plaquetaria-y-la-trombosis\/"},"modified":"2021-12-17T03:04:34","modified_gmt":"2021-12-17T08:04:34","slug":"puya-supply-eptifibatide-cas-188627-80-7-inhibe-la-agregacion-plaquetaria-y-la-trombosis","status":"publish","type":"product","link":"https:\/\/puyapeptide.net\/es\/product\/puya-supply-eptifibatide-cas-188627-80-7-inhibe-la-agregacion-plaquetaria-y-la-trombosis\/","title":{"rendered":"Puya Supply Eptifibatide CAS 188627-80-7 Inhibe la agregaci\u00f3n plaquetaria y la trombosis"},"content":{"rendered":"<h2><strong>Puya Supply Eptifibatide CAS 188627-80-7 Inhibe la agregaci\u00f3n plaquetaria y la trombosis<\/strong><\/h2>\n<p> Nombre del producto: Eptifibatide<br \/>\n Sin\u00f3nimos: Eptifibatide acetate salt; Eptifibatide, MPA-HAR-Gly-Asp-Trp-Pro-Cys-NH2, MPAHARGDWPC-NH2,&gt; 99%; MAP-LYS-GLY-ASP- TRP-PRO-CYS-NH2; INTEGRELIN; Eptifibatida; N6- (Aminoiminometil) -N2- (3-mercapto-1-oxopropil-L-lisilglicil-La-aspartil-L-triptofil-L-prolil-L-cisteinamida; MPA -HAR-GLY-ASP-TRP-PRO-CYS-NH2 (PUENTE DE DISULFURO, MPA1-CYS6); Intrifiban<br \/>\n CAS: 188627-80-7<br \/>\n MF: C35H49N11O9S2<br \/>\n MW: 831,96<br \/>\n EINECS : 641-366-7<br \/>\n Categor\u00edas de productos: Productos qu\u00edmicos intermedios y finos; P\u00e9ptidos; Productos farmac\u00e9uticos<br \/>\n Mol Archivo: 188627-80-7.mol <\/p>\n<p> Eptifibatide es un tipo de hexap\u00e9ptido c\u00edclico sint\u00e9tico que consta de 6 amino\u00e1cidos y 1 residuo mercaptopropionilo. Es capaz de unirse a la glicoprote\u00edna del receptor plaquetario (GP) IIb \/ IIIa de las plaquetas humanas e inhibir la agregaci\u00f3n plaquetaria, bloqueando as\u00ed la uni\u00f3n del fibrin\u00f3geno, el factor von Willebrand y otros ligandos adhesivos. indicado para el tratamiento del s\u00edndrome coronario agudo (SCA) y coronario percut\u00e1neo i Intervenci\u00f3n (PCI). Es capaz de reducir el riesgo de eventos isqu\u00e9micos card\u00edacos agudos en pacientes con angina inestable o infecci\u00f3n mioc\u00e1rdica sin elevaci\u00f3n del segmento ST. A menudo se usa en combinaci\u00f3n con aspirina o clopidogrel y heparina. Se puede fabricar mediante s\u00edntesis de p\u00e9ptidos en fase de soluci\u00f3n y se puede purificar mediante cromatograf\u00eda l\u00edquida de fase inversa preparativa y liofilizaci\u00f3n. <\/p>\n<p> <strong>Eptifibatide CAS 188627-80-7 Propiedades qu\u00edmicas<\/strong><br \/>\n densidad 1,60 \u00b1 0,1 g \/ cm3 (predicha)<br \/>\n temp. De almacenamiento Sellado en seco, Almacenar en congelador, por debajo de -20 \u00b0 C<br \/>\n pka 4.01 \u00b1 0.10 (Previsto)<br \/>\n CAS DataBase Reference 188627-80-7 <\/p>\n<p> <strong>Funci\u00f3n y aplicaci\u00f3n de Eptifibatide CAS 188627-80- 7<\/strong><br \/>\n A Arginina-glicina-aspartato-mim\u00e9tico, se une reversiblemente a las plaquetas para reducir el riesgo de eventos isqu\u00e9micos card\u00edacos.<\/p>\n","protected":false},"excerpt":{"rendered":"<p>Nombre del producto: Eptifibatide<br \/>\n CAS: 188627-80-7<br \/>\n MF: C35H49N11O9S2<br \/>\n MW: 831.96<br \/>\n EINECS: 641-366-7<br \/>\n Mol Archivo: 188627-80-7.mol<\/p>\n","protected":false},"featured_media":2111,"comment_status":"open","ping_status":"closed","template":"","meta":{"om_disable_all_campaigns":false,"_monsterinsights_skip_tracking":false,"_monsterinsights_sitenote_active":false,"_monsterinsights_sitenote_note":"","_monsterinsights_sitenote_category":0,"site-sidebar-layout":"default","site-content-layout":"default","ast-site-content-layout":"default","site-content-style":"default","site-sidebar-style":"default","ast-global-header-display":"","ast-banner-title-visibility":"","ast-main-header-display":"","ast-hfb-above-header-display":"","ast-hfb-below-header-display":"","ast-hfb-mobile-header-display":"","site-post-title":"","ast-breadcrumbs-content":"","ast-featured-img":"","footer-sml-layout":"","ast-disable-related-posts":"","theme-transparent-header-meta":"default","adv-header-id-meta":"","stick-header-meta":"","header-above-stick-meta":"","header-main-stick-meta":"","header-below-stick-meta":"","astra-migrate-meta-layouts":"default","ast-page-background-enabled":"default","ast-page-background-meta":{"desktop":{"background-color":"","background-image":"","background-repeat":"repeat","background-position":"center center","background-size":"auto","background-attachment":"scroll","background-type":"","background-media":"","overlay-type":"","overlay-color":"","overlay-opacity":"","overlay-gradient":""},"tablet":{"background-color":"","background-image":"","background-repeat":"repeat","background-position":"center center","background-size":"auto","background-attachment":"scroll","background-type":"","background-media":"","overlay-type":"","overlay-color":"","overlay-opacity":"","overlay-gradient":""},"mobile":{"background-color":"","background-image":"","background-repeat":"repeat","background-position":"center center","background-size":"auto","background-attachment":"scroll","background-type":"","background-media":"","overlay-type":"","overlay-color":"","overlay-opacity":"","overlay-gradient":""}},"ast-content-background-meta":{"desktop":{"background-color":"var(--ast-global-color-5)","background-image":"","background-repeat":"repeat","background-position":"center center","background-size":"auto","background-attachment":"scroll","background-type":"","background-media":"","overlay-type":"","overlay-color":"","overlay-opacity":"","overlay-gradient":""},"tablet":{"background-color":"var(--ast-global-color-5)","background-image":"","background-repeat":"repeat","background-position":"center center","background-size":"auto","background-attachment":"scroll","background-type":"","background-media":"","overlay-type":"","overlay-color":"","overlay-opacity":"","overlay-gradient":""},"mobile":{"background-color":"var(--ast-global-color-5)","background-image":"","background-repeat":"repeat","background-position":"center center","background-size":"auto","background-attachment":"scroll","background-type":"","background-media":"","overlay-type":"","overlay-color":"","overlay-opacity":"","overlay-gradient":""}}},"product_brand":[],"product_cat":[414],"product_tag":[995],"class_list":{"0":"post-8765","1":"product","2":"type-product","3":"status-publish","4":"has-post-thumbnail","6":"product_cat-peptido-sanguineo-y-vascular","7":"product_tag-puya-supply-eptifibatide-cas-188627-80-7-es","8":"desktop-align-left","9":"tablet-align-left","10":"mobile-align-left","12":"first","13":"instock","14":"shipping-taxable","15":"product-type-simple"},"_links":{"self":[{"href":"https:\/\/puyapeptide.net\/es\/wp-json\/wp\/v2\/product\/8765","targetHints":{"allow":["GET"]}}],"collection":[{"href":"https:\/\/puyapeptide.net\/es\/wp-json\/wp\/v2\/product"}],"about":[{"href":"https:\/\/puyapeptide.net\/es\/wp-json\/wp\/v2\/types\/product"}],"replies":[{"embeddable":true,"href":"https:\/\/puyapeptide.net\/es\/wp-json\/wp\/v2\/comments?post=8765"}],"wp:featuredmedia":[{"embeddable":true,"href":"https:\/\/puyapeptide.net\/es\/wp-json\/wp\/v2\/media\/2111"}],"wp:attachment":[{"href":"https:\/\/puyapeptide.net\/es\/wp-json\/wp\/v2\/media?parent=8765"}],"wp:term":[{"taxonomy":"product_brand","embeddable":true,"href":"https:\/\/puyapeptide.net\/es\/wp-json\/wp\/v2\/product_brand?post=8765"},{"taxonomy":"product_cat","embeddable":true,"href":"https:\/\/puyapeptide.net\/es\/wp-json\/wp\/v2\/product_cat?post=8765"},{"taxonomy":"product_tag","embeddable":true,"href":"https:\/\/puyapeptide.net\/es\/wp-json\/wp\/v2\/product_tag?post=8765"}],"curies":[{"name":"wp","href":"https:\/\/api.w.org\/{rel}","templated":true}]}}