{"id":8808,"date":"2021-12-17T03:07:21","date_gmt":"2021-12-17T08:07:21","guid":{"rendered":"https:\/\/puyapeptide.net\/product\/puya-supply-degarelix-acetate-cas-214766-78-6-usado-para-tratar-el-cancer-de-prostata\/"},"modified":"2021-12-17T03:07:21","modified_gmt":"2021-12-17T08:07:21","slug":"puya-supply-degarelix-acetate-cas-214766-78-6-usado-para-tratar-el-cancer-de-prostata","status":"publish","type":"product","link":"https:\/\/puyapeptide.net\/es\/product\/puya-supply-degarelix-acetate-cas-214766-78-6-usado-para-tratar-el-cancer-de-prostata\/","title":{"rendered":"Puya Supply Degarelix Acetate CAS 214766-78-6 usado para tratar el c\u00e1ncer de pr\u00f3stata"},"content":{"rendered":"<h2><strong>Puya Supply Degarelix Acetate CAS 214766-78-6 usado para tratar el c\u00e1ncer de pr\u00f3stata<\/strong><\/h2>\n<p> Nombre del producto: DEGARELIX<br \/>\n Sin\u00f3nimos: DEGARELIX; Acetato de Degarelix; N-Acetil-3- (2-naftil) -D-alanil-4-cloro-D-fenilalanil-3- (3-piridil) -D -alanil-L-seril-4- [2,6-dioxohexahidropirimidin-4 (S) -ilcarboxamido] -L-fenilalanil-4-ureido-D-fenilalanil-L-leucil-N6-isopropil-L-lisil-L- acetato de prolil-D-alaninamida; sal acetato de Degarelix; D-alaninamida, N-acetil-3- (naftalen-2-il) -D-alanil-4-cloro-D-fenilalanil-3- (piridin-3-il) -D-alanil-L-seril-4 &#8211; ((((4S) -2,6-dioxohexahidropirimidin-4-il) carbonil) amino) -L-fenilalanil-4- (carbamoilamino) -D-fenilalanil-L-leucil -N6- (1-metiletil) -L-lisil-L-prolil-; Acetato de Degarelix (FE-200486, Degarelix); FirMagon; Degarelix, acetato de Degarelix<br \/>\n CAS: 214766-78-6<br \/>\n MF: C82H103ClN18O16<br \/>\n MW: 1632.26<br \/>\n EINECS: 807-277-4<br \/>\n Categor\u00edas de productos: API<br \/>\n Mol Archivo: 214766-78-6.mol <\/p>\n<p> Los antagonistas de GnRH han demostrado ser un terapia eficaz para c\u00e1nceres regulados por hormonas, como el de pr\u00f3stata y algunos tipos de mama. Como an\u00e1logos de GnRH, se unen de manera competitiva y reversible a los receptores de GnRH en la gl\u00e1ndula pituitaria, bloqueando as\u00ed la liberaci\u00f3n de la hormona luteinizante (LH) y la hormona estimulante del fol\u00edculo (FSH). En los hombres, la reducci\u00f3n de LH desencadena la ablaci\u00f3n de la secreci\u00f3n de testosterona de los test\u00edculos, y estos niveles similares a la castraci\u00f3n han sido esenciales en el tratamiento eficaz del c\u00e1ncer de pr\u00f3stata avanzado. En comparaci\u00f3n con los agonistas de GnRH, los antagonistas no sufren un brote potencial de la enfermedad como resultado de una estimulaci\u00f3n inicial del eje hipotal\u00e1mico-pituitario-gonadal antes de la regulaci\u00f3n a la baja del receptor de GnRH. Adem\u00e1s, los antagonistas de GnRH proporcionan efectos beneficiosos m\u00e1s r\u00e1pidamente despu\u00e9s de la dosificaci\u00f3n y dan como resultado una supresi\u00f3n m\u00e1s eficaz de los niveles de gonadotropina. Teniendo esto en cuenta, el acetato de degarelix se ha lanzado como un antagonista de la GnRH de tercera generaci\u00f3n para el tratamiento del c\u00e1ncer de pr\u00f3stata, y se une a otros agentes de tercera generaci\u00f3n, ganirelix y cetronelix, en el mercado. <\/p>\n<p> <strong>Propiedades qu\u00edmicas de Degarelix Acetate CAS 214766-78-6<\/strong><br \/>\n densidad 1.325 \u00b1 0.06 g \/ cm3 (predicho)<br \/>\n temperatura de almacenamiento. Conservar en lugar oscuro, atm\u00f3sfera inerte, conservar en congelador, por debajo de -20 \u00b0 C<br \/>\n pka 10,38 \u00b1 0,40 (previsto) <\/p>\n<p> <strong>Funci\u00f3n y aplicaci\u00f3n de acetato de Degarelix CAS 214766-78-6<\/strong><br \/>\n hormona avanzada -carcinoma de pr\u00f3stata dependiente <\/p>\n<p> Desmopressin &#39;(nombres comerciales: DDAVP, DesmoMelt, Minirin, Minirin Melt, Octim, Stimate) es un reemplazo sint\u00e9tico de la vasopresina, la hormona que reduce la producci\u00f3n de orina. Puede tomarse por v\u00eda nasal, intravenosa o como tableta oral o sublingual. Los m\u00e9dicos recetan desmopresina con mayor frecuencia para el tratamiento de la diabetes ins\u00edpida, enuresis nocturna o nicturia. <\/p>\n<p> Puede tomarse por v\u00eda nasal, intravenosa o en forma de tableta. Los m\u00e9dicos recetan Desmopressin &#39;con mayor frecuencia para el tratamiento de la diabetes ins\u00edpida o la enuresis nocturna. La desmopresina (1-desamino-8-D-arginina vasopresina) es una forma modificada de la hormona humana normal arginina vasopresina, un p\u00e9ptido que contiene nueve amino\u00e1cidos. El uso m\u00e9dico del acetato de desmopresina incluye: (a) mojar la cama; (b) micci\u00f3n nocturna; (c) trastornos de la coagulaci\u00f3n; (d) diabetes ins\u00edpida.<\/p>\n","protected":false},"excerpt":{"rendered":"<p>Nombre del producto: DEGARELIX<br \/>\n CAS: 214766-78-6<br \/>\n MF: C82H103ClN18O16<br \/>\n MW: 1632.26<br \/>\n EINECS: 807-277-4<br \/>\n Categor\u00edas de productos: API<br \/>\n Mol Archivo: 214766 -78-6.mol<\/p>\n","protected":false},"featured_media":2132,"comment_status":"open","ping_status":"closed","template":"","meta":{"om_disable_all_campaigns":false,"_monsterinsights_skip_tracking":false,"_monsterinsights_sitenote_active":false,"_monsterinsights_sitenote_note":"","_monsterinsights_sitenote_category":0,"site-sidebar-layout":"default","site-content-layout":"default","ast-site-content-layout":"default","site-content-style":"default","site-sidebar-style":"default","ast-global-header-display":"","ast-banner-title-visibility":"","ast-main-header-display":"","ast-hfb-above-header-display":"","ast-hfb-below-header-display":"","ast-hfb-mobile-header-display":"","site-post-title":"","ast-breadcrumbs-content":"","ast-featured-img":"","footer-sml-layout":"","ast-disable-related-posts":"","theme-transparent-header-meta":"default","adv-header-id-meta":"","stick-header-meta":"","header-above-stick-meta":"","header-main-stick-meta":"","header-below-stick-meta":"","astra-migrate-meta-layouts":"default","ast-page-background-enabled":"default","ast-page-background-meta":{"desktop":{"background-color":"","background-image":"","background-repeat":"repeat","background-position":"center center","background-size":"auto","background-attachment":"scroll","background-type":"","background-media":"","overlay-type":"","overlay-color":"","overlay-opacity":"","overlay-gradient":""},"tablet":{"background-color":"","background-image":"","background-repeat":"repeat","background-position":"center center","background-size":"auto","background-attachment":"scroll","background-type":"","background-media":"","overlay-type":"","overlay-color":"","overlay-opacity":"","overlay-gradient":""},"mobile":{"background-color":"","background-image":"","background-repeat":"repeat","background-position":"center center","background-size":"auto","background-attachment":"scroll","background-type":"","background-media":"","overlay-type":"","overlay-color":"","overlay-opacity":"","overlay-gradient":""}},"ast-content-background-meta":{"desktop":{"background-color":"var(--ast-global-color-5)","background-image":"","background-repeat":"repeat","background-position":"center center","background-size":"auto","background-attachment":"scroll","background-type":"","background-media":"","overlay-type":"","overlay-color":"","overlay-opacity":"","overlay-gradient":""},"tablet":{"background-color":"var(--ast-global-color-5)","background-image":"","background-repeat":"repeat","background-position":"center center","background-size":"auto","background-attachment":"scroll","background-type":"","background-media":"","overlay-type":"","overlay-color":"","overlay-opacity":"","overlay-gradient":""},"mobile":{"background-color":"var(--ast-global-color-5)","background-image":"","background-repeat":"repeat","background-position":"center center","background-size":"auto","background-attachment":"scroll","background-type":"","background-media":"","overlay-type":"","overlay-color":"","overlay-opacity":"","overlay-gradient":""}}},"product_brand":[],"product_cat":[385],"product_tag":[950],"class_list":{"0":"post-8808","1":"product","2":"type-product","3":"status-publish","4":"has-post-thumbnail","6":"product_cat-peptido-antitumoral","7":"product_tag-puya-supply-degarelix-acetate-cas-214766-78-6-used-for-treat-prostate-cancer-es","8":"desktop-align-left","9":"tablet-align-left","10":"mobile-align-left","12":"first","13":"instock","14":"shipping-taxable","15":"product-type-simple"},"_links":{"self":[{"href":"https:\/\/puyapeptide.net\/es\/wp-json\/wp\/v2\/product\/8808","targetHints":{"allow":["GET"]}}],"collection":[{"href":"https:\/\/puyapeptide.net\/es\/wp-json\/wp\/v2\/product"}],"about":[{"href":"https:\/\/puyapeptide.net\/es\/wp-json\/wp\/v2\/types\/product"}],"replies":[{"embeddable":true,"href":"https:\/\/puyapeptide.net\/es\/wp-json\/wp\/v2\/comments?post=8808"}],"wp:featuredmedia":[{"embeddable":true,"href":"https:\/\/puyapeptide.net\/es\/wp-json\/wp\/v2\/media\/2132"}],"wp:attachment":[{"href":"https:\/\/puyapeptide.net\/es\/wp-json\/wp\/v2\/media?parent=8808"}],"wp:term":[{"taxonomy":"product_brand","embeddable":true,"href":"https:\/\/puyapeptide.net\/es\/wp-json\/wp\/v2\/product_brand?post=8808"},{"taxonomy":"product_cat","embeddable":true,"href":"https:\/\/puyapeptide.net\/es\/wp-json\/wp\/v2\/product_cat?post=8808"},{"taxonomy":"product_tag","embeddable":true,"href":"https:\/\/puyapeptide.net\/es\/wp-json\/wp\/v2\/product_tag?post=8808"}],"curies":[{"name":"wp","href":"https:\/\/api.w.org\/{rel}","templated":true}]}}