{"id":8851,"date":"2021-12-17T03:09:54","date_gmt":"2021-12-17T08:09:54","guid":{"rendered":"https:\/\/puyapeptide.net\/product\/puya-supply-cetrorelix-acetate-cas-120287-85-6-antagonista-del-receptor-del-inhibidor-de-la-hormona-liberadora-de-hormona-luteinizante-lh-rh\/"},"modified":"2021-12-17T03:09:54","modified_gmt":"2021-12-17T08:09:54","slug":"puya-supply-cetrorelix-acetate-cas-120287-85-6-antagonista-del-receptor-del-inhibidor-de-la-hormona-liberadora-de-hormona-luteinizante-lh-rh","status":"publish","type":"product","link":"https:\/\/puyapeptide.net\/es\/product\/puya-supply-cetrorelix-acetate-cas-120287-85-6-antagonista-del-receptor-del-inhibidor-de-la-hormona-liberadora-de-hormona-luteinizante-lh-rh\/","title":{"rendered":"Puya Supply Cetrorelix Acetate CAS 120287-85-6 antagonista del receptor del inhibidor de la hormona liberadora de hormona luteinizante (LH-RH)"},"content":{"rendered":"<h2><strong>Puya Supply Cetrorelix Acetate CAS 120287-85-6 antagonista del receptor del inhibidor de la hormona liberadora de hormona luteinizante (LH-RH)<\/strong><\/h2>\n<p> Nombre del producto: Acetato de Cetrorelix<br \/>\n Sin\u00f3nimos: AC- (D-ALA [3- (2-NAPHTHYL)]) &#8211; [D-PHE (4-CL)] &#8211; (D-ALA [3- (3 -PIRIDILO)]) &#8211; SER-TYR- (D-CIT) -LEU-ARG-PRO-D-ALA-OH; Cetrorelix acetato; CETRORELIX; CETRORELIX ACID; CETRIZINEDIHIDROCLORURO; N-Acetil-3- (2-naftalenilo) &#8211; D-Ala-4-cloro-D-Phe-3- (3-piridil) -D-Ala-L-Ser-L-Tyr-N5- (aminocarbonil) -D-Orn-L-Leu-L-Arg- L-Pro-D-Ala-NH2; Cetrorelixum; Cetrorelixum [inn-latin]<br \/>\n CAS: 120287-85-6<br \/>\n MF: C70H92ClN17O14<br \/>\n MW: 1431.04<br \/>\n EINECS: 686-384-6<br \/>\n Categor\u00edas de productos: P\u00e9ptido<br \/>\n Mol Archivo: 120287-85-6.mol <\/p>\n<p> Cetrorelix se lanz\u00f3 en Alemania para el tratamiento de la infertilidad femenina. Es un an\u00e1logo decap\u00e9ptido de la hormona liberadora de hormona luteinizante (LH-RH) con modificaciones estructurales en las posiciones cruciales 1, 2, 3, 6 y 10: [Ac-D-Nal1, D-4-CI Phe-2, D -Pal3, D-Cit6, D-Ala10] -GnRH. Cetrorelix es un antagonista de la hormona liberadora de gonadotropinas (GnRH) de acci\u00f3n prolongada y extremadamente potente y, por lo tanto, bloquea la secreci\u00f3n de gonadotropinas y esteroides sexuales inmediatamente despu\u00e9s de la administraci\u00f3n. Adem\u00e1s, tiene una baja potencia liberadora de histamina. Cetrorelix ser\u00e1 el primer antagonista de LH-RH aprobado en todo el mundo. En varios ensayos cl\u00ednicos de Fase III, las pacientes que recibieron Cetrorelix tuvieron una ovulaci\u00f3n controlada con \u00e9xito, evitando as\u00ed un aumento prematuro de LH. Cetrorelix podr\u00eda ser un tratamiento de fertilizaci\u00f3n in vitro (FIV) de primera elecci\u00f3n sin las complicaciones de los protocolos actuales de hiperestimulaci\u00f3n ov\u00e1rica controlada. Cetrorelix se encuentra actualmente en investigaci\u00f3n cl\u00ednica para el tratamiento de diversos trastornos dependientes de hormonas sexuales, como hipertrofia benigna de pr\u00f3stata, c\u00e1ncer de mama, ovario o pr\u00f3stata y diversos trastornos ginecol\u00f3gicos. <\/p>\n<p> <strong>Acetato de Cetrorelix Propiedades qu\u00edmicas del acetato de Cetrorelix CAS 120287-85- 6<\/strong><br \/>\n densidad 1,42 \u00b1 0,1 g \/ cm3 (previsto)<br \/>\n pka 9,82 \u00b1 0,15 (previsto) <\/p>\n<p> <strong>Funci\u00f3n y aplicaci\u00f3n de Cetrorelix Acetate CAS 120287-85-6<\/strong><br \/>\n Cetrorelix Acetate, tambi\u00e9n a menudo denominado cetrorelix, es un potente antagonista del receptor del inhibidor de la hormona liberadora de hormona luteinizante (LChemicalbookH-RH) que controla la estimulaci\u00f3n ov\u00e1rica, previene la expulsi\u00f3n prematura de fol\u00edculos inmaduros y ayuda a la concepci\u00f3n, por lo que se utiliza a menudo como preparaci\u00f3n inyectable de cetrorelix.<\/p>\n","protected":false},"excerpt":{"rendered":"<p>Nombre del producto: Acetato de Cetrorelix<br \/>\n CAS: 120287-85-6<br \/>\n MF: C70H92ClN17O14<br \/>\n MW: 1431.04<br \/>\n EINECS: 686-384-6<br \/>\n Categor\u00edas de productos: P\u00e9ptido<br \/>\n Mol Archivo: 120287-85-6.mol<\/p>\n","protected":false},"featured_media":2342,"comment_status":"open","ping_status":"closed","template":"","meta":{"om_disable_all_campaigns":false,"_monsterinsights_skip_tracking":false,"_monsterinsights_sitenote_active":false,"_monsterinsights_sitenote_note":"","_monsterinsights_sitenote_category":0,"site-sidebar-layout":"default","site-content-layout":"default","ast-site-content-layout":"default","site-content-style":"default","site-sidebar-style":"default","ast-global-header-display":"","ast-banner-title-visibility":"","ast-main-header-display":"","ast-hfb-above-header-display":"","ast-hfb-below-header-display":"","ast-hfb-mobile-header-display":"","site-post-title":"","ast-breadcrumbs-content":"","ast-featured-img":"","footer-sml-layout":"","ast-disable-related-posts":"","theme-transparent-header-meta":"default","adv-header-id-meta":"","stick-header-meta":"","header-above-stick-meta":"","header-main-stick-meta":"","header-below-stick-meta":"","astra-migrate-meta-layouts":"default","ast-page-background-enabled":"default","ast-page-background-meta":{"desktop":{"background-color":"","background-image":"","background-repeat":"repeat","background-position":"center center","background-size":"auto","background-attachment":"scroll","background-type":"","background-media":"","overlay-type":"","overlay-color":"","overlay-opacity":"","overlay-gradient":""},"tablet":{"background-color":"","background-image":"","background-repeat":"repeat","background-position":"center center","background-size":"auto","background-attachment":"scroll","background-type":"","background-media":"","overlay-type":"","overlay-color":"","overlay-opacity":"","overlay-gradient":""},"mobile":{"background-color":"","background-image":"","background-repeat":"repeat","background-position":"center center","background-size":"auto","background-attachment":"scroll","background-type":"","background-media":"","overlay-type":"","overlay-color":"","overlay-opacity":"","overlay-gradient":""}},"ast-content-background-meta":{"desktop":{"background-color":"var(--ast-global-color-5)","background-image":"","background-repeat":"repeat","background-position":"center center","background-size":"auto","background-attachment":"scroll","background-type":"","background-media":"","overlay-type":"","overlay-color":"","overlay-opacity":"","overlay-gradient":""},"tablet":{"background-color":"var(--ast-global-color-5)","background-image":"","background-repeat":"repeat","background-position":"center center","background-size":"auto","background-attachment":"scroll","background-type":"","background-media":"","overlay-type":"","overlay-color":"","overlay-opacity":"","overlay-gradient":""},"mobile":{"background-color":"var(--ast-global-color-5)","background-image":"","background-repeat":"repeat","background-position":"center center","background-size":"auto","background-attachment":"scroll","background-type":"","background-media":"","overlay-type":"","overlay-color":"","overlay-opacity":"","overlay-gradient":""}}},"product_brand":[],"product_cat":[439],"product_tag":[905],"class_list":{"0":"post-8851","1":"product","2":"type-product","3":"status-publish","4":"has-post-thumbnail","6":"product_cat-peptido-urogenital","7":"product_tag-puya-supply-cetrorelix-acetate-cas-120287-85-6-es","8":"desktop-align-left","9":"tablet-align-left","10":"mobile-align-left","12":"first","13":"instock","14":"shipping-taxable","15":"product-type-simple"},"_links":{"self":[{"href":"https:\/\/puyapeptide.net\/es\/wp-json\/wp\/v2\/product\/8851","targetHints":{"allow":["GET"]}}],"collection":[{"href":"https:\/\/puyapeptide.net\/es\/wp-json\/wp\/v2\/product"}],"about":[{"href":"https:\/\/puyapeptide.net\/es\/wp-json\/wp\/v2\/types\/product"}],"replies":[{"embeddable":true,"href":"https:\/\/puyapeptide.net\/es\/wp-json\/wp\/v2\/comments?post=8851"}],"wp:featuredmedia":[{"embeddable":true,"href":"https:\/\/puyapeptide.net\/es\/wp-json\/wp\/v2\/media\/2342"}],"wp:attachment":[{"href":"https:\/\/puyapeptide.net\/es\/wp-json\/wp\/v2\/media?parent=8851"}],"wp:term":[{"taxonomy":"product_brand","embeddable":true,"href":"https:\/\/puyapeptide.net\/es\/wp-json\/wp\/v2\/product_brand?post=8851"},{"taxonomy":"product_cat","embeddable":true,"href":"https:\/\/puyapeptide.net\/es\/wp-json\/wp\/v2\/product_cat?post=8851"},{"taxonomy":"product_tag","embeddable":true,"href":"https:\/\/puyapeptide.net\/es\/wp-json\/wp\/v2\/product_tag?post=8851"}],"curies":[{"name":"wp","href":"https:\/\/api.w.org\/{rel}","templated":true}]}}