{"id":8871,"date":"2021-12-17T03:11:02","date_gmt":"2021-12-17T08:11:02","guid":{"rendered":"https:\/\/puyapeptide.net\/product\/acetato-de-terlipresina-de-alta-calidad-cas-14636-12-5-para-el-sangrado-variceal-agudo-del-tratamiento\/"},"modified":"2021-12-17T03:11:02","modified_gmt":"2021-12-17T08:11:02","slug":"acetato-de-terlipresina-de-alta-calidad-cas-14636-12-5-para-el-sangrado-variceal-agudo-del-tratamiento","status":"publish","type":"product","link":"https:\/\/puyapeptide.net\/es\/product\/acetato-de-terlipresina-de-alta-calidad-cas-14636-12-5-para-el-sangrado-variceal-agudo-del-tratamiento\/","title":{"rendered":"Acetato de terlipresina de alta calidad CAS 14636-12-5 para el sangrado variceal agudo del tratamiento"},"content":{"rendered":"<h2><strong>Acetato de terlipresina de alta calidad CAS 14636-12-5 para el sangrado variceal agudo del tratamiento<\/strong><\/h2>\n<p> Nombre del producto: N- (N- (N-Glycylglycyl) glycyl) -8-L-lysinevasopressin<br \/>\n Sin\u00f3nimos: [N-\u03b1-Triglycyl-8-lysine] -vasopressin; 130: PN: WO2010033207 SECID: 171 prote\u00edna claiMed; 1-triglicil-8-lisina vasopresina; N\u03b1-glicil-glicil-glicil- [8-lisina] -vasopresina; N\u03b1-glicil-glicil-glicil-lisina-vasopresina; N\u03b1-glicilglicilglicil-vasopresina -Gly-Gly-8-Lys-vasopresina; Terlipresina, Terlipresina, Terlipresina, Terlipresina<br \/>\n CAS: 14636-12-5<br \/>\n MF: C52H74N16O15S2<br \/>\n MW: 1227,37<br \/>\n EINECS: 238-680-8<br \/>\n Categor\u00edas de productos: hormonas; P\u00e9ptidos; Derivados de amino\u00e1cidos<br \/>\n Archivo Mol: 14636-12-5.mol <\/p>\n<p> El nombre qu\u00edmico de terlipresina es triglicilamida lisina en sulina, que es un nuevo tipo de sint\u00e9tico preparaci\u00f3n angiog\u00e9nica de acci\u00f3n prolongada. Es un prof\u00e1rmaco inactivo por s\u00ed mismo. Despu\u00e9s de eliminar los 3 residuos de sustituci\u00f3n de glicina en su N-terminal, lentamente &quot;libera&quot; lisina activa plus. Por lo tanto, la terlipresina es equivalente a un dep\u00f3sito que puede liberar lisina vasopresina a una velocidad estable. <\/p>\n<p> <strong>Propiedades qu\u00edmicas del acetato de terlipresina CAS 14636-12-5<\/strong><br \/>\n Punto de ebullici\u00f3n 1824,0 \u00b1 65,0 \u00b0 C (previsto)<br \/>\n densidad 1,46 \u00b1 0,1 g \/ cm3 (previsto)<br \/>\n temp. De almacenamiento Conservar en un lugar oscuro, atm\u00f3sfera inerte, almacenar en congelador, por debajo de -20 \u00b0 C<br \/>\n pka 9,90 \u00b1 0,15 (previsto)<br \/>\n CAS DataBase Reference 14636-12-5 (CAS DataBase Reference) <\/p>\n<p> <strong>Funci\u00f3n Y aplicaci\u00f3n de acetato de terlipresina CAS 14636-12-5<\/strong><br \/>\n N- (N- (N-Glycylglycyl) glycyl) -8-L-lysinevasopressin es un an\u00e1logo de vasopresina utilizado como f\u00e1rmaco vasoactivo en el tratamiento de la hipotensi\u00f3n. La N- (N- (N-Glycylglycyl) glycyl) -8-L-lysinevasopressin se usa para el choque s\u00e9ptico resistente a la norepinefrina y el s\u00edndrome hepatorrenal. La N- (N- (N-Glycilglicil) glicil) -8-L-lisinavasopresina tambi\u00e9n se usa en el tratamiento del sangrado varicoso agudo.<\/p>\n","protected":false},"excerpt":{"rendered":"<p>Nombre del producto: N- (N- (N-Glycylglycyl) glycyl) -8-L-lysinevasopressin<br \/>\n CAS: 14636-12-5<br \/>\n MF: C52H74N16O15S2<br \/>\n MW: 1227.37<br \/>\n EINECS: 238- 680-8<br \/>\n Categor\u00edas de productos: hormonas; P\u00e9ptidos; Derivados de amino\u00e1cidos<br \/>\n Mol Archivo: 14636-12-5.mol<\/p>\n","protected":false},"featured_media":2300,"comment_status":"open","ping_status":"closed","template":"","meta":{"om_disable_all_campaigns":false,"_monsterinsights_skip_tracking":false,"_monsterinsights_sitenote_active":false,"_monsterinsights_sitenote_note":"","_monsterinsights_sitenote_category":0,"site-sidebar-layout":"default","site-content-layout":"default","ast-site-content-layout":"default","site-content-style":"default","site-sidebar-style":"default","ast-global-header-display":"","ast-banner-title-visibility":"","ast-main-header-display":"","ast-hfb-above-header-display":"","ast-hfb-below-header-display":"","ast-hfb-mobile-header-display":"","site-post-title":"","ast-breadcrumbs-content":"","ast-featured-img":"","footer-sml-layout":"","ast-disable-related-posts":"","theme-transparent-header-meta":"default","adv-header-id-meta":"","stick-header-meta":"","header-above-stick-meta":"","header-main-stick-meta":"","header-below-stick-meta":"","astra-migrate-meta-layouts":"default","ast-page-background-enabled":"default","ast-page-background-meta":{"desktop":{"background-color":"","background-image":"","background-repeat":"repeat","background-position":"center center","background-size":"auto","background-attachment":"scroll","background-type":"","background-media":"","overlay-type":"","overlay-color":"","overlay-opacity":"","overlay-gradient":""},"tablet":{"background-color":"","background-image":"","background-repeat":"repeat","background-position":"center center","background-size":"auto","background-attachment":"scroll","background-type":"","background-media":"","overlay-type":"","overlay-color":"","overlay-opacity":"","overlay-gradient":""},"mobile":{"background-color":"","background-image":"","background-repeat":"repeat","background-position":"center center","background-size":"auto","background-attachment":"scroll","background-type":"","background-media":"","overlay-type":"","overlay-color":"","overlay-opacity":"","overlay-gradient":""}},"ast-content-background-meta":{"desktop":{"background-color":"var(--ast-global-color-5)","background-image":"","background-repeat":"repeat","background-position":"center center","background-size":"auto","background-attachment":"scroll","background-type":"","background-media":"","overlay-type":"","overlay-color":"","overlay-opacity":"","overlay-gradient":""},"tablet":{"background-color":"var(--ast-global-color-5)","background-image":"","background-repeat":"repeat","background-position":"center center","background-size":"auto","background-attachment":"scroll","background-type":"","background-media":"","overlay-type":"","overlay-color":"","overlay-opacity":"","overlay-gradient":""},"mobile":{"background-color":"var(--ast-global-color-5)","background-image":"","background-repeat":"repeat","background-position":"center center","background-size":"auto","background-attachment":"scroll","background-type":"","background-media":"","overlay-type":"","overlay-color":"","overlay-opacity":"","overlay-gradient":""}}},"product_brand":[],"product_cat":[414],"product_tag":[882],"class_list":{"0":"post-8871","1":"product","2":"type-product","3":"status-publish","4":"has-post-thumbnail","6":"product_cat-peptido-sanguineo-y-vascular","7":"product_tag-terlipressin-acetate-cas-14636-12-5-for-treat-acute-variceal-bleeding-es","8":"desktop-align-left","9":"tablet-align-left","10":"mobile-align-left","12":"first","13":"instock","14":"shipping-taxable","15":"product-type-simple"},"_links":{"self":[{"href":"https:\/\/puyapeptide.net\/es\/wp-json\/wp\/v2\/product\/8871","targetHints":{"allow":["GET"]}}],"collection":[{"href":"https:\/\/puyapeptide.net\/es\/wp-json\/wp\/v2\/product"}],"about":[{"href":"https:\/\/puyapeptide.net\/es\/wp-json\/wp\/v2\/types\/product"}],"replies":[{"embeddable":true,"href":"https:\/\/puyapeptide.net\/es\/wp-json\/wp\/v2\/comments?post=8871"}],"wp:featuredmedia":[{"embeddable":true,"href":"https:\/\/puyapeptide.net\/es\/wp-json\/wp\/v2\/media\/2300"}],"wp:attachment":[{"href":"https:\/\/puyapeptide.net\/es\/wp-json\/wp\/v2\/media?parent=8871"}],"wp:term":[{"taxonomy":"product_brand","embeddable":true,"href":"https:\/\/puyapeptide.net\/es\/wp-json\/wp\/v2\/product_brand?post=8871"},{"taxonomy":"product_cat","embeddable":true,"href":"https:\/\/puyapeptide.net\/es\/wp-json\/wp\/v2\/product_cat?post=8871"},{"taxonomy":"product_tag","embeddable":true,"href":"https:\/\/puyapeptide.net\/es\/wp-json\/wp\/v2\/product_tag?post=8871"}],"curies":[{"name":"wp","href":"https:\/\/api.w.org\/{rel}","templated":true}]}}