{"id":8896,"date":"2021-12-17T03:12:13","date_gmt":"2021-12-17T08:12:13","guid":{"rendered":"https:\/\/puyapeptide.net\/product\/octreotida-cas-79517-01-4-de-alta-calidad-para-sandostatin-antisecretor-que-inhibe-el-crecimiento-anticancer\/"},"modified":"2021-12-17T03:12:13","modified_gmt":"2021-12-17T08:12:13","slug":"octreotida-cas-79517-01-4-de-alta-calidad-para-sandostatin-antisecretor-que-inhibe-el-crecimiento-anticancer","status":"publish","type":"product","link":"https:\/\/puyapeptide.net\/es\/product\/octreotida-cas-79517-01-4-de-alta-calidad-para-sandostatin-antisecretor-que-inhibe-el-crecimiento-anticancer\/","title":{"rendered":"Octreotida CAS 79517-01-4 de alta calidad para Sandostatin antisecretor que inhibe el crecimiento antic\u00e1ncer"},"content":{"rendered":"<h2><strong>Octreotida CAS 79517-01-4 de alta calidad para Sandostatin antisecretor que inhibe el crecimiento antic\u00e1ncer<\/strong><\/h2>\n<p> Nombre del producto: Octreotide<br \/>\n Sin\u00f3nimos: SANDOSTATIN; SMS-201-995; [r- (r *, r *)] &#8211; d-phenylalanyl-l-cysteinyl-l-phenylalanyl-d-tripptophyl-l- (2-&gt; 7) disulfuro c\u00edclico de lisil-1-treonil-n- [2-hidroxi-1- (hidroximetil) propil] -cisteinamida; OCTREOTIDO; OCTREOTIDO (SMS 201-995), ACETATO; c\u00edclico (2- 7) -disulfuro, (rl-treonil-n- (2-hidroxi-1- (hidroximetil) propilo); octre\u00f3tido (D-Phe5, Cys6 \u00b7 11, D-Trp8, L-treoninol12) -SoMatostatin-14 (5- 12), SMS-201-995; D-fenilalanil-L-cisteinil-L-fenilalanil-D-triptofil-L-lisil-L-treonil-N &#8211; [(1R, 2R) -2-hidroxi-1- (hidroximetilo ) propil] &#8211;<br \/>\n CAS: 79517-01-4<br \/>\n MF: C51H70N10O12S2<br \/>\n MW: 1079,3<br \/>\n EINECS: 616-695-4<br \/>\n Categor\u00edas de productos: p\u00e9ptido; Receptor de somatostatina; Derivados de amino\u00e1cidos ; Productos qu\u00edmicos intermedios y finos; P\u00e9ptidos; Productos farmac\u00e9uticos<br \/>\n Mol File: 79517-01-4.mol <\/p>\n<p> Octreotide es un compuesto c\u00edclico sint\u00e9tico de 8 p\u00e9ptidos utilizado en el sistema digestivo. Es un hom\u00f3logo de la somatostatina natural. Tiene la actividad farmacol\u00f3gica de la somatostatina natural y un efecto de larga duraci\u00f3n (el medio li fe de este producto es de 1,5 horas, mientras que la somatostatina natural es de 2-3 minutos) .Este producto puede inhibir selectivamente la secreci\u00f3n de hormona del crecimiento, glucag\u00f3n e insulina, que es m\u00e1s fuerte que la somatostatina natural. <\/p>\n<p> <strong>Funci\u00f3n y aplicaci\u00f3n de Octre\u00f3tido CAS 79517-01-4<\/strong> &lt;y&gt; 1. An\u00e1logo octap\u00e9ptido de somatostatina. Un agente antisecretor g\u00e1strico. Utilizado en el tratamiento de la acromegalia<br \/>\n 2. hormona natural somatostatina<br \/>\n 3. El acetato de octre\u00f3tido USP (Sandostatin) se usa para tratar tumores carcinoides mestast\u00e1sicos; Tumores secretores de p\u00e9ptidos intestinales vasoactivos. <\/p>\n<p> Octreotide es un medicamento que se usa para tratar la diarrea y el enrojecimiento de la piel causados por ciertos tipos de c\u00e1ncer.<\/p>\n","protected":false},"excerpt":{"rendered":"<p>Nombre del producto: Octre\u00f3tido<br \/>\n CAS: 79517-01-4<br \/>\n MF: C51H70N10O12S2<br \/>\n MW: 1079.3<br \/>\n EINECS: 616-695-4<\/p>\n","protected":false},"featured_media":2279,"comment_status":"open","ping_status":"closed","template":"","meta":{"om_disable_all_campaigns":false,"_monsterinsights_skip_tracking":false,"_monsterinsights_sitenote_active":false,"_monsterinsights_sitenote_note":"","_monsterinsights_sitenote_category":0,"site-sidebar-layout":"default","site-content-layout":"default","ast-site-content-layout":"default","site-content-style":"default","site-sidebar-style":"default","ast-global-header-display":"","ast-banner-title-visibility":"","ast-main-header-display":"","ast-hfb-above-header-display":"","ast-hfb-below-header-display":"","ast-hfb-mobile-header-display":"","site-post-title":"","ast-breadcrumbs-content":"","ast-featured-img":"","footer-sml-layout":"","ast-disable-related-posts":"","theme-transparent-header-meta":"default","adv-header-id-meta":"","stick-header-meta":"","header-above-stick-meta":"","header-main-stick-meta":"","header-below-stick-meta":"","astra-migrate-meta-layouts":"default","ast-page-background-enabled":"default","ast-page-background-meta":{"desktop":{"background-color":"","background-image":"","background-repeat":"repeat","background-position":"center center","background-size":"auto","background-attachment":"scroll","background-type":"","background-media":"","overlay-type":"","overlay-color":"","overlay-opacity":"","overlay-gradient":""},"tablet":{"background-color":"","background-image":"","background-repeat":"repeat","background-position":"center center","background-size":"auto","background-attachment":"scroll","background-type":"","background-media":"","overlay-type":"","overlay-color":"","overlay-opacity":"","overlay-gradient":""},"mobile":{"background-color":"","background-image":"","background-repeat":"repeat","background-position":"center center","background-size":"auto","background-attachment":"scroll","background-type":"","background-media":"","overlay-type":"","overlay-color":"","overlay-opacity":"","overlay-gradient":""}},"ast-content-background-meta":{"desktop":{"background-color":"var(--ast-global-color-5)","background-image":"","background-repeat":"repeat","background-position":"center center","background-size":"auto","background-attachment":"scroll","background-type":"","background-media":"","overlay-type":"","overlay-color":"","overlay-opacity":"","overlay-gradient":""},"tablet":{"background-color":"var(--ast-global-color-5)","background-image":"","background-repeat":"repeat","background-position":"center center","background-size":"auto","background-attachment":"scroll","background-type":"","background-media":"","overlay-type":"","overlay-color":"","overlay-opacity":"","overlay-gradient":""},"mobile":{"background-color":"var(--ast-global-color-5)","background-image":"","background-repeat":"repeat","background-position":"center center","background-size":"auto","background-attachment":"scroll","background-type":"","background-media":"","overlay-type":"","overlay-color":"","overlay-opacity":"","overlay-gradient":""}}},"product_brand":[],"product_cat":[385],"product_tag":[863],"class_list":{"0":"post-8896","1":"product","2":"type-product","3":"status-publish","4":"has-post-thumbnail","6":"product_cat-peptido-antitumoral","7":"product_tag-top-quality-octreotide-cas-79517-01-4-for-anticancer-growth-inhibiting-es","8":"desktop-align-left","9":"tablet-align-left","10":"mobile-align-left","12":"first","13":"instock","14":"shipping-taxable","15":"product-type-simple"},"_links":{"self":[{"href":"https:\/\/puyapeptide.net\/es\/wp-json\/wp\/v2\/product\/8896","targetHints":{"allow":["GET"]}}],"collection":[{"href":"https:\/\/puyapeptide.net\/es\/wp-json\/wp\/v2\/product"}],"about":[{"href":"https:\/\/puyapeptide.net\/es\/wp-json\/wp\/v2\/types\/product"}],"replies":[{"embeddable":true,"href":"https:\/\/puyapeptide.net\/es\/wp-json\/wp\/v2\/comments?post=8896"}],"wp:featuredmedia":[{"embeddable":true,"href":"https:\/\/puyapeptide.net\/es\/wp-json\/wp\/v2\/media\/2279"}],"wp:attachment":[{"href":"https:\/\/puyapeptide.net\/es\/wp-json\/wp\/v2\/media?parent=8896"}],"wp:term":[{"taxonomy":"product_brand","embeddable":true,"href":"https:\/\/puyapeptide.net\/es\/wp-json\/wp\/v2\/product_brand?post=8896"},{"taxonomy":"product_cat","embeddable":true,"href":"https:\/\/puyapeptide.net\/es\/wp-json\/wp\/v2\/product_cat?post=8896"},{"taxonomy":"product_tag","embeddable":true,"href":"https:\/\/puyapeptide.net\/es\/wp-json\/wp\/v2\/product_tag?post=8896"}],"curies":[{"name":"wp","href":"https:\/\/api.w.org\/{rel}","templated":true}]}}