{"id":8909,"date":"2021-12-17T03:14:20","date_gmt":"2021-12-17T08:14:20","guid":{"rendered":"https:\/\/puyapeptide.net\/product\/acetato-de-carbetocina-cas-37025-55-1-prevencion-de-contracciones-uterinas-debiles-y-hemorragia-posparto\/"},"modified":"2021-12-17T03:14:20","modified_gmt":"2021-12-17T08:14:20","slug":"acetato-de-carbetocina-cas-37025-55-1-prevencion-de-contracciones-uterinas-debiles-y-hemorragia-posparto","status":"publish","type":"product","link":"https:\/\/puyapeptide.net\/es\/product\/acetato-de-carbetocina-cas-37025-55-1-prevencion-de-contracciones-uterinas-debiles-y-hemorragia-posparto\/","title":{"rendered":"Acetato de carbetocina CAS 37025-55-1 Prevenci\u00f3n de contracciones uterinas d\u00e9biles y hemorragia posparto"},"content":{"rendered":"<h2><strong>Acetato de carbetocina CAS 37025-55-1 Prevenci\u00f3n de contracciones uterinas d\u00e9biles y hemorragia posparto<\/strong><\/h2>\n<p> Nombre del producto: CARBETOCINA<br \/>\n Sin\u00f3nimos: BUTYRYL-TYR (ME) -ILE-GLN-ASN-CYS-PRO-LEU-GLY-NH2, (V\u00cdNCULO DE SULFURO ENTRE BUTYRYL-4-YL Y CYS); BUTYRYL- SAL DE TRIFLUOROACETATO DE TYR (ME) -ILE-GLN-ASN-CYS-PRO-LEU-GLY-NH2; (BUTYRYL1, TYR (ME) 2) -1-SAL DE TRIFLUOROACETATO DE CARBAOXITOCINA; (BUTYRYL1, TYR (ME) 2) -OXITOCINA; (BUTYRYL1, TYR (ME) 2) -OXYTOCIN TRIFLUOROACETATE SAL; CARBETOCINA; SAL DE TRIFLUOROACETATO DE CARBETOCINA; (2-O-MEHYLTYROSINE) -DE-AMINO-1-CARBAOXYTOCIN<br \/>\n CAS: 37025-55-1: C45H69N11O12S<br \/>\n MW: 988.17<br \/>\n EINECS: 253-312-6<br \/>\n Categor\u00edas de productos: Otros API; P\u00e9ptido; Receptor de vasopresina y oxitocina; Productos qu\u00edmicos intermedios y finos; Productos farmac\u00e9uticos<br \/>\n Archivo Mol: 37025-55- 1.mol <\/p>\n<p> carbetocina es un an\u00e1logo sint\u00e9tico de 8 p\u00e9ptidos de oxitocina de acci\u00f3n prolongada con propiedades agonistas, con propiedades cl\u00ednicas y farmacol\u00f3gicas similares a las de la oxitocina natural . Al igual que la oxitocina, la carbetocina se une a los receptores de oxitocina en el m\u00fasculo liso del \u00fatero, provocando una contracci\u00f3n r\u00edtmica del \u00fatero que aumenta su frecuencia y aumenta el tono uterino adem\u00e1s de la contracci\u00f3n original de Chemicalbook. En el estado no embarazada, el nivel de receptores de oxitocina en el \u00fatero es bajo, aumenta durante el embarazo y alcanza su punto m\u00e1ximo en el momento del parto. Por lo tanto, la cabergolina no tiene ning\u00fan efecto sobre el \u00fatero no embarazada, pero tiene un efecto de contracci\u00f3n uterina eficaz sobre el \u00fatero gestante y el \u00fatero que acaba de dar a luz. <\/p>\n<p> <strong>CARBETOCINA Propiedades qu\u00edmicas de la carbetocina<\/strong><br \/>\n alfa D &#8211; 69,0 \u00b0 (c = 0,25 en \u00e1cido ac\u00e9tico 1 M)<br \/>\n Punto de ebullici\u00f3n 1477,9 \u00b1 65,0 \u00b0 C ( previsto)<br \/>\n densidad 1,218 \u00b1 0,06 g \/ cm3 (previsto)<br \/>\n temp. De almacenamiento -15 \u00b0 C<br \/>\n polvo de forma<br \/>\n pka 13,07 \u00b1 0,70 (previsto)<br \/>\n color blanco a beige <\/p>\n<p> <strong>Funci\u00f3n y aplicaci\u00f3n de carbetocina<\/strong><br \/>\n Para uso despu\u00e9s de anestesia epidural o lumbar electiva para ces\u00e1rea parto para prevenir contracciones uterinas d\u00e9biles y hemorragia posparto.<br \/>\n Ces\u00e1rea bajo otra anestesia para ces\u00e1rea de emergencia, ces\u00e1rea cl\u00e1sica, anestesia epidural o espinal, o presencia materna con enfermedad card\u00edaca significativa, antecedentes de hipertensi\u00f3n, coagulopat\u00eda conocida o h\u00edgado, ri\u00f1\u00f3n y enfermedades endocrinas (excluida la diabetes gestacional) No se ha estudiado el uso de carbetocina. La administraci\u00f3n de carbetocina despu\u00e9s del parto vaginal no se ha estudiado adecuadamente y no se ha determinado la dosis.<\/p>\n","protected":false},"excerpt":{"rendered":"<p>Nombre del producto: CARBETOCIN<br \/>\n CAS: 37025-55-1<br \/>\n MF: C45H69N11O12S<br \/>\n MW: 988.17<br \/>\n EINECS: 253-312-6<br \/>\n Mol Archivo: 37025-55-1.mol<\/p>\n","protected":false},"featured_media":2216,"comment_status":"open","ping_status":"closed","template":"","meta":{"om_disable_all_campaigns":false,"_monsterinsights_skip_tracking":false,"_monsterinsights_sitenote_active":false,"_monsterinsights_sitenote_note":"","_monsterinsights_sitenote_category":0,"site-sidebar-layout":"default","site-content-layout":"default","ast-site-content-layout":"default","site-content-style":"default","site-sidebar-style":"default","ast-global-header-display":"","ast-banner-title-visibility":"","ast-main-header-display":"","ast-hfb-above-header-display":"","ast-hfb-below-header-display":"","ast-hfb-mobile-header-display":"","site-post-title":"","ast-breadcrumbs-content":"","ast-featured-img":"","footer-sml-layout":"","ast-disable-related-posts":"","theme-transparent-header-meta":"default","adv-header-id-meta":"","stick-header-meta":"","header-above-stick-meta":"","header-main-stick-meta":"","header-below-stick-meta":"","astra-migrate-meta-layouts":"default","ast-page-background-enabled":"default","ast-page-background-meta":{"desktop":{"background-color":"","background-image":"","background-repeat":"repeat","background-position":"center center","background-size":"auto","background-attachment":"scroll","background-type":"","background-media":"","overlay-type":"","overlay-color":"","overlay-opacity":"","overlay-gradient":""},"tablet":{"background-color":"","background-image":"","background-repeat":"repeat","background-position":"center center","background-size":"auto","background-attachment":"scroll","background-type":"","background-media":"","overlay-type":"","overlay-color":"","overlay-opacity":"","overlay-gradient":""},"mobile":{"background-color":"","background-image":"","background-repeat":"repeat","background-position":"center center","background-size":"auto","background-attachment":"scroll","background-type":"","background-media":"","overlay-type":"","overlay-color":"","overlay-opacity":"","overlay-gradient":""}},"ast-content-background-meta":{"desktop":{"background-color":"var(--ast-global-color-5)","background-image":"","background-repeat":"repeat","background-position":"center center","background-size":"auto","background-attachment":"scroll","background-type":"","background-media":"","overlay-type":"","overlay-color":"","overlay-opacity":"","overlay-gradient":""},"tablet":{"background-color":"var(--ast-global-color-5)","background-image":"","background-repeat":"repeat","background-position":"center center","background-size":"auto","background-attachment":"scroll","background-type":"","background-media":"","overlay-type":"","overlay-color":"","overlay-opacity":"","overlay-gradient":""},"mobile":{"background-color":"var(--ast-global-color-5)","background-image":"","background-repeat":"repeat","background-position":"center center","background-size":"auto","background-attachment":"scroll","background-type":"","background-media":"","overlay-type":"","overlay-color":"","overlay-opacity":"","overlay-gradient":""}}},"product_brand":[],"product_cat":[439],"product_tag":[831],"class_list":{"0":"post-8909","1":"product","2":"type-product","3":"status-publish","4":"has-post-thumbnail","6":"product_cat-peptido-urogenital","7":"product_tag-carbetocin-acetate-cas-37025-55-1-es","8":"desktop-align-left","9":"tablet-align-left","10":"mobile-align-left","12":"first","13":"instock","14":"shipping-taxable","15":"product-type-simple"},"_links":{"self":[{"href":"https:\/\/puyapeptide.net\/es\/wp-json\/wp\/v2\/product\/8909","targetHints":{"allow":["GET"]}}],"collection":[{"href":"https:\/\/puyapeptide.net\/es\/wp-json\/wp\/v2\/product"}],"about":[{"href":"https:\/\/puyapeptide.net\/es\/wp-json\/wp\/v2\/types\/product"}],"replies":[{"embeddable":true,"href":"https:\/\/puyapeptide.net\/es\/wp-json\/wp\/v2\/comments?post=8909"}],"wp:featuredmedia":[{"embeddable":true,"href":"https:\/\/puyapeptide.net\/es\/wp-json\/wp\/v2\/media\/2216"}],"wp:attachment":[{"href":"https:\/\/puyapeptide.net\/es\/wp-json\/wp\/v2\/media?parent=8909"}],"wp:term":[{"taxonomy":"product_brand","embeddable":true,"href":"https:\/\/puyapeptide.net\/es\/wp-json\/wp\/v2\/product_brand?post=8909"},{"taxonomy":"product_cat","embeddable":true,"href":"https:\/\/puyapeptide.net\/es\/wp-json\/wp\/v2\/product_cat?post=8909"},{"taxonomy":"product_tag","embeddable":true,"href":"https:\/\/puyapeptide.net\/es\/wp-json\/wp\/v2\/product_tag?post=8909"}],"curies":[{"name":"wp","href":"https:\/\/api.w.org\/{rel}","templated":true}]}}