{"id":8936,"date":"2021-12-17T03:38:44","date_gmt":"2021-12-17T08:38:44","guid":{"rendered":"https:\/\/puyapeptide.net\/product\/venta-caliente-plecanatide-cas-467426-54-6-uso-para-tratar-el-estrenimiento-idiopatico-cronico-cic\/"},"modified":"2021-12-17T03:38:44","modified_gmt":"2021-12-17T08:38:44","slug":"venta-caliente-plecanatide-cas-467426-54-6-uso-para-tratar-el-estrenimiento-idiopatico-cronico-cic","status":"publish","type":"product","link":"https:\/\/puyapeptide.net\/es\/product\/venta-caliente-plecanatide-cas-467426-54-6-uso-para-tratar-el-estrenimiento-idiopatico-cronico-cic\/","title":{"rendered":"Venta caliente Plecanatide CAS 467426-54-6 Uso para tratar el estre\u00f1imiento idiop\u00e1tico cr\u00f3nico (CIC)"},"content":{"rendered":"<h2><strong>Venta caliente Plecanatide CAS 467426-54-6 Uso para tratar el estre\u00f1imiento idiop\u00e1tico cr\u00f3nico (CIC)<\/strong><\/h2>\n<p> Nombre del producto: Plecanatide<br \/>\n Sin\u00f3nimos: Plecanatide; ASN-ASP-GLU-CYS-GLU-LEU-CYS-VAL-ASN-VAL-ALA-CYS-THR-GLY-CYS-LEU (BONO DISULFURO CYS1 &amp; CYS3, CYS2 y CYS4); Plecanatide Impurtiy; L-leucina, L-asparaginil-L-\u03b1-aspartil-L-\u03b1-glutamil-L-cisteinil-L-\u03b1-glutamil-L-leucil-L-cisteinil-L-valil-L- asparaginil-L-valil-L-alanil-L-cisteinil-L-treonilglicil-L-cisteinil-, c\u00edclico (4 \u2192 12), (7 \u2192 15) -bis (disulfuro); Plecanatide fandachem; Plecanatide impureza; Plecanatide USP \/ EP \/ BP; Prikanatide<br \/>\n CAS: 467426-54-6<br \/>\n MF: C65H104N18O26S4<br \/>\n MW: 1681,89<br \/>\n Mol Archivo: 467426-54-6.mol <\/p>\n<p> Plecanatide es un nuevo f\u00e1rmaco que afecta a la enzima guanilato ciclasa, estimulando la secreci\u00f3n de l\u00edquidos intestinales y acelerando las deposiciones. El p\u00e9ptido oral, compuesto por 16 amino\u00e1cidos, est\u00e1 dise\u00f1ado para imitar la guanosina urinaria, un p\u00e9ptido gastrointestinal humano. Procainatida, desarrollada originalmente por Callisto Pharmaceuticals en los Estados Unidos y transferida a Synergy Pharmaceuticals para su desarrollo, fue aprobada para su comercializaci\u00f3n por la Administraci\u00f3n de Drogas y Alimentos de los Estados Unidos (FDA) el 19 de enero de 2017 para el tratamiento de la CIC en adultos. La procainatida es un an\u00e1logo de la uroguanosina. (uroguanilina) y contiene 16 Es un an\u00e1logo de uroguanilina, un p\u00e9ptido c\u00edclico que contiene 16 amino\u00e1cidos y tiene la funci\u00f3n de agonista del receptor de guanilato ciclasa que promueve la excreci\u00f3n urinaria de sodio, regula los iones \u00e1cido-base en el tracto gastrointestinal, induce fluidos transporte al tracto gastrointestinal y aumenta la peristalsis del tracto gastrointestinal. <\/p>\n<p> Traducido con www.DeepL.com\/Translator (versi\u00f3n gratuita) <\/p>\n<p> <strong>Funci\u00f3n y aplicaci\u00f3n de plecanatida<\/strong><br \/>\n La procainida es una agonista del receptor de guanilatociclasa-C (GC-C) que promueve la excreci\u00f3n urinaria de sodio, regula los iones \u00e1cido-base en el tracto gastrointestinal, induce el transporte de l\u00edquidos hacia e tracto gastrointestinal, y aumenta la peristalsis en el tracto gastrointestinal, y est\u00e1 indicado para el tratamiento de la CIC en adultos.<\/p>\n","protected":false},"excerpt":{"rendered":"<p>Nombre del producto: Plecanatide <strong><br \/>\n CAS: 467426-54-6<br \/>\n MF: C65H104N18O26S4<br \/>\n MW: 1681.89<br \/>\n Mol Archivo: 467426-54-6.mol<\/strong><\/p>\n","protected":false},"featured_media":2174,"comment_status":"open","ping_status":"closed","template":"","meta":{"om_disable_all_campaigns":false,"_monsterinsights_skip_tracking":false,"_monsterinsights_sitenote_active":false,"_monsterinsights_sitenote_note":"","_monsterinsights_sitenote_category":0,"site-sidebar-layout":"default","site-content-layout":"default","ast-site-content-layout":"default","site-content-style":"default","site-sidebar-style":"default","ast-global-header-display":"","ast-banner-title-visibility":"","ast-main-header-display":"","ast-hfb-above-header-display":"","ast-hfb-below-header-display":"","ast-hfb-mobile-header-display":"","site-post-title":"","ast-breadcrumbs-content":"","ast-featured-img":"","footer-sml-layout":"","ast-disable-related-posts":"","theme-transparent-header-meta":"default","adv-header-id-meta":"","stick-header-meta":"","header-above-stick-meta":"","header-main-stick-meta":"","header-below-stick-meta":"","astra-migrate-meta-layouts":"default","ast-page-background-enabled":"default","ast-page-background-meta":{"desktop":{"background-color":"","background-image":"","background-repeat":"repeat","background-position":"center center","background-size":"auto","background-attachment":"scroll","background-type":"","background-media":"","overlay-type":"","overlay-color":"","overlay-opacity":"","overlay-gradient":""},"tablet":{"background-color":"","background-image":"","background-repeat":"repeat","background-position":"center center","background-size":"auto","background-attachment":"scroll","background-type":"","background-media":"","overlay-type":"","overlay-color":"","overlay-opacity":"","overlay-gradient":""},"mobile":{"background-color":"","background-image":"","background-repeat":"repeat","background-position":"center center","background-size":"auto","background-attachment":"scroll","background-type":"","background-media":"","overlay-type":"","overlay-color":"","overlay-opacity":"","overlay-gradient":""}},"ast-content-background-meta":{"desktop":{"background-color":"var(--ast-global-color-5)","background-image":"","background-repeat":"repeat","background-position":"center center","background-size":"auto","background-attachment":"scroll","background-type":"","background-media":"","overlay-type":"","overlay-color":"","overlay-opacity":"","overlay-gradient":""},"tablet":{"background-color":"var(--ast-global-color-5)","background-image":"","background-repeat":"repeat","background-position":"center center","background-size":"auto","background-attachment":"scroll","background-type":"","background-media":"","overlay-type":"","overlay-color":"","overlay-opacity":"","overlay-gradient":""},"mobile":{"background-color":"var(--ast-global-color-5)","background-image":"","background-repeat":"repeat","background-position":"center center","background-size":"auto","background-attachment":"scroll","background-type":"","background-media":"","overlay-type":"","overlay-color":"","overlay-opacity":"","overlay-gradient":""}}},"product_brand":[],"product_cat":[459],"product_tag":[814],"class_list":{"0":"post-8936","1":"product","2":"type-product","3":"status-publish","4":"has-post-thumbnail","6":"product_cat-peptido-del-sistema-gastrointestinal","7":"product_tag-plecanatide-cas-467426-54-6-use-for-treat-chronic-idiopathic-constipation-es","8":"desktop-align-left","9":"tablet-align-left","10":"mobile-align-left","12":"first","13":"instock","14":"shipping-taxable","15":"product-type-simple"},"_links":{"self":[{"href":"https:\/\/puyapeptide.net\/es\/wp-json\/wp\/v2\/product\/8936","targetHints":{"allow":["GET"]}}],"collection":[{"href":"https:\/\/puyapeptide.net\/es\/wp-json\/wp\/v2\/product"}],"about":[{"href":"https:\/\/puyapeptide.net\/es\/wp-json\/wp\/v2\/types\/product"}],"replies":[{"embeddable":true,"href":"https:\/\/puyapeptide.net\/es\/wp-json\/wp\/v2\/comments?post=8936"}],"wp:featuredmedia":[{"embeddable":true,"href":"https:\/\/puyapeptide.net\/es\/wp-json\/wp\/v2\/media\/2174"}],"wp:attachment":[{"href":"https:\/\/puyapeptide.net\/es\/wp-json\/wp\/v2\/media?parent=8936"}],"wp:term":[{"taxonomy":"product_brand","embeddable":true,"href":"https:\/\/puyapeptide.net\/es\/wp-json\/wp\/v2\/product_brand?post=8936"},{"taxonomy":"product_cat","embeddable":true,"href":"https:\/\/puyapeptide.net\/es\/wp-json\/wp\/v2\/product_cat?post=8936"},{"taxonomy":"product_tag","embeddable":true,"href":"https:\/\/puyapeptide.net\/es\/wp-json\/wp\/v2\/product_tag?post=8936"}],"curies":[{"name":"wp","href":"https:\/\/api.w.org\/{rel}","templated":true}]}}