{"id":8971,"date":"2021-12-17T03:41:10","date_gmt":"2021-12-17T08:41:10","guid":{"rendered":"https:\/\/puyapeptide.net\/product\/puya-supply-semaglutide-cas-910463-68-2-de-grado-superior-para-uso-para-la-diabetes-tipo-2-del-convite\/"},"modified":"2021-12-17T03:41:10","modified_gmt":"2021-12-17T08:41:10","slug":"puya-supply-semaglutide-cas-910463-68-2-de-grado-superior-para-uso-para-la-diabetes-tipo-2-del-convite","status":"publish","type":"product","link":"https:\/\/puyapeptide.net\/es\/product\/puya-supply-semaglutide-cas-910463-68-2-de-grado-superior-para-uso-para-la-diabetes-tipo-2-del-convite\/","title":{"rendered":"Puya Supply Semaglutide Cas 910463-68-2 de grado superior para uso para la diabetes tipo 2 del convite"},"content":{"rendered":"<h2><strong>Puya Supply Semaglutide Cas 910463-68-2 de grado superior para uso para la diabetes tipo 2 del convite<\/strong><\/h2>\n<p> Nombre del producto: Sermaglutide<br \/>\n Sin\u00f3nimos: Sermaglutide; Semaglutide fandachem; Semaglutide impureza; Sermaglutide USP \/ EP \/ BP; semaglutide; Sermaglutide CAS 910463 68 2<br \/>\n CAS: 910463-68-2<br \/>\n MF: C187H291N45O<br \/>\n MW: 4113.57754<br \/>\n EINECS: 203-405-2<br \/>\n Categor\u00edas de productos: GLP; PP; APIs; API<br \/>\n Mol Archivo: 910463-68-2.mol<br \/>\n Tama\u00f1o de empaque 1 g \/ botella , 10g \/ Frasco, 50g \/ Frasco oa pedido del cliente <\/p>\n<p> Semaglutide es un an\u00e1logo de GLP-1 (p\u00e9ptido similar al glucag\u00f3n-1) de nueva generaci\u00f3n. La semaglutida es una forma de dosificaci\u00f3n de acci\u00f3n prolongada basada en la estructura b\u00e1sica de liraglutida, que es m\u00e1s eficaz en el tratamiento de la diabetes mellitus tipo 2. En comparaci\u00f3n con la lilarlutida, la somalutida tiene una cadena alif\u00f3bica m\u00e1s larga y una mayor hidrofobicidad, pero la somalutida se modifica con una cadena corta de PEG y su hidrofilicidad se mejora enormemente. sitio de hidr\u00f3lisis, pero tambi\u00e9n reduce la excreci\u00f3n renal, prolonga la vida media biol\u00f3gica y logra el efecto de una circulaci\u00f3n prolongada. <\/p>\n<p> <strong>Funci\u00f3n y aplicaci\u00f3n<\/strong><br \/>\n Semaglutide (USAN; nombre comercial Ozempic) es un f\u00e1rmaco en desarrollo por una empresa danesa Novo Nordisk para el tratamiento de la diabetes tipo 2. Se comercializa con el nombre de Ozempic. Como agonista del receptor del p\u00e9ptido 1 similar al glucag\u00f3n, reduce el nivel de az\u00facar en sangre al aumentar la producci\u00f3n de insulina. Fue descubierto en 2012 por un equipo de investigadores de Novo Nordisk como una alternativa de acci\u00f3n m\u00e1s prolongada a la liraglutida. Los ensayos cl\u00ednicos se iniciaron en 2015 y la fase 3 se complet\u00f3 en 2016. La aprobaci\u00f3n de la FDA se aplic\u00f3 en diciembre de 2016, y en octubre de 2017, el Comit\u00e9 Asesor de la FDA vot\u00f3 16-0 a favor. Se puede utilizar como f\u00e1rmaco de tipo inyectable o de tipo oral.<br \/>\n Investigadores de la Universidad de Leeds informaron en 2017 que tambi\u00e9n se puede utilizar para el tratamiento de la obesidad. Reduce el hambre, el antojo por la comida y la grasa corporal.<\/p>\n","protected":false},"excerpt":{"rendered":"<p>Nombre del producto: Sermaglutide<br \/>\n CAS: 910463-68-2<br \/>\n MF: C187H291N45O59<br \/>\n MW: 4113.57754<br \/>\n EINECS: 203-405-2<br \/>\n Categor\u00edas de productos: GLP; PP; APIs; API &lt; &amp;&gt; Archivo Mol: 910463-68-2.mol<\/p>\n","protected":false},"featured_media":2111,"comment_status":"open","ping_status":"closed","template":"","meta":{"om_disable_all_campaigns":false,"_monsterinsights_skip_tracking":false,"_monsterinsights_sitenote_active":false,"_monsterinsights_sitenote_note":"","_monsterinsights_sitenote_category":0,"site-sidebar-layout":"default","site-content-layout":"default","ast-site-content-layout":"default","site-content-style":"default","site-sidebar-style":"default","ast-global-header-display":"","ast-banner-title-visibility":"","ast-main-header-display":"","ast-hfb-above-header-display":"","ast-hfb-below-header-display":"","ast-hfb-mobile-header-display":"","site-post-title":"","ast-breadcrumbs-content":"","ast-featured-img":"","footer-sml-layout":"","ast-disable-related-posts":"","theme-transparent-header-meta":"default","adv-header-id-meta":"","stick-header-meta":"","header-above-stick-meta":"","header-main-stick-meta":"","header-below-stick-meta":"","astra-migrate-meta-layouts":"default","ast-page-background-enabled":"default","ast-page-background-meta":{"desktop":{"background-color":"","background-image":"","background-repeat":"repeat","background-position":"center center","background-size":"auto","background-attachment":"scroll","background-type":"","background-media":"","overlay-type":"","overlay-color":"","overlay-opacity":"","overlay-gradient":""},"tablet":{"background-color":"","background-image":"","background-repeat":"repeat","background-position":"center center","background-size":"auto","background-attachment":"scroll","background-type":"","background-media":"","overlay-type":"","overlay-color":"","overlay-opacity":"","overlay-gradient":""},"mobile":{"background-color":"","background-image":"","background-repeat":"repeat","background-position":"center center","background-size":"auto","background-attachment":"scroll","background-type":"","background-media":"","overlay-type":"","overlay-color":"","overlay-opacity":"","overlay-gradient":""}},"ast-content-background-meta":{"desktop":{"background-color":"var(--ast-global-color-5)","background-image":"","background-repeat":"repeat","background-position":"center center","background-size":"auto","background-attachment":"scroll","background-type":"","background-media":"","overlay-type":"","overlay-color":"","overlay-opacity":"","overlay-gradient":""},"tablet":{"background-color":"var(--ast-global-color-5)","background-image":"","background-repeat":"repeat","background-position":"center center","background-size":"auto","background-attachment":"scroll","background-type":"","background-media":"","overlay-type":"","overlay-color":"","overlay-opacity":"","overlay-gradient":""},"mobile":{"background-color":"var(--ast-global-color-5)","background-image":"","background-repeat":"repeat","background-position":"center center","background-size":"auto","background-attachment":"scroll","background-type":"","background-media":"","overlay-type":"","overlay-color":"","overlay-opacity":"","overlay-gradient":""}}},"product_brand":[],"product_cat":[355],"product_tag":[783,761],"class_list":{"0":"post-8971","1":"product","2":"type-product","3":"status-publish","4":"has-post-thumbnail","6":"product_cat-peptido-de-la-diabetes","7":"product_tag-cas-910463-68-2-es","8":"product_tag-semaglutide-es","9":"desktop-align-left","10":"tablet-align-left","11":"mobile-align-left","13":"first","14":"instock","15":"shipping-taxable","16":"product-type-simple"},"_links":{"self":[{"href":"https:\/\/puyapeptide.net\/es\/wp-json\/wp\/v2\/product\/8971","targetHints":{"allow":["GET"]}}],"collection":[{"href":"https:\/\/puyapeptide.net\/es\/wp-json\/wp\/v2\/product"}],"about":[{"href":"https:\/\/puyapeptide.net\/es\/wp-json\/wp\/v2\/types\/product"}],"replies":[{"embeddable":true,"href":"https:\/\/puyapeptide.net\/es\/wp-json\/wp\/v2\/comments?post=8971"}],"wp:featuredmedia":[{"embeddable":true,"href":"https:\/\/puyapeptide.net\/es\/wp-json\/wp\/v2\/media\/2111"}],"wp:attachment":[{"href":"https:\/\/puyapeptide.net\/es\/wp-json\/wp\/v2\/media?parent=8971"}],"wp:term":[{"taxonomy":"product_brand","embeddable":true,"href":"https:\/\/puyapeptide.net\/es\/wp-json\/wp\/v2\/product_brand?post=8971"},{"taxonomy":"product_cat","embeddable":true,"href":"https:\/\/puyapeptide.net\/es\/wp-json\/wp\/v2\/product_cat?post=8971"},{"taxonomy":"product_tag","embeddable":true,"href":"https:\/\/puyapeptide.net\/es\/wp-json\/wp\/v2\/product_tag?post=8971"}],"curies":[{"name":"wp","href":"https:\/\/api.w.org\/{rel}","templated":true}]}}