{"id":6284,"date":"2021-12-16T04:23:40","date_gmt":"2021-12-16T09:23:40","guid":{"rendered":"https:\/\/puyapeptide.net\/product\/asetyyliheksapeptidi-37-cas-1447824-16-9-ihon-kosteutukseen\/"},"modified":"2021-12-16T04:23:40","modified_gmt":"2021-12-16T09:23:40","slug":"asetyyliheksapeptidi-37-cas-1447824-16-9-ihon-kosteutukseen","status":"publish","type":"product","link":"https:\/\/puyapeptide.net\/fi\/product\/asetyyliheksapeptidi-37-cas-1447824-16-9-ihon-kosteutukseen\/","title":{"rendered":"Asetyyliheksapeptidi-37 CAS 1447824-16-9 ihon kosteutukseen"},"content":{"rendered":"<h2><strong>Asetyyliheksapeptidi-37 CAS 1447824-16-9 ihon kosteutukseen<\/strong><\/h2>\n<p>Tuotteen nimi: Asetyyliheksapeptidi-37, Diffuporiini<br \/>\nCAS-nro: N\/A<br \/>\nPuhtaus:\u226598 %<br \/>\nMolekyylipaino: 539,55 g\/mol<br \/>\nMolekyylikaava: C22H33N7O9<br \/>\n Ulkon\u00e4k\u00f6: valkoinen jauhe<br \/>\nS\u00e4ilytysolosuhteet: 2 \u2103\uff5e8 \u2103<br \/>\nPakkauksen tiedot (jauhe): 1g, 10g, 100g<br \/>\nK\u00e4ytt\u00f6: Kosmeettiset raaka-aineet<\/p>\n<p>Asetyyliheksapeptidi-37, vesi kanavaproteiinisolujen kosteusvoide, on uusi luonnollisista aminohapoista koostuva heksapeptidi, joka voi tehokkaasti lis\u00e4t\u00e4 AQP3:n ilmentymist\u00e4 ihmiskehossa mRNA-tasolla, mik\u00e4 lis\u00e4\u00e4 AQP3:n pitoisuutta ihossa. Se edist\u00e4\u00e4 tyypin I kollageenin synteesi\u00e4 ihmisen ihon fibroblastien progenitorisoluissa ja keratinisoituneiden solujen proliferaatiota.<\/p>\n<p> <strong>Asetyyliheksapeptidi-37 CAS 1447824-16-9<\/strong><br \/>\n1. Asetyyliheksapeptidi-37 voi ehk\u00e4ist\u00e4 ryppyj\u00e4 ja ik\u00e4\u00e4ntymist\u00e4 sek\u00e4 kosteuttaa ihoa<br \/>\n2. Paranna ihon laatua<br \/>\n3. Kasvojen ja vartalonhoito<br \/>\n4. Kasvojen, kaulan ja k\u00e4sien hoitotuotteet<br \/>\n5. Voidaan lis\u00e4t\u00e4 kauneudenhoitotuotteisiin, kuten voiteisiin, aamu- ja y\u00f6voiteisiin, silm\u00e4seerumiin jne.<\/p>\n<p> <strong>Asetyyliheksapeptidi-37 CAS 1447824-16-9 k\u00e4ytt\u00f6<\/strong><br \/>\nSe voi tehokkaasti lis\u00e4t\u00e4 AQP3:n ilmentymist\u00e4 ihmiskehossa mRNA-tasolla, mik\u00e4 lis\u00e4\u00e4 AQP3-pitoisuutta ihossa. Sill\u00e4 on tehostavan kosteutuksen ominaisuudet ja se on hyv\u00e4 kosteuttava aktiivinen ainesosa. Se voi my\u00f6s edist\u00e4\u00e4 tyyppi\u00e4 I ihmisen ihon fibroblasteissa. Kollageenin synteesi ja keratinosyyttien lis\u00e4\u00e4ntyminen. Asetyyliheksapeptidi-37 kosteuttava peptidi on uusi ja kattava ik\u00e4\u00e4ntymist\u00e4 est\u00e4v\u00e4 aktiivinen ainesosa.<\/p>\n","protected":false},"excerpt":{"rendered":"<p>Tuotteen nimi: asetyyliheksapeptidi-37, diffuporiini<br \/>\npuhtaus: \u2265 98 %<br \/>\n Molekyylipaino: 539,55 g\/mol<br \/>\n Molekyylikaava: C22H33N7O9<br \/>\nUlkon\u00e4k\u00f6: valkoinen jauhe<br \/>\nSovellus: Kosmeettiset raaka-aineet<\/p>\n","protected":false},"featured_media":2205,"comment_status":"open","ping_status":"closed","template":"","meta":{"om_disable_all_campaigns":false,"_monsterinsights_skip_tracking":false,"_monsterinsights_sitenote_active":false,"_monsterinsights_sitenote_note":"","_monsterinsights_sitenote_category":0,"site-sidebar-layout":"default","site-content-layout":"default","ast-site-content-layout":"default","site-content-style":"default","site-sidebar-style":"default","ast-global-header-display":"","ast-banner-title-visibility":"","ast-main-header-display":"","ast-hfb-above-header-display":"","ast-hfb-below-header-display":"","ast-hfb-mobile-header-display":"","site-post-title":"","ast-breadcrumbs-content":"","ast-featured-img":"","footer-sml-layout":"","ast-disable-related-posts":"","theme-transparent-header-meta":"default","adv-header-id-meta":"","stick-header-meta":"","header-above-stick-meta":"","header-main-stick-meta":"","header-below-stick-meta":"","astra-migrate-meta-layouts":"default","ast-page-background-enabled":"default","ast-page-background-meta":{"desktop":{"background-color":"","background-image":"","background-repeat":"repeat","background-position":"center center","background-size":"auto","background-attachment":"scroll","background-type":"","background-media":"","overlay-type":"","overlay-color":"","overlay-opacity":"","overlay-gradient":""},"tablet":{"background-color":"","background-image":"","background-repeat":"repeat","background-position":"center center","background-size":"auto","background-attachment":"scroll","background-type":"","background-media":"","overlay-type":"","overlay-color":"","overlay-opacity":"","overlay-gradient":""},"mobile":{"background-color":"","background-image":"","background-repeat":"repeat","background-position":"center center","background-size":"auto","background-attachment":"scroll","background-type":"","background-media":"","overlay-type":"","overlay-color":"","overlay-opacity":"","overlay-gradient":""}},"ast-content-background-meta":{"desktop":{"background-color":"var(--ast-global-color-5)","background-image":"","background-repeat":"repeat","background-position":"center center","background-size":"auto","background-attachment":"scroll","background-type":"","background-media":"","overlay-type":"","overlay-color":"","overlay-opacity":"","overlay-gradient":""},"tablet":{"background-color":"var(--ast-global-color-5)","background-image":"","background-repeat":"repeat","background-position":"center center","background-size":"auto","background-attachment":"scroll","background-type":"","background-media":"","overlay-type":"","overlay-color":"","overlay-opacity":"","overlay-gradient":""},"mobile":{"background-color":"var(--ast-global-color-5)","background-image":"","background-repeat":"repeat","background-position":"center center","background-size":"auto","background-attachment":"scroll","background-type":"","background-media":"","overlay-type":"","overlay-color":"","overlay-opacity":"","overlay-gradient":""}}},"product_brand":[],"product_cat":[714],"product_tag":[3596],"class_list":{"0":"post-6284","1":"product","2":"type-product","3":"status-publish","4":"has-post-thumbnail","6":"product_cat-kosteuttava-antioksidanttipeptidi","7":"product_tag-acetyl-hexapeptide-37-cas-1447824-16-9-for-skin-moisturizing-fi","8":"desktop-align-left","9":"tablet-align-left","10":"mobile-align-left","12":"first","13":"instock","14":"shipping-taxable","15":"product-type-simple"},"_links":{"self":[{"href":"https:\/\/puyapeptide.net\/fi\/wp-json\/wp\/v2\/product\/6284","targetHints":{"allow":["GET"]}}],"collection":[{"href":"https:\/\/puyapeptide.net\/fi\/wp-json\/wp\/v2\/product"}],"about":[{"href":"https:\/\/puyapeptide.net\/fi\/wp-json\/wp\/v2\/types\/product"}],"replies":[{"embeddable":true,"href":"https:\/\/puyapeptide.net\/fi\/wp-json\/wp\/v2\/comments?post=6284"}],"wp:featuredmedia":[{"embeddable":true,"href":"https:\/\/puyapeptide.net\/fi\/wp-json\/wp\/v2\/media\/2205"}],"wp:attachment":[{"href":"https:\/\/puyapeptide.net\/fi\/wp-json\/wp\/v2\/media?parent=6284"}],"wp:term":[{"taxonomy":"product_brand","embeddable":true,"href":"https:\/\/puyapeptide.net\/fi\/wp-json\/wp\/v2\/product_brand?post=6284"},{"taxonomy":"product_cat","embeddable":true,"href":"https:\/\/puyapeptide.net\/fi\/wp-json\/wp\/v2\/product_cat?post=6284"},{"taxonomy":"product_tag","embeddable":true,"href":"https:\/\/puyapeptide.net\/fi\/wp-json\/wp\/v2\/product_tag?post=6284"}],"curies":[{"name":"wp","href":"https:\/\/api.w.org\/{rel}","templated":true}]}}