{"id":6378,"date":"2021-12-16T04:40:21","date_gmt":"2021-12-16T09:40:21","guid":{"rendered":"https:\/\/puyapeptide.net\/product\/asetyylitetrapeptidi-22-ihon-korjaamiseen\/"},"modified":"2021-12-16T04:40:21","modified_gmt":"2021-12-16T09:40:21","slug":"asetyylitetrapeptidi-22-ihon-korjaamiseen","status":"publish","type":"product","link":"https:\/\/puyapeptide.net\/fi\/product\/asetyylitetrapeptidi-22-ihon-korjaamiseen\/","title":{"rendered":"Asetyylitetrapeptidi-22 ihon korjaamiseen"},"content":{"rendered":"<h2><strong>Asetyylitetrapeptidi-22 ihon korjaamiseen<\/strong><\/h2>\n<p>Tuotteen nimi: Acetyl Tetrapeptide-22<br \/>\nViite: Thermostressine<br \/>\nKaava:<br \/>\nMolekyyli:<br \/>\nPuhtaus: &gt;95 %<br \/>\nL\u00e4hde: synteettinen<br \/>\nLaatu: kosmeettinen<br \/>\nFormulaatio : saatavilla viitteellesi, ota meihin yhteytt\u00e4.<br \/>\nMSDS ja COA: saatavilla viitteellesi, ota yhteytt\u00e4<br \/>\nToimitus: heti varastosta<br \/>\nHaju: ominainen<br \/>\nStabiliteetti: vakaa<br \/>\nLiukoisuus: vesiliukoinen<br \/>\nLiuos: 0,05 % peptidi\u00e4<br \/>\nSuositeltu k\u00e4ytt\u00f6taso: 2-5 %<br \/>\nUlkon\u00e4k\u00f6: valkoinen jauhe<\/p>\n<p>Asetyylitetrapeptidi-22, joka lis\u00e4\u00e4 HPS70 (Heat Shock Protein) -tasoa ihossa tarjoaa suojakilven, joka antaa soluille stressinsietokyvyn arjen haasteita ja stressaavia \u00e4rsykkeit\u00e4 vastaan. Se auttaa ihoa olemaan rennompi ja n\u00e4ytt\u00e4\u00e4 elinvoimaisemmalta. Sit\u00e4 voidaan sis\u00e4llytt\u00e4\u00e4 kosmeettisiin formulaatioihin, kuten emulsioihin, geeleihin, seerumeihin taistelemaan stressi\u00e4 vastaan ja hoitamaan herkk\u00e4\u00e4, v\u00e4synyt ja samea iho.<\/p>\n<p> <strong>Asetyylitetrapeptidi-22<\/strong> :n k\u00e4ytt\u00f6<br \/>\nK\u00e4ytt\u00f6: Asetyylitetrapeptidi-22 Auttaa taistelemaan soluja vastaan. stressi\u00e4 ja lis\u00e4\u00e4 HSP70-tasoja lis\u00e4stressin est\u00e4miseksi<\/p>\n<p> <strong>Asetyylitetrapeptidi-22:n toiminnot<\/strong><br \/>\nAsetyylitetrapeptidi-22 on etikkahapon ja tetrapeptidi-22:n reaktiotuote. Se lis\u00e4\u00e4 l\u00e4mp\u00f6stimuloidun proteiinin (HSP70) m\u00e4\u00e4r\u00e4\u00e4 ihossa, mik\u00e4 parantaa stressinsietokyky\u00e4 ja ehk\u00e4isee vaurioita. Siksi asetyylitetrapeptidi-22, yksi tehokkaimmista ihoa uudistavista ainesosista, voi tehd\u00e4 ihosta rennomman ja ulkon\u00e4\u00f6n t\u00e4rke\u00e4mm\u00e4n.<\/p>\n<p>Asetyylitetrapeptidi-22 saa kehon syntetisoimaan suuria m\u00e4\u00e4ri\u00e4 l\u00e4mp\u00f6shokkiproteiinia 70, mik\u00e4 osallistuu vaurioituneiden proteiinien korjaamiseen ja poistamiseen, suojaa soluja vakavilta vaurioilta, nopeuttaa korjausta ja yll\u00e4pit\u00e4\u00e4 solujen normaaleja fysiologisia toimintoja; parantaa solujen sietokyky\u00e4 stressitekij\u00f6it\u00e4 vastaan.<\/p>\n<p>Asetyylitetrapeptidi-22 suojaa ihoa erilaisilta p\u00e4ivitt\u00e4isilt\u00e4 haitallisilta rasituksilta, kuten happivapailta radikaaleilta, jet lagilta, kuivumiselta, UV-s\u00e4teilylt\u00e4, liialliselta kylm\u00e4lt\u00e4 ja kuumuudelta jne. , jotka vahingoittavat ihoa ja yll\u00e4pit\u00e4v\u00e4t ihon elinvoimaisuutta. Se sopii paremmin ihmisille, jotka ovat usein huonossa stressiymp\u00e4rist\u00f6ss\u00e4, kuten toimihenkil\u00f6ille, joilla on korkea ty\u00f6paine jne.<\/p>\n","protected":false},"excerpt":{"rendered":"<p>Tuotteen nimi: Asetyylitetrapeptidi-22<br \/>\nViite: Thermostressine<br \/>\nPuhtaus: &gt;95 %<br \/>\nL\u00e4hde: synteettinen<br \/>\nLaatu: kosmeettinen<\/p>\n","protected":false},"featured_media":2163,"comment_status":"open","ping_status":"closed","template":"","meta":{"om_disable_all_campaigns":false,"_monsterinsights_skip_tracking":false,"_monsterinsights_sitenote_active":false,"_monsterinsights_sitenote_note":"","_monsterinsights_sitenote_category":0,"site-sidebar-layout":"default","site-content-layout":"default","ast-site-content-layout":"default","site-content-style":"default","site-sidebar-style":"default","ast-global-header-display":"","ast-banner-title-visibility":"","ast-main-header-display":"","ast-hfb-above-header-display":"","ast-hfb-below-header-display":"","ast-hfb-mobile-header-display":"","site-post-title":"","ast-breadcrumbs-content":"","ast-featured-img":"","footer-sml-layout":"","ast-disable-related-posts":"","theme-transparent-header-meta":"default","adv-header-id-meta":"","stick-header-meta":"","header-above-stick-meta":"","header-main-stick-meta":"","header-below-stick-meta":"","astra-migrate-meta-layouts":"default","ast-page-background-enabled":"default","ast-page-background-meta":{"desktop":{"background-color":"","background-image":"","background-repeat":"repeat","background-position":"center center","background-size":"auto","background-attachment":"scroll","background-type":"","background-media":"","overlay-type":"","overlay-color":"","overlay-opacity":"","overlay-gradient":""},"tablet":{"background-color":"","background-image":"","background-repeat":"repeat","background-position":"center center","background-size":"auto","background-attachment":"scroll","background-type":"","background-media":"","overlay-type":"","overlay-color":"","overlay-opacity":"","overlay-gradient":""},"mobile":{"background-color":"","background-image":"","background-repeat":"repeat","background-position":"center center","background-size":"auto","background-attachment":"scroll","background-type":"","background-media":"","overlay-type":"","overlay-color":"","overlay-opacity":"","overlay-gradient":""}},"ast-content-background-meta":{"desktop":{"background-color":"var(--ast-global-color-5)","background-image":"","background-repeat":"repeat","background-position":"center center","background-size":"auto","background-attachment":"scroll","background-type":"","background-media":"","overlay-type":"","overlay-color":"","overlay-opacity":"","overlay-gradient":""},"tablet":{"background-color":"var(--ast-global-color-5)","background-image":"","background-repeat":"repeat","background-position":"center center","background-size":"auto","background-attachment":"scroll","background-type":"","background-media":"","overlay-type":"","overlay-color":"","overlay-opacity":"","overlay-gradient":""},"mobile":{"background-color":"var(--ast-global-color-5)","background-image":"","background-repeat":"repeat","background-position":"center center","background-size":"auto","background-attachment":"scroll","background-type":"","background-media":"","overlay-type":"","overlay-color":"","overlay-opacity":"","overlay-gradient":""}}},"product_brand":[],"product_cat":[668],"product_tag":[3514],"class_list":{"0":"post-6378","1":"product","2":"type-product","3":"status-publish","4":"has-post-thumbnail","6":"product_cat-antiallerginen-ja-anti-inflammatorinen-peptidi","7":"product_tag-acetyl-tetrapeptide-22-for-skin-repair-fi","8":"desktop-align-left","9":"tablet-align-left","10":"mobile-align-left","12":"first","13":"instock","14":"shipping-taxable","15":"product-type-simple"},"_links":{"self":[{"href":"https:\/\/puyapeptide.net\/fi\/wp-json\/wp\/v2\/product\/6378","targetHints":{"allow":["GET"]}}],"collection":[{"href":"https:\/\/puyapeptide.net\/fi\/wp-json\/wp\/v2\/product"}],"about":[{"href":"https:\/\/puyapeptide.net\/fi\/wp-json\/wp\/v2\/types\/product"}],"replies":[{"embeddable":true,"href":"https:\/\/puyapeptide.net\/fi\/wp-json\/wp\/v2\/comments?post=6378"}],"wp:featuredmedia":[{"embeddable":true,"href":"https:\/\/puyapeptide.net\/fi\/wp-json\/wp\/v2\/media\/2163"}],"wp:attachment":[{"href":"https:\/\/puyapeptide.net\/fi\/wp-json\/wp\/v2\/media?parent=6378"}],"wp:term":[{"taxonomy":"product_brand","embeddable":true,"href":"https:\/\/puyapeptide.net\/fi\/wp-json\/wp\/v2\/product_brand?post=6378"},{"taxonomy":"product_cat","embeddable":true,"href":"https:\/\/puyapeptide.net\/fi\/wp-json\/wp\/v2\/product_cat?post=6378"},{"taxonomy":"product_tag","embeddable":true,"href":"https:\/\/puyapeptide.net\/fi\/wp-json\/wp\/v2\/product_tag?post=6378"}],"curies":[{"name":"wp","href":"https:\/\/api.w.org\/{rel}","templated":true}]}}